{"id":958,"date":"2025-06-12T09:39:55","date_gmt":"2025-06-12T07:39:55","guid":{"rendered":"https:\/\/dev.tutemetscombien.fr\/?page_id=958"},"modified":"2025-07-03T13:54:50","modified_gmt":"2025-07-03T11:54:50","slug":"pravni-upozorneni","status":"publish","type":"page","link":"https:\/\/dev.tutemetscombien.fr\/cs\/mentions-legales\/","title":{"rendered":"Pr\u00e1vn\u00ed upozorn\u011bn\u00ed"},"content":{"rendered":"<div data-elementor-type=\"wp-page\" data-elementor-id=\"958\" class=\"elementor elementor-958\" data-elementor-post-type=\"page\">\n\t\t\t\t<div class=\"elementor-element elementor-element-4eefeba e-con-full e-flex e-con e-parent\" data-id=\"4eefeba\" data-element_type=\"container\" data-e-type=\"container\" data-settings=\"{&quot;background_background&quot;:&quot;classic&quot;}\">\n\t\t<div class=\"elementor-element elementor-element-6328355 e-flex e-con-boxed e-con e-child\" data-id=\"6328355\" data-element_type=\"container\" data-e-type=\"container\" data-settings=\"{&quot;background_background&quot;:&quot;classic&quot;}\">\n\t\t\t\t\t<div class=\"e-con-inner\">\n\t\t\t\t<div class=\"elementor-element elementor-element-974f98e elementor-widget elementor-widget-theme-post-title elementor-page-title elementor-widget-heading\" data-id=\"974f98e\" data-element_type=\"widget\" data-e-type=\"widget\" data-widget_type=\"theme-post-title.default\">\n\t\t\t\t<div class=\"elementor-widget-container\">\n\t\t\t\t\t<h1 class=\"elementor-heading-title elementor-size-default\">Pr\u00e1vn\u00ed upozorn\u011bn\u00ed<\/h1>\t\t\t\t<\/div>\n\t\t\t\t<\/div>\n\t\t\t\t\t<\/div>\n\t\t\t\t<\/div>\n\t\t\t\t<\/div>\n\t\t<div class=\"elementor-element elementor-element-79a1933 e-flex e-con-boxed e-con e-parent\" data-id=\"79a1933\" data-element_type=\"container\" data-e-type=\"container\">\n\t\t\t\t\t<div class=\"e-con-inner\">\n\t\t\t\t<div class=\"elementor-element elementor-element-3c6db99 elementor-widget elementor-widget-text-editor\" data-id=\"3c6db99\" data-element_type=\"widget\" data-e-type=\"widget\" data-widget_type=\"text-editor.default\">\n\t\t\t\t<div class=\"elementor-widget-container\">\n\t\t\t\t\t\t\t\t\t<p>V souladu s \u010dl\u00e1nkem 6 z\u00e1kona \u010d. 2004-575 ze dne 21. \u010dervna 2004 o d\u016fv\u011b\u0159e v digit\u00e1ln\u00ed ekonomiku jsou u\u017eivatel\u00e9 str\u00e1nek http:\/\/dev.tutemetscombien.fr informov\u00e1ni o r\u016fzn\u00fdch stran\u00e1ch zapojen\u00fdch do jejich tvorby a monitorov\u00e1n\u00ed:<\/p>\n<p>\u200d<br>Vlastn\u00edk: LES EDITIONS DE BASE, SAS se z\u00e1kladn\u00edm kapit\u00e1lem 4 000 EUR<br>SIRET = 82190894400035<\/p>\n<p>VNITROBITN\u00cd DI\u010c = FR36821908944<\/p>\n<p>Adresa s\u00eddla spole\u010dnosti: 13, rue Diderot 94300 Vincennes<\/p>\n<p>E-mail: contact@tutemetscombien.fr<\/p>\n<p>Webov\u00e9 str\u00e1nky: http:\/\/dev.tutemetscombien.fr<\/p>\n<p>\u200d<\/p>\n<p><strong>Hostitel<\/strong>&nbsp;OVH, 2 rue Kellermann BP 80157 59053 ROUBAIX CEDEX 1 \u2013 Francie, SAS s kapit\u00e1lem 10 059 500 EUR \u2013 RCS LILLE METROPOLE 424 761 419 00045 \u2013 K\u00f3d APE 2620Z \u2013 DI\u010c FR FR22424761419<br>Webov\u00e1 str\u00e1nka: https:\/\/www.ovh.com\/fr<br>Webov\u00e1 str\u00e1nka: http:\/\/www.cam-and-com.fr\/<\/p>\n<p>\u200d<\/p>\n<p>Tyto webov\u00e9 str\u00e1nky (dev.tutemetscombien.fr) jsou k dispozici v r\u016fzn\u00fdch webov\u00fdch jazyc\u00edch (HTML, HTML5, Javascript, CSS atd.). Pro vynikaj\u00edc\u00ed z\u00e1\u017eitek z prohl\u00ed\u017een\u00ed doporu\u010dujeme pou\u017e\u00edvat prohl\u00ed\u017ee\u010de jako Internet Explorer, Google Chrome, Safari a Firefox.<br>LES EDITIONS DE BASE vynakl\u00e1d\u00e1 ve\u0161ker\u00e9 \u00fasil\u00ed, aby na sv\u00fdch webov\u00fdch str\u00e1nk\u00e1ch zajistila spolehliv\u00e9 informace a aktualizace. Mohou se v\u0161ak vyskytnout chyby nebo nep\u0159esnosti. U\u017eivatel\u00e9 si proto mus\u00ed u LES EDITIONS DE BASE ov\u011b\u0159it p\u0159esnost informac\u00ed a ozn\u00e1mit ve\u0161ker\u00e9 nezbytn\u00e9 zm\u011bny e-mailem na adresu contact@tutemetscombien.fr. LES EDITIONS DE BASE nenese \u017e\u00e1dnou odpov\u011bdnost za pou\u017eit\u00ed t\u011bchto informac\u00ed ani za jak\u00e9koli p\u0159\u00edm\u00e9 \u010di nep\u0159\u00edm\u00e9 \u0161kody, kter\u00e9 z toho mohou vzniknout.<\/p>\n<p>\u200d<\/p>\n<p>Webov\u00e9 str\u00e1nky dev.tutemetscombien.fr mohou n\u00e1v\u0161t\u011bvn\u00edky po\u017e\u00e1dat o p\u0159ijet\u00ed soubor\u016f cookie pro statistick\u00e9 a zobrazovac\u00ed \u00fa\u010dely. Soubor cookie je informace, kterou server nav\u0161t\u00edven\u00e9 webov\u00e9 str\u00e1nky um\u00edst\u00ed na v\u00e1\u0161 pevn\u00fd disk. Obsahuje n\u011bkolik datov\u00fdch \u00faryvk\u016f, kter\u00e9 jsou ulo\u017eeny ve va\u0161em po\u010d\u00edta\u010di v jednoduch\u00e9m textov\u00e9m souboru, ke kter\u00e9mu server p\u0159istupuje za \u00fa\u010delem \u010dten\u00ed a ukl\u00e1d\u00e1n\u00ed informac\u00ed. N\u011bkter\u00e9 \u010d\u00e1sti t\u011bchto webov\u00fdch str\u00e1nek nemus\u00ed b\u00fdt bez p\u0159ijet\u00ed soubor\u016f cookie funk\u010dn\u00ed.<br>Tyto webov\u00e9 str\u00e1nky mohou nab\u00edzet odkazy na str\u00e1nky jin\u00fdch t\u0159et\u00edch stran, a\u0165 u\u017e partnersk\u00fdch \u010di nikoli. LES EDITIONS DE BASE nem\u00e1 \u017e\u00e1dn\u00e9 prost\u0159edky k kontrole str\u00e1nek odkazovan\u00fdch na jej\u00ed webov\u00e9 str\u00e1nky a nenese odpov\u011bdnost za dostupnost t\u011bchto str\u00e1nek a extern\u00edch zdroj\u016f a nenese odpov\u011bdnost za \u017e\u00e1dn\u00e9 \u0161kody z toho vypl\u00fdvaj\u00edc\u00ed. Rizika spojen\u00e1 s t\u00edmto pou\u017eit\u00edm jsou zcela odpov\u011bdnost\u00ed u\u017eivatele internetu, kter\u00fd mus\u00ed dodr\u017eovat podm\u00ednky pou\u017eit\u00ed.<\/p>\n<p>\u200d<br>\u017d\u00e1dn\u00e1 fyzick\u00e1 ani pr\u00e1vnick\u00e1 osoba nesm\u00ed z\u0159\u00eddit hypertextov\u00fd odkaz na tyto str\u00e1nky bez v\u00fdslovn\u00e9ho p\u0159edchoz\u00edho souhlasu spole\u010dnosti LES EDITIONS DE BASE. V p\u0159\u00edpad\u011b, \u017ee si u\u017eivatel nebo n\u00e1v\u0161t\u011bvn\u00edk p\u0159eje z\u0159\u00eddit hypertextov\u00fd odkaz na n\u011bkterou z webov\u00fdch str\u00e1nek LES EDITIONS DE BASE, m\u011bl by nev\u00e1hat zaslat e-mail s \u017e\u00e1dost\u00ed; LES EDITIONS DE BASE si vyhrazuje pr\u00e1vo \u017e\u00e1dost p\u0159ijmout nebo odm\u00edtnout bez nutnosti od\u016fvodn\u011bn\u00ed sv\u00e9ho rozhodnut\u00ed.<br>Ve\u0161ker\u00fd stahovan\u00fd obsah je stahov\u00e1n na vlastn\u00ed nebezpe\u010d\u00ed a v\u00fdhradn\u00ed odpov\u011bdnost n\u00e1v\u0161t\u011bvn\u00edka webu. V d\u016fsledku toho nenese spole\u010dnost odpov\u011bdnost za jak\u00e9koli po\u0161kozen\u00ed po\u010d\u00edta\u010de n\u00e1v\u0161t\u011bvn\u00edka webu ani za jakoukoli ztr\u00e1tu dat v d\u016fsledku stahov\u00e1n\u00ed. Ve\u0161ker\u00fd obsah na webu dev.tutemetscombien.fr, v\u010detn\u011b, ale nikoli v\u00fdhradn\u011b, grafiky, obr\u00e1zk\u016f, textu, vide\u00ed, animac\u00ed, zvuk\u016f, log, GIF\u016f a ikon, jako\u017e i jejich form\u00e1tov\u00e1n\u00ed, je v\u00fdhradn\u00edm vlastnictv\u00edm spole\u010dnosti s v\u00fdjimkou ochrann\u00fdch zn\u00e1mek, log nebo obsahu pat\u0159\u00edc\u00edho jin\u00fdm partnersk\u00fdm spole\u010dnostem nebo autor\u016fm. Jak\u00e1koli reprodukce, distribuce, \u00faprava, adaptace, op\u011btovn\u00fd p\u0159enos nebo zve\u0159ejn\u011bn\u00ed, by\u0165 i \u010d\u00e1ste\u010dn\u00e9, t\u011bchto r\u016fzn\u00fdch prvk\u016f je p\u0159\u00edsn\u011b zak\u00e1z\u00e1no bez souhlasu spole\u010dnosti LES EDITIONS DE BASE. Toto zn\u00e1zorn\u011bn\u00ed nebo reprodukce, a\u0165 u\u017e jak\u00fdmikoli prost\u0159edky, p\u0159edstavuje poru\u0161en\u00ed trestn\u00e9 podle \u010dl\u00e1nk\u016f L.335-2 a n\u00e1sl. z\u00e1kon\u00edku du\u0161evn\u00edho vlastnictv\u00ed. Nedodr\u017een\u00ed tohoto z\u00e1kazu p\u0159edstavuje poru\u0161en\u00ed, kter\u00e9 m\u016f\u017ee m\u00edt za n\u00e1sledek ob\u010danskopr\u00e1vn\u00ed a trestn\u00ed odpov\u011bdnost poru\u0161ovatele. Vlastn\u00edci kop\u00edrovan\u00e9ho obsahu mohou nav\u00edc proti v\u00e1m podniknout pr\u00e1vn\u00ed kroky.<\/p>\n<p>\u200d<\/p>\n<p>Informace shrom\u00e1\u017ed\u011bn\u00e9 z t\u011bchto str\u00e1nek podl\u00e9haj\u00ed po\u010d\u00edta\u010dov\u00e9mu zpracov\u00e1n\u00ed ur\u010den\u00e9mu pro<strong>&nbsp;Z\u00e1kladn\u00ed edice SAS<\/strong><br>\u200d<\/p>\n<p>Pro n\u00e1sleduj\u00edc\u00ed \u00fa\u010del:&nbsp;<strong>POVOLENO DORU\u010cEN\u00cd HERN\u00cdCH KRABI\u010cEK<\/strong><br>P\u0159\u00edjemci \u00fadaj\u016f jsou:<strong>&nbsp;OBCHODN\u00cd ODD\u011aLEN\u00cd<\/strong><\/p>\n<p>\u200d<\/p>\n<p>V souladu se z\u00e1konem \u010d. 78-17 ze dne 6. ledna 1978 (ve zn\u011bn\u00ed z\u00e1kona \u010d. 2004-801 ze dne 6. srpna 2004 o ochran\u011b fyzick\u00fdch osob v souvislosti se zpracov\u00e1n\u00edm osobn\u00edch \u00fadaj\u016f) t\u00fdkaj\u00edc\u00edm se informa\u010dn\u00edch technologi\u00ed, soubor\u016f a svobod m\u00e1 n\u00e1v\u0161t\u011bvn\u00edk str\u00e1nek pr\u00e1vo na p\u0159\u00edstup k \u00fadaj\u016fm, kter\u00e9 se ho t\u00fdkaj\u00ed, na jejich \u00fapravu, opravu a maz\u00e1n\u00ed.<\/p>\n<p>Informace o sob\u011b m\u016f\u017eete z\u00edskat kontaktov\u00e1n\u00edm:&nbsp;<strong>SAS LES EDITIONS DE BASE, contact@tutemetscombien.fr<\/strong><br>Z opr\u00e1vn\u011bn\u00fdch d\u016fvod\u016f m\u016f\u017eete tak\u00e9 vzn\u00e9st n\u00e1mitku proti zpracov\u00e1n\u00ed \u00fadaj\u016f, kter\u00e9 se v\u00e1s t\u00fdkaj\u00ed. Chcete-li se dozv\u011bd\u011bt v\u00edce,&nbsp;<a href=\"https:\/\/www.cnil.fr\/fr\/comprendre-vos-droits\">Sv\u00e1 pr\u00e1va si m\u016f\u017eete prohl\u00e9dnout na webov\u00fdch str\u00e1nk\u00e1ch CNIL.<\/a><br>Tato str\u00e1nka byla nahl\u00e1\u0161ena N\u00e1rodn\u00ed komisi pro informa\u010dn\u00ed technologie a ob\u010dansk\u00e9 svobody (www.cnil.fr).<\/p>\n<p>\u200d<br>Tyto podm\u00ednky webov\u00fdch str\u00e1nek dev.tutemetscombien.fr se \u0159\u00edd\u00ed francouzsk\u00fdm pr\u00e1vem a ve\u0161ker\u00e9 spory nebo soudn\u00ed spory, kter\u00e9 mohou vzniknout z v\u00fdkladu nebo pln\u011bn\u00ed t\u011bchto podm\u00ednek, budou spadat do v\u00fdlu\u010dn\u00e9 jurisdikce soud\u016f, na kter\u00e9 se nach\u00e1z\u00ed s\u00eddlo spole\u010dnosti. Referen\u010dn\u00edm jazykem pro \u0159e\u0161en\u00ed jak\u00fdchkoli spor\u016f je francouz\u0161tina. P\u0159i n\u00e1v\u0161t\u011bv\u011b na\u0161ich webov\u00fdch str\u00e1nek dev.tutemetscombien.fr nejste povinni n\u00e1m poskytnout sv\u00e9 osobn\u00ed \u00fadaje. Tato z\u00e1sada v\u0161ak m\u00e1 ur\u010dit\u00e9 v\u00fdjimky. U n\u011bkter\u00fdch slu\u017eeb nab\u00edzen\u00fdch na\u0161imi str\u00e1nkami m\u016f\u017eete b\u00fdt skute\u010dn\u011b po\u017e\u00e1d\u00e1ni o poskytnut\u00ed ur\u010dit\u00fdch \u00fadaj\u016f (p\u0159\u00edjmen\u00ed, jm\u00e9no, adresa, e-mailov\u00e1 adresa, telefonn\u00ed \u010d\u00edslo). To plat\u00ed v p\u0159\u00edpad\u011b, \u017ee vypln\u00edte formul\u00e1\u0159, kter\u00fd v\u00e1m bude nab\u00eddnut online v sekci \u201ekontakt\u201c. Ve v\u0161ech p\u0159\u00edpadech m\u016f\u017eete poskytnut\u00ed sv\u00fdch osobn\u00edch \u00fadaj\u016f odm\u00edtnout. V takov\u00e9m p\u0159\u00edpad\u011b nebudete moci vyu\u017e\u00edvat slu\u017eby str\u00e1nek, zejm\u00e9na vy\u017e\u00e1d\u00e1n\u00ed informac\u00ed o na\u0161\u00ed spole\u010dnosti nebo odb\u011br newsletter\u016f. Kone\u010dn\u011b m\u016f\u017eeme automaticky shroma\u017e\u010fovat ur\u010dit\u00e9 informace o v\u00e1s, kdy\u017e si jednodu\u0161e prohl\u00ed\u017e\u00edte na\u0161e webov\u00e9 str\u00e1nky, v\u010detn\u011b: informac\u00ed o pou\u017e\u00edv\u00e1n\u00ed na\u0161ich str\u00e1nek, jako jsou oblasti, kter\u00e9 nav\u0161t\u011bvujete, a slu\u017eby, ke kter\u00fdm p\u0159istupujete, va\u0161e IP adresa, typ prohl\u00ed\u017ee\u010de a va\u0161e doby p\u0159\u00edstupu. Tyto informace se pou\u017e\u00edvaj\u00ed v\u00fdhradn\u011b pro intern\u00ed statistick\u00e9 \u00fa\u010dely, za \u00fa\u010delem zlep\u0161en\u00ed kvality slu\u017eeb, kter\u00e9 v\u00e1m nab\u00edz\u00edme. Datab\u00e1ze jsou chr\u00e1n\u011bny ustanoven\u00edmi z\u00e1kona ze dne 1. \u010dervence 1998, kter\u00fdm se prov\u00e1d\u00ed sm\u011brnice 96\/9 ze dne 11. b\u0159ezna 1996 o pr\u00e1vn\u00ed ochran\u011b datab\u00e1z\u00ed.<\/p>\n<p>V r\u00e1mci tvorby digit\u00e1ln\u00ed aplikace ke h\u0159e \u201eTTMC \u2013 Kolik vkl\u00e1d\u00e1\u0161?\u201c shroma\u017e\u010fuje spole\u010dnost LES EDITIONS DE BASE o v\u00e1s n\u00e1sleduj\u00edc\u00ed osobn\u00ed \u00fadaje: u\u017eivatelsk\u00e9 jm\u00e9no, e-mailovou adresu, v\u011bk, pohlav\u00ed, m\u011bsto a telefonn\u00ed \u010d\u00edslo.<br>N\u011bkter\u00e9 dal\u0161\u00ed \u00fadaje jsou shroma\u017e\u010fov\u00e1ny za \u00fa\u010delem anonymizace a pou\u017eit\u00ed pro statistick\u00e9 \u00fa\u010dely (hodnocen\u00ed, statistiky souvisej\u00edc\u00ed s pou\u017e\u00edv\u00e1n\u00edm aplikace).<\/p>\n<p>Tyto osobn\u00ed \u00fadaje, kter\u00e9 se v\u00e1s t\u00fdkaj\u00ed, zpracov\u00e1v\u00e1 spole\u010dnost LES EDITIONS DE BASE, abyste mohli od spole\u010dnosti LES EDITIONS DE BASE dost\u00e1vat e-maily a ozn\u00e1men\u00ed. Tyto \u00fadaje se tak\u00e9 pou\u017e\u00edvaj\u00ed v r\u00e1mci va\u0161\u00ed registrace do n\u00e1rodn\u00edho \u017eeb\u0159\u00ed\u010dku, co\u017e v\u00e1m umo\u017e\u0148uje \u00fa\u010dastnit se slosov\u00e1n\u00ed ka\u017ed\u00e9 2 t\u00fddny, v souladu s v\u0161eobecn\u00fdmi podm\u00ednkami pou\u017e\u00edv\u00e1n\u00ed aplikace.<\/p>\n<p>Pokud si ji\u017e nep\u0159ejete dost\u00e1vat obchodn\u00ed sd\u011blen\u00ed od LES EDITIONS DE BASE, m\u016f\u017eete sv\u016fj souhlas kdykoli b\u011bhem pou\u017e\u00edv\u00e1n\u00ed aplikace odvolat odhl\u00e1\u0161en\u00edm. V takov\u00e9m p\u0159\u00edpad\u011b LES EDITIONS DE BASE p\u0159estane zpracov\u00e1vat va\u0161e osobn\u00ed \u00fadaje, jakmile se odhl\u00e1s\u00edte. V ka\u017ed\u00e9m p\u0159\u00edpad\u011b budou tyto osobn\u00ed \u00fadaje uchov\u00e1v\u00e1ny po dobu va\u0161eho pou\u017e\u00edv\u00e1n\u00ed aplikace a tak\u00e9 po dobu dal\u0161\u00edch 13 m\u011bs\u00edc\u016f od okam\u017eiku, kdy obdr\u017e\u00edte ozn\u00e1men\u00ed, kter\u00e9 v\u00e1s informuje o neaktivnosti va\u0161eho \u00fa\u010dtu a vyzve v\u00e1s k n\u00e1vratu do aplikace.<\/p>\n<p>Mohou b\u00fdt sd\u011bleny poskytovatel\u016fm slu\u017eeb t\u0159et\u00edch stran za \u00fa\u010delem poskytov\u00e1n\u00ed hostingov\u00fdch, \u00falo\u017en\u00fdch, komunika\u010dn\u00edch, datab\u00e1zov\u00fdch nebo IT \u00fadr\u017eb\u00e1\u0159sk\u00fdch slu\u017eeb. Pokud se tito poskytovatel\u00e9 nach\u00e1zej\u00ed mimo Evropskou unii, spr\u00e1vce \u00fadaj\u016f se zavazuje p\u0159ijmout ve\u0161ker\u00e1 opat\u0159en\u00ed vy\u017eadovan\u00e1 platn\u00fdmi pr\u00e1vn\u00edmi p\u0159edpisy k zaji\u0161t\u011bn\u00ed ochrany va\u0161ich osobn\u00edch \u00fadaj\u016f.<\/p>\n<p>V mez\u00edch platn\u00fdch pr\u00e1vn\u00edch p\u0159edpis\u016f o ochran\u011b osobn\u00edch \u00fadaj\u016f m\u00e1te pr\u00e1vo na p\u0159\u00edstup k osobn\u00edm \u00fadaj\u016fm, jejich opravu, p\u0159enositelnost a v\u00fdmaz, a pr\u00e1vo na omezen\u00ed zpracov\u00e1n\u00ed. M\u00e1te tak\u00e9 pr\u00e1vo na zasl\u00e1n\u00ed zvl\u00e1\u0161tn\u00edch pokyn\u016f ohledn\u011b osudu va\u0161ich \u00fadaj\u016f po va\u0161\u00ed smrti.<\/p>\n<p>Chcete-li tato pr\u00e1va uplatnit, m\u016f\u017eete zaslat \u017e\u00e1dost na adresu contact@tutemetscombien.fr.<\/p>\n<p>Pokud se po tomto kontaktu domn\u00edv\u00e1te, \u017ee va\u0161e pr\u00e1va na tyto \u00fadaje nebyla respektov\u00e1na, m\u016f\u017eete podat st\u00ed\u017enost m\u00edstn\u00edmu regula\u010dn\u00edmu org\u00e1nu.<\/p>\n<p>Tato pr\u00e1vn\u00ed upozorn\u011bn\u00ed byla inspirov\u00e1na modelem vygenerovan\u00fdm webem http:\/\/www.generateur-de-mentions-legales.com, kter\u00fd nab\u00edz\u00ed http:\/\/welye.com.<\/p>\n<p>Posledn\u00ed aktualizace: 08.11.2023<\/p>\t\t\t\t\t\t\t\t<\/div>\n\t\t\t\t<\/div>\n\t\t\t\t\t<\/div>\n\t\t\t\t<\/div>\n\t\t<div class=\"elementor-element elementor-element-f3d620b e-flex e-con-boxed e-con e-child\" data-id=\"f3d620b\" data-element_type=\"container\" data-e-type=\"container\">\n\t\t\t\t\t<div class=\"e-con-inner\">\n\t\t<div class=\"elementor-element elementor-element-53cfc12 e-con-full e-flex e-con e-child\" data-id=\"53cfc12\" data-element_type=\"container\" data-e-type=\"container\">\n\t\t\t\t<div class=\"elementor-element elementor-element-a06ffe0 elementor-widget__width-initial elementor-widget-mobile__width-initial elementor-widget elementor-widget-text-editor\" data-id=\"a06ffe0\" data-element_type=\"widget\" data-e-type=\"widget\" data-widget_type=\"text-editor.default\">\n\t\t\t\t<div class=\"elementor-widget-container\">\n\t\t\t\t\t\t\t\t\t<p>\u00a9 2025<\/p>\t\t\t\t\t\t\t\t<\/div>\n\t\t\t\t<\/div>\n\t\t\t\t<div class=\"elementor-element elementor-element-f569820 elementor-widget__width-initial elementor-widget-mobile__width-initial elementor-widget elementor-widget-button\" data-id=\"f569820\" data-element_type=\"widget\" data-e-type=\"widget\" data-widget_type=\"button.default\">\n\t\t\t\t<div class=\"elementor-widget-container\">\n\t\t\t\t\t\t\t\t\t<div class=\"elementor-button-wrapper\">\n\t\t\t\t\t<a class=\"elementor-button elementor-button-link elementor-size-sm\" href=\"\/cs\/pravni-upozorneni\/\">\n\t\t\t\t\t\t<span class=\"elementor-button-content-wrapper\">\n\t\t\t\t\t\t\t\t\t<span class=\"elementor-button-text\">Pr\u00e1vn\u00ed upozorn\u011bn\u00ed<\/span>\n\t\t\t\t\t<\/span>\n\t\t\t\t\t<\/a>\n\t\t\t\t<\/div>\n\t\t\t\t\t\t\t\t<\/div>\n\t\t\t\t<\/div>\n\t\t\t\t<div class=\"elementor-element elementor-element-e26c016 elementor-widget__width-initial elementor-widget-mobile__width-initial elementor-widget elementor-widget-button\" data-id=\"e26c016\" data-element_type=\"widget\" data-e-type=\"widget\" data-widget_type=\"button.default\">\n\t\t\t\t<div class=\"elementor-widget-container\">\n\t\t\t\t\t\t\t\t\t<div class=\"elementor-button-wrapper\">\n\t\t\t\t\t<a class=\"elementor-button elementor-button-link elementor-size-sm\" href=\"\/cs\/zasady-ochrany-osobnich-udaju\/\">\n\t\t\t\t\t\t<span class=\"elementor-button-content-wrapper\">\n\t\t\t\t\t\t\t\t\t<span class=\"elementor-button-text\">Z\u00e1sady ochrany osobn\u00edch \u00fadaj\u016f<\/span>\n\t\t\t\t\t<\/span>\n\t\t\t\t\t<\/a>\n\t\t\t\t<\/div>\n\t\t\t\t\t\t\t\t<\/div>\n\t\t\t\t<\/div>\n\t\t\t\t<div class=\"elementor-element elementor-element-cc8f2db elementor-widget__width-initial elementor-widget-mobile__width-initial elementor-widget elementor-widget-button\" data-id=\"cc8f2db\" data-element_type=\"widget\" data-e-type=\"widget\" data-widget_type=\"button.default\">\n\t\t\t\t<div class=\"elementor-widget-container\">\n\t\t\t\t\t\t\t\t\t<div class=\"elementor-button-wrapper\">\n\t\t\t\t\t<a class=\"elementor-button elementor-button-link elementor-size-sm\" href=\"\/cs\/vseobecne-obchodni-podminky\/\">\n\t\t\t\t\t\t<span class=\"elementor-button-content-wrapper\">\n\t\t\t\t\t\t\t\t\t<span class=\"elementor-button-text\">V\u0161eobecn\u00e9 obchodn\u00ed podm\u00ednky<\/span>\n\t\t\t\t\t<\/span>\n\t\t\t\t\t<\/a>\n\t\t\t\t<\/div>\n\t\t\t\t\t\t\t\t<\/div>\n\t\t\t\t<\/div>\n\t\t\t\t<\/div>\n\t\t\t\t\t<\/div>\n\t\t\t\t<\/div>\n\t\t\t\t<\/div>","protected":false},"excerpt":{"rendered":"<p>Conform\u00e9ment \u00e0 l\u2019article 6 de la loi n\u00b0 2004-575 du 21 juin 2004 pour la confiance dans &nbsp;l\u2019\u00e9conomie num\u00e9rique, il est pr\u00e9cis\u00e9 aux utilisateurs du site http:\/\/dev.tutemetscombien.fr les diff\u00e9rents intervenants dans le cadre de sa r\u00e9alisation et de son suivi : \u200dPropri\u00e9taire : LES EDITIONS DE BASE, SAS au capital social de 4.000 \u20acSIRET = [&hellip;]<\/p>\n","protected":false},"author":1,"featured_media":0,"parent":0,"menu_order":0,"comment_status":"closed","ping_status":"closed","template":"","meta":{"_acf_changed":false,"footnotes":""},"class_list":["post-958","page","type-page","status-publish","hentry"],"acf":[],"_links":{"self":[{"href":"https:\/\/dev.tutemetscombien.fr\/cs\/wp-json\/wp\/v2\/pages\/958","targetHints":{"allow":["GET"]}}],"collection":[{"href":"https:\/\/dev.tutemetscombien.fr\/cs\/wp-json\/wp\/v2\/pages"}],"about":[{"href":"https:\/\/dev.tutemetscombien.fr\/cs\/wp-json\/wp\/v2\/types\/page"}],"author":[{"embeddable":true,"href":"https:\/\/dev.tutemetscombien.fr\/cs\/wp-json\/wp\/v2\/users\/1"}],"replies":[{"embeddable":true,"href":"https:\/\/dev.tutemetscombien.fr\/cs\/wp-json\/wp\/v2\/comments?post=958"}],"version-history":[{"count":25,"href":"https:\/\/dev.tutemetscombien.fr\/cs\/wp-json\/wp\/v2\/pages\/958\/revisions"}],"predecessor-version":[{"id":1444,"href":"https:\/\/dev.tutemetscombien.fr\/cs\/wp-json\/wp\/v2\/pages\/958\/revisions\/1444"}],"wp:attachment":[{"href":"https:\/\/dev.tutemetscombien.fr\/cs\/wp-json\/wp\/v2\/media?parent=958"}],"curies":[{"name":"wp","href":"https:\/\/api.w.org\/{rel}","templated":true}]}}