{"id":981,"date":"2025-06-12T10:12:15","date_gmt":"2025-06-12T08:12:15","guid":{"rendered":"https:\/\/dev.tutemetscombien.fr\/?page_id=981"},"modified":"2025-07-04T09:09:46","modified_gmt":"2025-07-04T07:09:46","slug":"vseobecne-obchodni-podminky","status":"publish","type":"page","link":"https:\/\/dev.tutemetscombien.fr\/cs\/cgv\/","title":{"rendered":"V\u0161eobecn\u00e9 obchodn\u00ed podm\u00ednky"},"content":{"rendered":"<div data-elementor-type=\"wp-page\" data-elementor-id=\"981\" class=\"elementor elementor-981\" data-elementor-post-type=\"page\">\n\t\t\t\t<div class=\"elementor-element elementor-element-4eefeba e-con-full e-flex e-con e-parent\" data-id=\"4eefeba\" data-element_type=\"container\" data-e-type=\"container\" data-settings=\"{&quot;background_background&quot;:&quot;classic&quot;}\">\n\t\t<div class=\"elementor-element elementor-element-6328355 e-flex e-con-boxed e-con e-child\" data-id=\"6328355\" data-element_type=\"container\" data-e-type=\"container\" data-settings=\"{&quot;background_background&quot;:&quot;classic&quot;}\">\n\t\t\t\t\t<div class=\"e-con-inner\">\n\t\t\t\t<div class=\"elementor-element elementor-element-974f98e elementor-widget elementor-widget-theme-post-title elementor-page-title elementor-widget-heading\" data-id=\"974f98e\" data-element_type=\"widget\" data-e-type=\"widget\" data-widget_type=\"theme-post-title.default\">\n\t\t\t\t<div class=\"elementor-widget-container\">\n\t\t\t\t\t<h1 class=\"elementor-heading-title elementor-size-default\">V\u0161eobecn\u00e9 obchodn\u00ed podm\u00ednky<\/h1>\t\t\t\t<\/div>\n\t\t\t\t<\/div>\n\t\t\t\t\t<\/div>\n\t\t\t\t<\/div>\n\t\t\t\t<\/div>\n\t\t<div class=\"elementor-element elementor-element-79a1933 e-flex e-con-boxed e-con e-parent\" data-id=\"79a1933\" data-element_type=\"container\" data-e-type=\"container\">\n\t\t\t\t\t<div class=\"e-con-inner\">\n\t\t\t\t<div class=\"elementor-element elementor-element-3c6db99 elementor-widget elementor-widget-text-editor\" data-id=\"3c6db99\" data-element_type=\"widget\" data-e-type=\"widget\" data-widget_type=\"text-editor.default\">\n\t\t\t\t<div class=\"elementor-widget-container\">\n\t\t\t\t\t\t\t\t\t<p>V\u0161eobecn\u00e9 prodejn\u00ed podm\u00ednky<\/p>\n<p>1\/10. Preambule<br>Tyto v\u0161eobecn\u00e9 prodejn\u00ed podm\u00ednky se uzav\u00edraj\u00ed mezi:<br>Spole\u010dnost LES EDITIONS DE BASE, SAS s kapit\u00e1lem 4 000 eur<br>13 rue Diderot, 94300 Vincennes<br><span style=\"font-size: 1.2rem;\">Registrov\u00e1no u RCS LYON 821 908 944<br>N - DPH v r\u00e1mci Spole\u010denstv\u00ed <\/span>FR36821908944<br><span style=\"font-size: 1.2rem;\">D\u00e1le jen \u201eZ\u00c1KLADN\u00cd VYD\u00c1N\u00cd\u201c<br><\/span><span style=\"font-size: 1.2rem;\">A<br><\/span><span style=\"font-size: 1.2rem;\">Ka\u017ed\u00e1 fyzick\u00e1 nebo pr\u00e1vnick\u00e1 osoba, kter\u00e1 si p\u0159eje prov\u00e9st n\u00e1kup prost\u0159ednictv\u00edm webov\u00fdch str\u00e1nek dev.tutemetscombien.fr, prost\u0159ednictv\u00edm modulu elektronick\u00fdch transakc\u00ed Paybox spole\u010dnosti Cr\u00e9dit Agricole<br><\/span><span style=\"font-size: 1.2rem;\">D\u00e1le jen \u201eklient\u201c<\/span><\/p>\n<p>2\/10. Postul\u00e1t<br>Tyto v\u0161eobecn\u00e9 obchodn\u00ed podm\u00ednky vymezuj\u00ed pr\u00e1va a povinnosti stran v souvislosti s prodejem na d\u00e1lku uskute\u010dn\u011bn\u00fdm prost\u0159ednictv\u00edm webov\u00fdch str\u00e1nek dev.tutemetscombien.fr (prost\u0159ednictv\u00edm modulu elektronick\u00fdch transakc\u00ed Paybox spole\u010dnosti Cr\u00e9dit Agricole). Objedn\u00e1vka znamen\u00e1 neodvolateln\u00fd souhlas s t\u011bmito v\u0161eobecn\u00fdmi obchodn\u00edmi podm\u00ednkami pro LES EDITIONS DE BASE a PAYBOX. Tyto v\u0161eobecn\u00e9 obchodn\u00ed podm\u00ednky se mohou zm\u011bnit. Tyto v\u0161eobecn\u00e9 obchodn\u00ed podm\u00ednky plat\u00ed pouze pro jednotlivce, kte\u0159\u00ed nejsou podnikateli. Tyto v\u0161eobecn\u00e9 obchodn\u00ed podm\u00ednky plat\u00ed s vylou\u010den\u00edm v\u0161ech ostatn\u00edch podm\u00ednek, zejm\u00e9na t\u011bch, kter\u00e9 plat\u00ed pro n\u00e1kupy v kamenn\u00fdch obchodech.<\/p>\n<p>Z\u00e1kazn\u00edk prohla\u0161uje:<br>\u2013 m\u00edt zp\u016fsobilost uzav\u0159\u00edt tuto smlouvu<br>\u2013 neb\u00fdt obchodn\u00edkem<br>\u2013 nenakupovat produkty za \u00fa\u010delem jejich dal\u0161\u00edho prodeje<\/p>\n<p>3\/10. Ceny<br>Ceny jsou uvedeny v eurech v\u010detn\u011b v\u0161ech dan\u00ed, na kter\u00e9 je ji\u017e uplatn\u011bna sazba DPH platn\u00e1 v den objedn\u00e1vky. Cena produkt\u016f je cena platn\u00e1 v den objedn\u00e1vky. Po odesl\u00e1n\u00ed objedn\u00e1vky ji\u017e nelze ceny nijak m\u011bnit.<\/p>\n<p>Ceny uveden\u00e9 na str\u00e1nk\u00e1ch jsou garantov\u00e1ny po dobu online zve\u0159ejn\u011bn\u00ed a do vyprod\u00e1n\u00ed z\u00e1sob. Celkov\u00e1 \u010d\u00e1stka k \u00fahrad\u011b uveden\u00e1 v potvrzen\u00ed prost\u0159ednictv\u00edm modulu elektronick\u00fdch transakc\u00ed Cr\u00e9dit Agricole Paybox je kone\u010dn\u00e1 cena k \u00fahrad\u011b, vyj\u00e1d\u0159en\u00e1 v\u010detn\u011b v\u0161ech dan\u00ed. Tato cena zahrnuje cenu produkt\u016f, n\u00e1klady na manipulaci, balen\u00ed a skladov\u00e1n\u00ed, jako\u017e i ve\u0161ker\u00e9 n\u00e1klady na dopravu.<br>BASIC EDITIONS si vyhrazuje pr\u00e1vo kdykoli zm\u011bnit sv\u00e9 ceny.<\/p>\n<p>4\/10. Objedn\u00e1vka<br>Objedn\u00e1vku lze zaregistrovat pouze tehdy, pokud se z\u00e1kazn\u00edk jasn\u011b identifikoval na webov\u00fdch str\u00e1nk\u00e1ch dev.tutemetscombien.fr a prost\u0159ednictv\u00edm modulu elektronick\u00fdch transakc\u00ed Cr\u00e9dit Agricole Paybox zad\u00e1n\u00edm sv\u00fdch osobn\u00edch \u00fadaj\u016f.<br>Ka\u017ed\u00e1 objedn\u00e1vka p\u0159edstavuje souhlas s cenami a produkty dostupn\u00fdmi k prodeji. Jak\u00fdkoli spor v tomto ohledu vznikne v r\u00e1mci p\u0159\u00edpadn\u00e9 v\u00fdm\u011bny mezi spole\u010dnost\u00ed LES EDITIONS DE BASE a z\u00e1kazn\u00edkem.<br>LES EDITIONS DE BASE se zavazuje vy\u0159\u00eddit objedn\u00e1vky p\u0159ijat\u00e9 na webov\u00fdch str\u00e1nk\u00e1ch pouze v r\u00e1mci dostupn\u00fdch z\u00e1sob produkt\u016f. V p\u0159\u00edpad\u011b nedostupnosti se LES EDITIONS DE BASE zavazuje informovat z\u00e1kazn\u00edka. Z\u00e1kazn\u00edk bude m\u00edt pot\u00e9 mo\u017enost objedn\u00e1vku zru\u0161it.<br>Pokud z\u00e1kazn\u00edk neobdr\u017e\u00ed sv\u016fj bal\u00edk do dvou m\u011bs\u00edc\u016f od doru\u010den\u00ed, bude vr\u00e1cen do skladu spole\u010dnosti EDITIONS DE BASE a z\u00e1kazn\u00edk nebude moci uplat\u0148ovat \u017e\u00e1dn\u00e9 reklamace. V takov\u00e9m p\u0159\u00edpad\u011b je z\u00e1kazn\u00edk vyzv\u00e1n, aby kontaktoval LES EDITIONS DE BASE.<\/p>\n<p>5\/10. Dod\u00e1n\u00ed<br>Zakoupen\u00e9 produkty z\u016fst\u00e1vaj\u00ed majetkem spole\u010dnosti LES EDITIONS DE BASE a\u017e do \u00fapln\u00e9ho zaplacen\u00ed faktur v souladu s ustanoven\u00edmi z\u00e1kona \u010d. 80 336 ze dne 1. kv\u011btna 1980 o v\u00fdhrad\u011b vlastnictv\u00ed. Kupuj\u00edc\u00ed se v\u0161ak st\u00e1v\u00e1 odpov\u011bdn\u00fdm za zbo\u017e\u00ed okam\u017eikem jeho dod\u00e1n\u00ed, p\u0159i\u010dem\u017e p\u0159evod vlastnictv\u00ed p\u0159edstavuje p\u0159echod rizik. V\u0161echny na\u0161e nab\u00eddky jsou nez\u00e1vazn\u011b z\u00e1visl\u00e9 na dostupnosti a podl\u00e9haj\u00ed p\u0159edchoz\u00edmu prodeji.<br>Produkty zakoupen\u00e9 na webov\u00fdch str\u00e1nk\u00e1ch dev.tutemetscombien.fr (prost\u0159ednictv\u00edm modulu elektronick\u00fdch transakc\u00ed Cr\u00e9dit Agricole Paybox) jsou dod\u00e1v\u00e1ny pouze do pevninsk\u00e9 Francie a Belgie. Jak\u00e9koli jin\u00e9 po\u017eadavky je nutn\u00e9 prodiskutovat s LES EDITIONS DE BASE ohledn\u011b vznikl\u00fdch n\u00e1klad\u016f na doru\u010den\u00ed.<\/p>\n<p>V p\u0159\u00edpad\u011b doru\u010den\u00ed jsou produkty doru\u010deny na adresu dohodnutou mezi z\u00e1kazn\u00edkem a LES EDITIONS DE BASE. V p\u0159\u00edpad\u011b chyby v kontaktn\u00edch \u00fadaj\u00edch p\u0159\u00edjemce nenese prod\u00e1vaj\u00edc\u00ed odpov\u011bdnost za nemo\u017enost doru\u010den\u00ed zbo\u017e\u00ed.<br>Dodac\u00ed lh\u016fta pro jakoukoli objedn\u00e1vku je maxim\u00e1ln\u011b 2 m\u011bs\u00edce od objedn\u00e1n\u00ed. LES EDITIONS DE BASE si vyhrazuje pr\u00e1vo pou\u017e\u00edt dopravce dle vlastn\u00edho v\u00fdb\u011bru k doru\u010den\u00ed objednan\u00fdch produkt\u016f z\u00e1kazn\u00edkovi.<br>V p\u0159\u00edpad\u011b zpo\u017ed\u011bn\u00ed dod\u00e1vky bude z\u00e1kazn\u00edkovi zasl\u00e1n e-mail s informacemi o mo\u017en\u00fdch d\u016fsledc\u00edch pro dodac\u00ed lh\u016ftu, kter\u00e1 mu byla sd\u011blena. Z\u00e1kazn\u00edkovi bude zasl\u00e1n e-mail s n\u00e1vrhem nov\u00e9ho data dod\u00e1n\u00ed. V ka\u017ed\u00e9m p\u0159\u00edpad\u011b, v souladu se z\u00e1konn\u00fdmi ustanoven\u00edmi, v p\u0159\u00edpad\u011b, \u017ee spole\u010dnost LES EDITIONS DE BASE nespln\u00ed svou povinnost dodat zbo\u017e\u00ed v den nebo na konci uveden\u00e9 lh\u016fty, nebo pokud tak neu\u010din\u00ed, nejpozd\u011bji do 90 dn\u016f od uzav\u0159en\u00ed smlouvy, m\u016f\u017ee z\u00e1kazn\u00edk smlouvu vypov\u011bd\u011bt doporu\u010den\u00fdm dopisem s doru\u010den\u00edm nebo p\u00edsemn\u011b na jin\u00e9m trval\u00e9m nosi\u010di, pokud pot\u00e9, co spole\u010dnost LES EDITIONS DE BASE stejn\u00fdm zp\u016fsobem objednala dod\u00e1vku nebo poskytnut\u00ed slu\u017eby v p\u0159im\u011b\u0159en\u00e9 dodate\u010dn\u00e9 lh\u016ft\u011b, spole\u010dnost v t\u00e9to lh\u016ft\u011b neprovedla \u017e\u00e1dn\u00e9 kroky.<\/p>\n<p>Z\u00c1KLADN\u00cd EDICE lze zas\u00edlat do zahrani\u010d\u00ed. N\u00e1klady na dopravu budou z\u00e1kazn\u00edkovi \u00fa\u010dtov\u00e1ny jako skute\u010dn\u00e9 n\u00e1klady.<\/p>\n<p>6\/10. Platba<br>Platba se prov\u00e1d\u00ed:<br>\u2022 Bu\u010f bankovn\u00edmi kartami (Visa, MasterCard, Maestro, Carte Bleue, American Express atd.) prost\u0159ednictv\u00edm webov\u00fdch str\u00e1nek dev.tutemetscombien.fr a prost\u0159ednictv\u00edm modulu elektronick\u00fdch transakc\u00ed Paybox banky Cr\u00e9dit Agricole<br>\u2022 p\u0159evodem na bankovn\u00ed \u00fa\u010det EDITIONS DE BASE nebo jednoho z jej\u00edch z\u00e1stupc\u016f<br>\u2022 \u0161ekem nebo hotov\u011b od EDITIONS DE BASE b\u011bhem sch\u016fzek s jedn\u00edm z jej\u00edch z\u00e1stupc\u016f<\/p>\n<p>10. 7. Odstoupen\u00ed<br>V souladu s platn\u00fdmi pr\u00e1vn\u00edmi p\u0159edpisy m\u00e1 z\u00e1kazn\u00edk lh\u016ftu 14 dn\u016f od doru\u010den\u00ed zbo\u017e\u00ed k uplatn\u011bn\u00ed sv\u00e9ho pr\u00e1va na odstoupen\u00ed od smlouvy EDITIONS DE BASE bez ud\u00e1n\u00ed d\u016fvodu nebo placen\u00ed sankc\u00ed. Pokud je pr\u00e1vo na odstoupen\u00ed od smlouvy uplatn\u011bno ve v\u00fd\u0161e uveden\u00e9 lh\u016ft\u011b, bude mu vr\u00e1cena cena zakoupen\u00e9ho zbo\u017e\u00ed. Produkt mus\u00ed b\u00fdt neporu\u0161en\u00fd, kompletn\u00ed a neotev\u0159en\u00fd.<br>Po uplynut\u00ed t\u00e9to lh\u016fty nebude vr\u00e1cen\u00ed zbo\u017e\u00ed spole\u010dnost\u00ed LES EDITIONS DE BASE akceptov\u00e1no a nebude mu proplaceno.<\/p>\n<p>8\/10. Pr\u00e1vn\u00ed z\u00e1ruky<br>V souladu s \u010dl\u00e1nky L.211-4 a\u017e L.211-12 francouzsk\u00e9ho spot\u0159ebitelsk\u00e9ho z\u00e1kon\u00edku se na z\u00e1kazn\u00edka vztahuje z\u00e1ruka proti vad\u00e1m shody v\u00fdrobk\u016f zakoupen\u00fdch prost\u0159ednictv\u00edm na\u0161ich webov\u00fdch str\u00e1nek. V tomto p\u0159\u00edpad\u011b n\u00e1s mus\u00edte p\u00edsemn\u011b informovat o zji\u0161t\u011bn\u00fdch vad\u00e1ch a vr\u00e1tit n\u00e1m v\u00fdrobek\/v\u00fdrobky. Pokud se neshoda potvrd\u00ed poprodejn\u00edmi servisn\u00edmi testy, v\u00fdrobek vym\u011bn\u00edme nebo oprav\u00edme v z\u00e1vislosti na vynalo\u017een\u00fdch n\u00e1kladech v souladu s \u010dl\u00e1nkem L.211-9 francouzsk\u00e9ho spot\u0159ebitelsk\u00e9ho z\u00e1kon\u00edku. V souladu s \u010dl\u00e1nkem L.211-11 francouzsk\u00e9ho spot\u0159ebitelsk\u00e9ho z\u00e1kon\u00edku budou n\u00e1klady na vr\u00e1cen\u00ed proplaceny po p\u0159edlo\u017een\u00ed podp\u016frn\u00fdch doklad\u016f po vr\u00e1cen\u00ed v\u00fdrobku, pokud se potvrd\u00ed neshoda. Z\u00e1kazn\u00edk se proto vyz\u00fdv\u00e1, aby si podp\u016frn\u00e9 doklady uschoval pro p\u0159\u00edpad vr\u00e1cen\u00ed. V opa\u010dn\u00e9m p\u0159\u00edpad\u011b, pokud je k vr\u00e1cen\u00e9mu zbo\u017e\u00ed nep\u0159ilo\u017e\u00ed, mu budou proplaceny n\u00e1klady ve v\u00fd\u0161i z\u00e1kladn\u00ed po\u0161tovn\u00ed sazby za doru\u010den\u00ed bal\u00edku.<\/p>\n<p>9\/10. P\u0159\u00edslu\u0161n\u00e1 jurisdikce<br>Tato smlouva se \u0159\u00edd\u00ed francouzsk\u00fdm pr\u00e1vem. Jazykem t\u00e9to smlouvy je francouz\u0161tina. V p\u0159\u00edpad\u011b sporu bude m\u00edt v\u00fdhradn\u00ed pravomoc soud. V p\u0159\u00edpad\u011b sporu se z\u00e1kazn\u00edk nejprve obr\u00e1t\u00ed na spole\u010dnost, aby dos\u00e1hl sm\u00edrn\u00e9ho \u0159e\u0161en\u00ed.<\/p>\n<p>10\/10. Z\u00e1v\u011bre\u010dn\u00e9 slovo<br>Pro v\u00edce informac\u00ed nev\u00e1hejte kontaktovat LES EDITIONS DE BASE e-mailem (contact@tutemetscombien.fr).<\/p>\t\t\t\t\t\t\t\t<\/div>\n\t\t\t\t<\/div>\n\t\t\t\t\t<\/div>\n\t\t\t\t<\/div>\n\t\t<div class=\"elementor-element elementor-element-f3d620b e-flex e-con-boxed e-con e-child\" data-id=\"f3d620b\" data-element_type=\"container\" data-e-type=\"container\">\n\t\t\t\t\t<div class=\"e-con-inner\">\n\t\t<div class=\"elementor-element elementor-element-7ac8c2d e-con-full e-flex e-con e-child\" data-id=\"7ac8c2d\" data-element_type=\"container\" data-e-type=\"container\">\n\t\t<div class=\"elementor-element elementor-element-b5dc724 e-con-full e-flex e-con e-child\" data-id=\"b5dc724\" data-element_type=\"container\" data-e-type=\"container\">\n\t\t\t\t<div class=\"elementor-element elementor-element-c6334e1 elementor-widget__width-initial elementor-widget-mobile__width-initial elementor-widget elementor-widget-text-editor\" data-id=\"c6334e1\" data-element_type=\"widget\" data-e-type=\"widget\" data-widget_type=\"text-editor.default\">\n\t\t\t\t<div class=\"elementor-widget-container\">\n\t\t\t\t\t\t\t\t\t<p>\u00a9 2025<\/p>\t\t\t\t\t\t\t\t<\/div>\n\t\t\t\t<\/div>\n\t\t\t\t<div class=\"elementor-element elementor-element-5516244 elementor-widget__width-initial elementor-widget-mobile__width-initial elementor-widget elementor-widget-button\" data-id=\"5516244\" data-element_type=\"widget\" data-e-type=\"widget\" data-widget_type=\"button.default\">\n\t\t\t\t<div class=\"elementor-widget-container\">\n\t\t\t\t\t\t\t\t\t<div class=\"elementor-button-wrapper\">\n\t\t\t\t\t<a class=\"elementor-button elementor-button-link elementor-size-sm\" href=\"\/cs\/pravni-upozorneni\/\">\n\t\t\t\t\t\t<span class=\"elementor-button-content-wrapper\">\n\t\t\t\t\t\t\t\t\t<span class=\"elementor-button-text\">Pr\u00e1vn\u00ed upozorn\u011bn\u00ed<\/span>\n\t\t\t\t\t<\/span>\n\t\t\t\t\t<\/a>\n\t\t\t\t<\/div>\n\t\t\t\t\t\t\t\t<\/div>\n\t\t\t\t<\/div>\n\t\t\t\t<div class=\"elementor-element elementor-element-492429b elementor-widget__width-initial elementor-widget-mobile__width-initial elementor-widget elementor-widget-button\" data-id=\"492429b\" data-element_type=\"widget\" data-e-type=\"widget\" data-widget_type=\"button.default\">\n\t\t\t\t<div class=\"elementor-widget-container\">\n\t\t\t\t\t\t\t\t\t<div class=\"elementor-button-wrapper\">\n\t\t\t\t\t<a class=\"elementor-button elementor-button-link elementor-size-sm\" href=\"\/cs\/zasady-ochrany-osobnich-udaju\/\">\n\t\t\t\t\t\t<span class=\"elementor-button-content-wrapper\">\n\t\t\t\t\t\t\t\t\t<span class=\"elementor-button-text\">Z\u00e1sady ochrany osobn\u00edch \u00fadaj\u016f<\/span>\n\t\t\t\t\t<\/span>\n\t\t\t\t\t<\/a>\n\t\t\t\t<\/div>\n\t\t\t\t\t\t\t\t<\/div>\n\t\t\t\t<\/div>\n\t\t\t\t<div class=\"elementor-element elementor-element-f4b491d elementor-widget__width-initial elementor-widget-mobile__width-initial elementor-widget elementor-widget-button\" data-id=\"f4b491d\" data-element_type=\"widget\" data-e-type=\"widget\" data-widget_type=\"button.default\">\n\t\t\t\t<div class=\"elementor-widget-container\">\n\t\t\t\t\t\t\t\t\t<div class=\"elementor-button-wrapper\">\n\t\t\t\t\t<a class=\"elementor-button elementor-button-link elementor-size-sm\" href=\"\/cs\/vseobecne-obchodni-podminky\/\">\n\t\t\t\t\t\t<span class=\"elementor-button-content-wrapper\">\n\t\t\t\t\t\t\t\t\t<span class=\"elementor-button-text\">V\u0161eobecn\u00e9 obchodn\u00ed podm\u00ednky<\/span>\n\t\t\t\t\t<\/span>\n\t\t\t\t\t<\/a>\n\t\t\t\t<\/div>\n\t\t\t\t\t\t\t\t<\/div>\n\t\t\t\t<\/div>\n\t\t\t\t<\/div>\n\t\t\t\t<\/div>\n\t\t\t\t\t<\/div>\n\t\t\t\t<\/div>\n\t\t\t\t<\/div>","protected":false},"excerpt":{"rendered":"<p>Conditions G\u00e9n\u00e9rales de Vente 1\/10. Pr\u00e9ambuleLes pr\u00e9sentes conditions g\u00e9n\u00e9rales de vente sont conclues entre :La soci\u00e9t\u00e9 LES EDITIONS DE BASE, SAS au capital de 4.000 euros13 rue Diderot, 94300 VincennesImmatricul\u00e9e RCS LYON 821 908 944N- TVA intracommunautaire FR36821908944Ci-apr\u00e8s d\u00e9nomm\u00e9e \u201cLES EDITIONS DE BASE\u201dEtToute personne physique ou morale souhaitant effectuer un achat via le site internet [&hellip;]<\/p>\n","protected":false},"author":1,"featured_media":0,"parent":0,"menu_order":0,"comment_status":"closed","ping_status":"closed","template":"","meta":{"_acf_changed":false,"footnotes":""},"class_list":["post-981","page","type-page","status-publish","hentry"],"acf":[],"_links":{"self":[{"href":"https:\/\/dev.tutemetscombien.fr\/cs\/wp-json\/wp\/v2\/pages\/981","targetHints":{"allow":["GET"]}}],"collection":[{"href":"https:\/\/dev.tutemetscombien.fr\/cs\/wp-json\/wp\/v2\/pages"}],"about":[{"href":"https:\/\/dev.tutemetscombien.fr\/cs\/wp-json\/wp\/v2\/types\/page"}],"author":[{"embeddable":true,"href":"https:\/\/dev.tutemetscombien.fr\/cs\/wp-json\/wp\/v2\/users\/1"}],"replies":[{"embeddable":true,"href":"https:\/\/dev.tutemetscombien.fr\/cs\/wp-json\/wp\/v2\/comments?post=981"}],"version-history":[{"count":9,"href":"https:\/\/dev.tutemetscombien.fr\/cs\/wp-json\/wp\/v2\/pages\/981\/revisions"}],"predecessor-version":[{"id":1450,"href":"https:\/\/dev.tutemetscombien.fr\/cs\/wp-json\/wp\/v2\/pages\/981\/revisions\/1450"}],"wp:attachment":[{"href":"https:\/\/dev.tutemetscombien.fr\/cs\/wp-json\/wp\/v2\/media?parent=981"}],"curies":[{"name":"wp","href":"https:\/\/api.w.org\/{rel}","templated":true}]}}