{"id":982,"date":"2025-06-12T10:12:19","date_gmt":"2025-06-12T08:12:19","guid":{"rendered":"https:\/\/dev.tutemetscombien.fr\/?page_id=982"},"modified":"2025-06-12T10:18:24","modified_gmt":"2025-06-12T08:18:24","slug":"zasady-ochrany-osobnich-udaju","status":"publish","type":"page","link":"https:\/\/dev.tutemetscombien.fr\/cs\/politique-de-confidentialite\/","title":{"rendered":"Z\u00e1sady ochrany osobn\u00edch \u00fadaj\u016f"},"content":{"rendered":"<div data-elementor-type=\"wp-page\" data-elementor-id=\"982\" class=\"elementor elementor-982\" data-elementor-post-type=\"page\">\n\t\t\t\t<div class=\"elementor-element elementor-element-4eefeba e-con-full e-flex e-con e-parent\" data-id=\"4eefeba\" data-element_type=\"container\" data-e-type=\"container\" data-settings=\"{&quot;background_background&quot;:&quot;classic&quot;}\">\n\t\t<div class=\"elementor-element elementor-element-6328355 e-flex e-con-boxed e-con e-child\" data-id=\"6328355\" data-element_type=\"container\" data-e-type=\"container\" data-settings=\"{&quot;background_background&quot;:&quot;classic&quot;}\">\n\t\t\t\t\t<div class=\"e-con-inner\">\n\t\t\t\t<div class=\"elementor-element elementor-element-974f98e elementor-widget elementor-widget-theme-post-title elementor-page-title elementor-widget-heading\" data-id=\"974f98e\" data-element_type=\"widget\" data-e-type=\"widget\" data-widget_type=\"theme-post-title.default\">\n\t\t\t\t<div class=\"elementor-widget-container\">\n\t\t\t\t\t<h1 class=\"elementor-heading-title elementor-size-default\">Z\u00e1sady ochrany osobn\u00edch \u00fadaj\u016f<\/h1>\t\t\t\t<\/div>\n\t\t\t\t<\/div>\n\t\t\t\t\t<\/div>\n\t\t\t\t<\/div>\n\t\t\t\t<\/div>\n\t\t<div class=\"elementor-element elementor-element-79a1933 e-flex e-con-boxed e-con e-parent\" data-id=\"79a1933\" data-element_type=\"container\" data-e-type=\"container\">\n\t\t\t\t\t<div class=\"e-con-inner\">\n\t\t\t\t<div class=\"elementor-element elementor-element-3c6db99 elementor-widget elementor-widget-text-editor\" data-id=\"3c6db99\" data-element_type=\"widget\" data-e-type=\"widget\" data-widget_type=\"text-editor.default\">\n\t\t\t\t<div class=\"elementor-widget-container\">\n\t\t\t\t\t\t\t\t\t<p>Webov\u00e9 str\u00e1nky tutemetscombien.fr vlastn\u00ed spole\u010dnost Tu te mets combien?, kter\u00e1 je spr\u00e1vcem va\u0161ich osobn\u00edch \u00fadaj\u016f.<\/p><p>P\u0159ijali jsme tyto z\u00e1sady ochrany osobn\u00edch \u00fadaj\u016f, kter\u00e9 stanov\u00ed, jak nakl\u00e1d\u00e1me s informacemi shrom\u00e1\u017ed\u011bn\u00fdmi webem tutemetscombien.fr, a tak\u00e9 vysv\u011btluj\u00ed, pro\u010d mus\u00edme shroma\u017e\u010fovat ur\u010dit\u00e9 osobn\u00ed \u00fadaje o v\u00e1s. Proto byste si m\u011bli tyto z\u00e1sady ochrany osobn\u00edch \u00fadaj\u016f p\u0159e\u010d\u00edst p\u0159ed pou\u017eit\u00edm webov\u00fdch str\u00e1nek tutemetscombien.fr.<\/p><p>Star\u00e1me se o va\u0161e osobn\u00ed \u00fadaje a zavazujeme se k jejich d\u016fv\u011brnosti a zabezpe\u010den\u00ed.<\/p><p><strong>Osobn\u00ed \u00fadaje, kter\u00e9 shroma\u017e\u010fujeme:<\/strong><br \/>Kdy\u017e nav\u0161t\u00edv\u00edte str\u00e1nky tutemetscombien.fr, automaticky shroma\u017e\u010fujeme ur\u010dit\u00e9 informace o va\u0161em za\u0159\u00edzen\u00ed, v\u010detn\u011b informac\u00ed o va\u0161em webov\u00e9m prohl\u00ed\u017ee\u010di, IP adrese, \u010dasov\u00e9m p\u00e1smu a n\u011bkter\u00fdch souborech cookie nainstalovan\u00fdch ve va\u0161em za\u0159\u00edzen\u00ed. Krom\u011b toho p\u0159i proch\u00e1zen\u00ed str\u00e1nek shroma\u017e\u010fujeme informace o jednotliv\u00fdch webov\u00fdch str\u00e1nk\u00e1ch nebo produktech, kter\u00e9 si prohl\u00ed\u017e\u00edte, o tom, kter\u00e9 webov\u00e9 str\u00e1nky nebo vyhled\u00e1vac\u00ed v\u00fdrazy v\u00e1s na str\u00e1nky odk\u00e1zaly, a o tom, jak s webov\u00fdmi str\u00e1nkami interagujete. Tyto automaticky shroma\u017e\u010fovan\u00e9 informace ozna\u010dujeme jako \u201einformace o za\u0159\u00edzen\u00ed\u201c. Krom\u011b toho m\u016f\u017eeme shroma\u017e\u010fovat osobn\u00ed \u00fadaje, kter\u00e9 n\u00e1m poskytnete b\u011bhem registrace (v\u010detn\u011b, ale nikoli v\u00fdhradn\u011b, jm\u00e9na, adresy, platebn\u00edch \u00fadaj\u016f atd.), abychom mohli plnit smlouvu.<\/p><p><strong>Pro\u010d zpracov\u00e1v\u00e1me va\u0161e \u00fadaje?<\/strong><br \/>Na\u0161\u00ed nejvy\u0161\u0161\u00ed prioritou je zabezpe\u010den\u00ed z\u00e1kaznick\u00fdch dat, a proto m\u016f\u017eeme zpracov\u00e1vat pouze minim\u00e1ln\u00ed u\u017eivatelsk\u00e1 data v rozsahu nezbytn\u011b nutn\u00e9m pro \u00fadr\u017ebu webov\u00fdch str\u00e1nek. Automaticky shroma\u017e\u010fovan\u00e9 informace se pou\u017e\u00edvaj\u00ed v\u00fdhradn\u011b k identifikaci potenci\u00e1ln\u00edch p\u0159\u00edpad\u016f zneu\u017eit\u00ed a k sestavov\u00e1n\u00ed statistick\u00fdch informac\u00ed o pou\u017e\u00edv\u00e1n\u00ed webov\u00fdch str\u00e1nek. Tyto statistick\u00e9 informace nejsou jinak agregov\u00e1ny zp\u016fsobem, kter\u00fd by umo\u017enil identifikovat konkr\u00e9tn\u00edho u\u017eivatele syst\u00e9mu.<\/p><p>Webov\u00e9 str\u00e1nky m\u016f\u017eete nav\u0161t\u00edvit, ani\u017e byste n\u00e1m sd\u011blili, kdo jste, nebo n\u00e1m poskytli jak\u00e9koli informace, podle kter\u00fdch by v\u00e1s n\u011bkdo mohl identifikovat jako konkr\u00e9tn\u00ed, identifikovatelnou osobu. Pokud si v\u0161ak p\u0159ejete pou\u017e\u00edvat ur\u010dit\u00e9 funkce webov\u00fdch str\u00e1nek, nebo pokud si p\u0159ejete dost\u00e1vat n\u00e1\u0161 newsletter, \u010di poskytnout dal\u0161\u00ed podrobnosti vypln\u011bn\u00edm formul\u00e1\u0159e, m\u016f\u017eete n\u00e1m poskytnout osobn\u00ed \u00fadaje, jako je v\u00e1\u0161 e-mail, k\u0159estn\u00ed jm\u00e9no, p\u0159\u00edjmen\u00ed, m\u011bsto bydli\u0161t\u011b, organizace a telefonn\u00ed \u010d\u00edslo. M\u016f\u017eete se rozhodnout, \u017ee n\u00e1m sv\u00e9 osobn\u00ed \u00fadaje neposkytnete, ale pak nebudete moci vyu\u017e\u00edvat n\u011bkter\u00e9 funkce webov\u00fdch str\u00e1nek. Nap\u0159\u00edklad nebudete moci dost\u00e1vat n\u00e1\u0161 newsletter ani n\u00e1s kontaktovat p\u0159\u00edmo z webov\u00fdch str\u00e1nek. U\u017eivatel\u00e9, kte\u0159\u00ed si nejsou jisti, jak\u00e9 informace jsou povinn\u00e9, n\u00e1s mohou kontaktovat na adrese contact@tutemetscombien.fr.<\/p><p><strong>Va\u0161e pr\u00e1va:<\/strong><br \/>Pokud jste evropsk\u00fdm rezidentem, m\u00e1te n\u00e1sleduj\u00edc\u00ed pr\u00e1va t\u00fdkaj\u00edc\u00ed se va\u0161ich osobn\u00edch \u00fadaj\u016f:<\/p><p>Pr\u00e1vo b\u00fdt informov\u00e1n.<br \/>Pr\u00e1vo p\u0159\u00edstupu.<br \/>Pr\u00e1vo na opravu.<br \/>Pr\u00e1vo na v\u00fdmaz.<br \/>Pr\u00e1vo na omezen\u00ed zpracov\u00e1n\u00ed.<br \/>Pr\u00e1vo na p\u0159enositelnost \u00fadaj\u016f.<br \/>Pr\u00e1vo vzn\u00e9st n\u00e1mitku.<br \/>Pr\u00e1va t\u00fdkaj\u00edc\u00ed se automatizovan\u00e9ho rozhodov\u00e1n\u00ed a profilov\u00e1n\u00ed.<br \/>Pokud si p\u0159ejete toto pr\u00e1vo uplatnit, kontaktujte n\u00e1s pros\u00edm pomoc\u00ed n\u00ed\u017ee uveden\u00fdch kontaktn\u00edch \u00fadaj\u016f.<\/p><p>D\u00e1le, pokud jste evropsk\u00fdm rezidentem, bereme na v\u011bdom\u00ed, \u017ee va\u0161e informace zpracov\u00e1v\u00e1me za \u00fa\u010delem pln\u011bn\u00ed smluv, kter\u00e9 s v\u00e1mi m\u016f\u017eeme m\u00edt (nap\u0159\u00edklad pokud provedete objedn\u00e1vku prost\u0159ednictv\u00edm Str\u00e1nek), nebo za \u00fa\u010delem prosazov\u00e1n\u00ed na\u0161ich v\u00fd\u0161e uveden\u00fdch opr\u00e1vn\u011bn\u00fdch obchodn\u00edch z\u00e1jm\u016f. D\u00e1le upozor\u0148ujeme, \u017ee va\u0161e informace mohou b\u00fdt p\u0159evedeny mimo Evropu, v\u010detn\u011b Kanady a Spojen\u00fdch st\u00e1t\u016f.<\/p><p><strong>Odkazy na dal\u0161\u00ed webov\u00e9 str\u00e1nky:<\/strong><br \/>Na\u0161e webov\u00e9 str\u00e1nky mohou obsahovat odkazy na jin\u00e9 webov\u00e9 str\u00e1nky, kter\u00e9 nevlastn\u00edme ani nekontrolujeme. Upozor\u0148ujeme, \u017ee neneseme odpov\u011bdnost za tyto jin\u00e9 webov\u00e9 str\u00e1nky ani za postupy ochrany osobn\u00edch \u00fadaj\u016f t\u0159et\u00edch stran. Doporu\u010dujeme v\u00e1m, abyste si byli v\u011bdomi toho, kdy opou\u0161t\u00edte na\u0161e webov\u00e9 str\u00e1nky, a p\u0159e\u010detli si prohl\u00e1\u0161en\u00ed o ochran\u011b osobn\u00edch \u00fadaj\u016f v\u0161ech webov\u00fdch str\u00e1nek, kter\u00e9 mohou shroma\u017e\u010fovat osobn\u00ed \u00fadaje.<\/p><p><strong>Informa\u010dn\u00ed bezpe\u010dnost:<\/strong><br \/>Informace, kter\u00e9 n\u00e1m poskytnete, uchov\u00e1v\u00e1me na po\u010d\u00edta\u010dov\u00fdch serverech v kontrolovan\u00e9m a bezpe\u010dn\u00e9m prost\u0159ed\u00ed, chr\u00e1n\u011bn\u00e9m p\u0159ed neopr\u00e1vn\u011bn\u00fdm p\u0159\u00edstupem, pou\u017eit\u00edm nebo zve\u0159ejn\u011bn\u00edm. Udr\u017eujeme p\u0159im\u011b\u0159en\u00e1 administrativn\u00ed, technick\u00e1 a fyzick\u00e1 ochrann\u00e1 opat\u0159en\u00ed na ochranu p\u0159ed neopr\u00e1vn\u011bn\u00fdm p\u0159\u00edstupem, pou\u017eit\u00edm, \u00fapravou a zve\u0159ejn\u011bn\u00edm osobn\u00edch \u00fadaj\u016f, kter\u00e9 m\u00e1me pod kontrolou a v na\u0161\u00ed spr\u00e1v\u011b. Nelze v\u0161ak zaru\u010dit \u017e\u00e1dn\u00fd p\u0159enos dat p\u0159es internet ani jakoukoli bezdr\u00e1tovou s\u00ed\u0165.<\/p><p><strong>Pr\u00e1vn\u00ed prohl\u00e1\u0161en\u00ed:<\/strong><br \/>Ve\u0161ker\u00e9 informace, kter\u00e9 shroma\u017e\u010fujeme, pou\u017e\u00edv\u00e1me nebo obdr\u017e\u00edme, zve\u0159ejn\u00edme, pokud to vy\u017eaduje nebo povoluje z\u00e1kon, nap\u0159\u00edklad za \u00fa\u010delem vyhov\u011bn\u00ed p\u0159edvol\u00e1n\u00ed nebo podobn\u00e9mu pr\u00e1vn\u00edmu postupu, a pokud se v dobr\u00e9 v\u00ed\u0159e domn\u00edv\u00e1me, \u017ee zve\u0159ejn\u011bn\u00ed je nezbytn\u00e9 k ochran\u011b na\u0161ich pr\u00e1v, va\u0161\u00ed bezpe\u010dnosti nebo bezpe\u010dnosti ostatn\u00edch, k vy\u0161et\u0159ov\u00e1n\u00ed podvodu nebo k reakci na \u017e\u00e1dost vl\u00e1dy.<\/p><p><strong>Kontaktn\u00ed informace:<\/strong><br \/>Pokud byste n\u00e1s cht\u011bli kontaktovat, abyste se s t\u011bmito z\u00e1sadami l\u00e9pe sezn\u00e1mili, nebo pokud byste n\u00e1s cht\u011bli kontaktovat ohledn\u011b jak\u00e9koli z\u00e1le\u017eitosti t\u00fdkaj\u00edc\u00ed se individu\u00e1ln\u00edch pr\u00e1v a va\u0161ich osobn\u00edch \u00fadaj\u016f, m\u016f\u017eete n\u00e1m zaslat e-mail na adresu contact@tutemetscombien.fr.<\/p>\t\t\t\t\t\t\t\t<\/div>\n\t\t\t\t<\/div>\n\t\t\t\t\t<\/div>\n\t\t\t\t<\/div>\n\t\t<div class=\"elementor-element elementor-element-f3d620b e-flex e-con-boxed e-con e-child\" data-id=\"f3d620b\" data-element_type=\"container\" data-e-type=\"container\">\n\t\t\t\t\t<div class=\"e-con-inner\">\n\t\t<div class=\"elementor-element elementor-element-7724ad3 e-con-full e-flex e-con e-child\" data-id=\"7724ad3\" data-element_type=\"container\" data-e-type=\"container\">\n\t\t<div class=\"elementor-element elementor-element-15ace8d e-con-full e-flex e-con e-child\" data-id=\"15ace8d\" data-element_type=\"container\" data-e-type=\"container\">\n\t\t\t\t<div class=\"elementor-element elementor-element-090a06d elementor-widget__width-initial elementor-widget-mobile__width-initial elementor-widget elementor-widget-text-editor\" data-id=\"090a06d\" data-element_type=\"widget\" data-e-type=\"widget\" data-widget_type=\"text-editor.default\">\n\t\t\t\t<div class=\"elementor-widget-container\">\n\t\t\t\t\t\t\t\t\t<p>\u00a9 2025<\/p>\t\t\t\t\t\t\t\t<\/div>\n\t\t\t\t<\/div>\n\t\t\t\t<div class=\"elementor-element elementor-element-34f3245 elementor-widget__width-initial elementor-widget-mobile__width-initial elementor-widget elementor-widget-button\" data-id=\"34f3245\" data-element_type=\"widget\" data-e-type=\"widget\" data-widget_type=\"button.default\">\n\t\t\t\t<div class=\"elementor-widget-container\">\n\t\t\t\t\t\t\t\t\t<div class=\"elementor-button-wrapper\">\n\t\t\t\t\t<a class=\"elementor-button elementor-button-link elementor-size-sm\" href=\"\/cs\/pravni-upozorneni\/\">\n\t\t\t\t\t\t<span class=\"elementor-button-content-wrapper\">\n\t\t\t\t\t\t\t\t\t<span class=\"elementor-button-text\">Pr\u00e1vn\u00ed upozorn\u011bn\u00ed<\/span>\n\t\t\t\t\t<\/span>\n\t\t\t\t\t<\/a>\n\t\t\t\t<\/div>\n\t\t\t\t\t\t\t\t<\/div>\n\t\t\t\t<\/div>\n\t\t\t\t<div class=\"elementor-element elementor-element-be83330 elementor-widget__width-initial elementor-widget-mobile__width-initial elementor-widget elementor-widget-button\" data-id=\"be83330\" data-element_type=\"widget\" data-e-type=\"widget\" data-widget_type=\"button.default\">\n\t\t\t\t<div class=\"elementor-widget-container\">\n\t\t\t\t\t\t\t\t\t<div class=\"elementor-button-wrapper\">\n\t\t\t\t\t<a class=\"elementor-button elementor-button-link elementor-size-sm\" href=\"\/cs\/zasady-ochrany-osobnich-udaju\/\">\n\t\t\t\t\t\t<span class=\"elementor-button-content-wrapper\">\n\t\t\t\t\t\t\t\t\t<span class=\"elementor-button-text\">Z\u00e1sady ochrany osobn\u00edch \u00fadaj\u016f<\/span>\n\t\t\t\t\t<\/span>\n\t\t\t\t\t<\/a>\n\t\t\t\t<\/div>\n\t\t\t\t\t\t\t\t<\/div>\n\t\t\t\t<\/div>\n\t\t\t\t<div class=\"elementor-element elementor-element-1e906f2 elementor-widget__width-initial elementor-widget-mobile__width-initial elementor-widget elementor-widget-button\" data-id=\"1e906f2\" data-element_type=\"widget\" data-e-type=\"widget\" data-widget_type=\"button.default\">\n\t\t\t\t<div class=\"elementor-widget-container\">\n\t\t\t\t\t\t\t\t\t<div class=\"elementor-button-wrapper\">\n\t\t\t\t\t<a class=\"elementor-button elementor-button-link elementor-size-sm\" href=\"\/cs\/vseobecne-obchodni-podminky\/\">\n\t\t\t\t\t\t<span class=\"elementor-button-content-wrapper\">\n\t\t\t\t\t\t\t\t\t<span class=\"elementor-button-text\">V\u0161eobecn\u00e9 obchodn\u00ed podm\u00ednky<\/span>\n\t\t\t\t\t<\/span>\n\t\t\t\t\t<\/a>\n\t\t\t\t<\/div>\n\t\t\t\t\t\t\t\t<\/div>\n\t\t\t\t<\/div>\n\t\t\t\t<\/div>\n\t\t\t\t<\/div>\n\t\t\t\t\t<\/div>\n\t\t\t\t<\/div>\n\t\t\t\t<\/div>","protected":false},"excerpt":{"rendered":"<p>Le site web tutemetscombien.fr est d\u00e9tenu par Tu te mets combien ?, qui est un contr\u00f4leur de donn\u00e9es de vos donn\u00e9es personnelles. Nous avons adopt\u00e9 cette politique de confidentialit\u00e9, qui d\u00e9termine la mani\u00e8re dont nous traitons les informations collect\u00e9es par tutemetscombien.fr, qui fournit \u00e9galement les raisons pour lesquelles nous devons collecter certaines donn\u00e9es personnelles vous [&hellip;]<\/p>\n","protected":false},"author":1,"featured_media":0,"parent":0,"menu_order":0,"comment_status":"closed","ping_status":"closed","template":"","meta":{"_acf_changed":false,"footnotes":""},"class_list":["post-982","page","type-page","status-publish","hentry"],"acf":[],"_links":{"self":[{"href":"https:\/\/dev.tutemetscombien.fr\/cs\/wp-json\/wp\/v2\/pages\/982","targetHints":{"allow":["GET"]}}],"collection":[{"href":"https:\/\/dev.tutemetscombien.fr\/cs\/wp-json\/wp\/v2\/pages"}],"about":[{"href":"https:\/\/dev.tutemetscombien.fr\/cs\/wp-json\/wp\/v2\/types\/page"}],"author":[{"embeddable":true,"href":"https:\/\/dev.tutemetscombien.fr\/cs\/wp-json\/wp\/v2\/users\/1"}],"replies":[{"embeddable":true,"href":"https:\/\/dev.tutemetscombien.fr\/cs\/wp-json\/wp\/v2\/comments?post=982"}],"version-history":[{"count":9,"href":"https:\/\/dev.tutemetscombien.fr\/cs\/wp-json\/wp\/v2\/pages\/982\/revisions"}],"predecessor-version":[{"id":1008,"href":"https:\/\/dev.tutemetscombien.fr\/cs\/wp-json\/wp\/v2\/pages\/982\/revisions\/1008"}],"wp:attachment":[{"href":"https:\/\/dev.tutemetscombien.fr\/cs\/wp-json\/wp\/v2\/media?parent=982"}],"curies":[{"name":"wp","href":"https:\/\/api.w.org\/{rel}","templated":true}]}}