{"id":1538,"date":"2025-07-16T11:39:04","date_gmt":"2025-07-16T09:39:04","guid":{"rendered":"https:\/\/dev.tutemetscombien.fr\/?post_type=product&#038;p=1538"},"modified":"2026-02-23T11:17:15","modified_gmt":"2026-02-23T10:17:15","slug":"ttmc-2-z-kolika-se-zotavujes","status":"publish","type":"product","link":"https:\/\/dev.tutemetscombien.fr\/cs\/jeu-de-societe\/ttmc-2-tu-te-remets-combien\/","title":{"rendered":"TTMC 2 \u2013 Tu Te (Re)Mets Combien ?"},"content":{"rendered":"<p style=\"font-weight: 400;\"><em>TTMC 2 \u2013 Tu Te (Re)Mets Combien ?<\/em> O\u017eivuje princip kultovn\u00edho kv\u00edzu, kde si sami ohodnot\u00edte sv\u00e9 znalosti od 1 do 10, s notnou d\u00e1vkou nov\u00fdch funkc\u00ed!<\/p>\n<p style=\"font-weight: 400;\">Objevte 540 karet a 4 028 nov\u00fdch ot\u00e1zek na \u0161irokou \u0161k\u00e1lu t\u00e9mat, od t\u011bch nejz\u00e1va\u017en\u011bj\u0161\u00edch a\u017e po ty nejnepravd\u011bpodobn\u011bj\u0161\u00ed.<\/p>\n<p style=\"font-weight: 400;\">Dovnit\u0159 je dokonce vlo\u017eena \u00fanikov\u00e1 krabice, nez\u00e1visl\u00e1 a emancipovan\u00e1, tak\u017ee si ji lze zahr\u00e1t kdekoli (krom\u011b sprchy).<\/p>\n<p style=\"font-weight: 400;\">Nov\u00e9 speci\u00e1ln\u00ed karty \u00abneohro\u017een\u00fdch\u00bb, v\u00edce t\u00fdmov\u00e9 interakce, nastaviteln\u00e1 d\u00e9lka hry\u2026 ale princip z\u016fst\u00e1v\u00e1 stejn\u00fd: na vylosovan\u00e9 t\u00e9ma si vyberete hodnocen\u00ed od 1 (snadn\u00e9) do 10 (expert). \u010c\u00edm vy\u0161\u0161\u00ed hodnocen\u00ed, t\u00edm t\u011b\u017e\u0161\u00ed ot\u00e1zka. Pokud odpov\u00edte spr\u00e1vn\u011b, posunete se o po\u010det pol\u00ed\u010dek ozna\u010den\u00fdch va\u0161\u00edm hodnocen\u00edm.<\/p>","protected":false},"excerpt":{"rendered":"<div id=\"product-description-short-4524\">\n<p>Jak\u00e9 m\u00e1\u0161 sk\u00f3re ve vydr\u00e1ch? V 5G? V algeb\u0159e?<br \/>\nPokra\u010dov\u00e1n\u00ed hry o v\u0161eobecn\u00fdch znalostech, kde si sami ohodnot\u00edte sv\u00e9 znalosti od 1 do 10 v \u0159ad\u011b nov\u00fdch t\u00e9mat!<\/p>\n<\/div>","protected":false},"featured_media":3138,"comment_status":"closed","ping_status":"closed","template":"","meta":{"_acf_changed":false},"product_brand":[],"product_cat":[37],"product_tag":[],"class_list":{"0":"post-1538","1":"product","2":"type-product","3":"status-publish","4":"has-post-thumbnail","6":"product_cat-ttmc-france","8":"first","9":"instock","10":"featured","11":"taxable","12":"shipping-taxable","13":"purchasable","14":"product-type-simple"},"acf":[],"_links":{"self":[{"href":"https:\/\/dev.tutemetscombien.fr\/cs\/wp-json\/wp\/v2\/product\/1538","targetHints":{"allow":["GET"]}}],"collection":[{"href":"https:\/\/dev.tutemetscombien.fr\/cs\/wp-json\/wp\/v2\/product"}],"about":[{"href":"https:\/\/dev.tutemetscombien.fr\/cs\/wp-json\/wp\/v2\/types\/product"}],"replies":[{"embeddable":true,"href":"https:\/\/dev.tutemetscombien.fr\/cs\/wp-json\/wp\/v2\/comments?post=1538"}],"wp:featuredmedia":[{"embeddable":true,"href":"https:\/\/dev.tutemetscombien.fr\/cs\/wp-json\/wp\/v2\/media\/3138"}],"wp:attachment":[{"href":"https:\/\/dev.tutemetscombien.fr\/cs\/wp-json\/wp\/v2\/media?parent=1538"}],"wp:term":[{"taxonomy":"product_brand","embeddable":true,"href":"https:\/\/dev.tutemetscombien.fr\/cs\/wp-json\/wp\/v2\/product_brand?post=1538"},{"taxonomy":"product_cat","embeddable":true,"href":"https:\/\/dev.tutemetscombien.fr\/cs\/wp-json\/wp\/v2\/product_cat?post=1538"},{"taxonomy":"product_tag","embeddable":true,"href":"https:\/\/dev.tutemetscombien.fr\/cs\/wp-json\/wp\/v2\/product_tag?post=1538"}],"curies":[{"name":"wp","href":"https:\/\/api.w.org\/{rel}","templated":true}]}}