{"id":1572,"date":"2025-07-21T12:11:16","date_gmt":"2025-07-21T10:11:16","guid":{"rendered":"https:\/\/dev.tutemetscombien.fr\/?post_type=product&#038;p=1572"},"modified":"2026-02-23T11:16:33","modified_gmt":"2026-02-23T10:16:33","slug":"ttmc-kolik-toho-davas","status":"publish","type":"product","link":"https:\/\/dev.tutemetscombien.fr\/cs\/jeu-de-societe\/ttmc-tu-te-mets-combien\/","title":{"rendered":"TTMC \u2013 Tu Te Mets Combien ?"},"content":{"rendered":"<p><em>TTMC \u2013 Tu Te Mets Combien ?<\/em> je n\u011bco mezi kv\u00edzem v\u0161eobecn\u00fdch znalost\u00ed a spole\u010denskou hrou.<\/p>\n<p>Ohodno\u0165te sv\u00e9 znalosti od 1 do 10 v \u0161irok\u00e9 \u0161k\u00e1le t\u00e9mat, od t\u011bch nejklasi\u010dt\u011bj\u0161\u00edch a\u017e po ty nejneobvyklej\u0161\u00ed, a bu\u010fte prvn\u00ed, kdo je\u2026<br \/>\nproj\u00edt celou n\u00e1horn\u00ed plo\u0161inou.<\/p>\n<p>Princip je jednoduch\u00fd: zvol\u00edte si \u00farove\u0148 mezi 1 (lehk\u00e1) a 10 (expert) na dan\u00e9 t\u00e9ma. \u010c\u00edm vy\u0161\u0161\u00ed \u010d\u00edslo, t\u00edm t\u011b\u017e\u0161\u00ed je ot\u00e1zka. Pokud odpov\u00edte spr\u00e1vn\u011b, posunete se o po\u010det pol\u00ed\u010dek rovn\u00fd va\u0161emu \u010d\u00edslu. Lehk\u00e9? Zkuste \u00farove\u0148 8 na topinamburech.<\/p>\n<p>Je to z\u00e1bavn\u00e9, p\u0159\u00edstupn\u00e9 a naprosto n\u00e1vykov\u00e9: 540 karet, 4 132 ot\u00e1zek a p\u00e1r speci\u00e1ln\u00edch karet pro o\u017eiven\u00ed hry.<\/p>","protected":false},"excerpt":{"rendered":"<div id=\"product-description-short-154\">\n<p>Do jak\u00e9 m\u00edry se hodnot\u00edte jako Aladin? Jako imagin\u00e1rn\u00ed zv\u00ed\u0159ata? Jako p\u00e1r\u00e1tka?<br \/>\nHra o v\u0161eobecn\u00fdch znalostech, kde si sami ohodnot\u00edte sv\u00e9 znalosti od 1 do 10 na t\u00e9mata klasick\u00e1 i nepravd\u011bpodobn\u00e1!<\/p>\n<\/div>","protected":false},"featured_media":3143,"comment_status":"closed","ping_status":"closed","template":"","meta":{"_acf_changed":false},"product_brand":[],"product_cat":[37],"product_tag":[],"class_list":{"0":"post-1572","1":"product","2":"type-product","3":"status-publish","4":"has-post-thumbnail","6":"product_cat-ttmc-france","8":"first","9":"instock","10":"featured","11":"taxable","12":"shipping-taxable","13":"purchasable","14":"product-type-simple"},"acf":[],"_links":{"self":[{"href":"https:\/\/dev.tutemetscombien.fr\/cs\/wp-json\/wp\/v2\/product\/1572","targetHints":{"allow":["GET"]}}],"collection":[{"href":"https:\/\/dev.tutemetscombien.fr\/cs\/wp-json\/wp\/v2\/product"}],"about":[{"href":"https:\/\/dev.tutemetscombien.fr\/cs\/wp-json\/wp\/v2\/types\/product"}],"replies":[{"embeddable":true,"href":"https:\/\/dev.tutemetscombien.fr\/cs\/wp-json\/wp\/v2\/comments?post=1572"}],"wp:featuredmedia":[{"embeddable":true,"href":"https:\/\/dev.tutemetscombien.fr\/cs\/wp-json\/wp\/v2\/media\/3143"}],"wp:attachment":[{"href":"https:\/\/dev.tutemetscombien.fr\/cs\/wp-json\/wp\/v2\/media?parent=1572"}],"wp:term":[{"taxonomy":"product_brand","embeddable":true,"href":"https:\/\/dev.tutemetscombien.fr\/cs\/wp-json\/wp\/v2\/product_brand?post=1572"},{"taxonomy":"product_cat","embeddable":true,"href":"https:\/\/dev.tutemetscombien.fr\/cs\/wp-json\/wp\/v2\/product_cat?post=1572"},{"taxonomy":"product_tag","embeddable":true,"href":"https:\/\/dev.tutemetscombien.fr\/cs\/wp-json\/wp\/v2\/product_tag?post=1572"}],"curies":[{"name":"wp","href":"https:\/\/api.w.org\/{rel}","templated":true}]}}