{"id":2188,"date":"2025-09-16T10:19:44","date_gmt":"2025-09-16T08:19:44","guid":{"rendered":"https:\/\/dev.tutemetscombien.fr\/?post_type=product&#038;p=2188"},"modified":"2026-02-23T11:14:13","modified_gmt":"2026-02-23T10:14:13","slug":"ttmc-belgicky-doplnek","status":"publish","type":"product","link":"https:\/\/dev.tutemetscombien.fr\/cs\/jeu-de-societe\/ttmc-le-complement-belge\/","title":{"rendered":"TTMC \u2013 Le Compl\u00e9ment Belge"},"content":{"rendered":"<p>Pono\u0159te se do belgick\u00e9 kultury s touto m\u00edstn\u00ed pobo\u010dkou 100 %<em> TTMC \u2013 Tu Te Mets Combien ?<\/em>.<\/p>\n<p>130 karet a 1 014 ot\u00e1zek kompatibiln\u00edch s <em>TTMC 1<\/em> otestovat si sv\u00e9 znalosti nad r\u00e1mec hranolk\u016f a Stromae.<\/p>\n<p>Princip z\u016fst\u00e1v\u00e1 stejn\u00fd: sami si ohodnot\u00edte sv\u00e9 znalosti v dan\u00e9m t\u00e9matu od 1 (snadn\u00e9) do 10 (expertn\u00ed). \u010c\u00edm vy\u0161\u0161\u00ed sk\u00f3re, t\u00edm obt\u00ed\u017en\u011bj\u0161\u00ed ot\u00e1zka. Spr\u00e1vn\u00e1 odpov\u011b\u010f? Posunete se o po\u010det pol\u00ed\u010dek odpov\u00eddaj\u00edc\u00ed va\u0161emu sk\u00f3re.<\/p>","protected":false},"excerpt":{"rendered":"<p>Kolik byste investovali do Chevroletu? Do Beno\u00eeta Poelvoordeho? Do kolejov\u00fdch kol?<br \/>\nRoz\u0161\u00ed\u0159en\u00ed <em>TTMC<\/em> Speci\u00e1ln\u00ed belgick\u00e9 vyd\u00e1n\u00ed!<\/p>","protected":false},"featured_media":3149,"comment_status":"closed","ping_status":"closed","template":"","meta":{"_acf_changed":false},"product_brand":[],"product_cat":[37],"product_tag":[],"class_list":{"0":"post-2188","1":"product","2":"type-product","3":"status-publish","4":"has-post-thumbnail","6":"product_cat-ttmc-france","8":"first","9":"outofstock","10":"taxable","11":"shipping-taxable","12":"purchasable","13":"product-type-simple"},"acf":[],"_links":{"self":[{"href":"https:\/\/dev.tutemetscombien.fr\/cs\/wp-json\/wp\/v2\/product\/2188","targetHints":{"allow":["GET"]}}],"collection":[{"href":"https:\/\/dev.tutemetscombien.fr\/cs\/wp-json\/wp\/v2\/product"}],"about":[{"href":"https:\/\/dev.tutemetscombien.fr\/cs\/wp-json\/wp\/v2\/types\/product"}],"replies":[{"embeddable":true,"href":"https:\/\/dev.tutemetscombien.fr\/cs\/wp-json\/wp\/v2\/comments?post=2188"}],"wp:featuredmedia":[{"embeddable":true,"href":"https:\/\/dev.tutemetscombien.fr\/cs\/wp-json\/wp\/v2\/media\/3149"}],"wp:attachment":[{"href":"https:\/\/dev.tutemetscombien.fr\/cs\/wp-json\/wp\/v2\/media?parent=2188"}],"wp:term":[{"taxonomy":"product_brand","embeddable":true,"href":"https:\/\/dev.tutemetscombien.fr\/cs\/wp-json\/wp\/v2\/product_brand?post=2188"},{"taxonomy":"product_cat","embeddable":true,"href":"https:\/\/dev.tutemetscombien.fr\/cs\/wp-json\/wp\/v2\/product_cat?post=2188"},{"taxonomy":"product_tag","embeddable":true,"href":"https:\/\/dev.tutemetscombien.fr\/cs\/wp-json\/wp\/v2\/product_tag?post=2188"}],"curies":[{"name":"wp","href":"https:\/\/api.w.org\/{rel}","templated":true}]}}