{"id":2521,"date":"2025-10-21T12:21:27","date_gmt":"2025-10-21T10:21:27","guid":{"rendered":"https:\/\/dev.tutemetscombien.fr\/?post_type=product&#038;p=2521"},"modified":"2026-02-23T11:13:28","modified_gmt":"2026-02-23T10:13:28","slug":"ttmc-prirodni-doplnek-stravy","status":"publish","type":"product","link":"https:\/\/dev.tutemetscombien.fr\/cs\/jeu-de-societe\/ttmc-le-complement-naturel\/","title":{"rendered":"TTMC \u2013 Le Compl\u00e9ment Naturel"},"content":{"rendered":"<p>Mysleli jste si, \u017ee budeme mluvit o borovic\u00edch de\u0161tn\u00edkov\u00fdch a kompostu? M\u00fdl\u00edte se.<\/p>\n<p><em>P\u0159\u00edrodn\u00ed dopln\u011bk stravy<\/em>, Je to prost\u011b roz\u0161\u00ed\u0159en\u00ed, kter\u00e9 p\u0159irozen\u011b zapad\u00e1 do krabice <em>TTMC 1<\/em>.<\/p>\n<p>130 karet a 1 035 nov\u00fdch ot\u00e1zek ke hran\u00ed znovu, se stejn\u00fdmi legend\u00e1rn\u00edmi kategoriemi: \u0160kola, Pro dosp\u011bl\u00e9, Z\u00e1bava, Nepravd\u011bpodobn\u00e9 a slavn\u00e9 karty V\u00fdzva a Nev\u00e1hejte vyhr\u00e1t.<\/p>\n<p>Princip z\u016fst\u00e1v\u00e1 stejn\u00fd: sami si ohodnot\u00edte sv\u00e9 znalosti v dan\u00e9m t\u00e9matu od 1 (snadn\u00e9) do 10 (expertn\u00ed). \u010c\u00edm vy\u0161\u0161\u00ed sk\u00f3re, t\u00edm obt\u00ed\u017en\u011bj\u0161\u00ed ot\u00e1zka. Spr\u00e1vn\u00e1 odpov\u011b\u010f? Posunete se o po\u010det pol\u00ed\u010dek odpov\u00eddaj\u00edc\u00ed va\u0161emu sk\u00f3re.<\/p>","protected":false},"excerpt":{"rendered":"<div id=\"TheTexte\" class=\"Texte\" lang=\"zxx\">\n<div id=\"product-description-short-224\">\n<p>Kolik utrat\u00edte za pivo? Za \u00fastn\u00ed vodu? Za \u0161krobov\u00e9 potraviny?<br \/>\nJedin\u00e9, co je na n\u011bm p\u0159irozen\u00e9, je to, \u017ee dokonale dopl\u0148uje tv\u00e9... <em>TTMC<\/em> !<\/p>\n<\/div>\n<\/div>","protected":false},"featured_media":3148,"comment_status":"closed","ping_status":"closed","template":"","meta":{"_acf_changed":false},"product_brand":[],"product_cat":[37],"product_tag":[],"class_list":{"0":"post-2521","1":"product","2":"type-product","3":"status-publish","4":"has-post-thumbnail","6":"product_cat-ttmc-france","8":"first","9":"instock","10":"taxable","11":"shipping-taxable","12":"purchasable","13":"product-type-simple"},"acf":[],"_links":{"self":[{"href":"https:\/\/dev.tutemetscombien.fr\/cs\/wp-json\/wp\/v2\/product\/2521","targetHints":{"allow":["GET"]}}],"collection":[{"href":"https:\/\/dev.tutemetscombien.fr\/cs\/wp-json\/wp\/v2\/product"}],"about":[{"href":"https:\/\/dev.tutemetscombien.fr\/cs\/wp-json\/wp\/v2\/types\/product"}],"replies":[{"embeddable":true,"href":"https:\/\/dev.tutemetscombien.fr\/cs\/wp-json\/wp\/v2\/comments?post=2521"}],"wp:featuredmedia":[{"embeddable":true,"href":"https:\/\/dev.tutemetscombien.fr\/cs\/wp-json\/wp\/v2\/media\/3148"}],"wp:attachment":[{"href":"https:\/\/dev.tutemetscombien.fr\/cs\/wp-json\/wp\/v2\/media?parent=2521"}],"wp:term":[{"taxonomy":"product_brand","embeddable":true,"href":"https:\/\/dev.tutemetscombien.fr\/cs\/wp-json\/wp\/v2\/product_brand?post=2521"},{"taxonomy":"product_cat","embeddable":true,"href":"https:\/\/dev.tutemetscombien.fr\/cs\/wp-json\/wp\/v2\/product_cat?post=2521"},{"taxonomy":"product_tag","embeddable":true,"href":"https:\/\/dev.tutemetscombien.fr\/cs\/wp-json\/wp\/v2\/product_tag?post=2521"}],"curies":[{"name":"wp","href":"https:\/\/api.w.org\/{rel}","templated":true}]}}