{"id":2522,"date":"2025-10-21T12:22:09","date_gmt":"2025-10-21T10:22:09","guid":{"rendered":"https:\/\/dev.tutemetscombien.fr\/?post_type=product&#038;p=2522"},"modified":"2026-02-23T11:12:17","modified_gmt":"2026-02-23T10:12:17","slug":"ttmc-pariz-2024-olympijske-a-paralympijske-hry","status":"publish","type":"product","link":"https:\/\/dev.tutemetscombien.fr\/cs\/jeu-de-societe\/ttmc-paris-2024-jeux-olympiques-paralympiques\/","title":{"rendered":"TTMC - Paris 2024"},"content":{"rendered":"<div id=\"TheTexte\" class=\"Texte\" lang=\"zxx\">\n<p>Sportovn\u00ed varianta <em>TTMC \u2013 Tu Te Mets Combien ?<\/em>, Tato speci\u00e1ln\u00ed edice v\u00e1m nab\u00edz\u00ed 280 karet a 2 024 ot\u00e1zek t\u00fdkaj\u00edc\u00edch se olympijsk\u00fdch a paralympijsk\u00fdch her v Pa\u0159\u00ed\u017ei v roce 2024.<\/p>\n<p>Je to stejn\u00fd test: sami si ohodnot\u00edte sv\u00e9 znalosti na stupnici od 1 (snadn\u00e9) do 10 (expertn\u00ed) k dan\u00e9mu t\u00e9matu. \u010c\u00edm vy\u0161\u0161\u00ed sk\u00f3re, t\u00edm t\u011b\u017e\u0161\u00ed ot\u00e1zka. Spr\u00e1vn\u00e1 odpov\u011b\u010f? Posunete se o po\u010det pol\u00ed\u010dek odpov\u00eddaj\u00edc\u00ed va\u0161emu sk\u00f3re.<\/p>\n<p>Tato verze, p\u0159\u00edstupn\u00e1 v\u0161em milovn\u00edk\u016fm sportu, v\u00e1m umo\u017en\u00ed znovu pro\u017e\u00edt ud\u00e1lost, kter\u00e1 n\u00e1s v\u0161echny nadchla, a otestovat si sv\u00e9 sportovn\u00ed znalosti, ani\u017e byste se museli (nebo t\u00e9m\u011b\u0159) zapotit.<\/p>\n<p>Ofici\u00e1ln\u00ed produkt s licenc\u00ed Pa\u0159\u00ed\u017e 2024.<\/p>\n<\/div>","protected":false},"excerpt":{"rendered":"<p>Jak rychle byste se dostali na skateboard? Jako Usain Bolt? Jako olympijsk\u00e9 vesnice?<br \/>\nMaraton nov\u00fdch ot\u00e1zek!<\/p>","protected":false},"featured_media":3154,"comment_status":"closed","ping_status":"closed","template":"","meta":{"_acf_changed":false},"product_brand":[],"product_cat":[37],"product_tag":[],"class_list":{"0":"post-2522","1":"product","2":"type-product","3":"status-publish","4":"has-post-thumbnail","6":"product_cat-ttmc-france","8":"first","9":"instock","10":"taxable","11":"shipping-taxable","12":"purchasable","13":"product-type-simple"},"acf":[],"_links":{"self":[{"href":"https:\/\/dev.tutemetscombien.fr\/cs\/wp-json\/wp\/v2\/product\/2522","targetHints":{"allow":["GET"]}}],"collection":[{"href":"https:\/\/dev.tutemetscombien.fr\/cs\/wp-json\/wp\/v2\/product"}],"about":[{"href":"https:\/\/dev.tutemetscombien.fr\/cs\/wp-json\/wp\/v2\/types\/product"}],"replies":[{"embeddable":true,"href":"https:\/\/dev.tutemetscombien.fr\/cs\/wp-json\/wp\/v2\/comments?post=2522"}],"wp:featuredmedia":[{"embeddable":true,"href":"https:\/\/dev.tutemetscombien.fr\/cs\/wp-json\/wp\/v2\/media\/3154"}],"wp:attachment":[{"href":"https:\/\/dev.tutemetscombien.fr\/cs\/wp-json\/wp\/v2\/media?parent=2522"}],"wp:term":[{"taxonomy":"product_brand","embeddable":true,"href":"https:\/\/dev.tutemetscombien.fr\/cs\/wp-json\/wp\/v2\/product_brand?post=2522"},{"taxonomy":"product_cat","embeddable":true,"href":"https:\/\/dev.tutemetscombien.fr\/cs\/wp-json\/wp\/v2\/product_cat?post=2522"},{"taxonomy":"product_tag","embeddable":true,"href":"https:\/\/dev.tutemetscombien.fr\/cs\/wp-json\/wp\/v2\/product_tag?post=2522"}],"curies":[{"name":"wp","href":"https:\/\/api.w.org\/{rel}","templated":true}]}}