{"id":2523,"date":"2025-10-21T12:23:59","date_gmt":"2025-10-21T10:23:59","guid":{"rendered":"https:\/\/dev.tutemetscombien.fr\/?post_type=product&#038;p=2523"},"modified":"2026-02-23T11:10:55","modified_gmt":"2026-02-23T10:10:55","slug":"pristup-k-ttmc-kolik-vkladas","status":"publish","type":"product","link":"https:\/\/dev.tutemetscombien.fr\/cs\/jeu-de-societe\/ttmc-access-tu-te-mets-combien\/","title":{"rendered":"TTMC Access \u2013 Tu Te Mets Combien ?"},"content":{"rendered":"<p>Stejn\u00e1 hratelnost, stejn\u00fd netradi\u010dn\u00ed humor, ale ve verzi navr\u017een\u00e9 tak, aby si ji mohl zahr\u00e1t ka\u017ed\u00fd. <em>TTMC<\/em>.<br \/>\nS <em>TTMC Access<\/em>, objev\u00ed adaptaci <em>TTMC 1<\/em> speci\u00e1ln\u011b navr\u017eeno pro zrakov\u011b posti\u017een\u00e9 a nevidom\u00e9 osoby.<\/p>\n<p>Princip z\u016fst\u00e1v\u00e1 stejn\u00fd: sami si ohodnot\u00edte sv\u00e9 znalosti na stupnici od 1 (snadn\u00e9) do 10 (expertn\u00ed) k vybran\u00e9mu t\u00e9matu. \u010c\u00edm vy\u0161\u0161\u00ed sk\u00f3re, t\u00edm v\u00edce...<br \/>\nOt\u00e1zka je t\u011b\u017ek\u00e1. Dobr\u00e1 odpov\u011b\u010f? Posunete se o po\u010det pol\u00ed\u010dek rovn\u00fd va\u0161emu sk\u00f3re.<\/p>\n<p><strong>Dotykov\u00e1 obrazovka<\/strong><br \/>\nHern\u00ed pl\u00e1n byl p\u0159epracov\u00e1n pro plynul\u00fd a intuitivn\u00ed z\u00e1\u017eitek.<br \/>\nVodic\u00ed \u010d\u00e1ra vyroben\u00e1 ze siln\u00e9ho laku vede hr\u00e1\u010de od po\u010d\u00e1te\u010dn\u00edho pol\u00ed\u010dka k posledn\u00edmu a sleduje hmatovou spir\u00e1lu, kter\u00e1 umo\u017e\u0148uje<br \/>\nabyste v\u017edy v\u011bd\u011bli, kter\u00fdm sm\u011brem pohnout svou figurkou.<br \/>\nKa\u017ed\u00e1 kategorie je v z\u00e1sobn\u00edku spojena s v\u00fdrazn\u00fdm vydlaban\u00fdm tvarem pro usnadn\u011bn\u00ed identifikace.<\/p>\n<p><strong>Propojen\u00e9 mapy<\/strong><br \/>\nR\u016fzn\u00e9 kategorie ot\u00e1zek jsou reprezentov\u00e1ny kartonov\u00fdmi dla\u017edicemi stejn\u00e9ho tvaru jako ty na tabuli, kter\u00e9 jsou vybaveny NFC \u010dipy.<br \/>\nJednodu\u0161e je naskenujte chytr\u00fdm telefonem pomoc\u00ed aplikace. <em>TTMC Access<\/em>, kter\u00fd p\u0159e\u010dte ot\u00e1zku nahlas.<br \/>\nJednoduch\u00e1 technologie, bez m\u00ed\u0159en\u00ed a plynulej\u0161\u00ed ne\u017e QR k\u00f3d.<\/p>\n<p><strong>Vyhrazen\u00e1 aplikace<\/strong><br \/>\nAplikace je k dispozici pro iPhone a Android <em>TTMC Access<\/em> je pln\u011b kompatibiln\u00ed s n\u00e1stroji pro p\u0159\u00edstupnost TalkBack a<br \/>\nHlasov\u00fd koment\u00e1\u0159.<br \/>\nLze jej upravit podle pot\u0159eb ka\u017ed\u00e9ho hr\u00e1\u010de (synt\u00e9za \u0159e\u010di, rychlost \u010dten\u00ed, velikost p\u00edsma atd.).<br \/>\nN\u00e1vod k pou\u017eit\u00ed je kdykoli p\u0159\u00edstupn\u00fd prost\u0159ednictv\u00edm z\u00e1lo\u017eky N\u00e1pov\u011bda, kter\u00e1 hr\u00e1\u010de krok za krokem provede hrou.<\/p>\n<p>Ve spolupr\u00e1ci s AccessiGames.<\/p>","protected":false},"excerpt":{"rendered":"<div id=\"product-description-short-4524\">\n<p>Do jak\u00e9 m\u00edry se hodnot\u00edte jako Aladin? Jako imagin\u00e1rn\u00ed zv\u00ed\u0159ata? Jako p\u00e1r\u00e1tka?<br \/>\nVerze <em>TTMC<\/em> navr\u017eeno pro zrakov\u011b posti\u017een\u00e9 a nevidom\u00e9 osoby ve spolupr\u00e1ci s AccessiGames.<\/p>\n<\/div>","protected":false},"featured_media":3157,"comment_status":"closed","ping_status":"closed","template":"","meta":{"_acf_changed":false},"product_brand":[],"product_cat":[37],"product_tag":[],"class_list":{"0":"post-2523","1":"product","2":"type-product","3":"status-publish","4":"has-post-thumbnail","6":"product_cat-ttmc-france","8":"first","9":"instock","10":"taxable","11":"shipping-taxable","12":"purchasable","13":"product-type-simple"},"acf":[],"_links":{"self":[{"href":"https:\/\/dev.tutemetscombien.fr\/cs\/wp-json\/wp\/v2\/product\/2523","targetHints":{"allow":["GET"]}}],"collection":[{"href":"https:\/\/dev.tutemetscombien.fr\/cs\/wp-json\/wp\/v2\/product"}],"about":[{"href":"https:\/\/dev.tutemetscombien.fr\/cs\/wp-json\/wp\/v2\/types\/product"}],"replies":[{"embeddable":true,"href":"https:\/\/dev.tutemetscombien.fr\/cs\/wp-json\/wp\/v2\/comments?post=2523"}],"wp:featuredmedia":[{"embeddable":true,"href":"https:\/\/dev.tutemetscombien.fr\/cs\/wp-json\/wp\/v2\/media\/3157"}],"wp:attachment":[{"href":"https:\/\/dev.tutemetscombien.fr\/cs\/wp-json\/wp\/v2\/media?parent=2523"}],"wp:term":[{"taxonomy":"product_brand","embeddable":true,"href":"https:\/\/dev.tutemetscombien.fr\/cs\/wp-json\/wp\/v2\/product_brand?post=2523"},{"taxonomy":"product_cat","embeddable":true,"href":"https:\/\/dev.tutemetscombien.fr\/cs\/wp-json\/wp\/v2\/product_cat?post=2523"},{"taxonomy":"product_tag","embeddable":true,"href":"https:\/\/dev.tutemetscombien.fr\/cs\/wp-json\/wp\/v2\/product_tag?post=2523"}],"curies":[{"name":"wp","href":"https:\/\/api.w.org\/{rel}","templated":true}]}}