{"id":2613,"date":"2025-10-24T16:37:36","date_gmt":"2025-10-24T14:37:36","guid":{"rendered":"https:\/\/dev.tutemetscombien.fr\/?post_type=product&#038;p=2613"},"modified":"2026-02-23T11:18:43","modified_gmt":"2026-02-23T10:18:43","slug":"prodejni-deti-ttmc","status":"publish","type":"product","link":"https:\/\/dev.tutemetscombien.fr\/cs\/jeu-de-societe\/ttmc-sales-momes\/","title":{"rendered":"TTMC \u2013 Sales M\u00f4mes"},"content":{"rendered":"<p>Varianta <em>TTMC \u2013 Tu Te Mets Combien ?<\/em> Tato edice, ur\u010den\u00e1 pro d\u011bti, nab\u00edz\u00ed 162 karet pro zlobiv\u00e9 d\u011bti a 835 ot\u00e1zek na slu\u0161n\u00e9 chov\u00e1n\u00ed.<\/p>\n<p>Princip z\u016fst\u00e1v\u00e1 stejn\u00fd: sami si ohodnot\u00edte sv\u00e9 znalosti na stupnici od 1 (snadn\u00e9) do 5 (expertn\u00ed) k dan\u00e9mu t\u00e9matu. \u010c\u00edm vy\u0161\u0161\u00ed sk\u00f3re, t\u00edm obt\u00ed\u017en\u011bj\u0161\u00ed ot\u00e1zka. Spr\u00e1vn\u00e1 odpov\u011b\u010f? Posunete se o po\u010det pol\u00ed\u010dek odpov\u00eddaj\u00edc\u00ed va\u0161emu sk\u00f3re.<\/p>\n<p>Pro hran\u00ed s dosp\u011bl\u00fdmi na hern\u00edch desk\u00e1ch jsou k dispozici tak\u00e9 chytr\u00e9 samolepky. <em>TTMC<\/em> 1 a 2.<\/p>\n<p>Zlobiv\u00e9 d\u011bti se kone\u010dn\u011b mst\u00ed!<\/p>","protected":false},"excerpt":{"rendered":"<div id=\"product-description-short-4524\">\n<p>Jak byste se ohodnotil\/a z hlediska lidsk\u00e9ho t\u011bla? Ve videohr\u00e1ch? V Harrym Potterovi?<br \/>\nVerze <em>TTMC<\/em> pro d\u011bti, a\u0165 u\u017e jsou to samozvan\u00ed ne\u00fasp\u011b\u0161n\u00ed studenti nebo samozvan\u00ed intelektu\u00e1lov\u00e9!<\/p>\n<\/div>","protected":false},"featured_media":2616,"comment_status":"closed","ping_status":"closed","template":"","meta":{"_acf_changed":false},"product_brand":[],"product_cat":[37],"product_tag":[],"class_list":{"0":"post-2613","1":"product","2":"type-product","3":"status-publish","4":"has-post-thumbnail","6":"product_cat-ttmc-france","8":"first","9":"instock","10":"featured","11":"taxable","12":"shipping-taxable","13":"purchasable","14":"product-type-simple"},"acf":[],"_links":{"self":[{"href":"https:\/\/dev.tutemetscombien.fr\/cs\/wp-json\/wp\/v2\/product\/2613","targetHints":{"allow":["GET"]}}],"collection":[{"href":"https:\/\/dev.tutemetscombien.fr\/cs\/wp-json\/wp\/v2\/product"}],"about":[{"href":"https:\/\/dev.tutemetscombien.fr\/cs\/wp-json\/wp\/v2\/types\/product"}],"replies":[{"embeddable":true,"href":"https:\/\/dev.tutemetscombien.fr\/cs\/wp-json\/wp\/v2\/comments?post=2613"}],"wp:featuredmedia":[{"embeddable":true,"href":"https:\/\/dev.tutemetscombien.fr\/cs\/wp-json\/wp\/v2\/media\/2616"}],"wp:attachment":[{"href":"https:\/\/dev.tutemetscombien.fr\/cs\/wp-json\/wp\/v2\/media?parent=2613"}],"wp:term":[{"taxonomy":"product_brand","embeddable":true,"href":"https:\/\/dev.tutemetscombien.fr\/cs\/wp-json\/wp\/v2\/product_brand?post=2613"},{"taxonomy":"product_cat","embeddable":true,"href":"https:\/\/dev.tutemetscombien.fr\/cs\/wp-json\/wp\/v2\/product_cat?post=2613"},{"taxonomy":"product_tag","embeddable":true,"href":"https:\/\/dev.tutemetscombien.fr\/cs\/wp-json\/wp\/v2\/product_tag?post=2613"}],"curies":[{"name":"wp","href":"https:\/\/api.w.org\/{rel}","templated":true}]}}