{"id":3583,"date":"2026-02-25T12:00:33","date_gmt":"2026-02-25T11:00:33","guid":{"rendered":"https:\/\/dev.tutemetscombien.fr\/?post_type=product&#038;p=3583"},"modified":"2026-02-23T11:08:12","modified_gmt":"2026-02-23T10:08:12","slug":"veda-ttmc-prodchnuta-vedou","status":"publish","type":"product","link":"https:\/\/dev.tutemetscombien.fr\/cs\/jeu-de-societe\/ttmc-science-infuse-avec-science-vie\/","title":{"rendered":"TTMC \u2013 V\u011bda prodchnut\u00e1 v\u011bdou a \u017eivotem"},"content":{"rendered":"<p>\u017div\u00e1 varianta <em>TTMC \u2013 Tu Te Mets Combien ?<\/em>, Tato speci\u00e1ln\u00ed edice v\u00e1m nab\u00edz\u00ed 162 karet a v\u00edce ne\u017e 1200 ot\u00e1zek o v\u011bd\u011b.<\/p>\n<p>Vzorec z\u016fst\u00e1v\u00e1 stejn\u00fd: sami si ohodnot\u00edte sv\u00e9 znalosti v dan\u00e9m t\u00e9matu od 1 (snadn\u00e9) do 10 (expert). \u010c\u00edm vy\u0161\u0161\u00ed sk\u00f3re, t\u00edm obt\u00ed\u017en\u011bj\u0161\u00ed ot\u00e1zka. Spr\u00e1vn\u00e1 odpov\u011b\u010f? Posunete se o po\u010det pol\u00ed\u010dek odpov\u00eddaj\u00edc\u00ed va\u0161emu sk\u00f3re.<\/p>\n<p>P\u0159\u00edstupn\u00e9 jak pro v\u011bdeck\u00e9 g\u00e9niov\u00e9, tak pro ty, kte\u0159\u00ed vynechali hodiny biologie.<\/p>\n<p>Ve spolupr\u00e1ci se spole\u010dnost\u00ed Science &amp; Vie.<\/p>","protected":false},"excerpt":{"rendered":"<div id=\"product-description-short-2134\">\n<p>Jak byste se ohodnotil\/a jako mimozem\u0161\u0165an? Na cest\u011b? V Jursk\u00e9m parku?<br \/>\nLaborato\u0159 ot\u00e1zek se Science &amp; Vie!<\/p>\n<\/div>","protected":false},"featured_media":3585,"comment_status":"closed","ping_status":"closed","template":"","meta":{"_acf_changed":false},"product_brand":[],"product_cat":[37],"product_tag":[],"class_list":{"0":"post-3583","1":"product","2":"type-product","3":"status-publish","4":"has-post-thumbnail","6":"product_cat-ttmc-france","8":"first","9":"instock","10":"taxable","11":"shipping-taxable","12":"purchasable","13":"product-type-simple"},"acf":[],"_links":{"self":[{"href":"https:\/\/dev.tutemetscombien.fr\/cs\/wp-json\/wp\/v2\/product\/3583","targetHints":{"allow":["GET"]}}],"collection":[{"href":"https:\/\/dev.tutemetscombien.fr\/cs\/wp-json\/wp\/v2\/product"}],"about":[{"href":"https:\/\/dev.tutemetscombien.fr\/cs\/wp-json\/wp\/v2\/types\/product"}],"replies":[{"embeddable":true,"href":"https:\/\/dev.tutemetscombien.fr\/cs\/wp-json\/wp\/v2\/comments?post=3583"}],"wp:featuredmedia":[{"embeddable":true,"href":"https:\/\/dev.tutemetscombien.fr\/cs\/wp-json\/wp\/v2\/media\/3585"}],"wp:attachment":[{"href":"https:\/\/dev.tutemetscombien.fr\/cs\/wp-json\/wp\/v2\/media?parent=3583"}],"wp:term":[{"taxonomy":"product_brand","embeddable":true,"href":"https:\/\/dev.tutemetscombien.fr\/cs\/wp-json\/wp\/v2\/product_brand?post=3583"},{"taxonomy":"product_cat","embeddable":true,"href":"https:\/\/dev.tutemetscombien.fr\/cs\/wp-json\/wp\/v2\/product_cat?post=3583"},{"taxonomy":"product_tag","embeddable":true,"href":"https:\/\/dev.tutemetscombien.fr\/cs\/wp-json\/wp\/v2\/product_tag?post=3583"}],"curies":[{"name":"wp","href":"https:\/\/api.w.org\/{rel}","templated":true}]}}