{"id":958,"date":"2025-06-12T09:39:55","date_gmt":"2025-06-12T07:39:55","guid":{"rendered":"https:\/\/dev.tutemetscombien.fr\/?page_id=958"},"modified":"2025-07-03T13:54:50","modified_gmt":"2025-07-03T11:54:50","slug":"rechtliche-hinweise","status":"publish","type":"page","link":"https:\/\/dev.tutemetscombien.fr\/de\/mentions-legales\/","title":{"rendered":"Rechtliche Hinweise"},"content":{"rendered":"<div data-elementor-type=\"wp-page\" data-elementor-id=\"958\" class=\"elementor elementor-958\" data-elementor-post-type=\"page\">\n\t\t\t\t<div class=\"elementor-element elementor-element-4eefeba e-con-full e-flex e-con e-parent\" data-id=\"4eefeba\" data-element_type=\"container\" data-e-type=\"container\" data-settings=\"{&quot;background_background&quot;:&quot;classic&quot;}\">\n\t\t<div class=\"elementor-element elementor-element-6328355 e-flex e-con-boxed e-con e-child\" data-id=\"6328355\" data-element_type=\"container\" data-e-type=\"container\" data-settings=\"{&quot;background_background&quot;:&quot;classic&quot;}\">\n\t\t\t\t\t<div class=\"e-con-inner\">\n\t\t\t\t<div class=\"elementor-element elementor-element-974f98e elementor-widget elementor-widget-theme-post-title elementor-page-title elementor-widget-heading\" data-id=\"974f98e\" data-element_type=\"widget\" data-e-type=\"widget\" data-widget_type=\"theme-post-title.default\">\n\t\t\t\t<div class=\"elementor-widget-container\">\n\t\t\t\t\t<h1 class=\"elementor-heading-title elementor-size-default\">Rechtliche Hinweise<\/h1>\t\t\t\t<\/div>\n\t\t\t\t<\/div>\n\t\t\t\t\t<\/div>\n\t\t\t\t<\/div>\n\t\t\t\t<\/div>\n\t\t<div class=\"elementor-element elementor-element-79a1933 e-flex e-con-boxed e-con e-parent\" data-id=\"79a1933\" data-element_type=\"container\" data-e-type=\"container\">\n\t\t\t\t\t<div class=\"e-con-inner\">\n\t\t\t\t<div class=\"elementor-element elementor-element-3c6db99 elementor-widget elementor-widget-text-editor\" data-id=\"3c6db99\" data-element_type=\"widget\" data-e-type=\"widget\" data-widget_type=\"text-editor.default\">\n\t\t\t\t<div class=\"elementor-widget-container\">\n\t\t\t\t\t\t\t\t\t<p>Gem\u00e4\u00df Artikel 6 des Gesetzes Nr. 2004-575 vom 21. Juni 2004 \u00fcber das Vertrauen in die digitale Wirtschaft werden die Benutzer der Website http:\/\/dev.tutemetscombien.fr \u00fcber die verschiedenen Parteien informiert, die an ihrer Erstellung und \u00dcberwachung beteiligt sind:<\/p>\n<p>\u200d<br>Eigent\u00fcmer: LES EDITIONS DE BASE, SAS mit einem Aktienkapital von 4.000 \u20ac<br>SIRET = 82190894400035<\/p>\n<p>INTRA-USt-IdNr. = FR36821908944<\/p>\n<p>Adresse des Hauptsitzes: 13, rue Diderot 94300 Vincennes<\/p>\n<p>E-Mail: contact@tutemetscombien.fr<\/p>\n<p>Website: http:\/\/dev.tutemetscombien.fr<\/p>\n<p>\u200d<\/p>\n<p><strong>Gastgeber<\/strong>&nbsp;: OVH, 2 rue Kellermann BP 80157 59053 ROUBAIX CEDEX 1 \u2013 Frankreich, SAS mit einem Kapital von 10.059.500 \u20ac \u2013 RCS LILLE METROPOLE 424 761 419 00045 \u2013 APE-Code 2620Z \u2013 USt-IdNr. FR FR22424761419<br>Website: https:\/\/www.ovh.com\/fr<br>Website: http:\/\/www.cam-and-com.fr\/<\/p>\n<p>\u200d<\/p>\n<p>Diese Website (dev.tutemetscombien.fr) ist in verschiedenen Websprachen verf\u00fcgbar (HTML, HTML5, Javascript, CSS usw.). F\u00fcr ein optimales Surferlebnis empfehlen wir die Verwendung von Browsern wie Internet Explorer, Google Chrome, Safari und Firefox.<br>LES EDITIONS DE BASE bem\u00fcht sich, die Richtigkeit und Aktualit\u00e4t seiner Website zu gew\u00e4hrleisten. Dennoch k\u00f6nnen Fehler oder Ungenauigkeiten auftreten. Der Nutzer ist daher verpflichtet, die Richtigkeit der Informationen gegen\u00fcber LES EDITIONS DE BASE zu \u00fcberpr\u00fcfen und notwendige \u00c4nderungen per E-Mail an contact@tutemetscombien.fr mitzuteilen. LES EDITIONS DE BASE haftet in keiner Weise f\u00fcr die Nutzung dieser Informationen oder f\u00fcr daraus resultierende direkte oder indirekte Sch\u00e4den.<\/p>\n<p>\u200d<\/p>\n<p>Die Website dev.tutemetscombien.fr kann Besucher bitten, Cookies f\u00fcr statistische und Anzeigezwecke zu akzeptieren. Ein Cookie ist eine Information, die vom Server der besuchten Website auf Ihrer Festplatte abgelegt wird. Es enth\u00e4lt verschiedene Daten, die in einer einfachen Textdatei auf Ihrem Computer gespeichert werden, auf die ein Server zugreift, um Informationen zu lesen und zu speichern. Einige Teile dieser Website sind ohne die Annahme von Cookies m\u00f6glicherweise nicht funktionsf\u00e4hig.<br>Diese Website kann Links zu Websites von Drittanbietern enthalten, unabh\u00e4ngig davon, ob es sich um Partner handelt oder nicht. LES EDITIONS DE BASE hat keine M\u00f6glichkeit, die mit seinen Websites verkn\u00fcpften Websites zu kontrollieren und ist nicht f\u00fcr die Verf\u00fcgbarkeit dieser Websites und externen Quellen verantwortlich und kann nicht f\u00fcr daraus resultierende Sch\u00e4den haftbar gemacht werden. Die mit dieser Nutzung verbundenen Risiken liegen ausschlie\u00dflich in der Verantwortung des Internetnutzers, der die Nutzungsbedingungen einhalten muss.<\/p>\n<p>\u200d<br>Nat\u00fcrliche und juristische Personen d\u00fcrfen ohne die ausdr\u00fcckliche vorherige Genehmigung von LES EDITIONS DE BASE keinen Hyperlink zu dieser Website einrichten. M\u00f6chte ein Benutzer oder Besucher einen Hyperlink zu einer der Websites von LES EDITIONS DE BASE einrichten, kann er dies bitte per E-Mail beantragen. LES EDITIONS DE BASE beh\u00e4lt sich das Recht vor, diesen Link ohne Angabe von Gr\u00fcnden anzunehmen oder abzulehnen.<br>Das Herunterladen von Inhalten erfolgt auf eigenes Risiko und unter alleiniger Verantwortung des Website-Besuchers. Daher kann LES EDITIONS DE BASE nicht f\u00fcr Sch\u00e4den am Computer des Website-Besuchers oder Datenverluste infolge des Downloads haftbar gemacht werden. Alle Inhalte der Website dev.tutemetscombien.fr, einschlie\u00dflich, aber nicht beschr\u00e4nkt auf Grafiken, Bilder, Texte, Videos, Animationen, Sounds, Logos, GIFs und Icons sowie deren Formatierung, sind ausschlie\u00dfliches Eigentum des Unternehmens, mit Ausnahme von Marken, Logos oder Inhalten anderer Partnerunternehmen oder Autoren. Jede Vervielf\u00e4ltigung, Verbreitung, \u00c4nderung, Anpassung, Weiter\u00fcbertragung oder Ver\u00f6ffentlichung, auch teilweise, dieser verschiedenen Elemente ist ohne die Zustimmung von LES EDITIONS DE BASE strengstens untersagt. Diese Darstellung oder Vervielf\u00e4ltigung, mit welchem Mittel auch immer, stellt eine F\u00e4lschung dar, die gem\u00e4\u00df Artikel L.335-2 ff. des franz\u00f6sischen Gesetzes \u00fcber geistiges Eigentum strafbar ist. Die Nichteinhaltung dieses Verbots stellt eine F\u00e4lschung dar, die zivil- und strafrechtlich verfolgt werden kann. Dar\u00fcber hinaus k\u00f6nnen die Eigent\u00fcmer der kopierten Inhalte rechtliche Schritte gegen Sie einleiten.<\/p>\n<p>\u200d<\/p>\n<p>Die auf dieser Site gesammelten Informationen werden computergest\u00fctzt verarbeitet, um<strong>&nbsp;SAS BASIC EDITIONS<\/strong><br>\u200d<\/p>\n<p>Zu folgendem Zweck:&nbsp;<strong>LIEFERUNG VON SPIELBOXEN ERLAUBEN<\/strong><br>Empf\u00e4nger der Daten sind:<strong>&nbsp;DIE VERKAUFSABTEILUNG<\/strong><\/p>\n<p>\u200d<\/p>\n<p>Gem\u00e4\u00df dem Gesetz 78-17 vom 6. Januar 1978 (ge\u00e4ndert durch das Gesetz 2004-801 vom 6. August 2004 zum Schutz nat\u00fcrlicher Personen bei der Verarbeitung personenbezogener Daten) in Bezug auf Informationstechnologie, Dateien und Freiheiten hat der Besucher der Site ein Recht auf Zugriff, \u00c4nderung, Berichtigung und L\u00f6schung der ihn betreffenden Daten.<\/p>\n<p>Sie k\u00f6nnen auf Ihre Daten zugreifen, indem Sie Kontakt aufnehmen mit:&nbsp;<strong>SAS LES EDITIONS DE BASE, contact@tutemetscombien.fr<\/strong><br>Sie k\u00f6nnen der Verarbeitung Ihrer Daten aus berechtigten Gr\u00fcnden auch widersprechen. Weitere Informationen finden Sie unter&nbsp;<a href=\"https:\/\/www.cnil.fr\/fr\/comprendre-vos-droits\">Informieren Sie sich auf der Website der CNIL \u00fcber Ihre Rechte.<\/a><br>Diese Site wurde der Nationalen Kommission f\u00fcr Informationstechnologie und b\u00fcrgerliche Freiheiten (www.cnil.fr) gemeldet.<\/p>\n<p>\u200d<br>Diese Bedingungen der Website dev.tutemetscombien.fr unterliegen franz\u00f6sischem Recht, und alle Streitigkeiten oder Rechtsstreitigkeiten, die sich aus der Auslegung oder Durchf\u00fchrung dieser Bedingungen ergeben, unterliegen der ausschlie\u00dflichen Zust\u00e4ndigkeit der Gerichte am Sitz des Unternehmens. Die Referenzsprache f\u00fcr die Beilegung etwaiger Streitigkeiten ist Franz\u00f6sisch. Sie sind nicht verpflichtet, uns Ihre personenbezogenen Daten mitzuteilen, wenn Sie unsere Website dev.tutemetscombien.fr besuchen. Von diesem Grundsatz gibt es jedoch bestimmte Ausnahmen. F\u00fcr bestimmte Dienste unserer Website kann es n\u00e4mlich erforderlich sein, dass Sie uns bestimmte Daten mitteilen (Nachname, Vorname, Adresse, E-Mail-Adresse, Telefonnummer). Dies ist der Fall, wenn Sie das Ihnen online im Abschnitt \u201eKontakt\u201c angebotene Formular ausf\u00fcllen. In jedem Fall k\u00f6nnen Sie die Angabe Ihrer personenbezogenen Daten verweigern. In diesem Fall k\u00f6nnen Sie die Dienste der Website nicht nutzen, insbesondere keine Informationen \u00fcber unser Unternehmen anfordern oder Newsletter erhalten. Schlie\u00dflich k\u00f6nnen wir automatisch bestimmte Informationen \u00fcber Sie sammeln, wenn Sie einfach auf unserer Website surfen, einschlie\u00dflich: Informationen \u00fcber die Nutzung unserer Website, wie z. B. die von Ihnen besuchten Bereiche und die von Ihnen genutzten Dienste, Ihre IP-Adresse, Ihren Browsertyp und Ihre Zugriffszeiten. Diese Informationen werden ausschlie\u00dflich f\u00fcr interne statistische Zwecke verwendet, um die Qualit\u00e4t der Ihnen angebotenen Dienste zu verbessern. Die Datenbanken sind durch die Bestimmungen des Gesetzes vom 1. Juli 1998 zur Umsetzung der Richtlinie 96\/9 vom 11. M\u00e4rz 1996 \u00fcber den rechtlichen Schutz von Datenbanken gesch\u00fctzt.<\/p>\n<p>Im Rahmen der Erstellung einer digitalen Anwendung rund um das Spiel \u201eTTMC \u2013 Wie viel setzt du ein?\u201c erhebt das Unternehmen LES EDITIONS DE BASE folgende personenbezogene Daten \u00fcber Sie: Benutzername, E-Mail-Adresse, Alter, Geschlecht, Stadt und Telefonnummer.<br>Einige andere Daten werden anonymisiert und f\u00fcr statistische Zwecke (Bewertung, Statistiken zur Nutzung der Anwendung) verwendet.<\/p>\n<p>Diese Sie betreffenden personenbezogenen Daten werden von der Firma LES EDITIONS DE BASE verarbeitet, damit Sie E-Mails und Benachrichtigungen von der Firma LES EDITIONS DE BASE erhalten k\u00f6nnen. Diese Daten werden auch im Rahmen Ihrer Registrierung f\u00fcr die nationale Rangliste verwendet, sodass Sie gem\u00e4\u00df den allgemeinen Nutzungsbedingungen der Anwendung alle zwei Wochen an einer Verlosung teilnehmen k\u00f6nnen.<\/p>\n<p>Wenn Sie w\u00e4hrend der Nutzung der Anwendung keine kommerziellen Mitteilungen von LES EDITIONS DE BASE mehr erhalten m\u00f6chten, k\u00f6nnen Sie Ihre Einwilligung jederzeit widerrufen, indem Sie sich abmelden. In diesem Fall stellt LES EDITIONS DE BASE die Verarbeitung Ihrer personenbezogenen Daten ein, sobald Sie sich abmelden. In jedem Fall werden diese personenbezogenen Daten f\u00fcr die Dauer Ihrer Nutzung der Anwendung sowie f\u00fcr einen weiteren Zeitraum von 13 Monaten ab dem Zeitpunkt gespeichert, an dem Sie eine Benachrichtigung erhalten, die Sie \u00fcber die Inaktivit\u00e4t Ihres Kontos informiert und Sie auffordert, zur Anwendung zur\u00fcckzukehren.<\/p>\n<p>Sie k\u00f6nnen an Drittanbieter weitergegeben werden, um Hosting-, Speicher-, Kommunikations-, Datenbankverwaltungs- oder IT-Wartungsdienste durchzuf\u00fchren. Wenn diese Anbieter au\u00dferhalb der Europ\u00e4ischen Union ans\u00e4ssig sind, verpflichtet sich der f\u00fcr die Verarbeitung Verantwortliche, alle nach geltendem Recht erforderlichen Ma\u00dfnahmen zu ergreifen, um den Schutz Ihrer personenbezogenen Daten zu gew\u00e4hrleisten.<\/p>\n<p>Sie haben im Rahmen der geltenden Datenschutzgesetze ein Recht auf Auskunft, Berichtigung, \u00dcbertragbarkeit und L\u00f6schung Ihrer personenbezogenen Daten sowie ein Recht auf Einschr\u00e4nkung der Verarbeitung. Sie haben au\u00dferdem das Recht, besondere Anweisungen zum Schicksal Ihrer Daten nach Ihrem Tod zu erteilen.<\/p>\n<p>Um diese Rechte auszu\u00fcben, k\u00f6nnen Sie eine Anfrage an contact@tutemetscombien.fr senden.<\/p>\n<p>Wenn Sie nach dieser Kontaktaufnahme der Meinung sind, dass Ihre Rechte bez\u00fcglich dieser Daten nicht gewahrt wurden, k\u00f6nnen Sie bei der \u00f6rtlichen Aufsichtsbeh\u00f6rde Beschwerde einreichen.<\/p>\n<p>Diese rechtlichen Hinweise wurden durch das Modell inspiriert, das von der Site http:\/\/www.generateur-de-mentions-legales.com generiert wurde, die von http:\/\/welye.com angeboten wird.<\/p>\n<p>Letzte Aktualisierung: 08.11.2023<\/p>\t\t\t\t\t\t\t\t<\/div>\n\t\t\t\t<\/div>\n\t\t\t\t\t<\/div>\n\t\t\t\t<\/div>\n\t\t<div class=\"elementor-element elementor-element-f3d620b e-flex e-con-boxed e-con e-child\" data-id=\"f3d620b\" data-element_type=\"container\" data-e-type=\"container\">\n\t\t\t\t\t<div class=\"e-con-inner\">\n\t\t<div class=\"elementor-element elementor-element-53cfc12 e-con-full e-flex e-con e-child\" data-id=\"53cfc12\" data-element_type=\"container\" data-e-type=\"container\">\n\t\t\t\t<div class=\"elementor-element elementor-element-a06ffe0 elementor-widget__width-initial elementor-widget-mobile__width-initial elementor-widget elementor-widget-text-editor\" data-id=\"a06ffe0\" data-element_type=\"widget\" data-e-type=\"widget\" data-widget_type=\"text-editor.default\">\n\t\t\t\t<div class=\"elementor-widget-container\">\n\t\t\t\t\t\t\t\t\t<p>\u00a9 2025<\/p>\t\t\t\t\t\t\t\t<\/div>\n\t\t\t\t<\/div>\n\t\t\t\t<div class=\"elementor-element elementor-element-f569820 elementor-widget__width-initial elementor-widget-mobile__width-initial elementor-widget elementor-widget-button\" data-id=\"f569820\" data-element_type=\"widget\" data-e-type=\"widget\" data-widget_type=\"button.default\">\n\t\t\t\t<div class=\"elementor-widget-container\">\n\t\t\t\t\t\t\t\t\t<div class=\"elementor-button-wrapper\">\n\t\t\t\t\t<a class=\"elementor-button elementor-button-link elementor-size-sm\" href=\"\/de\/rechtliche-hinweise\/\">\n\t\t\t\t\t\t<span class=\"elementor-button-content-wrapper\">\n\t\t\t\t\t\t\t\t\t<span class=\"elementor-button-text\">Rechtliche Hinweise<\/span>\n\t\t\t\t\t<\/span>\n\t\t\t\t\t<\/a>\n\t\t\t\t<\/div>\n\t\t\t\t\t\t\t\t<\/div>\n\t\t\t\t<\/div>\n\t\t\t\t<div class=\"elementor-element elementor-element-e26c016 elementor-widget__width-initial elementor-widget-mobile__width-initial elementor-widget elementor-widget-button\" data-id=\"e26c016\" data-element_type=\"widget\" data-e-type=\"widget\" data-widget_type=\"button.default\">\n\t\t\t\t<div class=\"elementor-widget-container\">\n\t\t\t\t\t\t\t\t\t<div class=\"elementor-button-wrapper\">\n\t\t\t\t\t<a class=\"elementor-button elementor-button-link elementor-size-sm\" href=\"\/de\/datenschutzrichtlinie\/\">\n\t\t\t\t\t\t<span class=\"elementor-button-content-wrapper\">\n\t\t\t\t\t\t\t\t\t<span class=\"elementor-button-text\">Datenschutzrichtlinie<\/span>\n\t\t\t\t\t<\/span>\n\t\t\t\t\t<\/a>\n\t\t\t\t<\/div>\n\t\t\t\t\t\t\t\t<\/div>\n\t\t\t\t<\/div>\n\t\t\t\t<div class=\"elementor-element elementor-element-cc8f2db elementor-widget__width-initial elementor-widget-mobile__width-initial elementor-widget elementor-widget-button\" data-id=\"cc8f2db\" data-element_type=\"widget\" data-e-type=\"widget\" data-widget_type=\"button.default\">\n\t\t\t\t<div class=\"elementor-widget-container\">\n\t\t\t\t\t\t\t\t\t<div class=\"elementor-button-wrapper\">\n\t\t\t\t\t<a class=\"elementor-button elementor-button-link elementor-size-sm\" href=\"\/de\/allgemeine-geschaftsbedingungen\/\">\n\t\t\t\t\t\t<span class=\"elementor-button-content-wrapper\">\n\t\t\t\t\t\t\t\t\t<span class=\"elementor-button-text\">Allgemeine Gesch\u00e4ftsbedingungen<\/span>\n\t\t\t\t\t<\/span>\n\t\t\t\t\t<\/a>\n\t\t\t\t<\/div>\n\t\t\t\t\t\t\t\t<\/div>\n\t\t\t\t<\/div>\n\t\t\t\t<\/div>\n\t\t\t\t\t<\/div>\n\t\t\t\t<\/div>\n\t\t\t\t<\/div>","protected":false},"excerpt":{"rendered":"<p>Conform\u00e9ment \u00e0 l\u2019article 6 de la loi n\u00b0 2004-575 du 21 juin 2004 pour la confiance dans &nbsp;l\u2019\u00e9conomie num\u00e9rique, il est pr\u00e9cis\u00e9 aux utilisateurs du site http:\/\/dev.tutemetscombien.fr les diff\u00e9rents intervenants dans le cadre de sa r\u00e9alisation et de son suivi : \u200dPropri\u00e9taire : LES EDITIONS DE BASE, SAS au capital social de 4.000 \u20acSIRET = [&hellip;]<\/p>\n","protected":false},"author":1,"featured_media":0,"parent":0,"menu_order":0,"comment_status":"closed","ping_status":"closed","template":"","meta":{"_acf_changed":false,"footnotes":""},"class_list":["post-958","page","type-page","status-publish","hentry"],"acf":[],"_links":{"self":[{"href":"https:\/\/dev.tutemetscombien.fr\/de\/wp-json\/wp\/v2\/pages\/958","targetHints":{"allow":["GET"]}}],"collection":[{"href":"https:\/\/dev.tutemetscombien.fr\/de\/wp-json\/wp\/v2\/pages"}],"about":[{"href":"https:\/\/dev.tutemetscombien.fr\/de\/wp-json\/wp\/v2\/types\/page"}],"author":[{"embeddable":true,"href":"https:\/\/dev.tutemetscombien.fr\/de\/wp-json\/wp\/v2\/users\/1"}],"replies":[{"embeddable":true,"href":"https:\/\/dev.tutemetscombien.fr\/de\/wp-json\/wp\/v2\/comments?post=958"}],"version-history":[{"count":25,"href":"https:\/\/dev.tutemetscombien.fr\/de\/wp-json\/wp\/v2\/pages\/958\/revisions"}],"predecessor-version":[{"id":1444,"href":"https:\/\/dev.tutemetscombien.fr\/de\/wp-json\/wp\/v2\/pages\/958\/revisions\/1444"}],"wp:attachment":[{"href":"https:\/\/dev.tutemetscombien.fr\/de\/wp-json\/wp\/v2\/media?parent=958"}],"curies":[{"name":"wp","href":"https:\/\/api.w.org\/{rel}","templated":true}]}}