{"id":981,"date":"2025-06-12T10:12:15","date_gmt":"2025-06-12T08:12:15","guid":{"rendered":"https:\/\/dev.tutemetscombien.fr\/?page_id=981"},"modified":"2025-07-04T09:09:46","modified_gmt":"2025-07-04T07:09:46","slug":"allgemeine-geschaftsbedingungen","status":"publish","type":"page","link":"https:\/\/dev.tutemetscombien.fr\/de\/cgv\/","title":{"rendered":"Allgemeine Gesch\u00e4ftsbedingungen"},"content":{"rendered":"<div data-elementor-type=\"wp-page\" data-elementor-id=\"981\" class=\"elementor elementor-981\" data-elementor-post-type=\"page\">\n\t\t\t\t<div class=\"elementor-element elementor-element-4eefeba e-con-full e-flex e-con e-parent\" data-id=\"4eefeba\" data-element_type=\"container\" data-e-type=\"container\" data-settings=\"{&quot;background_background&quot;:&quot;classic&quot;}\">\n\t\t<div class=\"elementor-element elementor-element-6328355 e-flex e-con-boxed e-con e-child\" data-id=\"6328355\" data-element_type=\"container\" data-e-type=\"container\" data-settings=\"{&quot;background_background&quot;:&quot;classic&quot;}\">\n\t\t\t\t\t<div class=\"e-con-inner\">\n\t\t\t\t<div class=\"elementor-element elementor-element-974f98e elementor-widget elementor-widget-theme-post-title elementor-page-title elementor-widget-heading\" data-id=\"974f98e\" data-element_type=\"widget\" data-e-type=\"widget\" data-widget_type=\"theme-post-title.default\">\n\t\t\t\t<div class=\"elementor-widget-container\">\n\t\t\t\t\t<h1 class=\"elementor-heading-title elementor-size-default\">Allgemeine Gesch\u00e4ftsbedingungen<\/h1>\t\t\t\t<\/div>\n\t\t\t\t<\/div>\n\t\t\t\t\t<\/div>\n\t\t\t\t<\/div>\n\t\t\t\t<\/div>\n\t\t<div class=\"elementor-element elementor-element-79a1933 e-flex e-con-boxed e-con e-parent\" data-id=\"79a1933\" data-element_type=\"container\" data-e-type=\"container\">\n\t\t\t\t\t<div class=\"e-con-inner\">\n\t\t\t\t<div class=\"elementor-element elementor-element-3c6db99 elementor-widget elementor-widget-text-editor\" data-id=\"3c6db99\" data-element_type=\"widget\" data-e-type=\"widget\" data-widget_type=\"text-editor.default\">\n\t\t\t\t<div class=\"elementor-widget-container\">\n\t\t\t\t\t\t\t\t\t<p>Allgemeine Verkaufsbedingungen<\/p>\n<p>1\/10. Pr\u00e4ambel<br>Diese Allgemeinen Verkaufsbedingungen werden abgeschlossen zwischen:<br>Das Unternehmen LES EDITIONS DE BASE, SAS mit einem Kapital von 4.000 Euro<br>13 rue Diderot, 94300 Vincennes<br><span style=\"font-size: 1.2rem;\">Eingetragen im RCS LYON 821 908 944<br>N- Innergemeinschaftliche Mehrwertsteuer <\/span>FR36821908944<br><span style=\"font-size: 1.2rem;\">Im Folgenden als \u201eDIE BASISEDITIONEN\u201c bezeichnet<br><\/span><span style=\"font-size: 1.2rem;\">Und<br><\/span><span style=\"font-size: 1.2rem;\">Jede nat\u00fcrliche oder juristische Person, die einen Kauf \u00fcber die Website dev.tutemetscombien.fr \u00fcber das E-Transaktionsmodul Paybox von Cr\u00e9dit Agricole t\u00e4tigen m\u00f6chte<br><\/span><span style=\"font-size: 1.2rem;\">Im Folgenden \u201eder Kunde\u201c genannt<\/span><\/p>\n<p>2\/10. Postulat<br>Diese Allgemeinen Gesch\u00e4ftsbedingungen (AGB) regeln die Rechte und Pflichten der Parteien im Rahmen von Fernverk\u00e4ufen \u00fcber die Website dev.tutemetscombien.fr (\u00fcber das E-Transaktionsmodul Paybox von Cr\u00e9dit Agricole). Die Bestellung setzt die unwiderrufliche Annahme dieser Allgemeinen Gesch\u00e4ftsbedingungen von LES EDITIONS DE BASE und PAYBOX voraus. \u00c4nderungen dieser Allgemeinen Gesch\u00e4ftsbedingungen bleiben vorbehalten. Diese Allgemeinen Gesch\u00e4ftsbedingungen gelten ausschlie\u00dflich f\u00fcr Privatpersonen. Diese Allgemeinen Gesch\u00e4ftsbedingungen gelten unter Ausschluss aller anderen Bedingungen, insbesondere derjenigen, die f\u00fcr den Kauf im Gesch\u00e4ft gelten.<\/p>\n<p>Der Kunde erkl\u00e4rt:<br>\u2013 die F\u00e4higkeit besitzen, diesen Vertrag abzuschlie\u00dfen<br>\u2013 kein H\u00e4ndler sein<br>\u2013 keine Produkte zum Zwecke des Weiterverkaufs zu erwerben<\/p>\n<p>3\/10. Preise<br>Die Preise verstehen sich in Euro inklusive aller Steuern, zuz\u00fcglich der am Tag der Bestellung geltenden Mehrwertsteuer. Der Preis der Produkte ist der am Tag der Bestellung g\u00fcltige Preis. Nach der Bestellung k\u00f6nnen die Preise nicht mehr ge\u00e4ndert werden.<\/p>\n<p>Die auf der Website angegebenen Preise gelten f\u00fcr die Dauer der Online-Ver\u00f6ffentlichung und solange der Vorrat reicht. Der in der Best\u00e4tigung \u00fcber das E-Transaktionsmodul von Cr\u00e9dit Agricole Paybox angegebene Gesamtbetrag ist der zu zahlende Endpreis inklusive aller Steuern. Dieser Preis beinhaltet den Preis der Produkte, Bearbeitungs-, Verpackungs- und Lagerkosten sowie eventuelle Lieferkosten.<br>BASIC EDITIONS beh\u00e4lt sich das Recht vor, seine Preise jederzeit zu \u00e4ndern.<\/p>\n<p>4\/10. Bestellung<br>Die Bestellung kann nur registriert werden, wenn sich der Kunde auf der Website dev.tutemetscombien.fr und \u00fcber das E-Transaktionsmodul von Cr\u00e9dit Agricole Paybox durch Eingabe seiner pers\u00f6nlichen Daten eindeutig identifiziert hat.<br>Jede Bestellung stellt die Annahme der zum Verkauf stehenden Preise und Produkte dar. Jeglicher Streitfall zu diesem Punkt entsteht im Rahmen eines m\u00f6glichen Austauschs zwischen LES EDITIONS DE BASE und dem Kunden.<br>LES EDITIONS DE BASE verpflichtet sich, \u00fcber die Website eingegangene Bestellungen nur im Rahmen der verf\u00fcgbaren Produktbest\u00e4nde zu erf\u00fcllen. Im Falle der Nichtverf\u00fcgbarkeit verpflichtet sich LES EDITIONS DE BASE, den Kunden zu informieren. Der Kunde hat dann die M\u00f6glichkeit, seine Bestellung zu stornieren.<br>Sollte der Kunde sein Paket innerhalb von zwei Monaten nach der Lieferung nicht erhalten haben, wird es an EDITIONS DE BASE zur\u00fcckgeschickt, ohne dass der Kunde Anspr\u00fcche geltend machen kann. In diesem Fall wird der Kunde gebeten, sich an LES EDITIONS DE BASE zu wenden.<\/p>\n<p>5\/10. Lieferung<br>Gekaufte Produkte bleiben bis zur vollst\u00e4ndigen Bezahlung der Rechnungen Eigentum von LES EDITIONS DE BASE gem\u00e4\u00df den Bestimmungen des Gesetzes Nr. 80 336 vom 1. Mai 1980 \u00fcber den Eigentumsvorbehalt. Der K\u00e4ufer geht jedoch mit der Lieferung f\u00fcr die Artikel auf, wobei der Besitz\u00fcbergang einen Gefahren\u00fcbergang darstellt. Alle unsere Angebote erfolgen vorbehaltlich Verf\u00fcgbarkeit und unverbindlicher Vereinbarungen. Zwischenverkauf vorbehalten.<br>Die Lieferung von Produkten, die \u00fcber die Website dev.tutemetscombien.fr (\u00fcber das E-Transaktionsmodul Paybox von Cr\u00e9dit Agricole) erworben wurden, erfolgt ausschlie\u00dflich auf dem franz\u00f6sischen Festland und in Belgien. Alle anderen Anfragen m\u00fcssen mit LES EDITIONS DE BASE bez\u00fcglich der anfallenden Lieferkosten besprochen werden.<\/p>\n<p>Im Falle einer Lieferung werden die Produkte an die zwischen dem Kunden und LES EDITIONS DE BASE vereinbarte Adresse geliefert. Im Falle eines Fehlers in den Kontaktdaten des Empf\u00e4ngers kann der Verk\u00e4ufer nicht f\u00fcr die Unm\u00f6glichkeit der Zustellung der Ware verantwortlich gemacht werden.<br>Die Lieferfrist f\u00fcr jede aufgegebene Bestellung betr\u00e4gt maximal 2 Monate nach der Bestellung. LES EDITIONS DE BASE beh\u00e4lt sich das Recht vor, die bestellten Produkte mit dem Spediteur seiner Wahl an den Kunden zu liefern.<br>Im Falle einer Lieferverz\u00f6gerung wird der Kunde per E-Mail \u00fcber die m\u00f6glichen Auswirkungen auf den angegebenen Liefertermin informiert. Dem Kunden wird per E-Mail ein neuer Liefertermin vorgeschlagen. In jedem Fall kann der Kunde gem\u00e4\u00df den gesetzlichen Bestimmungen im Falle der Nichterf\u00fcllung der Lieferverpflichtung durch LES EDITIONS DE BASE zum angegebenen Datum oder Ablauf der angegebenen Frist oder, falls dies nicht gelingt, sp\u00e4testens 90 Tage nach Vertragsabschluss vom Vertrag per Einschreiben mit R\u00fcckschein oder schriftlich auf einem anderen dauerhaften Datentr\u00e4ger zur\u00fccktreten, wenn LES EDITIONS DE BASE, nachdem er sie auf die gleiche Weise beauftragt hat, die Lieferung oder Dienstleistung innerhalb einer angemessenen Nachfrist zu erbringen, diese nicht innerhalb dieser Frist erf\u00fcllt hat.<\/p>\n<p>BASIC EDITIONS bietet internationalen Versand an. Die Versandkosten werden dem Kunden zus\u00e4tzlich als tats\u00e4chliche Kosten in Rechnung gestellt.<\/p>\n<p>6\/10. Zahlung<br>Die Zahlung erfolgt:<br>\u2022 Entweder per Bankkarte (Visa, MasterCard, Maestro, Carte Bleue, American Express usw.) \u00fcber die Website dev.tutemetscombien.fr und \u00fcber das Paybox-E-Transaktionsmodul von Cr\u00e9dit Agricole<br>\u2022 durch \u00dcberweisung auf das Bankkonto von EDITIONS DE BASE oder einem seiner Vertreter<br>\u2022 per Scheck oder Bargeld von EDITIONS DE BASE bei Treffen mit einem seiner Vertreter<\/p>\n<p>7\/10. Widerrufsrecht<br>Gem\u00e4\u00df den geltenden gesetzlichen Bestimmungen verf\u00fcgt der Kunde \u00fcber eine Frist von 14 Tagen ab Erhalt der Ware, um sein Widerrufsrecht bei EDITIONS DE BASE ohne Angabe von Gr\u00fcnden und ohne Zahlung von Vertragsstrafen auszu\u00fcben. Bei fristgerechter Aus\u00fcbung des Widerrufsrechts wird der Kaufpreis des\/der gekauften Produkts\/Produkte erstattet. Das Produkt muss unbesch\u00e4digt, vollst\u00e4ndig und unge\u00f6ffnet sein.<br>Nach Ablauf dieser Frist werden von LES EDITIONS DE BASE keine Warenr\u00fccksendungen zur Erstattung mehr akzeptiert.<\/p>\n<p>8\/10. Gesetzliche Garantien<br>Gem\u00e4\u00df den Artikeln L.211-4 bis L.211-12 des franz\u00f6sischen Verbraucherschutzgesetzes hat der Kunde Anspruch auf eine Garantie gegen Konformit\u00e4tsm\u00e4ngel der \u00fcber unsere Website erworbenen Produkte. In diesem Fall m\u00fcssen Sie uns die festgestellten M\u00e4ngel schriftlich mitteilen und das\/die Produkt(e) an uns zur\u00fccksenden. Wird die Vertragswidrigkeit durch Tests unseres Kundendienstes best\u00e4tigt, tauschen wir das Produkt je nach den damit verbundenen Kosten gem\u00e4\u00df Artikel L.211-9 des franz\u00f6sischen Verbraucherschutzgesetzes um oder reparieren es. Gem\u00e4\u00df Artikel L.211-11 des franz\u00f6sischen Verbraucherschutzgesetzes werden die R\u00fccksendekosten nach Vorlage der entsprechenden Belege nach R\u00fccksendung des Produkts erstattet, wenn die Vertragswidrigkeit best\u00e4tigt wird. Der Kunde wird daher gebeten, die Belege f\u00fcr seine R\u00fccksendung aufzubewahren. Andernfalls, wenn er sie seiner R\u00fccksendung nicht beilegt, wird ihm der normale Posttarif f\u00fcr die Zustellung eines Pakets erstattet.<\/p>\n<p>9\/10. Zust\u00e4ndige Gerichtsbarkeit<br>Dieser Vertrag unterliegt franz\u00f6sischem Recht. Die Vertragssprache ist Franz\u00f6sisch. Im Streitfall sind ausschlie\u00dflich die Gerichte zust\u00e4ndig. Im Streitfall kontaktiert der Kunde zun\u00e4chst das Unternehmen, um eine g\u00fctliche L\u00f6sung zu finden.<\/p>\n<p>10\/10. Das letzte Wort<br>F\u00fcr weitere Informationen wenden Sie sich bitte per E-Mail an LES EDITIONS DE BASE (contact@tutemetscombien.fr).<\/p>\t\t\t\t\t\t\t\t<\/div>\n\t\t\t\t<\/div>\n\t\t\t\t\t<\/div>\n\t\t\t\t<\/div>\n\t\t<div class=\"elementor-element elementor-element-f3d620b e-flex e-con-boxed e-con e-child\" data-id=\"f3d620b\" data-element_type=\"container\" data-e-type=\"container\">\n\t\t\t\t\t<div class=\"e-con-inner\">\n\t\t<div class=\"elementor-element elementor-element-7ac8c2d e-con-full e-flex e-con e-child\" data-id=\"7ac8c2d\" data-element_type=\"container\" data-e-type=\"container\">\n\t\t<div class=\"elementor-element elementor-element-b5dc724 e-con-full e-flex e-con e-child\" data-id=\"b5dc724\" data-element_type=\"container\" data-e-type=\"container\">\n\t\t\t\t<div class=\"elementor-element elementor-element-c6334e1 elementor-widget__width-initial elementor-widget-mobile__width-initial elementor-widget elementor-widget-text-editor\" data-id=\"c6334e1\" data-element_type=\"widget\" data-e-type=\"widget\" data-widget_type=\"text-editor.default\">\n\t\t\t\t<div class=\"elementor-widget-container\">\n\t\t\t\t\t\t\t\t\t<p>\u00a9 2025<\/p>\t\t\t\t\t\t\t\t<\/div>\n\t\t\t\t<\/div>\n\t\t\t\t<div class=\"elementor-element elementor-element-5516244 elementor-widget__width-initial elementor-widget-mobile__width-initial elementor-widget elementor-widget-button\" data-id=\"5516244\" data-element_type=\"widget\" data-e-type=\"widget\" data-widget_type=\"button.default\">\n\t\t\t\t<div class=\"elementor-widget-container\">\n\t\t\t\t\t\t\t\t\t<div class=\"elementor-button-wrapper\">\n\t\t\t\t\t<a class=\"elementor-button elementor-button-link elementor-size-sm\" href=\"\/de\/rechtliche-hinweise\/\">\n\t\t\t\t\t\t<span class=\"elementor-button-content-wrapper\">\n\t\t\t\t\t\t\t\t\t<span class=\"elementor-button-text\">Rechtliche Hinweise<\/span>\n\t\t\t\t\t<\/span>\n\t\t\t\t\t<\/a>\n\t\t\t\t<\/div>\n\t\t\t\t\t\t\t\t<\/div>\n\t\t\t\t<\/div>\n\t\t\t\t<div class=\"elementor-element elementor-element-492429b elementor-widget__width-initial elementor-widget-mobile__width-initial elementor-widget elementor-widget-button\" data-id=\"492429b\" data-element_type=\"widget\" data-e-type=\"widget\" data-widget_type=\"button.default\">\n\t\t\t\t<div class=\"elementor-widget-container\">\n\t\t\t\t\t\t\t\t\t<div class=\"elementor-button-wrapper\">\n\t\t\t\t\t<a class=\"elementor-button elementor-button-link elementor-size-sm\" href=\"\/de\/datenschutzrichtlinie\/\">\n\t\t\t\t\t\t<span class=\"elementor-button-content-wrapper\">\n\t\t\t\t\t\t\t\t\t<span class=\"elementor-button-text\">Datenschutzrichtlinie<\/span>\n\t\t\t\t\t<\/span>\n\t\t\t\t\t<\/a>\n\t\t\t\t<\/div>\n\t\t\t\t\t\t\t\t<\/div>\n\t\t\t\t<\/div>\n\t\t\t\t<div class=\"elementor-element elementor-element-f4b491d elementor-widget__width-initial elementor-widget-mobile__width-initial elementor-widget elementor-widget-button\" data-id=\"f4b491d\" data-element_type=\"widget\" data-e-type=\"widget\" data-widget_type=\"button.default\">\n\t\t\t\t<div class=\"elementor-widget-container\">\n\t\t\t\t\t\t\t\t\t<div class=\"elementor-button-wrapper\">\n\t\t\t\t\t<a class=\"elementor-button elementor-button-link elementor-size-sm\" href=\"\/de\/allgemeine-geschaftsbedingungen\/\">\n\t\t\t\t\t\t<span class=\"elementor-button-content-wrapper\">\n\t\t\t\t\t\t\t\t\t<span class=\"elementor-button-text\">Allgemeine Gesch\u00e4ftsbedingungen<\/span>\n\t\t\t\t\t<\/span>\n\t\t\t\t\t<\/a>\n\t\t\t\t<\/div>\n\t\t\t\t\t\t\t\t<\/div>\n\t\t\t\t<\/div>\n\t\t\t\t<\/div>\n\t\t\t\t<\/div>\n\t\t\t\t\t<\/div>\n\t\t\t\t<\/div>\n\t\t\t\t<\/div>","protected":false},"excerpt":{"rendered":"<p>Conditions G\u00e9n\u00e9rales de Vente 1\/10. Pr\u00e9ambuleLes pr\u00e9sentes conditions g\u00e9n\u00e9rales de vente sont conclues entre :La soci\u00e9t\u00e9 LES EDITIONS DE BASE, SAS au capital de 4.000 euros13 rue Diderot, 94300 VincennesImmatricul\u00e9e RCS LYON 821 908 944N- TVA intracommunautaire FR36821908944Ci-apr\u00e8s d\u00e9nomm\u00e9e \u201cLES EDITIONS DE BASE\u201dEtToute personne physique ou morale souhaitant effectuer un achat via le site internet [&hellip;]<\/p>\n","protected":false},"author":1,"featured_media":0,"parent":0,"menu_order":0,"comment_status":"closed","ping_status":"closed","template":"","meta":{"_acf_changed":false,"footnotes":""},"class_list":["post-981","page","type-page","status-publish","hentry"],"acf":[],"_links":{"self":[{"href":"https:\/\/dev.tutemetscombien.fr\/de\/wp-json\/wp\/v2\/pages\/981","targetHints":{"allow":["GET"]}}],"collection":[{"href":"https:\/\/dev.tutemetscombien.fr\/de\/wp-json\/wp\/v2\/pages"}],"about":[{"href":"https:\/\/dev.tutemetscombien.fr\/de\/wp-json\/wp\/v2\/types\/page"}],"author":[{"embeddable":true,"href":"https:\/\/dev.tutemetscombien.fr\/de\/wp-json\/wp\/v2\/users\/1"}],"replies":[{"embeddable":true,"href":"https:\/\/dev.tutemetscombien.fr\/de\/wp-json\/wp\/v2\/comments?post=981"}],"version-history":[{"count":9,"href":"https:\/\/dev.tutemetscombien.fr\/de\/wp-json\/wp\/v2\/pages\/981\/revisions"}],"predecessor-version":[{"id":1450,"href":"https:\/\/dev.tutemetscombien.fr\/de\/wp-json\/wp\/v2\/pages\/981\/revisions\/1450"}],"wp:attachment":[{"href":"https:\/\/dev.tutemetscombien.fr\/de\/wp-json\/wp\/v2\/media?parent=981"}],"curies":[{"name":"wp","href":"https:\/\/api.w.org\/{rel}","templated":true}]}}