{"id":982,"date":"2025-06-12T10:12:19","date_gmt":"2025-06-12T08:12:19","guid":{"rendered":"https:\/\/dev.tutemetscombien.fr\/?page_id=982"},"modified":"2025-06-12T10:18:24","modified_gmt":"2025-06-12T08:18:24","slug":"datenschutzrichtlinie","status":"publish","type":"page","link":"https:\/\/dev.tutemetscombien.fr\/de\/politique-de-confidentialite\/","title":{"rendered":"Datenschutzrichtlinie"},"content":{"rendered":"<div data-elementor-type=\"wp-page\" data-elementor-id=\"982\" class=\"elementor elementor-982\" data-elementor-post-type=\"page\">\n\t\t\t\t<div class=\"elementor-element elementor-element-4eefeba e-con-full e-flex e-con e-parent\" data-id=\"4eefeba\" data-element_type=\"container\" data-e-type=\"container\" data-settings=\"{&quot;background_background&quot;:&quot;classic&quot;}\">\n\t\t<div class=\"elementor-element elementor-element-6328355 e-flex e-con-boxed e-con e-child\" data-id=\"6328355\" data-element_type=\"container\" data-e-type=\"container\" data-settings=\"{&quot;background_background&quot;:&quot;classic&quot;}\">\n\t\t\t\t\t<div class=\"e-con-inner\">\n\t\t\t\t<div class=\"elementor-element elementor-element-974f98e elementor-widget elementor-widget-theme-post-title elementor-page-title elementor-widget-heading\" data-id=\"974f98e\" data-element_type=\"widget\" data-e-type=\"widget\" data-widget_type=\"theme-post-title.default\">\n\t\t\t\t<div class=\"elementor-widget-container\">\n\t\t\t\t\t<h1 class=\"elementor-heading-title elementor-size-default\">Datenschutzrichtlinie<\/h1>\t\t\t\t<\/div>\n\t\t\t\t<\/div>\n\t\t\t\t\t<\/div>\n\t\t\t\t<\/div>\n\t\t\t\t<\/div>\n\t\t<div class=\"elementor-element elementor-element-79a1933 e-flex e-con-boxed e-con e-parent\" data-id=\"79a1933\" data-element_type=\"container\" data-e-type=\"container\">\n\t\t\t\t\t<div class=\"e-con-inner\">\n\t\t\t\t<div class=\"elementor-element elementor-element-3c6db99 elementor-widget elementor-widget-text-editor\" data-id=\"3c6db99\" data-element_type=\"widget\" data-e-type=\"widget\" data-widget_type=\"text-editor.default\">\n\t\t\t\t<div class=\"elementor-widget-container\">\n\t\t\t\t\t\t\t\t\t<p>Die Website tutemetscombien.fr ist Eigentum von Tu te mets combien?, dem Datenverantwortlichen f\u00fcr Ihre personenbezogenen Daten.<\/p><p>Wir haben diese Datenschutzrichtlinie eingef\u00fchrt, die unseren Umgang mit den von tutemetscombien.fr gesammelten Informationen beschreibt und auch erkl\u00e4rt, warum wir bestimmte personenbezogene Daten \u00fcber Sie erheben m\u00fcssen. Lesen Sie diese Datenschutzrichtlinie daher vor der Nutzung der Website tutemetscombien.fr.<\/p><p>Wir k\u00fcmmern uns um Ihre personenbezogenen Daten und verpflichten uns, deren Vertraulichkeit und Sicherheit zu gew\u00e4hrleisten.<\/p><p><strong>Von uns erfasste personenbezogene Daten:<\/strong><br \/>Wenn Sie tutemetscombien.fr besuchen, erfassen wir automatisch bestimmte Informationen \u00fcber Ihr Ger\u00e4t, darunter Informationen zu Ihrem Webbrowser, Ihrer IP-Adresse, Ihrer Zeitzone und einigen der auf Ihrem Ger\u00e4t installierten Cookies. Dar\u00fcber hinaus erfassen wir beim Surfen auf der Website Informationen \u00fcber die einzelnen Webseiten oder Produkte, die Sie aufrufen, welche Websites oder Suchbegriffe Sie auf die Website verwiesen haben und wie Sie mit der Website interagieren. Diese automatisch erfassten Informationen bezeichnen wir als \u201eGer\u00e4teinformationen\u201c. Dar\u00fcber hinaus k\u00f6nnen wir die personenbezogenen Daten, die Sie uns bei der Registrierung zur Verf\u00fcgung stellen (einschlie\u00dflich, aber nicht beschr\u00e4nkt auf Name, Adresse, Zahlungsinformationen usw.), zur Vertragserf\u00fcllung erfassen.<\/p><p><strong>Warum verarbeiten wir Ihre Daten?<\/strong><br \/>Die Sicherheit der Kundendaten hat f\u00fcr uns oberste Priorit\u00e4t. Daher verarbeiten wir nur minimale Benutzerdaten, soweit dies f\u00fcr die Aufrechterhaltung der Website unbedingt erforderlich ist. Automatisch erfasste Informationen werden ausschlie\u00dflich zur Erkennung m\u00f6glicher Missbrauchsf\u00e4lle und zur Erstellung statistischer Informationen zur Website-Nutzung verwendet. Diese statistischen Informationen werden nicht anderweitig in einer Weise aggregiert, die eine Identifizierung eines bestimmten Benutzers des Systems erm\u00f6glicht.<\/p><p>Sie k\u00f6nnen die Website besuchen, ohne uns Ihre Identit\u00e4t mitzuteilen oder Informationen preiszugeben, anhand derer Sie als bestimmte, identifizierbare Person identifiziert werden k\u00f6nnten. Wenn Sie jedoch bestimmte Funktionen der Website nutzen, unseren Newsletter erhalten oder uns durch Ausf\u00fcllen eines Formulars weitere Angaben machen m\u00f6chten, k\u00f6nnen Sie uns personenbezogene Daten wie Ihre E-Mail-Adresse, Ihren Vor- und Nachnamen, Ihren Wohnort, Ihre Organisation und Ihre Telefonnummer mitteilen. Sie k\u00f6nnen sich auch gegen die Bereitstellung Ihrer personenbezogenen Daten entscheiden, k\u00f6nnen dann jedoch m\u00f6glicherweise bestimmte Funktionen der Website nicht nutzen. Beispielsweise k\u00f6nnen Sie unseren Newsletter nicht erhalten oder uns nicht direkt \u00fcber die Website kontaktieren. Benutzer, die sich nicht sicher sind, welche Informationen obligatorisch sind, k\u00f6nnen uns gerne \u00fcber contact@tutemetscombien.fr kontaktieren.<\/p><p><strong>Ihre Rechte:<\/strong><br \/>Wenn Sie in Europa ans\u00e4ssig sind, haben Sie in Bezug auf Ihre personenbezogenen Daten folgende Rechte:<\/p><p>Das Recht auf Information.<br \/>Das Recht auf Zugang.<br \/>Das Recht auf Berichtigung.<br \/>Das Recht auf L\u00f6schung.<br \/>Das Recht auf Einschr\u00e4nkung der Verarbeitung.<br \/>Das Recht auf Daten\u00fcbertragbarkeit.<br \/>Das Widerspruchsrecht.<br \/>Rechte in Bezug auf automatisierte Entscheidungsfindung und Profilerstellung.<br \/>Wenn Sie dieses Recht aus\u00fcben m\u00f6chten, kontaktieren Sie uns bitte \u00fcber die unten angegebenen Kontaktdaten.<\/p><p>Wenn Sie in Europa ans\u00e4ssig sind, weisen wir Sie au\u00dferdem darauf hin, dass wir Ihre Daten verarbeiten, um Vertr\u00e4ge mit Ihnen zu erf\u00fcllen (z. B. wenn Sie \u00fcber die Website eine Bestellung aufgeben) oder um unsere oben genannten berechtigten Gesch\u00e4ftsinteressen zu verfolgen. Bitte beachten Sie au\u00dferdem, dass Ihre Daten au\u00dferhalb Europas, unter anderem nach Kanada und in die USA, \u00fcbertragen werden k\u00f6nnen.<\/p><p><strong>Links zu anderen Websites:<\/strong><br \/>Unsere Website kann Links zu anderen Websites enthalten, die nicht in unserem Besitz sind oder von uns kontrolliert werden. Bitte beachten Sie, dass wir f\u00fcr diese anderen Websites oder die Datenschutzpraktiken Dritter nicht verantwortlich sind. Wir empfehlen Ihnen, beim Verlassen unserer Website aufmerksam zu sein und die Datenschutzerkl\u00e4rungen aller Websites zu lesen, die m\u00f6glicherweise personenbezogene Daten erfassen.<\/p><p><strong>Informationssicherheit:<\/strong><br \/>Wir sichern die von Ihnen bereitgestellten Informationen auf Computerservern in einer kontrollierten, sicheren Umgebung und sch\u00fctzen sie vor unbefugtem Zugriff, Nutzung oder Offenlegung. Wir treffen angemessene administrative, technische und physische Sicherheitsvorkehrungen, um den unbefugten Zugriff, die unbefugte Nutzung, \u00c4nderung und Offenlegung personenbezogener Daten in unserer Verwaltung und Verwahrung zu verhindern. Die Daten\u00fcbertragung \u00fcber das Internet oder ein drahtloses Netzwerk kann jedoch nicht garantiert werden.<\/p><p><strong>Impressum:<\/strong><br \/>Wir geben alle von uns erhobenen, verwendeten oder erhaltenen Informationen weiter, wenn dies gesetzlich vorgeschrieben oder zul\u00e4ssig ist, beispielsweise um einer Vorladung oder einem \u00e4hnlichen Rechtsverfahren nachzukommen, und wenn wir in gutem Glauben davon ausgehen, dass die Offenlegung zum Schutz unserer Rechte, Ihrer Sicherheit oder der Sicherheit anderer, zur Untersuchung von Betrug oder zur Beantwortung einer beh\u00f6rdlichen Anfrage erforderlich ist.<\/p><p><strong>Kontaktinformationen:<\/strong><br \/>Wenn Sie uns kontaktieren m\u00f6chten, um diese Richtlinie besser zu verstehen, oder wenn Sie uns bez\u00fcglich einer Angelegenheit im Zusammenhang mit individuellen Rechten und Ihren pers\u00f6nlichen Daten kontaktieren m\u00f6chten, k\u00f6nnen Sie eine E-Mail an contact@tutemetscombien.fr senden.<\/p>\t\t\t\t\t\t\t\t<\/div>\n\t\t\t\t<\/div>\n\t\t\t\t\t<\/div>\n\t\t\t\t<\/div>\n\t\t<div class=\"elementor-element elementor-element-f3d620b e-flex e-con-boxed e-con e-child\" data-id=\"f3d620b\" data-element_type=\"container\" data-e-type=\"container\">\n\t\t\t\t\t<div class=\"e-con-inner\">\n\t\t<div class=\"elementor-element elementor-element-7724ad3 e-con-full e-flex e-con e-child\" data-id=\"7724ad3\" data-element_type=\"container\" data-e-type=\"container\">\n\t\t<div class=\"elementor-element elementor-element-15ace8d e-con-full e-flex e-con e-child\" data-id=\"15ace8d\" data-element_type=\"container\" data-e-type=\"container\">\n\t\t\t\t<div class=\"elementor-element elementor-element-090a06d elementor-widget__width-initial elementor-widget-mobile__width-initial elementor-widget elementor-widget-text-editor\" data-id=\"090a06d\" data-element_type=\"widget\" data-e-type=\"widget\" data-widget_type=\"text-editor.default\">\n\t\t\t\t<div class=\"elementor-widget-container\">\n\t\t\t\t\t\t\t\t\t<p>\u00a9 2025<\/p>\t\t\t\t\t\t\t\t<\/div>\n\t\t\t\t<\/div>\n\t\t\t\t<div class=\"elementor-element elementor-element-34f3245 elementor-widget__width-initial elementor-widget-mobile__width-initial elementor-widget elementor-widget-button\" data-id=\"34f3245\" data-element_type=\"widget\" data-e-type=\"widget\" data-widget_type=\"button.default\">\n\t\t\t\t<div class=\"elementor-widget-container\">\n\t\t\t\t\t\t\t\t\t<div class=\"elementor-button-wrapper\">\n\t\t\t\t\t<a class=\"elementor-button elementor-button-link elementor-size-sm\" href=\"\/de\/rechtliche-hinweise\/\">\n\t\t\t\t\t\t<span class=\"elementor-button-content-wrapper\">\n\t\t\t\t\t\t\t\t\t<span class=\"elementor-button-text\">Rechtliche Hinweise<\/span>\n\t\t\t\t\t<\/span>\n\t\t\t\t\t<\/a>\n\t\t\t\t<\/div>\n\t\t\t\t\t\t\t\t<\/div>\n\t\t\t\t<\/div>\n\t\t\t\t<div class=\"elementor-element elementor-element-be83330 elementor-widget__width-initial elementor-widget-mobile__width-initial elementor-widget elementor-widget-button\" data-id=\"be83330\" data-element_type=\"widget\" data-e-type=\"widget\" data-widget_type=\"button.default\">\n\t\t\t\t<div class=\"elementor-widget-container\">\n\t\t\t\t\t\t\t\t\t<div class=\"elementor-button-wrapper\">\n\t\t\t\t\t<a class=\"elementor-button elementor-button-link elementor-size-sm\" href=\"\/de\/datenschutzrichtlinie\/\">\n\t\t\t\t\t\t<span class=\"elementor-button-content-wrapper\">\n\t\t\t\t\t\t\t\t\t<span class=\"elementor-button-text\">Datenschutzrichtlinie<\/span>\n\t\t\t\t\t<\/span>\n\t\t\t\t\t<\/a>\n\t\t\t\t<\/div>\n\t\t\t\t\t\t\t\t<\/div>\n\t\t\t\t<\/div>\n\t\t\t\t<div class=\"elementor-element elementor-element-1e906f2 elementor-widget__width-initial elementor-widget-mobile__width-initial elementor-widget elementor-widget-button\" data-id=\"1e906f2\" data-element_type=\"widget\" data-e-type=\"widget\" data-widget_type=\"button.default\">\n\t\t\t\t<div class=\"elementor-widget-container\">\n\t\t\t\t\t\t\t\t\t<div class=\"elementor-button-wrapper\">\n\t\t\t\t\t<a class=\"elementor-button elementor-button-link elementor-size-sm\" href=\"\/de\/allgemeine-geschaftsbedingungen\/\">\n\t\t\t\t\t\t<span class=\"elementor-button-content-wrapper\">\n\t\t\t\t\t\t\t\t\t<span class=\"elementor-button-text\">Allgemeine Gesch\u00e4ftsbedingungen<\/span>\n\t\t\t\t\t<\/span>\n\t\t\t\t\t<\/a>\n\t\t\t\t<\/div>\n\t\t\t\t\t\t\t\t<\/div>\n\t\t\t\t<\/div>\n\t\t\t\t<\/div>\n\t\t\t\t<\/div>\n\t\t\t\t\t<\/div>\n\t\t\t\t<\/div>\n\t\t\t\t<\/div>","protected":false},"excerpt":{"rendered":"<p>Le site web tutemetscombien.fr est d\u00e9tenu par Tu te mets combien ?, qui est un contr\u00f4leur de donn\u00e9es de vos donn\u00e9es personnelles. Nous avons adopt\u00e9 cette politique de confidentialit\u00e9, qui d\u00e9termine la mani\u00e8re dont nous traitons les informations collect\u00e9es par tutemetscombien.fr, qui fournit \u00e9galement les raisons pour lesquelles nous devons collecter certaines donn\u00e9es personnelles vous [&hellip;]<\/p>\n","protected":false},"author":1,"featured_media":0,"parent":0,"menu_order":0,"comment_status":"closed","ping_status":"closed","template":"","meta":{"_acf_changed":false,"footnotes":""},"class_list":["post-982","page","type-page","status-publish","hentry"],"acf":[],"_links":{"self":[{"href":"https:\/\/dev.tutemetscombien.fr\/de\/wp-json\/wp\/v2\/pages\/982","targetHints":{"allow":["GET"]}}],"collection":[{"href":"https:\/\/dev.tutemetscombien.fr\/de\/wp-json\/wp\/v2\/pages"}],"about":[{"href":"https:\/\/dev.tutemetscombien.fr\/de\/wp-json\/wp\/v2\/types\/page"}],"author":[{"embeddable":true,"href":"https:\/\/dev.tutemetscombien.fr\/de\/wp-json\/wp\/v2\/users\/1"}],"replies":[{"embeddable":true,"href":"https:\/\/dev.tutemetscombien.fr\/de\/wp-json\/wp\/v2\/comments?post=982"}],"version-history":[{"count":9,"href":"https:\/\/dev.tutemetscombien.fr\/de\/wp-json\/wp\/v2\/pages\/982\/revisions"}],"predecessor-version":[{"id":1008,"href":"https:\/\/dev.tutemetscombien.fr\/de\/wp-json\/wp\/v2\/pages\/982\/revisions\/1008"}],"wp:attachment":[{"href":"https:\/\/dev.tutemetscombien.fr\/de\/wp-json\/wp\/v2\/media?parent=982"}],"curies":[{"name":"wp","href":"https:\/\/api.w.org\/{rel}","templated":true}]}}