{"id":1538,"date":"2025-07-16T11:39:04","date_gmt":"2025-07-16T09:39:04","guid":{"rendered":"https:\/\/dev.tutemetscombien.fr\/?post_type=product&#038;p=1538"},"modified":"2026-02-23T11:17:15","modified_gmt":"2026-02-23T10:17:15","slug":"ttmc-2-wie-weit-erholen-sie-sich-bereits","status":"publish","type":"product","link":"https:\/\/dev.tutemetscombien.fr\/de\/jeu-de-societe\/ttmc-2-tu-te-remets-combien\/","title":{"rendered":"TTMC 2 \u2013 Tu Te (Re)Mets Combien ?"},"content":{"rendered":"<p style=\"font-weight: 400;\"><em>TTMC 2 \u2013 Tu Te (Re)Mets Combien ?<\/em> Es l\u00e4sst das Kult-Quizprinzip wieder aufleben, bei dem man sein Wissen selbst auf einer Skala von 1 bis 10 einsch\u00e4tzt, und bietet dazu eine gute Portion neuer Funktionen!<\/p>\n<p style=\"font-weight: 400;\">Entdecken Sie 540 Karten und 4.028 neue Fragen zu einer Vielzahl von Themen, von den ernstesten bis zu den unwahrscheinlichsten.<\/p>\n<p style=\"font-weight: 400;\">Eine extragro\u00dfe, unabh\u00e4ngige und emanzipierte Box ist sogar darin versteckt, damit man \u00fcberall spielen kann (au\u00dfer unter der Dusche).<\/p>\n<p style=\"font-weight: 400;\">Neue \u00abunerschrockene\u00bb Spezialkarten, mehr Teaminteraktion, anpassbare Spieldauer \u2026 aber das Prinzip bleibt gleich: Du w\u00e4hlst eine Bewertung zwischen 1 (einfach) und 10 (Experte) zum gezogenen Thema. Je h\u00f6her die Bewertung, desto schwieriger die Frage. Bei richtiger Antwort r\u00fcckst du die deiner Bewertung entsprechende Anzahl Felder vor.<\/p>","protected":false},"excerpt":{"rendered":"<div id=\"product-description-short-4524\">\n<p>Wie sind deine Noten bei Ottern? In 5G? In Algebra?<br \/>\nDie Fortsetzung des Allgemeinwissensspiels, bei dem Sie Ihr Wissen in einer Vielzahl neuer Themengebiete auf einer Skala von 1 bis 10 selbst einsch\u00e4tzen!<\/p>\n<\/div>","protected":false},"featured_media":3138,"comment_status":"closed","ping_status":"closed","template":"","meta":{"_acf_changed":false},"product_brand":[],"product_cat":[37],"product_tag":[],"class_list":{"0":"post-1538","1":"product","2":"type-product","3":"status-publish","4":"has-post-thumbnail","6":"product_cat-ttmc-france","8":"first","9":"instock","10":"featured","11":"taxable","12":"shipping-taxable","13":"purchasable","14":"product-type-simple"},"acf":[],"_links":{"self":[{"href":"https:\/\/dev.tutemetscombien.fr\/de\/wp-json\/wp\/v2\/product\/1538","targetHints":{"allow":["GET"]}}],"collection":[{"href":"https:\/\/dev.tutemetscombien.fr\/de\/wp-json\/wp\/v2\/product"}],"about":[{"href":"https:\/\/dev.tutemetscombien.fr\/de\/wp-json\/wp\/v2\/types\/product"}],"replies":[{"embeddable":true,"href":"https:\/\/dev.tutemetscombien.fr\/de\/wp-json\/wp\/v2\/comments?post=1538"}],"wp:featuredmedia":[{"embeddable":true,"href":"https:\/\/dev.tutemetscombien.fr\/de\/wp-json\/wp\/v2\/media\/3138"}],"wp:attachment":[{"href":"https:\/\/dev.tutemetscombien.fr\/de\/wp-json\/wp\/v2\/media?parent=1538"}],"wp:term":[{"taxonomy":"product_brand","embeddable":true,"href":"https:\/\/dev.tutemetscombien.fr\/de\/wp-json\/wp\/v2\/product_brand?post=1538"},{"taxonomy":"product_cat","embeddable":true,"href":"https:\/\/dev.tutemetscombien.fr\/de\/wp-json\/wp\/v2\/product_cat?post=1538"},{"taxonomy":"product_tag","embeddable":true,"href":"https:\/\/dev.tutemetscombien.fr\/de\/wp-json\/wp\/v2\/product_tag?post=1538"}],"curies":[{"name":"wp","href":"https:\/\/api.w.org\/{rel}","templated":true}]}}