{"id":1572,"date":"2025-07-21T12:11:16","date_gmt":"2025-07-21T10:11:16","guid":{"rendered":"https:\/\/dev.tutemetscombien.fr\/?post_type=product&#038;p=1572"},"modified":"2026-02-23T11:16:33","modified_gmt":"2026-02-23T10:16:33","slug":"ttmc-wie-viel-investierst-du","status":"publish","type":"product","link":"https:\/\/dev.tutemetscombien.fr\/de\/jeu-de-societe\/ttmc-tu-te-mets-combien\/","title":{"rendered":"TTMC \u2013 Tu Te Mets Combien ?"},"content":{"rendered":"<p><em>TTMC \u2013 Tu Te Mets Combien ?<\/em> ist eine Mischung aus Allgemeinwissensquiz und Partyspiel.<\/p>\n<p>Bewerten Sie Ihr Wissen in einer Vielzahl von Themenbereichen, von den Klassikern bis zu den ungew\u00f6hnlichsten, auf einer Skala von 1 bis 10 und seien Sie der Erste, der<br \/>\nDas gesamte Plateau durchqueren.<\/p>\n<p>Das Prinzip ist einfach: Sie w\u00e4hlen einen Schwierigkeitsgrad zwischen 1 (leicht) und 10 (Experte) f\u00fcr das jeweilige Thema. Je h\u00f6her die Zahl, desto schwieriger die Frage. Bei richtiger Antwort r\u00fccken Sie entsprechend Ihrer Zahl vor. Leicht? Versuchen Sie es mit Schwierigkeitsgrad 8 zum Thema Topinambur.<\/p>\n<p>Es ist witzig, leicht zug\u00e4nglich und macht s\u00fcchtig: 540 Karten, 4.132 Fragen und ein paar Spezialkarten, die das Spiel aufpeppen.<\/p>","protected":false},"excerpt":{"rendered":"<div id=\"product-description-short-154\">\n<p>Wie sehr w\u00fcrden Sie sich selbst als Aladdin einsch\u00e4tzen? Als Fantasietiere? Als Zahnstocher?<br \/>\nDas Allgemeinwissensspiel, bei dem Sie Ihr Wissen zu klassischen und unwahrscheinlichen Themen auf einer Skala von 1 bis 10 selbst einsch\u00e4tzen!<\/p>\n<\/div>","protected":false},"featured_media":3143,"comment_status":"closed","ping_status":"closed","template":"","meta":{"_acf_changed":false},"product_brand":[],"product_cat":[37],"product_tag":[],"class_list":{"0":"post-1572","1":"product","2":"type-product","3":"status-publish","4":"has-post-thumbnail","6":"product_cat-ttmc-france","8":"first","9":"instock","10":"featured","11":"taxable","12":"shipping-taxable","13":"purchasable","14":"product-type-simple"},"acf":[],"_links":{"self":[{"href":"https:\/\/dev.tutemetscombien.fr\/de\/wp-json\/wp\/v2\/product\/1572","targetHints":{"allow":["GET"]}}],"collection":[{"href":"https:\/\/dev.tutemetscombien.fr\/de\/wp-json\/wp\/v2\/product"}],"about":[{"href":"https:\/\/dev.tutemetscombien.fr\/de\/wp-json\/wp\/v2\/types\/product"}],"replies":[{"embeddable":true,"href":"https:\/\/dev.tutemetscombien.fr\/de\/wp-json\/wp\/v2\/comments?post=1572"}],"wp:featuredmedia":[{"embeddable":true,"href":"https:\/\/dev.tutemetscombien.fr\/de\/wp-json\/wp\/v2\/media\/3143"}],"wp:attachment":[{"href":"https:\/\/dev.tutemetscombien.fr\/de\/wp-json\/wp\/v2\/media?parent=1572"}],"wp:term":[{"taxonomy":"product_brand","embeddable":true,"href":"https:\/\/dev.tutemetscombien.fr\/de\/wp-json\/wp\/v2\/product_brand?post=1572"},{"taxonomy":"product_cat","embeddable":true,"href":"https:\/\/dev.tutemetscombien.fr\/de\/wp-json\/wp\/v2\/product_cat?post=1572"},{"taxonomy":"product_tag","embeddable":true,"href":"https:\/\/dev.tutemetscombien.fr\/de\/wp-json\/wp\/v2\/product_tag?post=1572"}],"curies":[{"name":"wp","href":"https:\/\/api.w.org\/{rel}","templated":true}]}}