{"id":2188,"date":"2025-09-16T10:19:44","date_gmt":"2025-09-16T08:19:44","guid":{"rendered":"https:\/\/dev.tutemetscombien.fr\/?post_type=product&#038;p=2188"},"modified":"2026-02-23T11:14:13","modified_gmt":"2026-02-23T10:14:13","slug":"ttmc-das-belgische-komplement","status":"publish","type":"product","link":"https:\/\/dev.tutemetscombien.fr\/de\/jeu-de-societe\/ttmc-le-complement-belge\/","title":{"rendered":"TTMC \u2013 Le Compl\u00e9ment Belge"},"content":{"rendered":"<p>Tauchen Sie mit dieser lokalen 100 %-Erweiterung in die belgische Kultur ein<em> TTMC \u2013 Tu Te Mets Combien ?<\/em>.<\/p>\n<p>130 Karten und 1.014 Fragen, kompatibel mit <em>TTMC 1<\/em> Um dein Wissen \u00fcber Pommes und Stromae hinaus zu testen.<\/p>\n<p>Das Prinzip bleibt gleich: Sie sch\u00e4tzen Ihr Wissen zu dem jeweiligen Thema selbst auf einer Skala von 1 (einfach) bis 10 (Experte) ein. Je h\u00f6her die Punktzahl, desto schwieriger die Frage. Richtige Antwort? Sie r\u00fccken entsprechend Ihrer Punktzahl um ein Feld vor.<\/p>","protected":false},"excerpt":{"rendered":"<p>Wie viel w\u00fcrden Sie in einen Chevrolet investieren? In Beno\u00eet Poelvoorde? In Schienenfahrr\u00e4der?<br \/>\nDie Erweiterung <em>TTMC<\/em> Belgien-Sonderausgabe!<\/p>","protected":false},"featured_media":3149,"comment_status":"closed","ping_status":"closed","template":"","meta":{"_acf_changed":false},"product_brand":[],"product_cat":[37],"product_tag":[],"class_list":{"0":"post-2188","1":"product","2":"type-product","3":"status-publish","4":"has-post-thumbnail","6":"product_cat-ttmc-france","8":"first","9":"outofstock","10":"taxable","11":"shipping-taxable","12":"purchasable","13":"product-type-simple"},"acf":[],"_links":{"self":[{"href":"https:\/\/dev.tutemetscombien.fr\/de\/wp-json\/wp\/v2\/product\/2188","targetHints":{"allow":["GET"]}}],"collection":[{"href":"https:\/\/dev.tutemetscombien.fr\/de\/wp-json\/wp\/v2\/product"}],"about":[{"href":"https:\/\/dev.tutemetscombien.fr\/de\/wp-json\/wp\/v2\/types\/product"}],"replies":[{"embeddable":true,"href":"https:\/\/dev.tutemetscombien.fr\/de\/wp-json\/wp\/v2\/comments?post=2188"}],"wp:featuredmedia":[{"embeddable":true,"href":"https:\/\/dev.tutemetscombien.fr\/de\/wp-json\/wp\/v2\/media\/3149"}],"wp:attachment":[{"href":"https:\/\/dev.tutemetscombien.fr\/de\/wp-json\/wp\/v2\/media?parent=2188"}],"wp:term":[{"taxonomy":"product_brand","embeddable":true,"href":"https:\/\/dev.tutemetscombien.fr\/de\/wp-json\/wp\/v2\/product_brand?post=2188"},{"taxonomy":"product_cat","embeddable":true,"href":"https:\/\/dev.tutemetscombien.fr\/de\/wp-json\/wp\/v2\/product_cat?post=2188"},{"taxonomy":"product_tag","embeddable":true,"href":"https:\/\/dev.tutemetscombien.fr\/de\/wp-json\/wp\/v2\/product_tag?post=2188"}],"curies":[{"name":"wp","href":"https:\/\/api.w.org\/{rel}","templated":true}]}}