{"id":2521,"date":"2025-10-21T12:21:27","date_gmt":"2025-10-21T10:21:27","guid":{"rendered":"https:\/\/dev.tutemetscombien.fr\/?post_type=product&#038;p=2521"},"modified":"2026-02-23T11:13:28","modified_gmt":"2026-02-23T10:13:28","slug":"ttmc-das-naturliche-nahrungserganzungsmittel","status":"publish","type":"product","link":"https:\/\/dev.tutemetscombien.fr\/de\/jeu-de-societe\/ttmc-le-complement-naturel\/","title":{"rendered":"TTMC \u2013 Le Compl\u00e9ment Naturel"},"content":{"rendered":"<p>Ihr dachtet, wir w\u00fcrden \u00fcber Schirmkiefern und Kompost sprechen? Falsch gedacht.<\/p>\n<p><em>Das nat\u00fcrliche Nahrungserg\u00e4nzungsmittel<\/em>, Es ist schlichtweg die Erweiterung, die sich nat\u00fcrlich in die bestehende Box einf\u00fcgt. <em>TTMC 1<\/em>.<\/p>\n<p>130 Karten und 1.035 neue Fragen zum erneuten Spielen, mit den gleichen legend\u00e4ren Kategorien: Schule, Erwachsene, Spa\u00df, Unwahrscheinlich und den ber\u00fchmten Karten \u201eHerausforderung\u201c und \u201eZ\u00f6gere nicht, um zu gewinnen\u201c.<\/p>\n<p>Das Prinzip bleibt gleich: Sie sch\u00e4tzen Ihr Wissen zu dem jeweiligen Thema selbst auf einer Skala von 1 (einfach) bis 10 (Experte) ein. Je h\u00f6her die Punktzahl, desto schwieriger die Frage. Richtige Antwort? Sie r\u00fccken entsprechend Ihrer Punktzahl um ein Feld vor.<\/p>","protected":false},"excerpt":{"rendered":"<div id=\"TheTexte\" class=\"Texte\" lang=\"zxx\">\n<div id=\"product-description-short-224\">\n<p>Wie viel Geld gibst du f\u00fcr Bier aus? Mundwasser? St\u00e4rkehaltige Lebensmittel?<br \/>\nDas Einzige, was an ihm nat\u00fcrlich ist, ist, dass er perfekt zu dir passt <em>TTMC<\/em> !<\/p>\n<\/div>\n<\/div>","protected":false},"featured_media":3148,"comment_status":"closed","ping_status":"closed","template":"","meta":{"_acf_changed":false},"product_brand":[],"product_cat":[37],"product_tag":[],"class_list":{"0":"post-2521","1":"product","2":"type-product","3":"status-publish","4":"has-post-thumbnail","6":"product_cat-ttmc-france","8":"first","9":"instock","10":"taxable","11":"shipping-taxable","12":"purchasable","13":"product-type-simple"},"acf":[],"_links":{"self":[{"href":"https:\/\/dev.tutemetscombien.fr\/de\/wp-json\/wp\/v2\/product\/2521","targetHints":{"allow":["GET"]}}],"collection":[{"href":"https:\/\/dev.tutemetscombien.fr\/de\/wp-json\/wp\/v2\/product"}],"about":[{"href":"https:\/\/dev.tutemetscombien.fr\/de\/wp-json\/wp\/v2\/types\/product"}],"replies":[{"embeddable":true,"href":"https:\/\/dev.tutemetscombien.fr\/de\/wp-json\/wp\/v2\/comments?post=2521"}],"wp:featuredmedia":[{"embeddable":true,"href":"https:\/\/dev.tutemetscombien.fr\/de\/wp-json\/wp\/v2\/media\/3148"}],"wp:attachment":[{"href":"https:\/\/dev.tutemetscombien.fr\/de\/wp-json\/wp\/v2\/media?parent=2521"}],"wp:term":[{"taxonomy":"product_brand","embeddable":true,"href":"https:\/\/dev.tutemetscombien.fr\/de\/wp-json\/wp\/v2\/product_brand?post=2521"},{"taxonomy":"product_cat","embeddable":true,"href":"https:\/\/dev.tutemetscombien.fr\/de\/wp-json\/wp\/v2\/product_cat?post=2521"},{"taxonomy":"product_tag","embeddable":true,"href":"https:\/\/dev.tutemetscombien.fr\/de\/wp-json\/wp\/v2\/product_tag?post=2521"}],"curies":[{"name":"wp","href":"https:\/\/api.w.org\/{rel}","templated":true}]}}