{"id":2522,"date":"2025-10-21T12:22:09","date_gmt":"2025-10-21T10:22:09","guid":{"rendered":"https:\/\/dev.tutemetscombien.fr\/?post_type=product&#038;p=2522"},"modified":"2026-02-23T11:12:17","modified_gmt":"2026-02-23T10:12:17","slug":"ttmc-olympische-und-paralympische-spiele-paris-2024","status":"publish","type":"product","link":"https:\/\/dev.tutemetscombien.fr\/de\/jeu-de-societe\/ttmc-paris-2024-jeux-olympiques-paralympiques\/","title":{"rendered":"TTMC - Paris 2024"},"content":{"rendered":"<div id=\"TheTexte\" class=\"Texte\" lang=\"zxx\">\n<p>Sportliche Variante von <em>TTMC \u2013 Tu Te Mets Combien ?<\/em>, Diese Sonderausgabe bietet Ihnen 280 Karten und 2.024 Fragen zu den Olympischen und Paralympischen Spielen 2024 in Paris.<\/p>\n<p>Es ist derselbe Test: Sie sch\u00e4tzen Ihr Wissen zu einem bestimmten Thema selbst auf einer Skala von 1 (einfach) bis 10 (Experte) ein. Je h\u00f6her die Punktzahl, desto schwieriger die Frage. Bei einer richtigen Antwort r\u00fccken Sie entsprechend Ihrer Punktzahl um ein Feld vor.<\/p>\n<p>Diese Version ist f\u00fcr alle Sportbegeisterten geeignet und erm\u00f6glicht es Ihnen, das Ereignis, das uns alle begeistert hat, noch einmal zu erleben und Ihr Sportwissen zu testen, ohne dabei ins Schwitzen zu geraten (oder fast).<\/p>\n<p>Offizielles, von Paris 2024 lizenziertes Produkt.<\/p>\n<\/div>","protected":false},"excerpt":{"rendered":"<p>Wie schnell w\u00fcrdest du auf einem Skateboard fahren? So schnell wie Usain Bolt? So schnell wie in einem olympischen Dorf?<br \/>\nEin Marathon neuer Fragen!<\/p>","protected":false},"featured_media":3154,"comment_status":"closed","ping_status":"closed","template":"","meta":{"_acf_changed":false},"product_brand":[],"product_cat":[37],"product_tag":[],"class_list":{"0":"post-2522","1":"product","2":"type-product","3":"status-publish","4":"has-post-thumbnail","6":"product_cat-ttmc-france","8":"first","9":"instock","10":"taxable","11":"shipping-taxable","12":"purchasable","13":"product-type-simple"},"acf":[],"_links":{"self":[{"href":"https:\/\/dev.tutemetscombien.fr\/de\/wp-json\/wp\/v2\/product\/2522","targetHints":{"allow":["GET"]}}],"collection":[{"href":"https:\/\/dev.tutemetscombien.fr\/de\/wp-json\/wp\/v2\/product"}],"about":[{"href":"https:\/\/dev.tutemetscombien.fr\/de\/wp-json\/wp\/v2\/types\/product"}],"replies":[{"embeddable":true,"href":"https:\/\/dev.tutemetscombien.fr\/de\/wp-json\/wp\/v2\/comments?post=2522"}],"wp:featuredmedia":[{"embeddable":true,"href":"https:\/\/dev.tutemetscombien.fr\/de\/wp-json\/wp\/v2\/media\/3154"}],"wp:attachment":[{"href":"https:\/\/dev.tutemetscombien.fr\/de\/wp-json\/wp\/v2\/media?parent=2522"}],"wp:term":[{"taxonomy":"product_brand","embeddable":true,"href":"https:\/\/dev.tutemetscombien.fr\/de\/wp-json\/wp\/v2\/product_brand?post=2522"},{"taxonomy":"product_cat","embeddable":true,"href":"https:\/\/dev.tutemetscombien.fr\/de\/wp-json\/wp\/v2\/product_cat?post=2522"},{"taxonomy":"product_tag","embeddable":true,"href":"https:\/\/dev.tutemetscombien.fr\/de\/wp-json\/wp\/v2\/product_tag?post=2522"}],"curies":[{"name":"wp","href":"https:\/\/api.w.org\/{rel}","templated":true}]}}