{"id":2613,"date":"2025-10-24T16:37:36","date_gmt":"2025-10-24T14:37:36","guid":{"rendered":"https:\/\/dev.tutemetscombien.fr\/?post_type=product&#038;p=2613"},"modified":"2026-02-23T11:18:43","modified_gmt":"2026-02-23T10:18:43","slug":"ttmc-verkaufe-fur-kinder","status":"publish","type":"product","link":"https:\/\/dev.tutemetscombien.fr\/de\/jeu-de-societe\/ttmc-sales-momes\/","title":{"rendered":"TTMC \u2013 Sales M\u00f4mes"},"content":{"rendered":"<p>Variante von <em>TTMC \u2013 Tu Te Mets Combien ?<\/em> Diese speziell f\u00fcr Kinder konzipierte Ausgabe bietet 162 Karten f\u00fcr unartige Kinder und 835 h\u00f6fliche Fragen.<\/p>\n<p>Das Prinzip bleibt gleich: Sie sch\u00e4tzen Ihr Wissen zum jeweiligen Thema selbst auf einer Skala von 1 (einfach) bis 5 (Experte) ein. Je h\u00f6her die Punktzahl, desto schwieriger die Frage. Richtige Antwort? Dann r\u00fccken Sie entsprechend Ihrer Punktzahl um ein Feld vor.<\/p>\n<p>F\u00fcr das Spielen mit Erwachsenen auf den Spielbrettern werden au\u00dferdem witzige Aufkleber mitgeliefert. <em>TTMC<\/em> 1 und 2.<\/p>\n<p>Die unartigen Kinder bekommen endlich ihre Rache!<\/p>","protected":false},"excerpt":{"rendered":"<div id=\"product-description-short-4524\">\n<p>Wie w\u00fcrdest du dich selbst in Bezug auf den menschlichen K\u00f6rper bewerten? In Videospielen? In Harry Potter?<br \/>\nDie Version <em>TTMC<\/em> f\u00fcr Kinder, egal ob sie sich selbst als leistungsschwach oder als Intellektuelle bezeichnen!<\/p>\n<\/div>","protected":false},"featured_media":2616,"comment_status":"closed","ping_status":"closed","template":"","meta":{"_acf_changed":false},"product_brand":[],"product_cat":[37],"product_tag":[],"class_list":{"0":"post-2613","1":"product","2":"type-product","3":"status-publish","4":"has-post-thumbnail","6":"product_cat-ttmc-france","8":"first","9":"instock","10":"featured","11":"taxable","12":"shipping-taxable","13":"purchasable","14":"product-type-simple"},"acf":[],"_links":{"self":[{"href":"https:\/\/dev.tutemetscombien.fr\/de\/wp-json\/wp\/v2\/product\/2613","targetHints":{"allow":["GET"]}}],"collection":[{"href":"https:\/\/dev.tutemetscombien.fr\/de\/wp-json\/wp\/v2\/product"}],"about":[{"href":"https:\/\/dev.tutemetscombien.fr\/de\/wp-json\/wp\/v2\/types\/product"}],"replies":[{"embeddable":true,"href":"https:\/\/dev.tutemetscombien.fr\/de\/wp-json\/wp\/v2\/comments?post=2613"}],"wp:featuredmedia":[{"embeddable":true,"href":"https:\/\/dev.tutemetscombien.fr\/de\/wp-json\/wp\/v2\/media\/2616"}],"wp:attachment":[{"href":"https:\/\/dev.tutemetscombien.fr\/de\/wp-json\/wp\/v2\/media?parent=2613"}],"wp:term":[{"taxonomy":"product_brand","embeddable":true,"href":"https:\/\/dev.tutemetscombien.fr\/de\/wp-json\/wp\/v2\/product_brand?post=2613"},{"taxonomy":"product_cat","embeddable":true,"href":"https:\/\/dev.tutemetscombien.fr\/de\/wp-json\/wp\/v2\/product_cat?post=2613"},{"taxonomy":"product_tag","embeddable":true,"href":"https:\/\/dev.tutemetscombien.fr\/de\/wp-json\/wp\/v2\/product_tag?post=2613"}],"curies":[{"name":"wp","href":"https:\/\/api.w.org\/{rel}","templated":true}]}}