{"id":2831,"date":"2025-11-07T13:53:30","date_gmt":"2025-11-07T12:53:30","guid":{"rendered":"https:\/\/dev.tutemetscombien.fr\/?post_type=product&#038;p=2831"},"modified":"2025-12-01T15:33:53","modified_gmt":"2025-12-01T14:33:53","slug":"ttmc-quebec","status":"publish","type":"product","link":"https:\/\/dev.tutemetscombien.fr\/de\/jeu-de-societe\/ttmc-quebec\/","title":{"rendered":"TTMC \u2013 Quebec Ausgabe"},"content":{"rendered":"<p><em>TTMC \u2013 Tu Te Mets Combien ?<\/em> ist eine Mischung aus Allgemeinwissensspiel und Partyspiel.<\/p>\n<p>Sch\u00e4tzen Sie Ihr Wissen in einer Vielzahl von Themenbereichen auf einer Skala von 1 bis 10 ein \u2013 von den klassischen bis zu den ungew\u00f6hnlichsten \u2013 und seien Sie der Erste, der das gesamte Spektrum abdeckt.<\/p>\n<p>Das Prinzip ist einfach: Sie w\u00e4hlen einen Schwierigkeitsgrad zwischen 1 (leicht) und 10 (Experte) f\u00fcr das jeweilige Thema. Je h\u00f6her die Zahl, desto schwieriger die Frage. Bei richtiger Antwort r\u00fccken Sie entsprechend Ihrer Zahl vor. Leicht? Versuchen Sie es mit Schwierigkeitsgrad 8 zum Thema Topinambur.<\/p>\n<p>Es ist witzig, leicht verst\u00e4ndlich und macht absolut s\u00fcchtig!<\/p>\n<p>Also, wie viel setzt du auf Aladdin? Auf Fantasietiere? Auf Poutine?<\/p>","protected":false},"excerpt":{"rendered":"<div id=\"product-description-short-154\">\n<p>Die lokale Version unseres Brettspiels, die richtig durchstartet!<\/p>\n<\/div>","protected":false},"featured_media":2840,"comment_status":"closed","ping_status":"closed","template":"","meta":{"_acf_changed":false},"product_brand":[],"product_cat":[34],"product_tag":[],"class_list":{"0":"post-2831","1":"product","2":"type-product","3":"status-publish","4":"has-post-thumbnail","6":"product_cat-ttmc-a-linternational","8":"first","9":"instock","10":"taxable","11":"shipping-taxable","12":"product-type-external"},"acf":[],"_links":{"self":[{"href":"https:\/\/dev.tutemetscombien.fr\/de\/wp-json\/wp\/v2\/product\/2831","targetHints":{"allow":["GET"]}}],"collection":[{"href":"https:\/\/dev.tutemetscombien.fr\/de\/wp-json\/wp\/v2\/product"}],"about":[{"href":"https:\/\/dev.tutemetscombien.fr\/de\/wp-json\/wp\/v2\/types\/product"}],"replies":[{"embeddable":true,"href":"https:\/\/dev.tutemetscombien.fr\/de\/wp-json\/wp\/v2\/comments?post=2831"}],"wp:featuredmedia":[{"embeddable":true,"href":"https:\/\/dev.tutemetscombien.fr\/de\/wp-json\/wp\/v2\/media\/2840"}],"wp:attachment":[{"href":"https:\/\/dev.tutemetscombien.fr\/de\/wp-json\/wp\/v2\/media?parent=2831"}],"wp:term":[{"taxonomy":"product_brand","embeddable":true,"href":"https:\/\/dev.tutemetscombien.fr\/de\/wp-json\/wp\/v2\/product_brand?post=2831"},{"taxonomy":"product_cat","embeddable":true,"href":"https:\/\/dev.tutemetscombien.fr\/de\/wp-json\/wp\/v2\/product_cat?post=2831"},{"taxonomy":"product_tag","embeddable":true,"href":"https:\/\/dev.tutemetscombien.fr\/de\/wp-json\/wp\/v2\/product_tag?post=2831"}],"curies":[{"name":"wp","href":"https:\/\/api.w.org\/{rel}","templated":true}]}}