{"id":981,"date":"2025-06-12T10:12:15","date_gmt":"2025-06-12T08:12:15","guid":{"rendered":"https:\/\/dev.tutemetscombien.fr\/?page_id=981"},"modified":"2025-07-04T09:09:46","modified_gmt":"2025-07-04T07:09:46","slug":"general-terms-and-conditions","status":"publish","type":"page","link":"https:\/\/dev.tutemetscombien.fr\/en\/cgv\/","title":{"rendered":"General Terms and Conditions"},"content":{"rendered":"<div data-elementor-type=\"wp-page\" data-elementor-id=\"981\" class=\"elementor elementor-981\" data-elementor-post-type=\"page\">\n\t\t\t\t<div class=\"elementor-element elementor-element-4eefeba e-con-full e-flex e-con e-parent\" data-id=\"4eefeba\" data-element_type=\"container\" data-e-type=\"container\" data-settings=\"{&quot;background_background&quot;:&quot;classic&quot;}\">\n\t\t<div class=\"elementor-element elementor-element-6328355 e-flex e-con-boxed e-con e-child\" data-id=\"6328355\" data-element_type=\"container\" data-e-type=\"container\" data-settings=\"{&quot;background_background&quot;:&quot;classic&quot;}\">\n\t\t\t\t\t<div class=\"e-con-inner\">\n\t\t\t\t<div class=\"elementor-element elementor-element-974f98e elementor-widget elementor-widget-theme-post-title elementor-page-title elementor-widget-heading\" data-id=\"974f98e\" data-element_type=\"widget\" data-e-type=\"widget\" data-widget_type=\"theme-post-title.default\">\n\t\t\t\t<div class=\"elementor-widget-container\">\n\t\t\t\t\t<h1 class=\"elementor-heading-title elementor-size-default\">General Terms and Conditions<\/h1>\t\t\t\t<\/div>\n\t\t\t\t<\/div>\n\t\t\t\t\t<\/div>\n\t\t\t\t<\/div>\n\t\t\t\t<\/div>\n\t\t<div class=\"elementor-element elementor-element-79a1933 e-flex e-con-boxed e-con e-parent\" data-id=\"79a1933\" data-element_type=\"container\" data-e-type=\"container\">\n\t\t\t\t\t<div class=\"e-con-inner\">\n\t\t\t\t<div class=\"elementor-element elementor-element-3c6db99 elementor-widget elementor-widget-text-editor\" data-id=\"3c6db99\" data-element_type=\"widget\" data-e-type=\"widget\" data-widget_type=\"text-editor.default\">\n\t\t\t\t<div class=\"elementor-widget-container\">\n\t\t\t\t\t\t\t\t\t<p>General Conditions of Sale<\/p>\n<p>1\/10. Preamble<br>These general conditions of sale are concluded between:<br>The company LES EDITIONS DE BASE, SAS with capital of 4,000 euros<br>13 rue Diderot, 94300 Vincennes<br><span style=\"font-size: 1.2rem;\">Registered with the RCS LYON 821 908 944<br>N- Intra-Community VAT <\/span>FR36821908944<br><span style=\"font-size: 1.2rem;\">Hereinafter referred to as \u201cTHE BASIC EDITIONS\u201d<br><\/span><span style=\"font-size: 1.2rem;\">And<br><\/span><span style=\"font-size: 1.2rem;\">Any natural or legal person wishing to make a purchase via the website dev.tutemetscombien.fr, via the Paybox e-transactions module of Cr\u00e9dit Agricole<br><\/span><span style=\"font-size: 1.2rem;\">Hereinafter referred to as \u201cthe client\u201d<\/span><\/p>\n<p>2\/10. Postulate<br>These general terms and conditions of sale define the rights and obligations of the parties in the context of distance sales made via the website dev.tutemetscombien.fr (via the Paybox e-transactions module of Cr\u00e9dit Agricole). The order implies irrevocable acceptance of these general terms and conditions of sale of LES EDITIONS DE BASE and PAYBOX. These general terms and conditions are subject to change. These general terms and conditions only apply to non-commercial individuals. These general terms and conditions apply to the exclusion of all other conditions, in particular those applicable to in-store purchases.<\/p>\n<p>The customer declares:<br>\u2013 have the capacity to enter into this contract<br>\u2013 not be a trader<br>\u2013 not to purchase products for the purpose of reselling them<\/p>\n<p>3\/10. Pricing<br>Prices are indicated in euros, inclusive of all taxes, to which the VAT rate applicable on the day of the order is already applied. The price of the products is that applicable on the day of the order. Once the order has been placed, prices cannot be subject to any modification.<\/p>\n<p>The prices indicated on the site are guaranteed for the duration of the online posting and while stocks last. The total amount due indicated in the confirmation via the Cr\u00e9dit Agricole Paybox e-transactions module is the final price to be paid, expressed inclusive of all taxes. This price includes the price of the products, handling, packaging and storage costs, as well as any delivery costs.<br>BASIC EDITIONS reserves the right to change its prices at any time.<\/p>\n<p>4\/10. Order<br>The order can only be registered if the customer has clearly identified himself on the website dev.tutemetscombien.fr and via the Cr\u00e9dit Agricole Paybox e-transactions module by entering his personal data.<br>Any order constitutes acceptance of the prices and products available for sale. Any dispute on this point will arise within the framework of a possible exchange between LES EDITIONS DE BASE and the customer.<br>LES EDITIONS DE BASE undertakes to honor orders received on the website only within the limits of available product stocks. In the event of unavailability, LES EDITIONS DE BASE undertakes to inform the customer. The customer will then have the option to cancel their order.<br>If the customer has not received their package two months after delivery, it will be returned to EDITIONS DE BASE&#039;s inventory and the customer will not be able to make any claims. In this case, the customer is invited to contact LES EDITIONS DE BASE.<\/p>\n<p>5\/10. Delivery<br>Purchased products remain the property of LES EDITIONS DE BASE until full payment of invoices, in accordance with the terms of Law No. 80 336 of May 1, 1980, relating to retention of title. However, the buyer becomes responsible for the items upon delivery, with the transfer of possession constituting a transfer of risks. All our offers are subject to availability without obligation and subject to prior sale.<br>Products purchased on the website dev.tutemetscombien.fr (via the Cr\u00e9dit Agricole Paybox e-transactions module) are only delivered to mainland France and Belgium. Any other request must be discussed with LES EDITIONS DE BASE regarding the delivery costs incurred.<\/p>\n<p>In the event of delivery, the products are delivered to the address agreed between the customer and LES EDITIONS DE BASE. In the event of an error in the recipient&#039;s contact details, the seller cannot be held responsible for any inability to deliver the goods.<br>The delivery deadline for any order placed is a maximum of 2 months after the order. LES EDITIONS DE BASE reserves the right to use the carrier of its choice to deliver the ordered products to the customer.<br>In the event of a delay in shipping, an email will be sent to the customer to inform them of any possible consequences on the delivery deadline indicated to them. An email will be sent to the customer proposing a new delivery date. In any event, in accordance with legal provisions, in the event of failure on the part of LES EDITIONS DE BASE to fulfill its obligation to deliver on the date or at the end of the period indicated, or, failing that, no later than 90 days after the conclusion of the contract, the customer may terminate the contract, by registered letter with acknowledgment of receipt or in writing on another durable medium, if, after having ordered LES EDITIONS DE BASE, in the same manner, to make the delivery or provide the service within a reasonable additional period, the latter has not performed within this period.<\/p>\n<p>BASIC EDITIONS can ship internationally. Shipping costs will be charged to the customer as actual costs in addition.<\/p>\n<p>6\/10. Payment<br>Payment is made:<br>\u2022 Either by bank cards (Visa, MasterCard, Maestro, Carte Bleue, American Express, etc.) via the website dev.tutemetscombien.fr and via the Paybox e-transactions module of Cr\u00e9dit Agricole<br>\u2022 by transfer to the bank account of EDITIONS DE BASE or one of its representatives<br>\u2022 by check or cash from EDITIONS DE BASE during meetings with one of its representatives<\/p>\n<p>7\/10. Withdrawal<br>In accordance with current legal provisions, the customer has a period of 14 days from receipt of their products to exercise their right of withdrawal from EDITIONS DE BASE without having to provide reasons or pay penalties. If the right of withdrawal is exercised within the aforementioned period, the price of the product(s) purchased will be refunded. The product must be intact, complete and unopened.<br>Beyond this period, no return of goods will be accepted for reimbursement by LES EDITIONS DE BASE.<\/p>\n<p>8\/10. Legal guarantees<br>In accordance with Articles L.211-4 to L.211-12 of the French Consumer Code, the customer benefits from a guarantee against defects in conformity of products purchased via our website. In this case, you must notify us in writing of the defects found and return the product(s) to us. If the lack of conformity is confirmed by after-sales service tests, we will exchange or repair the product depending on the cost involved in accordance with Article L.211-9 of the French Consumer Code. In accordance with Article L.211-11 of the French Consumer Code, return costs will be reimbursed, upon presentation of supporting documents, after return of the product if the lack of conformity is confirmed. The customer is therefore invited to keep the supporting documents for their returns. Otherwise, if they do not include them with their return, they will be reimbursed at the basic postal rate for the delivery of a parcel.<\/p>\n<p>9\/10. Competent jurisdiction<br>This contract is subject to French law. The language of this contract is French. In the event of a dispute, the courts will have sole jurisdiction. In the event of a dispute, the customer will first contact the company to seek an amicable solution.<\/p>\n<p>10\/10. The final word<br>For more information, please do not hesitate to contact LES EDITIONS DE BASE by email (contact@tutemetscombien.fr).<\/p>\t\t\t\t\t\t\t\t<\/div>\n\t\t\t\t<\/div>\n\t\t\t\t\t<\/div>\n\t\t\t\t<\/div>\n\t\t<div class=\"elementor-element elementor-element-f3d620b e-flex e-con-boxed e-con e-child\" data-id=\"f3d620b\" data-element_type=\"container\" data-e-type=\"container\">\n\t\t\t\t\t<div class=\"e-con-inner\">\n\t\t<div class=\"elementor-element elementor-element-7ac8c2d e-con-full e-flex e-con e-child\" data-id=\"7ac8c2d\" data-element_type=\"container\" data-e-type=\"container\">\n\t\t<div class=\"elementor-element elementor-element-b5dc724 e-con-full e-flex e-con e-child\" data-id=\"b5dc724\" data-element_type=\"container\" data-e-type=\"container\">\n\t\t\t\t<div class=\"elementor-element elementor-element-c6334e1 elementor-widget__width-initial elementor-widget-mobile__width-initial elementor-widget elementor-widget-text-editor\" data-id=\"c6334e1\" data-element_type=\"widget\" data-e-type=\"widget\" data-widget_type=\"text-editor.default\">\n\t\t\t\t<div class=\"elementor-widget-container\">\n\t\t\t\t\t\t\t\t\t<p>\u00a9 2025<\/p>\t\t\t\t\t\t\t\t<\/div>\n\t\t\t\t<\/div>\n\t\t\t\t<div class=\"elementor-element elementor-element-5516244 elementor-widget__width-initial elementor-widget-mobile__width-initial elementor-widget elementor-widget-button\" data-id=\"5516244\" data-element_type=\"widget\" data-e-type=\"widget\" data-widget_type=\"button.default\">\n\t\t\t\t<div class=\"elementor-widget-container\">\n\t\t\t\t\t\t\t\t\t<div class=\"elementor-button-wrapper\">\n\t\t\t\t\t<a class=\"elementor-button elementor-button-link elementor-size-sm\" href=\"\/en\/legal-notices\/\">\n\t\t\t\t\t\t<span class=\"elementor-button-content-wrapper\">\n\t\t\t\t\t\t\t\t\t<span class=\"elementor-button-text\">Legal Notices<\/span>\n\t\t\t\t\t<\/span>\n\t\t\t\t\t<\/a>\n\t\t\t\t<\/div>\n\t\t\t\t\t\t\t\t<\/div>\n\t\t\t\t<\/div>\n\t\t\t\t<div class=\"elementor-element elementor-element-492429b elementor-widget__width-initial elementor-widget-mobile__width-initial elementor-widget elementor-widget-button\" data-id=\"492429b\" data-element_type=\"widget\" data-e-type=\"widget\" data-widget_type=\"button.default\">\n\t\t\t\t<div class=\"elementor-widget-container\">\n\t\t\t\t\t\t\t\t\t<div class=\"elementor-button-wrapper\">\n\t\t\t\t\t<a class=\"elementor-button elementor-button-link elementor-size-sm\" href=\"\/en\/privacy-policy\/\">\n\t\t\t\t\t\t<span class=\"elementor-button-content-wrapper\">\n\t\t\t\t\t\t\t\t\t<span class=\"elementor-button-text\">Privacy Policy<\/span>\n\t\t\t\t\t<\/span>\n\t\t\t\t\t<\/a>\n\t\t\t\t<\/div>\n\t\t\t\t\t\t\t\t<\/div>\n\t\t\t\t<\/div>\n\t\t\t\t<div class=\"elementor-element elementor-element-f4b491d elementor-widget__width-initial elementor-widget-mobile__width-initial elementor-widget elementor-widget-button\" data-id=\"f4b491d\" data-element_type=\"widget\" data-e-type=\"widget\" data-widget_type=\"button.default\">\n\t\t\t\t<div class=\"elementor-widget-container\">\n\t\t\t\t\t\t\t\t\t<div class=\"elementor-button-wrapper\">\n\t\t\t\t\t<a class=\"elementor-button elementor-button-link elementor-size-sm\" href=\"\/en\/general-terms-and-conditions\/\">\n\t\t\t\t\t\t<span class=\"elementor-button-content-wrapper\">\n\t\t\t\t\t\t\t\t\t<span class=\"elementor-button-text\">General Terms and Conditions<\/span>\n\t\t\t\t\t<\/span>\n\t\t\t\t\t<\/a>\n\t\t\t\t<\/div>\n\t\t\t\t\t\t\t\t<\/div>\n\t\t\t\t<\/div>\n\t\t\t\t<\/div>\n\t\t\t\t<\/div>\n\t\t\t\t\t<\/div>\n\t\t\t\t<\/div>\n\t\t\t\t<\/div>","protected":false},"excerpt":{"rendered":"<p>Conditions G\u00e9n\u00e9rales de Vente 1\/10. Pr\u00e9ambuleLes pr\u00e9sentes conditions g\u00e9n\u00e9rales de vente sont conclues entre :La soci\u00e9t\u00e9 LES EDITIONS DE BASE, SAS au capital de 4.000 euros13 rue Diderot, 94300 VincennesImmatricul\u00e9e RCS LYON 821 908 944N- TVA intracommunautaire FR36821908944Ci-apr\u00e8s d\u00e9nomm\u00e9e \u201cLES EDITIONS DE BASE\u201dEtToute personne physique ou morale souhaitant effectuer un achat via le site internet [&hellip;]<\/p>\n","protected":false},"author":1,"featured_media":0,"parent":0,"menu_order":0,"comment_status":"closed","ping_status":"closed","template":"","meta":{"_acf_changed":false,"footnotes":""},"class_list":["post-981","page","type-page","status-publish","hentry"],"acf":[],"_links":{"self":[{"href":"https:\/\/dev.tutemetscombien.fr\/en\/wp-json\/wp\/v2\/pages\/981","targetHints":{"allow":["GET"]}}],"collection":[{"href":"https:\/\/dev.tutemetscombien.fr\/en\/wp-json\/wp\/v2\/pages"}],"about":[{"href":"https:\/\/dev.tutemetscombien.fr\/en\/wp-json\/wp\/v2\/types\/page"}],"author":[{"embeddable":true,"href":"https:\/\/dev.tutemetscombien.fr\/en\/wp-json\/wp\/v2\/users\/1"}],"replies":[{"embeddable":true,"href":"https:\/\/dev.tutemetscombien.fr\/en\/wp-json\/wp\/v2\/comments?post=981"}],"version-history":[{"count":9,"href":"https:\/\/dev.tutemetscombien.fr\/en\/wp-json\/wp\/v2\/pages\/981\/revisions"}],"predecessor-version":[{"id":1450,"href":"https:\/\/dev.tutemetscombien.fr\/en\/wp-json\/wp\/v2\/pages\/981\/revisions\/1450"}],"wp:attachment":[{"href":"https:\/\/dev.tutemetscombien.fr\/en\/wp-json\/wp\/v2\/media?parent=981"}],"curies":[{"name":"wp","href":"https:\/\/api.w.org\/{rel}","templated":true}]}}