{"id":982,"date":"2025-06-12T10:12:19","date_gmt":"2025-06-12T08:12:19","guid":{"rendered":"https:\/\/dev.tutemetscombien.fr\/?page_id=982"},"modified":"2025-06-12T10:18:24","modified_gmt":"2025-06-12T08:18:24","slug":"privacy-policy","status":"publish","type":"page","link":"https:\/\/dev.tutemetscombien.fr\/en\/politique-de-confidentialite\/","title":{"rendered":"Privacy Policy"},"content":{"rendered":"<div data-elementor-type=\"wp-page\" data-elementor-id=\"982\" class=\"elementor elementor-982\" data-elementor-post-type=\"page\">\n\t\t\t\t<div class=\"elementor-element elementor-element-4eefeba e-con-full e-flex e-con e-parent\" data-id=\"4eefeba\" data-element_type=\"container\" data-e-type=\"container\" data-settings=\"{&quot;background_background&quot;:&quot;classic&quot;}\">\n\t\t<div class=\"elementor-element elementor-element-6328355 e-flex e-con-boxed e-con e-child\" data-id=\"6328355\" data-element_type=\"container\" data-e-type=\"container\" data-settings=\"{&quot;background_background&quot;:&quot;classic&quot;}\">\n\t\t\t\t\t<div class=\"e-con-inner\">\n\t\t\t\t<div class=\"elementor-element elementor-element-974f98e elementor-widget elementor-widget-theme-post-title elementor-page-title elementor-widget-heading\" data-id=\"974f98e\" data-element_type=\"widget\" data-e-type=\"widget\" data-widget_type=\"theme-post-title.default\">\n\t\t\t\t<div class=\"elementor-widget-container\">\n\t\t\t\t\t<h1 class=\"elementor-heading-title elementor-size-default\">Privacy Policy<\/h1>\t\t\t\t<\/div>\n\t\t\t\t<\/div>\n\t\t\t\t\t<\/div>\n\t\t\t\t<\/div>\n\t\t\t\t<\/div>\n\t\t<div class=\"elementor-element elementor-element-79a1933 e-flex e-con-boxed e-con e-parent\" data-id=\"79a1933\" data-element_type=\"container\" data-e-type=\"container\">\n\t\t\t\t\t<div class=\"e-con-inner\">\n\t\t\t\t<div class=\"elementor-element elementor-element-3c6db99 elementor-widget elementor-widget-text-editor\" data-id=\"3c6db99\" data-element_type=\"widget\" data-e-type=\"widget\" data-widget_type=\"text-editor.default\">\n\t\t\t\t<div class=\"elementor-widget-container\">\n\t\t\t\t\t\t\t\t\t<p>The website tutemetscombien.fr is owned by Tu te mets combien?, which is a data controller of your personal data.<\/p><p>We have adopted this privacy policy, which sets out how we handle information collected by tutemetscombien.fr, and also explains why we need to collect certain personal data about you. Therefore, you should read this privacy policy before using the tutemetscombien.fr website.<\/p><p>We take care of your personal data and are committed to ensuring its confidentiality and security.<\/p><p><strong>Personal information we collect:<\/strong><br \/>When you visit tutemetscombien.fr, we automatically collect certain information about your device, including information about your web browser, IP address, time zone, and some of the cookies that are installed on your device. Additionally, as you browse the Site, we collect information about the individual web pages or products that you view, what websites or search terms referred you to the Site, and information about how you interact with the Site. We refer to this automatically-collected information as \u201cDevice Information.\u201d In addition, we may collect the personal data you provide to us (including, but not limited to, name, address, payment information, etc.) during registration in order to perform the contract.<\/p><p><strong>Why do we process your data?<\/strong><br \/>Our top priority is the security of customer data, and as such, we may only process minimal user data to the extent absolutely necessary to maintain the website. Automatically collected information is used solely to identify potential cases of abuse and to compile statistical information regarding website usage. This statistical information is not otherwise aggregated in a way that would identify a specific user of the system.<\/p><p>You can visit the Website without telling us who you are or revealing any information by which someone could identify you as a specific, identifiable individual. However, if you wish to use certain features of the Website, or if you wish to receive our newsletter or provide other details by filling out a form, you may provide us with personal data, such as your email, first name, last name, city of residence, organization, and telephone number. You can choose not to provide us with your personal data, but then you may not be able to take advantage of certain features of the Website. For example, you will not be able to receive our newsletter or contact us directly from the Website. Users who are unsure of what information is mandatory are welcome to contact us via contact@tutemetscombien.fr.<\/p><p><strong>Your rights:<\/strong><br \/>If you are a European resident, you have the following rights related to your personal data:<\/p><p>The right to be informed.<br \/>The right of access.<br \/>The right of rectification.<br \/>The right to erasure.<br \/>The right to restrict processing.<br \/>The right to data portability.<br \/>The right to object.<br \/>Rights relating to automated decision-making and profiling.<br \/>If you wish to exercise this right, please contact us using the contact details below.<\/p><p>Additionally, if you are a European resident we note that we are processing your information in order to fulfill contracts we might have with you (for example if you make an order through the Site), or otherwise to pursue our legitimate business interests listed above. Additionally, please note that your information may be transferred outside of Europe, including to Canada and the United States.<\/p><p><strong>Links to other websites:<\/strong><br \/>Our website may contain links to other websites that are not owned or controlled by us. Please be aware that we are not responsible for these other websites or the privacy practices of third parties. We encourage you to be aware when you leave our website and to read the privacy statements of each and every website that may collect personal information.<\/p><p><strong>Information security:<\/strong><br \/>We secure the information you provide on computer servers in a controlled, secure environment, protected from unauthorized access, use, or disclosure. We maintain reasonable administrative, technical, and physical safeguards to protect against unauthorized access, use, modification, and disclosure of personal data in its control and custody. However, no data transmission over the Internet or any wireless network can be guaranteed.<\/p><p><strong>Legal Disclosure:<\/strong><br \/>We will disclose any information we collect, use, or receive if required or permitted to do so by law, such as to comply with a subpoena or similar legal process, and when we believe in good faith that disclosure is necessary to protect our rights, your safety, or the safety of others, investigate fraud, or respond to a government request.<\/p><p><strong>Contact information:<\/strong><br \/>If you would like to contact us to further understand this policy or if you would like to contact us regarding any matter relating to individual rights and your personal information, you can send an email to contact@tutemetscombien.fr.<\/p>\t\t\t\t\t\t\t\t<\/div>\n\t\t\t\t<\/div>\n\t\t\t\t\t<\/div>\n\t\t\t\t<\/div>\n\t\t<div class=\"elementor-element elementor-element-f3d620b e-flex e-con-boxed e-con e-child\" data-id=\"f3d620b\" data-element_type=\"container\" data-e-type=\"container\">\n\t\t\t\t\t<div class=\"e-con-inner\">\n\t\t<div class=\"elementor-element elementor-element-7724ad3 e-con-full e-flex e-con e-child\" data-id=\"7724ad3\" data-element_type=\"container\" data-e-type=\"container\">\n\t\t<div class=\"elementor-element elementor-element-15ace8d e-con-full e-flex e-con e-child\" data-id=\"15ace8d\" data-element_type=\"container\" data-e-type=\"container\">\n\t\t\t\t<div class=\"elementor-element elementor-element-090a06d elementor-widget__width-initial elementor-widget-mobile__width-initial elementor-widget elementor-widget-text-editor\" data-id=\"090a06d\" data-element_type=\"widget\" data-e-type=\"widget\" data-widget_type=\"text-editor.default\">\n\t\t\t\t<div class=\"elementor-widget-container\">\n\t\t\t\t\t\t\t\t\t<p>\u00a9 2025<\/p>\t\t\t\t\t\t\t\t<\/div>\n\t\t\t\t<\/div>\n\t\t\t\t<div class=\"elementor-element elementor-element-34f3245 elementor-widget__width-initial elementor-widget-mobile__width-initial elementor-widget elementor-widget-button\" data-id=\"34f3245\" data-element_type=\"widget\" data-e-type=\"widget\" data-widget_type=\"button.default\">\n\t\t\t\t<div class=\"elementor-widget-container\">\n\t\t\t\t\t\t\t\t\t<div class=\"elementor-button-wrapper\">\n\t\t\t\t\t<a class=\"elementor-button elementor-button-link elementor-size-sm\" href=\"\/en\/legal-notices\/\">\n\t\t\t\t\t\t<span class=\"elementor-button-content-wrapper\">\n\t\t\t\t\t\t\t\t\t<span class=\"elementor-button-text\">Legal Notices<\/span>\n\t\t\t\t\t<\/span>\n\t\t\t\t\t<\/a>\n\t\t\t\t<\/div>\n\t\t\t\t\t\t\t\t<\/div>\n\t\t\t\t<\/div>\n\t\t\t\t<div class=\"elementor-element elementor-element-be83330 elementor-widget__width-initial elementor-widget-mobile__width-initial elementor-widget elementor-widget-button\" data-id=\"be83330\" data-element_type=\"widget\" data-e-type=\"widget\" data-widget_type=\"button.default\">\n\t\t\t\t<div class=\"elementor-widget-container\">\n\t\t\t\t\t\t\t\t\t<div class=\"elementor-button-wrapper\">\n\t\t\t\t\t<a class=\"elementor-button elementor-button-link elementor-size-sm\" href=\"\/en\/privacy-policy\/\">\n\t\t\t\t\t\t<span class=\"elementor-button-content-wrapper\">\n\t\t\t\t\t\t\t\t\t<span class=\"elementor-button-text\">Privacy Policy<\/span>\n\t\t\t\t\t<\/span>\n\t\t\t\t\t<\/a>\n\t\t\t\t<\/div>\n\t\t\t\t\t\t\t\t<\/div>\n\t\t\t\t<\/div>\n\t\t\t\t<div class=\"elementor-element elementor-element-1e906f2 elementor-widget__width-initial elementor-widget-mobile__width-initial elementor-widget elementor-widget-button\" data-id=\"1e906f2\" data-element_type=\"widget\" data-e-type=\"widget\" data-widget_type=\"button.default\">\n\t\t\t\t<div class=\"elementor-widget-container\">\n\t\t\t\t\t\t\t\t\t<div class=\"elementor-button-wrapper\">\n\t\t\t\t\t<a class=\"elementor-button elementor-button-link elementor-size-sm\" href=\"\/en\/general-terms-and-conditions\/\">\n\t\t\t\t\t\t<span class=\"elementor-button-content-wrapper\">\n\t\t\t\t\t\t\t\t\t<span class=\"elementor-button-text\">General Terms and Conditions<\/span>\n\t\t\t\t\t<\/span>\n\t\t\t\t\t<\/a>\n\t\t\t\t<\/div>\n\t\t\t\t\t\t\t\t<\/div>\n\t\t\t\t<\/div>\n\t\t\t\t<\/div>\n\t\t\t\t<\/div>\n\t\t\t\t\t<\/div>\n\t\t\t\t<\/div>\n\t\t\t\t<\/div>","protected":false},"excerpt":{"rendered":"<p>Le site web tutemetscombien.fr est d\u00e9tenu par Tu te mets combien ?, qui est un contr\u00f4leur de donn\u00e9es de vos donn\u00e9es personnelles. Nous avons adopt\u00e9 cette politique de confidentialit\u00e9, qui d\u00e9termine la mani\u00e8re dont nous traitons les informations collect\u00e9es par tutemetscombien.fr, qui fournit \u00e9galement les raisons pour lesquelles nous devons collecter certaines donn\u00e9es personnelles vous [&hellip;]<\/p>\n","protected":false},"author":1,"featured_media":0,"parent":0,"menu_order":0,"comment_status":"closed","ping_status":"closed","template":"","meta":{"_acf_changed":false,"footnotes":""},"class_list":["post-982","page","type-page","status-publish","hentry"],"acf":[],"_links":{"self":[{"href":"https:\/\/dev.tutemetscombien.fr\/en\/wp-json\/wp\/v2\/pages\/982","targetHints":{"allow":["GET"]}}],"collection":[{"href":"https:\/\/dev.tutemetscombien.fr\/en\/wp-json\/wp\/v2\/pages"}],"about":[{"href":"https:\/\/dev.tutemetscombien.fr\/en\/wp-json\/wp\/v2\/types\/page"}],"author":[{"embeddable":true,"href":"https:\/\/dev.tutemetscombien.fr\/en\/wp-json\/wp\/v2\/users\/1"}],"replies":[{"embeddable":true,"href":"https:\/\/dev.tutemetscombien.fr\/en\/wp-json\/wp\/v2\/comments?post=982"}],"version-history":[{"count":9,"href":"https:\/\/dev.tutemetscombien.fr\/en\/wp-json\/wp\/v2\/pages\/982\/revisions"}],"predecessor-version":[{"id":1008,"href":"https:\/\/dev.tutemetscombien.fr\/en\/wp-json\/wp\/v2\/pages\/982\/revisions\/1008"}],"wp:attachment":[{"href":"https:\/\/dev.tutemetscombien.fr\/en\/wp-json\/wp\/v2\/media?parent=982"}],"curies":[{"name":"wp","href":"https:\/\/api.w.org\/{rel}","templated":true}]}}