{"id":958,"date":"2025-06-12T09:39:55","date_gmt":"2025-06-12T07:39:55","guid":{"rendered":"https:\/\/dev.tutemetscombien.fr\/?page_id=958"},"modified":"2025-07-03T13:54:50","modified_gmt":"2025-07-03T11:54:50","slug":"avisos-legales","status":"publish","type":"page","link":"https:\/\/dev.tutemetscombien.fr\/es\/mentions-legales\/","title":{"rendered":"Avisos legales"},"content":{"rendered":"<div data-elementor-type=\"wp-page\" data-elementor-id=\"958\" class=\"elementor elementor-958\" data-elementor-post-type=\"page\">\n\t\t\t\t<div class=\"elementor-element elementor-element-4eefeba e-con-full e-flex e-con e-parent\" data-id=\"4eefeba\" data-element_type=\"container\" data-e-type=\"container\" data-settings=\"{&quot;background_background&quot;:&quot;classic&quot;}\">\n\t\t<div class=\"elementor-element elementor-element-6328355 e-flex e-con-boxed e-con e-child\" data-id=\"6328355\" data-element_type=\"container\" data-e-type=\"container\" data-settings=\"{&quot;background_background&quot;:&quot;classic&quot;}\">\n\t\t\t\t\t<div class=\"e-con-inner\">\n\t\t\t\t<div class=\"elementor-element elementor-element-974f98e elementor-widget elementor-widget-theme-post-title elementor-page-title elementor-widget-heading\" data-id=\"974f98e\" data-element_type=\"widget\" data-e-type=\"widget\" data-widget_type=\"theme-post-title.default\">\n\t\t\t\t<div class=\"elementor-widget-container\">\n\t\t\t\t\t<h1 class=\"elementor-heading-title elementor-size-default\">Avisos legales<\/h1>\t\t\t\t<\/div>\n\t\t\t\t<\/div>\n\t\t\t\t\t<\/div>\n\t\t\t\t<\/div>\n\t\t\t\t<\/div>\n\t\t<div class=\"elementor-element elementor-element-79a1933 e-flex e-con-boxed e-con e-parent\" data-id=\"79a1933\" data-element_type=\"container\" data-e-type=\"container\">\n\t\t\t\t\t<div class=\"e-con-inner\">\n\t\t\t\t<div class=\"elementor-element elementor-element-3c6db99 elementor-widget elementor-widget-text-editor\" data-id=\"3c6db99\" data-element_type=\"widget\" data-e-type=\"widget\" data-widget_type=\"text-editor.default\">\n\t\t\t\t<div class=\"elementor-widget-container\">\n\t\t\t\t\t\t\t\t\t<p>De conformidad con el art\u00edculo 6 de la Ley n.\u00b0 2004-575, de 21 de junio de 2004, relativa a la confianza en la econom\u00eda digital, se informa a los usuarios del sitio http:\/\/dev.tutemetscombien.fr de las distintas partes implicadas en su creaci\u00f3n y seguimiento:<\/p>\n<p>\u200d<br>Propietario: LES EDITIONS DE BASE, SAS con un capital social de 4.000 \u20ac<br>SIRET = 82190894400035<\/p>\n<p>N.\u00ba de IVA INTRA = FR36821908944<\/p>\n<p>Direcci\u00f3n de la sede social: 13, rue Diderot 94300 Vincennes<\/p>\n<p>Correo electr\u00f3nico: contact@tutemetscombien.fr<\/p>\n<p>Sitio web: http:\/\/dev.tutemetscombien.fr<\/p>\n<p>\u200d<\/p>\n<p><strong>Anfitri\u00f3n<\/strong>&nbsp;OVH, 2 rue Kellermann BP 80157 59053 ROUBAIX CEDEX 1 \u2013 Francia, SAS con un capital de 10.059.500 \u20ac \u2013 RCS LILLE METROPOLE 424 761 419 00045 \u2013 C\u00f3digo APE 2620Z \u2013 N.\u00ba IVA FR FR22424761419<br>Sitio web: https:\/\/www.ovh.com\/fr<br>Sitio web: http:\/\/www.cam-and-com.fr\/<\/p>\n<p>\u200d<\/p>\n<p>Este sitio web (dev.tutemetscombien.fr) est\u00e1 disponible en varios idiomas (HTML, HTML5, Javascript, CSS, etc.). Para una experiencia de navegaci\u00f3n \u00f3ptima, recomendamos usar navegadores como Internet Explorer, Google Chrome, Safari y Firefox.<br>LES EDITIONS DE BASE se esfuerza al m\u00e1ximo para garantizar la fiabilidad y actualizaci\u00f3n de la informaci\u00f3n en su sitio web. Sin embargo, pueden producirse errores o inexactitudes. Por lo tanto, los usuarios deben garantizar la exactitud de la informaci\u00f3n con LES EDITIONS DE BASE y notificar cualquier cambio necesario por correo electr\u00f3nico a contact@tutemetscombien.fr. LES EDITIONS DE BASE no se responsabiliza en ning\u00fan caso del uso que se haga de esta informaci\u00f3n ni de ning\u00fan da\u00f1o directo o indirecto que pueda derivarse de ello.<\/p>\n<p>\u200d<\/p>\n<p>El sitio web dev.tutemetscombien.fr puede solicitar a los visitantes que acepten cookies con fines estad\u00edsticos y de visualizaci\u00f3n. Una cookie es un fragmento de informaci\u00f3n que el servidor del sitio web visita almacena en su disco duro. Contiene varios datos que se almacenan en su ordenador en un simple archivo de texto al que un servidor accede para leer y guardar informaci\u00f3n. Algunas partes de este sitio web podr\u00edan no funcionar sin la aceptaci\u00f3n de cookies.<br>Este sitio web puede ofrecer enlaces a sitios de terceros, ya sean socios o no. LES EDITIONS DE BASE no tiene ning\u00fan medio para controlar los sitios enlazados a sus sitios web y no se responsabiliza de la disponibilidad de dichos sitios y fuentes externas, ni de ning\u00fan da\u00f1o derivado de ellos. Los riesgos asociados a este uso son responsabilidad exclusiva del usuario de Internet, quien debe cumplir con las condiciones de uso.<\/p>\n<p>\u200d<br>Ninguna persona f\u00edsica o jur\u00eddica podr\u00e1 establecer un hiperv\u00ednculo a este sitio sin la autorizaci\u00f3n previa y expresa de LES EDITIONS DE BASE. Si un usuario o visitante desea establecer un hiperv\u00ednculo a uno de los sitios web de LES EDITIONS DE BASE, no dude en enviar un correo electr\u00f3nico para solicitarlo; LES EDITIONS DE BASE se reserva el derecho de aceptarlo o rechazarlo sin necesidad de justificar su decisi\u00f3n.<br>La descarga de cualquier contenido se realiza bajo el propio riesgo y la exclusiva responsabilidad del visitante del sitio. Por consiguiente, no se responsabiliza de ning\u00fan da\u00f1o al ordenador del visitante ni de ninguna p\u00e9rdida de datos resultante de la descarga. Todo el contenido del sitio dev.tutemetscombien.fr, incluyendo, entre otros, gr\u00e1ficos, im\u00e1genes, textos, v\u00eddeos, animaciones, sonidos, logotipos, gifs e iconos, as\u00ed como su formato, son propiedad exclusiva de la empresa, con excepci\u00f3n de las marcas, logotipos o contenido perteneciente a otras empresas asociadas o autores. Queda estrictamente prohibida cualquier reproducci\u00f3n, distribuci\u00f3n, modificaci\u00f3n, adaptaci\u00f3n, retransmisi\u00f3n o publicaci\u00f3n, incluso parcial, de estos diferentes elementos sin el consentimiento de LES EDITIONS DE BASE. Esta representaci\u00f3n o reproducci\u00f3n, por cualquier medio, constituye una infracci\u00f3n sancionada por los art\u00edculos L.335-2 y siguientes del C\u00f3digo de la Propiedad Intelectual. El incumplimiento de esta prohibici\u00f3n constituye una infracci\u00f3n que puede conllevar la responsabilidad civil y penal del infractor. Adem\u00e1s, los propietarios del contenido copiado pueden emprender acciones legales contra usted.<\/p>\n<p>\u200d<\/p>\n<p>La informaci\u00f3n recopilada desde este sitio est\u00e1 sujeta a un tratamiento inform\u00e1tico destinado a:<strong>&nbsp;EDICIONES B\u00c1SICAS DE SAS<\/strong><br>\u200d<\/p>\n<p>Para el siguiente prop\u00f3sito:&nbsp;<strong>PERMITIR LA ENTREGA DE CAJAS DE JUEGOS<\/strong><br>Los destinatarios de los datos son:<strong>&nbsp;EL DEPARTAMENTO DE VENTAS<\/strong><\/p>\n<p>\u200d<\/p>\n<p>De conformidad con la Ley 78-17 del 6 de enero de 1978 (modificada por la Ley 2004-801 del 6 de agosto de 2004 relativa a la protecci\u00f3n de las personas f\u00edsicas en lo que respecta al tratamiento de datos personales) relativa a la inform\u00e1tica, los ficheros y las libertades, el visitante del sitio dispone de un derecho de acceso, modificaci\u00f3n, rectificaci\u00f3n y supresi\u00f3n de los datos que le conciernen.<\/p>\n<p>Puede acceder a informaci\u00f3n sobre usted contact\u00e1ndose con:&nbsp;<strong>SAS LES EDITIONS DE BASE, contact@tutemetscombien.fr<\/strong><br>Tambi\u00e9n puede, por motivos leg\u00edtimos, oponerse al tratamiento de sus datos. Para obtener m\u00e1s informaci\u00f3n,&nbsp;<a href=\"https:\/\/www.cnil.fr\/fr\/comprendre-vos-droits\">Consulte sus derechos en el sitio web de la CNIL.<\/a><br>Este sitio ha sido declarado ante la Comisi\u00f3n Nacional de Inform\u00e1tica y Libertades (www.cnil.fr).<\/p>\n<p>\u200d<br>Las presentes condiciones del sitio web dev.tutemetscombien.fr se rigen por la legislaci\u00f3n francesa y cualquier controversia o litigio que pueda surgir de la interpretaci\u00f3n o ejecuci\u00f3n de estas condiciones ser\u00e1 competencia exclusiva de los tribunales del domicilio social de la empresa. El idioma de referencia para la resoluci\u00f3n de cualquier controversia es el franc\u00e9s. No est\u00e1 obligado a proporcionarnos sus datos personales al visitar nuestro sitio web dev.tutemetscombien.fr. Sin embargo, este principio tiene ciertas excepciones. De hecho, para ciertos servicios ofrecidos por nuestro sitio, es posible que se le solicite que nos proporcione ciertos datos (nombre, apellidos, direcci\u00f3n, correo electr\u00f3nico, n\u00famero de tel\u00e9fono). Este es el caso al rellenar el formulario disponible en l\u00ednea, en la secci\u00f3n &quot;Contacto&quot;. En cualquier caso, puede negarse a proporcionar sus datos personales. En este caso, no podr\u00e1 utilizar los servicios del sitio, en particular solicitar informaci\u00f3n sobre nuestra empresa o recibir boletines informativos. Finalmente, podemos recopilar autom\u00e1ticamente cierta informaci\u00f3n sobre usted cuando navega por nuestro sitio web, incluyendo: informaci\u00f3n sobre el uso de nuestro sitio, como las \u00e1reas que visita y los servicios a los que accede, su direcci\u00f3n IP, su tipo de navegador y sus horarios de acceso. Dicha informaci\u00f3n se utiliza exclusivamente con fines estad\u00edsticos internos para mejorar la calidad de los servicios que le ofrecemos. Las bases de datos est\u00e1n protegidas por las disposiciones de la Ley de 1 de julio de 1998, que transpone la Directiva 96\/9, de 11 de marzo de 1996, sobre la protecci\u00f3n jur\u00eddica de las bases de datos.<\/p>\n<p>En el marco de la creaci\u00f3n de una aplicaci\u00f3n digital en torno al juego \u201cTTMC \u2013 \u00bfCu\u00e1nto apuestas?\u201d, la empresa LES EDITIONS DE BASE recopila los siguientes datos personales sobre usted: nombre de usuario, direcci\u00f3n de correo electr\u00f3nico, edad, sexo, ciudad y n\u00famero de tel\u00e9fono.<br>Otros datos se recogen para anonimizarlos y utilizarlos con fines estad\u00edsticos (valoraci\u00f3n, estad\u00edsticas relacionadas con el uso de la aplicaci\u00f3n).<\/p>\n<p>Estos datos personales que le conciernen son tratados por la empresa LES EDITIONS DE BASE para permitirle recibir correos electr\u00f3nicos y notificaciones de la empresa. Estos datos tambi\u00e9n se utilizan para su registro en el ranking nacional, lo que le permite participar en un sorteo cada dos semanas, de conformidad con las condiciones generales de uso de la aplicaci\u00f3n.<\/p>\n<p>Si en cualquier momento durante el uso de la aplicaci\u00f3n ya no desea recibir comunicaciones comerciales de LES EDITIONS DE BASE, puede retirar su consentimiento cancelando su suscripci\u00f3n. En este caso, LES EDITIONS DE BASE dejar\u00e1 de tratar sus datos personales en cuanto cancele su suscripci\u00f3n. En cualquier caso, estos datos personales se conservan mientras utilice la aplicaci\u00f3n, as\u00ed como durante un periodo adicional de 13 meses desde el momento en que reciba una notificaci\u00f3n inform\u00e1ndole de que su cuenta est\u00e1 inactiva y le invite a volver a la aplicaci\u00f3n.<\/p>\n<p>Podr\u00e1n ser comunicados a proveedores de servicios externos para la prestaci\u00f3n de servicios de alojamiento, almacenamiento, comunicaci\u00f3n, gesti\u00f3n de bases de datos o mantenimiento inform\u00e1tico. Si estos proveedores se encuentran fuera de la Uni\u00f3n Europea, el responsable del tratamiento se compromete a adoptar todas las medidas exigidas por la legislaci\u00f3n vigente para garantizar la protecci\u00f3n de sus datos personales.<\/p>\n<p>Dentro de los l\u00edmites de la legislaci\u00f3n vigente en materia de protecci\u00f3n de datos, usted tiene derecho a acceder, rectificar, portabilidad y suprimir sus datos personales, as\u00ed como a limitar su tratamiento. Tambi\u00e9n tiene derecho a recibir instrucciones especiales sobre el destino de sus datos tras su fallecimiento.<\/p>\n<p>Para ejercer estos derechos, puede enviar una solicitud a contact@tutemetscombien.fr.<\/p>\n<p>Si despu\u00e9s de este contacto considera que no se han respetado sus derechos sobre estos datos, puede presentar una reclamaci\u00f3n ante la autoridad reguladora local.<\/p>\n<p>Estos avisos legales se han inspirado en el modelo generado por el sitio http:\/\/www.generateur-de-mentions-legales.com, ofrecido por http:\/\/welye.com.<\/p>\n<p>\u00daltima actualizaci\u00f3n: 08\/11\/2023<\/p>\t\t\t\t\t\t\t\t<\/div>\n\t\t\t\t<\/div>\n\t\t\t\t\t<\/div>\n\t\t\t\t<\/div>\n\t\t<div class=\"elementor-element elementor-element-f3d620b e-flex e-con-boxed e-con e-child\" data-id=\"f3d620b\" data-element_type=\"container\" data-e-type=\"container\">\n\t\t\t\t\t<div class=\"e-con-inner\">\n\t\t<div class=\"elementor-element elementor-element-53cfc12 e-con-full e-flex e-con e-child\" data-id=\"53cfc12\" data-element_type=\"container\" data-e-type=\"container\">\n\t\t\t\t<div class=\"elementor-element elementor-element-a06ffe0 elementor-widget__width-initial elementor-widget-mobile__width-initial elementor-widget elementor-widget-text-editor\" data-id=\"a06ffe0\" data-element_type=\"widget\" data-e-type=\"widget\" data-widget_type=\"text-editor.default\">\n\t\t\t\t<div class=\"elementor-widget-container\">\n\t\t\t\t\t\t\t\t\t<p>\u00a9 2025<\/p>\t\t\t\t\t\t\t\t<\/div>\n\t\t\t\t<\/div>\n\t\t\t\t<div class=\"elementor-element elementor-element-f569820 elementor-widget__width-initial elementor-widget-mobile__width-initial elementor-widget elementor-widget-button\" data-id=\"f569820\" data-element_type=\"widget\" data-e-type=\"widget\" data-widget_type=\"button.default\">\n\t\t\t\t<div class=\"elementor-widget-container\">\n\t\t\t\t\t\t\t\t\t<div class=\"elementor-button-wrapper\">\n\t\t\t\t\t<a class=\"elementor-button elementor-button-link elementor-size-sm\" href=\"\/es\/avisos-legales\/\">\n\t\t\t\t\t\t<span class=\"elementor-button-content-wrapper\">\n\t\t\t\t\t\t\t\t\t<span class=\"elementor-button-text\">Avisos legales<\/span>\n\t\t\t\t\t<\/span>\n\t\t\t\t\t<\/a>\n\t\t\t\t<\/div>\n\t\t\t\t\t\t\t\t<\/div>\n\t\t\t\t<\/div>\n\t\t\t\t<div class=\"elementor-element elementor-element-e26c016 elementor-widget__width-initial elementor-widget-mobile__width-initial elementor-widget elementor-widget-button\" data-id=\"e26c016\" data-element_type=\"widget\" data-e-type=\"widget\" data-widget_type=\"button.default\">\n\t\t\t\t<div class=\"elementor-widget-container\">\n\t\t\t\t\t\t\t\t\t<div class=\"elementor-button-wrapper\">\n\t\t\t\t\t<a class=\"elementor-button elementor-button-link elementor-size-sm\" href=\"\/es\/politica-de-privacidad\/\">\n\t\t\t\t\t\t<span class=\"elementor-button-content-wrapper\">\n\t\t\t\t\t\t\t\t\t<span class=\"elementor-button-text\">pol\u00edtica de privacidad<\/span>\n\t\t\t\t\t<\/span>\n\t\t\t\t\t<\/a>\n\t\t\t\t<\/div>\n\t\t\t\t\t\t\t\t<\/div>\n\t\t\t\t<\/div>\n\t\t\t\t<div class=\"elementor-element elementor-element-cc8f2db elementor-widget__width-initial elementor-widget-mobile__width-initial elementor-widget elementor-widget-button\" data-id=\"cc8f2db\" data-element_type=\"widget\" data-e-type=\"widget\" data-widget_type=\"button.default\">\n\t\t\t\t<div class=\"elementor-widget-container\">\n\t\t\t\t\t\t\t\t\t<div class=\"elementor-button-wrapper\">\n\t\t\t\t\t<a class=\"elementor-button elementor-button-link elementor-size-sm\" href=\"\/es\/terminos-y-condiciones-generales\/\">\n\t\t\t\t\t\t<span class=\"elementor-button-content-wrapper\">\n\t\t\t\t\t\t\t\t\t<span class=\"elementor-button-text\">T\u00e9rminos y condiciones generales<\/span>\n\t\t\t\t\t<\/span>\n\t\t\t\t\t<\/a>\n\t\t\t\t<\/div>\n\t\t\t\t\t\t\t\t<\/div>\n\t\t\t\t<\/div>\n\t\t\t\t<\/div>\n\t\t\t\t\t<\/div>\n\t\t\t\t<\/div>\n\t\t\t\t<\/div>","protected":false},"excerpt":{"rendered":"<p>Conform\u00e9ment \u00e0 l\u2019article 6 de la loi n\u00b0 2004-575 du 21 juin 2004 pour la confiance dans &nbsp;l\u2019\u00e9conomie num\u00e9rique, il est pr\u00e9cis\u00e9 aux utilisateurs du site http:\/\/dev.tutemetscombien.fr les diff\u00e9rents intervenants dans le cadre de sa r\u00e9alisation et de son suivi : \u200dPropri\u00e9taire : LES EDITIONS DE BASE, SAS au capital social de 4.000 \u20acSIRET = [&hellip;]<\/p>\n","protected":false},"author":1,"featured_media":0,"parent":0,"menu_order":0,"comment_status":"closed","ping_status":"closed","template":"","meta":{"_acf_changed":false,"footnotes":""},"class_list":["post-958","page","type-page","status-publish","hentry"],"acf":[],"_links":{"self":[{"href":"https:\/\/dev.tutemetscombien.fr\/es\/wp-json\/wp\/v2\/pages\/958","targetHints":{"allow":["GET"]}}],"collection":[{"href":"https:\/\/dev.tutemetscombien.fr\/es\/wp-json\/wp\/v2\/pages"}],"about":[{"href":"https:\/\/dev.tutemetscombien.fr\/es\/wp-json\/wp\/v2\/types\/page"}],"author":[{"embeddable":true,"href":"https:\/\/dev.tutemetscombien.fr\/es\/wp-json\/wp\/v2\/users\/1"}],"replies":[{"embeddable":true,"href":"https:\/\/dev.tutemetscombien.fr\/es\/wp-json\/wp\/v2\/comments?post=958"}],"version-history":[{"count":25,"href":"https:\/\/dev.tutemetscombien.fr\/es\/wp-json\/wp\/v2\/pages\/958\/revisions"}],"predecessor-version":[{"id":1444,"href":"https:\/\/dev.tutemetscombien.fr\/es\/wp-json\/wp\/v2\/pages\/958\/revisions\/1444"}],"wp:attachment":[{"href":"https:\/\/dev.tutemetscombien.fr\/es\/wp-json\/wp\/v2\/media?parent=958"}],"curies":[{"name":"wp","href":"https:\/\/api.w.org\/{rel}","templated":true}]}}