{"id":981,"date":"2025-06-12T10:12:15","date_gmt":"2025-06-12T08:12:15","guid":{"rendered":"https:\/\/dev.tutemetscombien.fr\/?page_id=981"},"modified":"2025-07-04T09:09:46","modified_gmt":"2025-07-04T07:09:46","slug":"terminos-y-condiciones-generales","status":"publish","type":"page","link":"https:\/\/dev.tutemetscombien.fr\/es\/cgv\/","title":{"rendered":"T\u00e9rminos y condiciones generales"},"content":{"rendered":"<div data-elementor-type=\"wp-page\" data-elementor-id=\"981\" class=\"elementor elementor-981\" data-elementor-post-type=\"page\">\n\t\t\t\t<div class=\"elementor-element elementor-element-4eefeba e-con-full e-flex e-con e-parent\" data-id=\"4eefeba\" data-element_type=\"container\" data-e-type=\"container\" data-settings=\"{&quot;background_background&quot;:&quot;classic&quot;}\">\n\t\t<div class=\"elementor-element elementor-element-6328355 e-flex e-con-boxed e-con e-child\" data-id=\"6328355\" data-element_type=\"container\" data-e-type=\"container\" data-settings=\"{&quot;background_background&quot;:&quot;classic&quot;}\">\n\t\t\t\t\t<div class=\"e-con-inner\">\n\t\t\t\t<div class=\"elementor-element elementor-element-974f98e elementor-widget elementor-widget-theme-post-title elementor-page-title elementor-widget-heading\" data-id=\"974f98e\" data-element_type=\"widget\" data-e-type=\"widget\" data-widget_type=\"theme-post-title.default\">\n\t\t\t\t<div class=\"elementor-widget-container\">\n\t\t\t\t\t<h1 class=\"elementor-heading-title elementor-size-default\">T\u00e9rminos y condiciones generales<\/h1>\t\t\t\t<\/div>\n\t\t\t\t<\/div>\n\t\t\t\t\t<\/div>\n\t\t\t\t<\/div>\n\t\t\t\t<\/div>\n\t\t<div class=\"elementor-element elementor-element-79a1933 e-flex e-con-boxed e-con e-parent\" data-id=\"79a1933\" data-element_type=\"container\" data-e-type=\"container\">\n\t\t\t\t\t<div class=\"e-con-inner\">\n\t\t\t\t<div class=\"elementor-element elementor-element-3c6db99 elementor-widget elementor-widget-text-editor\" data-id=\"3c6db99\" data-element_type=\"widget\" data-e-type=\"widget\" data-widget_type=\"text-editor.default\">\n\t\t\t\t<div class=\"elementor-widget-container\">\n\t\t\t\t\t\t\t\t\t<p>Condiciones Generales de Venta<\/p>\n<p>1\/10. Pre\u00e1mbulo<br>Las presentes condiciones generales de venta se concluyen entre:<br>La sociedad LES EDITIONS DE BASE, SAS con un capital de 4.000 euros<br>13 rue Diderot, 94300 Vincennes<br><span style=\"font-size: 1.2rem;\">Registrada en el RCS LYON 821 908 944<br>N- IVA intracomunitario <\/span>FR36821908944<br><span style=\"font-size: 1.2rem;\">En adelante denominadas \u201cLAS EDICIONES B\u00c1SICAS\u201d<br><\/span><span style=\"font-size: 1.2rem;\">Y<br><\/span><span style=\"font-size: 1.2rem;\">Cualquier persona f\u00edsica o jur\u00eddica que desee realizar una compra a trav\u00e9s del sitio web dev.tutemetscombien.fr, a trav\u00e9s del m\u00f3dulo de transacciones electr\u00f3nicas Paybox de Cr\u00e9dit Agricole<br><\/span><span style=\"font-size: 1.2rem;\">En adelante denominado \u201cel cliente\u201d<\/span><\/p>\n<p>2\/10. Postulado<br>Estas condiciones generales de venta definen los derechos y obligaciones de las partes en el contexto de las ventas a distancia realizadas a trav\u00e9s del sitio web dev.tutemetscombien.fr (mediante el m\u00f3dulo de transacciones electr\u00f3nicas Paybox de Cr\u00e9dit Agricole). El pedido implica la aceptaci\u00f3n irrevocable de estas condiciones generales de venta de LES EDITIONS DE BASE y PAYBOX. Estas condiciones generales est\u00e1n sujetas a cambios. Estas condiciones generales se aplican \u00fanicamente a personas f\u00edsicas no comerciales. Estas condiciones generales se aplican con exclusi\u00f3n de cualquier otra condici\u00f3n, en particular las aplicables a las compras en tiendas f\u00edsicas.<\/p>\n<p>El cliente declara:<br>\u2013 tener capacidad para celebrar este contrato<br>\u2013 no ser comerciante<br>\u2013 no comprar productos con el fin de revenderlos<\/p>\n<p>3\/10. Precios<br>Los precios se indican en euros, con todos los impuestos incluidos, y se les aplica el tipo de IVA vigente el d\u00eda del pedido. El precio de los productos es el vigente el d\u00eda del pedido. Una vez realizado el pedido, los precios no est\u00e1n sujetos a ninguna modificaci\u00f3n.<\/p>\n<p>Los precios indicados en el sitio web est\u00e1n garantizados durante la publicaci\u00f3n en l\u00ednea y hasta agotar existencias. El importe total a pagar, indicado en la confirmaci\u00f3n a trav\u00e9s del m\u00f3dulo de transacciones electr\u00f3nicas de Cr\u00e9dit Agricole Paybox, es el precio final a pagar, con todos los impuestos incluidos. Este precio incluye el precio de los productos, los gastos de manipulaci\u00f3n, embalaje y almacenamiento, as\u00ed como los gastos de env\u00edo.<br>EDICIONES B\u00c1SICAS se reserva el derecho de cambiar sus precios en cualquier momento.<\/p>\n<p>4\/10. Orden<br>El pedido solo podr\u00e1 registrarse si el cliente se ha identificado claramente en el sitio web dev.tutemetscombien.fr y a trav\u00e9s del m\u00f3dulo de transacciones electr\u00f3nicas Cr\u00e9dit Agricole Paybox introduciendo sus datos personales.<br>Todo pedido implica la aceptaci\u00f3n de los precios y productos disponibles para la venta. Cualquier controversia sobre este punto se resolver\u00e1 en el marco de un posible intercambio entre LES EDITIONS DE BASE y el cliente.<br>LES EDITIONS DE BASE se compromete a procesar los pedidos recibidos en el sitio web \u00fanicamente dentro del l\u00edmite de las existencias de productos. En caso de indisponibilidad, LES EDITIONS DE BASE se compromete a informar al cliente. El cliente tendr\u00e1 entonces la opci\u00f3n de cancelar su pedido.<br>Si el cliente no recibe su paquete dos meses despu\u00e9s de la entrega, este ser\u00e1 devuelto al inventario de \u00c9DITIONS DE BASE y no podr\u00e1 presentar ninguna reclamaci\u00f3n. En este caso, le invitamos a contactar con \u00c9DITIONS DE BASE.<\/p>\n<p>5\/10. Entrega<br>Los productos adquiridos son propiedad de LES EDITIONS DE BASE hasta el pago \u00edntegro de las facturas, de conformidad con la Ley n.\u00ba 80 336 del 1 de mayo de 1980, relativa a la reserva de dominio. No obstante, el comprador asume la responsabilidad de los art\u00edculos en el momento de la entrega, y la transmisi\u00f3n de la posesi\u00f3n constituye una transferencia de riesgos. Todas nuestras ofertas est\u00e1n sujetas a disponibilidad sin compromiso y a venta previa.<br>Los productos adquiridos en el sitio web dev.tutemetscombien.fr (a trav\u00e9s del m\u00f3dulo de transacciones electr\u00f3nicas de Cr\u00e9dit Agricole Paybox) solo se env\u00edan a Francia continental y B\u00e9lgica. Cualquier otra solicitud debe consultarse con LES EDITIONS DE BASE sobre los gastos de env\u00edo.<\/p>\n<p>En caso de entrega, los productos se entregan en la direcci\u00f3n acordada entre el cliente y LES EDITIONS DE BASE. En caso de error en los datos de contacto del destinatario, el vendedor no se responsabiliza de la imposibilidad de entregar la mercanc\u00eda.<br>El plazo de entrega para cualquier pedido es de un m\u00e1ximo de dos meses a partir de su realizaci\u00f3n. LES EDITIONS DE BASE se reserva el derecho de utilizar el transportista de su elecci\u00f3n para entregar los productos pedidos al cliente.<br>En caso de retraso en el env\u00edo, se enviar\u00e1 un correo electr\u00f3nico al cliente para informarle de las posibles consecuencias sobre el plazo de entrega indicado. Se le enviar\u00e1 un correo electr\u00f3nico proponiendo una nueva fecha de entrega. En cualquier caso, de conformidad con la legislaci\u00f3n vigente, si LES EDITIONS DE BASE no cumple con su obligaci\u00f3n de entrega en la fecha o al finalizar el plazo indicado, o, en su defecto, en un plazo m\u00e1ximo de 90 d\u00edas desde la celebraci\u00f3n del contrato, el cliente podr\u00e1 rescindirlo mediante carta certificada con acuse de recibo o por escrito en otro soporte duradero si, tras haber solicitado a LES EDITIONS DE BASE, por la misma v\u00eda, la entrega o la prestaci\u00f3n del servicio en un plazo adicional razonable, esta no lo ha cumplido.<\/p>\n<p>Las EDICIONES B\u00c1SICAS se pueden enviar a nivel internacional. Los gastos de env\u00edo se cobrar\u00e1n al cliente como gastos adicionales.<\/p>\n<p>6\/10. Pago<br>El pago se realiza:<br>\u2022 Ya sea con tarjetas bancarias (Visa, MasterCard, Maestro, Carte Bleue, American Express, etc.) a trav\u00e9s del sitio web dev.tutemetscombien.fr y a trav\u00e9s del m\u00f3dulo de transacciones electr\u00f3nicas Paybox de Cr\u00e9dit Agricole<br>\u2022 mediante transferencia a la cuenta bancaria de EDITIONS DE BASE o de uno de sus representantes<br>\u2022 con cheque o efectivo de EDITIONS DE BASE durante las reuniones con uno de sus representantes<\/p>\n<p>7\/10. Retiro<br>De acuerdo con la legislaci\u00f3n vigente, el cliente dispone de un plazo de 14 d\u00edas desde la recepci\u00f3n de sus productos para ejercer su derecho de desistimiento de EDITIONS DE BASE sin necesidad de justificaci\u00f3n ni penalizaci\u00f3n. Si ejerce el derecho de desistimiento dentro del plazo mencionado, se le reembolsar\u00e1 el precio del producto o productos adquiridos. El producto debe estar intacto, completo y sin abrir.<br>Pasado este plazo, no se aceptar\u00e1 ninguna devoluci\u00f3n de mercanc\u00eda para reembolso por parte de LES EDITIONS DE BASE.<\/p>\n<p>8\/10. Garant\u00edas legales<br>De conformidad con los art\u00edculos L.211-4 a L.211-12 del C\u00f3digo de Consumo franc\u00e9s, el cliente se beneficia de una garant\u00eda contra defectos de conformidad de los productos adquiridos a trav\u00e9s de nuestro sitio web. En este caso, deber\u00e1 notificarnos por escrito los defectos detectados y devolvernos el\/los producto(s). Si la falta de conformidad se confirma mediante pruebas del servicio posventa, cambiaremos o repararemos el producto seg\u00fan el coste correspondiente, de conformidad con el art\u00edculo L.211-9 del C\u00f3digo de Consumo franc\u00e9s. De conformidad con el art\u00edculo L.211-11 del C\u00f3digo de Consumo franc\u00e9s, se reembolsar\u00e1n los gastos de devoluci\u00f3n, previa presentaci\u00f3n de los justificantes, tras la devoluci\u00f3n del producto si se confirma la falta de conformidad. Por lo tanto, se invita al cliente a conservar los justificantes para sus devoluciones. De lo contrario, si no los incluye con su devoluci\u00f3n, se le reembolsar\u00e1 el importe de la tarifa postal b\u00e1sica para el env\u00edo de un paquete.<\/p>\n<p>9\/10. Jurisdicci\u00f3n competente<br>Este contrato est\u00e1 sujeto a la legislaci\u00f3n francesa. El idioma del contrato es el franc\u00e9s. En caso de litigio, los tribunales ser\u00e1n los \u00fanicos competentes. En caso de litigio, el cliente se pondr\u00e1 en contacto primero con la empresa para buscar una soluci\u00f3n amistosa.<\/p>\n<p>10\/10. La \u00faltima palabra<br>Para m\u00e1s informaci\u00f3n, no dude en ponerse en contacto con LES EDITIONS DE BASE por correo electr\u00f3nico (contact@tutemetscombien.fr).<\/p>\t\t\t\t\t\t\t\t<\/div>\n\t\t\t\t<\/div>\n\t\t\t\t\t<\/div>\n\t\t\t\t<\/div>\n\t\t<div class=\"elementor-element elementor-element-f3d620b e-flex e-con-boxed e-con e-child\" data-id=\"f3d620b\" data-element_type=\"container\" data-e-type=\"container\">\n\t\t\t\t\t<div class=\"e-con-inner\">\n\t\t<div class=\"elementor-element elementor-element-7ac8c2d e-con-full e-flex e-con e-child\" data-id=\"7ac8c2d\" data-element_type=\"container\" data-e-type=\"container\">\n\t\t<div class=\"elementor-element elementor-element-b5dc724 e-con-full e-flex e-con e-child\" data-id=\"b5dc724\" data-element_type=\"container\" data-e-type=\"container\">\n\t\t\t\t<div class=\"elementor-element elementor-element-c6334e1 elementor-widget__width-initial elementor-widget-mobile__width-initial elementor-widget elementor-widget-text-editor\" data-id=\"c6334e1\" data-element_type=\"widget\" data-e-type=\"widget\" data-widget_type=\"text-editor.default\">\n\t\t\t\t<div class=\"elementor-widget-container\">\n\t\t\t\t\t\t\t\t\t<p>\u00a9 2025<\/p>\t\t\t\t\t\t\t\t<\/div>\n\t\t\t\t<\/div>\n\t\t\t\t<div class=\"elementor-element elementor-element-5516244 elementor-widget__width-initial elementor-widget-mobile__width-initial elementor-widget elementor-widget-button\" data-id=\"5516244\" data-element_type=\"widget\" data-e-type=\"widget\" data-widget_type=\"button.default\">\n\t\t\t\t<div class=\"elementor-widget-container\">\n\t\t\t\t\t\t\t\t\t<div class=\"elementor-button-wrapper\">\n\t\t\t\t\t<a class=\"elementor-button elementor-button-link elementor-size-sm\" href=\"\/es\/avisos-legales\/\">\n\t\t\t\t\t\t<span class=\"elementor-button-content-wrapper\">\n\t\t\t\t\t\t\t\t\t<span class=\"elementor-button-text\">Avisos legales<\/span>\n\t\t\t\t\t<\/span>\n\t\t\t\t\t<\/a>\n\t\t\t\t<\/div>\n\t\t\t\t\t\t\t\t<\/div>\n\t\t\t\t<\/div>\n\t\t\t\t<div class=\"elementor-element elementor-element-492429b elementor-widget__width-initial elementor-widget-mobile__width-initial elementor-widget elementor-widget-button\" data-id=\"492429b\" data-element_type=\"widget\" data-e-type=\"widget\" data-widget_type=\"button.default\">\n\t\t\t\t<div class=\"elementor-widget-container\">\n\t\t\t\t\t\t\t\t\t<div class=\"elementor-button-wrapper\">\n\t\t\t\t\t<a class=\"elementor-button elementor-button-link elementor-size-sm\" href=\"\/es\/politica-de-privacidad\/\">\n\t\t\t\t\t\t<span class=\"elementor-button-content-wrapper\">\n\t\t\t\t\t\t\t\t\t<span class=\"elementor-button-text\">pol\u00edtica de privacidad<\/span>\n\t\t\t\t\t<\/span>\n\t\t\t\t\t<\/a>\n\t\t\t\t<\/div>\n\t\t\t\t\t\t\t\t<\/div>\n\t\t\t\t<\/div>\n\t\t\t\t<div class=\"elementor-element elementor-element-f4b491d elementor-widget__width-initial elementor-widget-mobile__width-initial elementor-widget elementor-widget-button\" data-id=\"f4b491d\" data-element_type=\"widget\" data-e-type=\"widget\" data-widget_type=\"button.default\">\n\t\t\t\t<div class=\"elementor-widget-container\">\n\t\t\t\t\t\t\t\t\t<div class=\"elementor-button-wrapper\">\n\t\t\t\t\t<a class=\"elementor-button elementor-button-link elementor-size-sm\" href=\"\/es\/terminos-y-condiciones-generales\/\">\n\t\t\t\t\t\t<span class=\"elementor-button-content-wrapper\">\n\t\t\t\t\t\t\t\t\t<span class=\"elementor-button-text\">T\u00e9rminos y condiciones generales<\/span>\n\t\t\t\t\t<\/span>\n\t\t\t\t\t<\/a>\n\t\t\t\t<\/div>\n\t\t\t\t\t\t\t\t<\/div>\n\t\t\t\t<\/div>\n\t\t\t\t<\/div>\n\t\t\t\t<\/div>\n\t\t\t\t\t<\/div>\n\t\t\t\t<\/div>\n\t\t\t\t<\/div>","protected":false},"excerpt":{"rendered":"<p>Conditions G\u00e9n\u00e9rales de Vente 1\/10. Pr\u00e9ambuleLes pr\u00e9sentes conditions g\u00e9n\u00e9rales de vente sont conclues entre :La soci\u00e9t\u00e9 LES EDITIONS DE BASE, SAS au capital de 4.000 euros13 rue Diderot, 94300 VincennesImmatricul\u00e9e RCS LYON 821 908 944N- TVA intracommunautaire FR36821908944Ci-apr\u00e8s d\u00e9nomm\u00e9e \u201cLES EDITIONS DE BASE\u201dEtToute personne physique ou morale souhaitant effectuer un achat via le site internet [&hellip;]<\/p>\n","protected":false},"author":1,"featured_media":0,"parent":0,"menu_order":0,"comment_status":"closed","ping_status":"closed","template":"","meta":{"_acf_changed":false,"footnotes":""},"class_list":["post-981","page","type-page","status-publish","hentry"],"acf":[],"_links":{"self":[{"href":"https:\/\/dev.tutemetscombien.fr\/es\/wp-json\/wp\/v2\/pages\/981","targetHints":{"allow":["GET"]}}],"collection":[{"href":"https:\/\/dev.tutemetscombien.fr\/es\/wp-json\/wp\/v2\/pages"}],"about":[{"href":"https:\/\/dev.tutemetscombien.fr\/es\/wp-json\/wp\/v2\/types\/page"}],"author":[{"embeddable":true,"href":"https:\/\/dev.tutemetscombien.fr\/es\/wp-json\/wp\/v2\/users\/1"}],"replies":[{"embeddable":true,"href":"https:\/\/dev.tutemetscombien.fr\/es\/wp-json\/wp\/v2\/comments?post=981"}],"version-history":[{"count":9,"href":"https:\/\/dev.tutemetscombien.fr\/es\/wp-json\/wp\/v2\/pages\/981\/revisions"}],"predecessor-version":[{"id":1450,"href":"https:\/\/dev.tutemetscombien.fr\/es\/wp-json\/wp\/v2\/pages\/981\/revisions\/1450"}],"wp:attachment":[{"href":"https:\/\/dev.tutemetscombien.fr\/es\/wp-json\/wp\/v2\/media?parent=981"}],"curies":[{"name":"wp","href":"https:\/\/api.w.org\/{rel}","templated":true}]}}