{"id":982,"date":"2025-06-12T10:12:19","date_gmt":"2025-06-12T08:12:19","guid":{"rendered":"https:\/\/dev.tutemetscombien.fr\/?page_id=982"},"modified":"2025-06-12T10:18:24","modified_gmt":"2025-06-12T08:18:24","slug":"politica-de-privacidad","status":"publish","type":"page","link":"https:\/\/dev.tutemetscombien.fr\/es\/politique-de-confidentialite\/","title":{"rendered":"pol\u00edtica de privacidad"},"content":{"rendered":"<div data-elementor-type=\"wp-page\" data-elementor-id=\"982\" class=\"elementor elementor-982\" data-elementor-post-type=\"page\">\n\t\t\t\t<div class=\"elementor-element elementor-element-4eefeba e-con-full e-flex e-con e-parent\" data-id=\"4eefeba\" data-element_type=\"container\" data-e-type=\"container\" data-settings=\"{&quot;background_background&quot;:&quot;classic&quot;}\">\n\t\t<div class=\"elementor-element elementor-element-6328355 e-flex e-con-boxed e-con e-child\" data-id=\"6328355\" data-element_type=\"container\" data-e-type=\"container\" data-settings=\"{&quot;background_background&quot;:&quot;classic&quot;}\">\n\t\t\t\t\t<div class=\"e-con-inner\">\n\t\t\t\t<div class=\"elementor-element elementor-element-974f98e elementor-widget elementor-widget-theme-post-title elementor-page-title elementor-widget-heading\" data-id=\"974f98e\" data-element_type=\"widget\" data-e-type=\"widget\" data-widget_type=\"theme-post-title.default\">\n\t\t\t\t<div class=\"elementor-widget-container\">\n\t\t\t\t\t<h1 class=\"elementor-heading-title elementor-size-default\">pol\u00edtica de privacidad<\/h1>\t\t\t\t<\/div>\n\t\t\t\t<\/div>\n\t\t\t\t\t<\/div>\n\t\t\t\t<\/div>\n\t\t\t\t<\/div>\n\t\t<div class=\"elementor-element elementor-element-79a1933 e-flex e-con-boxed e-con e-parent\" data-id=\"79a1933\" data-element_type=\"container\" data-e-type=\"container\">\n\t\t\t\t\t<div class=\"e-con-inner\">\n\t\t\t\t<div class=\"elementor-element elementor-element-3c6db99 elementor-widget elementor-widget-text-editor\" data-id=\"3c6db99\" data-element_type=\"widget\" data-e-type=\"widget\" data-widget_type=\"text-editor.default\">\n\t\t\t\t<div class=\"elementor-widget-container\">\n\t\t\t\t\t\t\t\t\t<p>El sitio web tutemetscombien.fr es propiedad de Tu te mets combien?, que es el responsable del tratamiento de sus datos personales.<\/p><p>Hemos adoptado esta pol\u00edtica de privacidad, que establece c\u00f3mo gestionamos la informaci\u00f3n recopilada por tutemetscombien.fr y explica por qu\u00e9 necesitamos recopilar ciertos datos personales sobre usted. Por lo tanto, le recomendamos leer esta pol\u00edtica de privacidad antes de utilizar el sitio web de tutemetscombien.fr.<\/p><p>Cuidamos sus datos personales y nos comprometemos a garantizar su confidencialidad y seguridad.<\/p><p><strong>Informaci\u00f3n personal que recopilamos:<\/strong><br \/>Cuando visita tutemetscombien.fr, recopilamos autom\u00e1ticamente cierta informaci\u00f3n sobre su dispositivo, incluyendo informaci\u00f3n sobre su navegador web, direcci\u00f3n IP, zona horaria y algunas cookies instaladas en su dispositivo. Adem\u00e1s, mientras navega por el Sitio, recopilamos informaci\u00f3n sobre las p\u00e1ginas web o productos que visita, los sitios web o t\u00e9rminos de b\u00fasqueda que lo redireccionaron al Sitio e informaci\u00f3n sobre c\u00f3mo interact\u00faa con \u00e9l. A esta informaci\u00f3n recopilada autom\u00e1ticamente la denominamos &quot;Informaci\u00f3n del Dispositivo&quot;. Asimismo, podemos recopilar los datos personales que nos proporciona (incluyendo, entre otros, nombre, direcci\u00f3n, informaci\u00f3n de pago, etc.) durante el registro para ejecutar el contrato.<\/p><p><strong>\u00bfPor qu\u00e9 tratamos sus datos?<\/strong><br \/>Nuestra m\u00e1xima prioridad es la seguridad de los datos de nuestros clientes, por lo que solo procesamos la m\u00ednima cantidad de datos de los usuarios necesaria para el mantenimiento del sitio web. La informaci\u00f3n recopilada autom\u00e1ticamente se utiliza \u00fanicamente para identificar posibles casos de abuso y para recopilar informaci\u00f3n estad\u00edstica sobre el uso del sitio web. Esta informaci\u00f3n estad\u00edstica no se agrega de ninguna manera que permita identificar a un usuario espec\u00edfico del sistema.<\/p><p>Puede visitar el Sitio Web sin revelar su identidad ni revelar informaci\u00f3n que permita identificarle como persona f\u00edsica. Sin embargo, si desea utilizar ciertas funciones del Sitio Web, recibir nuestro bolet\u00edn informativo o proporcionar otros datos rellenando un formulario, puede proporcionarnos datos personales, como su correo electr\u00f3nico, nombre, apellidos, ciudad de residencia, organizaci\u00f3n y n\u00famero de tel\u00e9fono. Si bien puede optar por no proporcionarnos sus datos personales, es posible que no pueda disfrutar de ciertas funciones del Sitio Web. Por ejemplo, no podr\u00e1 recibir nuestro bolet\u00edn informativo ni contactarnos directamente desde el Sitio Web. Si tiene alguna duda sobre qu\u00e9 informaci\u00f3n es obligatoria, puede ponerse en contacto con nosotros en contact@tutemetscombien.fr.<\/p><p><strong>Sus derechos:<\/strong><br \/>Si usted es residente europeo, tiene los siguientes derechos relacionados con sus datos personales:<\/p><p>El derecho a estar informado.<br \/>El derecho de acceso.<br \/>El derecho de rectificaci\u00f3n.<br \/>El derecho al borrado.<br \/>El derecho a restringir el procesamiento.<br \/>El derecho a la portabilidad de datos.<br \/>El derecho a objetar.<br \/>Derechos relativos a la toma de decisiones automatizada y la elaboraci\u00f3n de perfiles.<br \/>Si desea ejercer este derecho, cont\u00e1ctenos utilizando los datos de contacto que aparecen a continuaci\u00f3n.<\/p><p>Adem\u00e1s, si reside en Europa, le informamos que procesamos su informaci\u00f3n para cumplir con los contratos que tengamos con usted (por ejemplo, si realiza un pedido a trav\u00e9s del Sitio) o para perseguir nuestros intereses comerciales leg\u00edtimos mencionados anteriormente. Adem\u00e1s, tenga en cuenta que su informaci\u00f3n podr\u00eda transferirse fuera de Europa, incluyendo a Canad\u00e1 y Estados Unidos.<\/p><p><strong>Enlaces a otros sitios web:<\/strong><br \/>Nuestro sitio web puede contener enlaces a otros sitios web que no son de nuestra propiedad ni est\u00e1n bajo nuestro control. Tenga en cuenta que no nos responsabilizamos de estos sitios web ni de las pr\u00e1cticas de privacidad de terceros. Le recomendamos que est\u00e9 atento al salir de nuestro sitio web y que lea las declaraciones de privacidad de todos los sitios web que puedan recopilar informaci\u00f3n personal.<\/p><p><strong>Seguridad de la informaci\u00f3n:<\/strong><br \/>Protegemos la informaci\u00f3n que nos proporciona en servidores inform\u00e1ticos en un entorno controlado y seguro, protegido contra accesos, usos y divulgaciones no autorizados. Mantenemos medidas de seguridad administrativas, t\u00e9cnicas y f\u00edsicas razonables para proteger contra el acceso, uso, modificaci\u00f3n y divulgaci\u00f3n no autorizados de los datos personales bajo su control y custodia. Sin embargo, no se puede garantizar la transmisi\u00f3n de datos a trav\u00e9s de internet ni de ninguna red inal\u00e1mbrica.<\/p><p><strong>Aviso legal:<\/strong><br \/>Revelaremos cualquier informaci\u00f3n que recopilemos, usemos o recibamos si la ley lo requiere o lo permite, como para cumplir con una citaci\u00f3n o un proceso legal similar, y cuando creamos de buena fe que la divulgaci\u00f3n es necesaria para proteger nuestros derechos, su seguridad o la seguridad de otros, investigar fraude o responder a una solicitud del gobierno.<\/p><p><strong>Informaci\u00f3n del contacto:<\/strong><br \/>Si desea ponerse en contacto con nosotros para comprender mejor esta pol\u00edtica o si desea contactarnos con respecto a cualquier asunto relacionado con los derechos individuales y su informaci\u00f3n personal, puede enviar un correo electr\u00f3nico a contact@tutemetscombien.fr.<\/p>\t\t\t\t\t\t\t\t<\/div>\n\t\t\t\t<\/div>\n\t\t\t\t\t<\/div>\n\t\t\t\t<\/div>\n\t\t<div class=\"elementor-element elementor-element-f3d620b e-flex e-con-boxed e-con e-child\" data-id=\"f3d620b\" data-element_type=\"container\" data-e-type=\"container\">\n\t\t\t\t\t<div class=\"e-con-inner\">\n\t\t<div class=\"elementor-element elementor-element-7724ad3 e-con-full e-flex e-con e-child\" data-id=\"7724ad3\" data-element_type=\"container\" data-e-type=\"container\">\n\t\t<div class=\"elementor-element elementor-element-15ace8d e-con-full e-flex e-con e-child\" data-id=\"15ace8d\" data-element_type=\"container\" data-e-type=\"container\">\n\t\t\t\t<div class=\"elementor-element elementor-element-090a06d elementor-widget__width-initial elementor-widget-mobile__width-initial elementor-widget elementor-widget-text-editor\" data-id=\"090a06d\" data-element_type=\"widget\" data-e-type=\"widget\" data-widget_type=\"text-editor.default\">\n\t\t\t\t<div class=\"elementor-widget-container\">\n\t\t\t\t\t\t\t\t\t<p>\u00a9 2025<\/p>\t\t\t\t\t\t\t\t<\/div>\n\t\t\t\t<\/div>\n\t\t\t\t<div class=\"elementor-element elementor-element-34f3245 elementor-widget__width-initial elementor-widget-mobile__width-initial elementor-widget elementor-widget-button\" data-id=\"34f3245\" data-element_type=\"widget\" data-e-type=\"widget\" data-widget_type=\"button.default\">\n\t\t\t\t<div class=\"elementor-widget-container\">\n\t\t\t\t\t\t\t\t\t<div class=\"elementor-button-wrapper\">\n\t\t\t\t\t<a class=\"elementor-button elementor-button-link elementor-size-sm\" href=\"\/es\/avisos-legales\/\">\n\t\t\t\t\t\t<span class=\"elementor-button-content-wrapper\">\n\t\t\t\t\t\t\t\t\t<span class=\"elementor-button-text\">Avisos legales<\/span>\n\t\t\t\t\t<\/span>\n\t\t\t\t\t<\/a>\n\t\t\t\t<\/div>\n\t\t\t\t\t\t\t\t<\/div>\n\t\t\t\t<\/div>\n\t\t\t\t<div class=\"elementor-element elementor-element-be83330 elementor-widget__width-initial elementor-widget-mobile__width-initial elementor-widget elementor-widget-button\" data-id=\"be83330\" data-element_type=\"widget\" data-e-type=\"widget\" data-widget_type=\"button.default\">\n\t\t\t\t<div class=\"elementor-widget-container\">\n\t\t\t\t\t\t\t\t\t<div class=\"elementor-button-wrapper\">\n\t\t\t\t\t<a class=\"elementor-button elementor-button-link elementor-size-sm\" href=\"\/es\/politica-de-privacidad\/\">\n\t\t\t\t\t\t<span class=\"elementor-button-content-wrapper\">\n\t\t\t\t\t\t\t\t\t<span class=\"elementor-button-text\">pol\u00edtica de privacidad<\/span>\n\t\t\t\t\t<\/span>\n\t\t\t\t\t<\/a>\n\t\t\t\t<\/div>\n\t\t\t\t\t\t\t\t<\/div>\n\t\t\t\t<\/div>\n\t\t\t\t<div class=\"elementor-element elementor-element-1e906f2 elementor-widget__width-initial elementor-widget-mobile__width-initial elementor-widget elementor-widget-button\" data-id=\"1e906f2\" data-element_type=\"widget\" data-e-type=\"widget\" data-widget_type=\"button.default\">\n\t\t\t\t<div class=\"elementor-widget-container\">\n\t\t\t\t\t\t\t\t\t<div class=\"elementor-button-wrapper\">\n\t\t\t\t\t<a class=\"elementor-button elementor-button-link elementor-size-sm\" href=\"\/es\/terminos-y-condiciones-generales\/\">\n\t\t\t\t\t\t<span class=\"elementor-button-content-wrapper\">\n\t\t\t\t\t\t\t\t\t<span class=\"elementor-button-text\">T\u00e9rminos y condiciones generales<\/span>\n\t\t\t\t\t<\/span>\n\t\t\t\t\t<\/a>\n\t\t\t\t<\/div>\n\t\t\t\t\t\t\t\t<\/div>\n\t\t\t\t<\/div>\n\t\t\t\t<\/div>\n\t\t\t\t<\/div>\n\t\t\t\t\t<\/div>\n\t\t\t\t<\/div>\n\t\t\t\t<\/div>","protected":false},"excerpt":{"rendered":"<p>Le site web tutemetscombien.fr est d\u00e9tenu par Tu te mets combien ?, qui est un contr\u00f4leur de donn\u00e9es de vos donn\u00e9es personnelles. Nous avons adopt\u00e9 cette politique de confidentialit\u00e9, qui d\u00e9termine la mani\u00e8re dont nous traitons les informations collect\u00e9es par tutemetscombien.fr, qui fournit \u00e9galement les raisons pour lesquelles nous devons collecter certaines donn\u00e9es personnelles vous [&hellip;]<\/p>\n","protected":false},"author":1,"featured_media":0,"parent":0,"menu_order":0,"comment_status":"closed","ping_status":"closed","template":"","meta":{"_acf_changed":false,"footnotes":""},"class_list":["post-982","page","type-page","status-publish","hentry"],"acf":[],"_links":{"self":[{"href":"https:\/\/dev.tutemetscombien.fr\/es\/wp-json\/wp\/v2\/pages\/982","targetHints":{"allow":["GET"]}}],"collection":[{"href":"https:\/\/dev.tutemetscombien.fr\/es\/wp-json\/wp\/v2\/pages"}],"about":[{"href":"https:\/\/dev.tutemetscombien.fr\/es\/wp-json\/wp\/v2\/types\/page"}],"author":[{"embeddable":true,"href":"https:\/\/dev.tutemetscombien.fr\/es\/wp-json\/wp\/v2\/users\/1"}],"replies":[{"embeddable":true,"href":"https:\/\/dev.tutemetscombien.fr\/es\/wp-json\/wp\/v2\/comments?post=982"}],"version-history":[{"count":9,"href":"https:\/\/dev.tutemetscombien.fr\/es\/wp-json\/wp\/v2\/pages\/982\/revisions"}],"predecessor-version":[{"id":1008,"href":"https:\/\/dev.tutemetscombien.fr\/es\/wp-json\/wp\/v2\/pages\/982\/revisions\/1008"}],"wp:attachment":[{"href":"https:\/\/dev.tutemetscombien.fr\/es\/wp-json\/wp\/v2\/media?parent=982"}],"curies":[{"name":"wp","href":"https:\/\/api.w.org\/{rel}","templated":true}]}}