{"id":1538,"date":"2025-07-16T11:39:04","date_gmt":"2025-07-16T09:39:04","guid":{"rendered":"https:\/\/dev.tutemetscombien.fr\/?post_type=product&#038;p=1538"},"modified":"2026-02-23T11:17:15","modified_gmt":"2026-02-23T10:17:15","slug":"ttmc-2-cuanto-estas-recuperando","status":"publish","type":"product","link":"https:\/\/dev.tutemetscombien.fr\/es\/jeu-de-societe\/ttmc-2-tu-te-remets-combien\/","title":{"rendered":"TTMC 2 \u2013 Tu Te (Re)Mets Combien ?"},"content":{"rendered":"<p style=\"font-weight: 400;\"><em>TTMC 2 \u2013 Tu Te (Re)Mets Combien ?<\/em> \u00a1Revive el principio del cuestionario de culto en el que autoeval\u00faas tus conocimientos del 1 al 10, con una buena dosis de nuevas funciones!<\/p>\n<p style=\"font-weight: 400;\">Descubre 540 cartas y 4.028 nuevas preguntas sobre multitud de temas, desde los m\u00e1s serios hasta los m\u00e1s inveros\u00edmiles.<\/p>\n<p style=\"font-weight: 400;\">Incluso se introduce en su interior una caja del tama\u00f1o de una evasi\u00f3n, independiente y emancipada, para poder jugar en cualquier lugar (excepto en la ducha).<\/p>\n<p style=\"font-weight: 400;\">Nuevas cartas especiales &quot;intr\u00e9pidas&quot;, mayor interacci\u00f3n en equipo, duraci\u00f3n de partida ajustable\u2026 pero el principio se mantiene: eliges una puntuaci\u00f3n entre 1 (f\u00e1cil) y 10 (experto) en el tema sorteado. Cuanto mayor sea la puntuaci\u00f3n, m\u00e1s dif\u00edcil ser\u00e1 la pregunta. Si respondes correctamente, avanzas la cantidad de casillas indicada por tu puntuaci\u00f3n.<\/p>","protected":false},"excerpt":{"rendered":"<div id=\"product-description-short-4524\">\n<p>\u00bfQu\u00e9 tal tus puntuaciones en nutrias? \u00bfEn 5G? \u00bfEn \u00e1lgebra?<br \/>\n\u00a1La secuela del juego de conocimientos generales en el que autoeval\u00faas tus conocimientos del 1 al 10 sobre una gran cantidad de temas nuevos!<\/p>\n<\/div>","protected":false},"featured_media":3138,"comment_status":"closed","ping_status":"closed","template":"","meta":{"_acf_changed":false},"product_brand":[],"product_cat":[37],"product_tag":[],"class_list":{"0":"post-1538","1":"product","2":"type-product","3":"status-publish","4":"has-post-thumbnail","6":"product_cat-ttmc-france","8":"first","9":"instock","10":"featured","11":"taxable","12":"shipping-taxable","13":"purchasable","14":"product-type-simple"},"acf":[],"_links":{"self":[{"href":"https:\/\/dev.tutemetscombien.fr\/es\/wp-json\/wp\/v2\/product\/1538","targetHints":{"allow":["GET"]}}],"collection":[{"href":"https:\/\/dev.tutemetscombien.fr\/es\/wp-json\/wp\/v2\/product"}],"about":[{"href":"https:\/\/dev.tutemetscombien.fr\/es\/wp-json\/wp\/v2\/types\/product"}],"replies":[{"embeddable":true,"href":"https:\/\/dev.tutemetscombien.fr\/es\/wp-json\/wp\/v2\/comments?post=1538"}],"wp:featuredmedia":[{"embeddable":true,"href":"https:\/\/dev.tutemetscombien.fr\/es\/wp-json\/wp\/v2\/media\/3138"}],"wp:attachment":[{"href":"https:\/\/dev.tutemetscombien.fr\/es\/wp-json\/wp\/v2\/media?parent=1538"}],"wp:term":[{"taxonomy":"product_brand","embeddable":true,"href":"https:\/\/dev.tutemetscombien.fr\/es\/wp-json\/wp\/v2\/product_brand?post=1538"},{"taxonomy":"product_cat","embeddable":true,"href":"https:\/\/dev.tutemetscombien.fr\/es\/wp-json\/wp\/v2\/product_cat?post=1538"},{"taxonomy":"product_tag","embeddable":true,"href":"https:\/\/dev.tutemetscombien.fr\/es\/wp-json\/wp\/v2\/product_tag?post=1538"}],"curies":[{"name":"wp","href":"https:\/\/api.w.org\/{rel}","templated":true}]}}