{"id":1593,"date":"2025-07-21T15:15:50","date_gmt":"2025-07-21T13:15:50","guid":{"rendered":"https:\/\/dev.tutemetscombien.fr\/?post_type=product&#038;p=1593"},"modified":"2026-02-23T11:15:47","modified_gmt":"2026-02-23T10:15:47","slug":"musica-ttmc","status":"publish","type":"product","link":"https:\/\/dev.tutemetscombien.fr\/es\/jeu-de-societe\/ttmc-musique\/","title":{"rendered":"TTMC \u2013 M\u00fasica"},"content":{"rendered":"<p>Variante r\u00edtmica de <em>TTMC \u2013 Tu Te Mets Combien ?<\/em>, Esta edici\u00f3n especial te ofrece 162 tarjetas y 1.178 preguntas sobre m\u00fasica.<\/p>\n<p>Es la misma historia de siempre: autoeval\u00faas tus conocimientos del 1 (f\u00e1cil) al 10 (experto) sobre el tema elegido. Cuanto mayor sea la puntuaci\u00f3n, m\u00e1s dif\u00edcil ser\u00e1 la pregunta. \u00bfLa respuesta correcta? Avanzas la misma cantidad de casillas que tu puntuaci\u00f3n.<\/p>\n<p>Accesible para todos los amantes de la m\u00fasica, pon a prueba tus conocimientos desde Aznavour hasta Beyonc\u00e9.<\/p>","protected":false},"excerpt":{"rendered":"<p>\u00bfCu\u00e1ntas canciones de Disney calificar\u00edas? \u00bfBeatles? \u00bfGuitarras?<br \/>\n\u00a1Un festival de preguntas sobre m\u00fasica!<\/p>","protected":false},"featured_media":3599,"comment_status":"closed","ping_status":"closed","template":"","meta":{"_acf_changed":false},"product_brand":[],"product_cat":[37],"product_tag":[],"class_list":{"0":"post-1593","1":"product","2":"type-product","3":"status-publish","4":"has-post-thumbnail","6":"product_cat-ttmc-france","8":"first","9":"outofstock","10":"taxable","11":"shipping-taxable","12":"purchasable","13":"product-type-simple"},"acf":[],"_links":{"self":[{"href":"https:\/\/dev.tutemetscombien.fr\/es\/wp-json\/wp\/v2\/product\/1593","targetHints":{"allow":["GET"]}}],"collection":[{"href":"https:\/\/dev.tutemetscombien.fr\/es\/wp-json\/wp\/v2\/product"}],"about":[{"href":"https:\/\/dev.tutemetscombien.fr\/es\/wp-json\/wp\/v2\/types\/product"}],"replies":[{"embeddable":true,"href":"https:\/\/dev.tutemetscombien.fr\/es\/wp-json\/wp\/v2\/comments?post=1593"}],"wp:featuredmedia":[{"embeddable":true,"href":"https:\/\/dev.tutemetscombien.fr\/es\/wp-json\/wp\/v2\/media\/3599"}],"wp:attachment":[{"href":"https:\/\/dev.tutemetscombien.fr\/es\/wp-json\/wp\/v2\/media?parent=1593"}],"wp:term":[{"taxonomy":"product_brand","embeddable":true,"href":"https:\/\/dev.tutemetscombien.fr\/es\/wp-json\/wp\/v2\/product_brand?post=1593"},{"taxonomy":"product_cat","embeddable":true,"href":"https:\/\/dev.tutemetscombien.fr\/es\/wp-json\/wp\/v2\/product_cat?post=1593"},{"taxonomy":"product_tag","embeddable":true,"href":"https:\/\/dev.tutemetscombien.fr\/es\/wp-json\/wp\/v2\/product_tag?post=1593"}],"curies":[{"name":"wp","href":"https:\/\/api.w.org\/{rel}","templated":true}]}}