{"id":1594,"date":"2025-07-21T15:19:09","date_gmt":"2025-07-21T13:19:09","guid":{"rendered":"https:\/\/dev.tutemetscombien.fr\/?post_type=product&#038;p=1594"},"modified":"2026-02-23T11:15:05","modified_gmt":"2026-02-23T10:15:05","slug":"ttmc-buena-comida-con-marmiton","status":"publish","type":"product","link":"https:\/\/dev.tutemetscombien.fr\/es\/jeu-de-societe\/ttmc-bonne-bouffe-avec-marmiton\/","title":{"rendered":"TTMC \u2013 Bonne Bouffe avec Marmiton"},"content":{"rendered":"<p>Una sabrosa variaci\u00f3n de <em>TTMC \u2013 Tu Te Mets Combien ?<\/em>, Esta edici\u00f3n especial te ofrece 162 tarjetas y 1.157 preguntas sobre cocina.<\/p>\n<p>La f\u00f3rmula sigue siendo la misma: autoeval\u00faas tus conocimientos del 1 (f\u00e1cil) al 10 (experto) sobre el tema. Cuanto mayor sea la puntuaci\u00f3n, m\u00e1s dif\u00edcil ser\u00e1 la pregunta. \u00bfLa respuesta correcta? Avanzas la misma cantidad de casillas que tu puntuaci\u00f3n. Simple, atractivo y eficaz.<\/p>\n<p>Accesible para todos los amantes de la gastronom\u00eda, este juego se puede disfrutar sin moderaci\u00f3n.<\/p>\n<p>En colaboraci\u00f3n con Marmiton.<\/p>","protected":false},"excerpt":{"rendered":"<div id=\"product-description-short-2134\">\n<p>\u00bfCu\u00e1nto gastas en tiramis\u00fa? \u00bfEn m\u00e9todos de cocci\u00f3n? \u00bfEn chefs con estrellas Michelin?<br \/>\n\u00a1Un fest\u00edn de preguntas con Marmiton!<\/p>\n<\/div>","protected":false},"featured_media":1588,"comment_status":"closed","ping_status":"closed","template":"","meta":{"_acf_changed":false},"product_brand":[],"product_cat":[37],"product_tag":[],"class_list":{"0":"post-1594","1":"product","2":"type-product","3":"status-publish","4":"has-post-thumbnail","6":"product_cat-ttmc-france","8":"first","9":"instock","10":"taxable","11":"shipping-taxable","12":"purchasable","13":"product-type-simple"},"acf":[],"_links":{"self":[{"href":"https:\/\/dev.tutemetscombien.fr\/es\/wp-json\/wp\/v2\/product\/1594","targetHints":{"allow":["GET"]}}],"collection":[{"href":"https:\/\/dev.tutemetscombien.fr\/es\/wp-json\/wp\/v2\/product"}],"about":[{"href":"https:\/\/dev.tutemetscombien.fr\/es\/wp-json\/wp\/v2\/types\/product"}],"replies":[{"embeddable":true,"href":"https:\/\/dev.tutemetscombien.fr\/es\/wp-json\/wp\/v2\/comments?post=1594"}],"wp:featuredmedia":[{"embeddable":true,"href":"https:\/\/dev.tutemetscombien.fr\/es\/wp-json\/wp\/v2\/media\/1588"}],"wp:attachment":[{"href":"https:\/\/dev.tutemetscombien.fr\/es\/wp-json\/wp\/v2\/media?parent=1594"}],"wp:term":[{"taxonomy":"product_brand","embeddable":true,"href":"https:\/\/dev.tutemetscombien.fr\/es\/wp-json\/wp\/v2\/product_brand?post=1594"},{"taxonomy":"product_cat","embeddable":true,"href":"https:\/\/dev.tutemetscombien.fr\/es\/wp-json\/wp\/v2\/product_cat?post=1594"},{"taxonomy":"product_tag","embeddable":true,"href":"https:\/\/dev.tutemetscombien.fr\/es\/wp-json\/wp\/v2\/product_tag?post=1594"}],"curies":[{"name":"wp","href":"https:\/\/api.w.org\/{rel}","templated":true}]}}