{"id":2521,"date":"2025-10-21T12:21:27","date_gmt":"2025-10-21T10:21:27","guid":{"rendered":"https:\/\/dev.tutemetscombien.fr\/?post_type=product&#038;p=2521"},"modified":"2026-02-23T11:13:28","modified_gmt":"2026-02-23T10:13:28","slug":"ttmc-el-suplemento-natural","status":"publish","type":"product","link":"https:\/\/dev.tutemetscombien.fr\/es\/jeu-de-societe\/ttmc-le-complement-naturel\/","title":{"rendered":"TTMC \u2013 Le Compl\u00e9ment Naturel"},"content":{"rendered":"<p>\u00bfPensabas que \u00edbamos a hablar de pinos pi\u00f1oneros y compost? \u00a1Te equivocas!.<\/p>\n<p><em>El suplemento natural<\/em>, Es simplemente la extensi\u00f3n que encaja naturalmente en la caja del <em>TTMC 1<\/em>.<\/p>\n<p>130 cartas y 1.035 nuevas preguntas para volver a jugar, con las mismas categor\u00edas legendarias: Escuela, Maduro, Divertido, Improbable y las famosas cartas Desaf\u00edo y No Dudes en Ganar.<\/p>\n<p>El principio sigue siendo el mismo: autoeval\u00faas tus conocimientos del 1 (f\u00e1cil) al 10 (experto) sobre el tema. Cuanto mayor sea la puntuaci\u00f3n, m\u00e1s dif\u00edcil ser\u00e1 la pregunta. \u00bfLa respuesta correcta? Avanzas la misma cantidad de casillas que tu puntuaci\u00f3n.<\/p>","protected":false},"excerpt":{"rendered":"<div id=\"TheTexte\" class=\"Texte\" lang=\"zxx\">\n<div id=\"product-description-short-224\">\n<p>\u00bfCu\u00e1nta cerveza gastas? \u00bfEn enjuague bucal? \u00bfEn alimentos con almid\u00f3n?<br \/>\nLo \u00fanico natural en \u00e9l es que complementa perfectamente tu... <em>TTMC<\/em> !<\/p>\n<\/div>\n<\/div>","protected":false},"featured_media":3148,"comment_status":"closed","ping_status":"closed","template":"","meta":{"_acf_changed":false},"product_brand":[],"product_cat":[37],"product_tag":[],"class_list":{"0":"post-2521","1":"product","2":"type-product","3":"status-publish","4":"has-post-thumbnail","6":"product_cat-ttmc-france","8":"first","9":"instock","10":"taxable","11":"shipping-taxable","12":"purchasable","13":"product-type-simple"},"acf":[],"_links":{"self":[{"href":"https:\/\/dev.tutemetscombien.fr\/es\/wp-json\/wp\/v2\/product\/2521","targetHints":{"allow":["GET"]}}],"collection":[{"href":"https:\/\/dev.tutemetscombien.fr\/es\/wp-json\/wp\/v2\/product"}],"about":[{"href":"https:\/\/dev.tutemetscombien.fr\/es\/wp-json\/wp\/v2\/types\/product"}],"replies":[{"embeddable":true,"href":"https:\/\/dev.tutemetscombien.fr\/es\/wp-json\/wp\/v2\/comments?post=2521"}],"wp:featuredmedia":[{"embeddable":true,"href":"https:\/\/dev.tutemetscombien.fr\/es\/wp-json\/wp\/v2\/media\/3148"}],"wp:attachment":[{"href":"https:\/\/dev.tutemetscombien.fr\/es\/wp-json\/wp\/v2\/media?parent=2521"}],"wp:term":[{"taxonomy":"product_brand","embeddable":true,"href":"https:\/\/dev.tutemetscombien.fr\/es\/wp-json\/wp\/v2\/product_brand?post=2521"},{"taxonomy":"product_cat","embeddable":true,"href":"https:\/\/dev.tutemetscombien.fr\/es\/wp-json\/wp\/v2\/product_cat?post=2521"},{"taxonomy":"product_tag","embeddable":true,"href":"https:\/\/dev.tutemetscombien.fr\/es\/wp-json\/wp\/v2\/product_tag?post=2521"}],"curies":[{"name":"wp","href":"https:\/\/api.w.org\/{rel}","templated":true}]}}