{"id":2613,"date":"2025-10-24T16:37:36","date_gmt":"2025-10-24T14:37:36","guid":{"rendered":"https:\/\/dev.tutemetscombien.fr\/?post_type=product&#038;p=2613"},"modified":"2026-02-23T11:18:43","modified_gmt":"2026-02-23T10:18:43","slug":"ninos-vendedores-de-ttmc","status":"publish","type":"product","link":"https:\/\/dev.tutemetscombien.fr\/es\/jeu-de-societe\/ttmc-sales-momes\/","title":{"rendered":"TTMC \u2013 Sales M\u00f4mes"},"content":{"rendered":"<p>Variante de <em>TTMC \u2013 Tu Te Mets Combien ?<\/em> Pensada para ni\u00f1os, esta edici\u00f3n te ofrece 162 tarjetas para ni\u00f1os traviesos y 835 preguntas de buenos modales.<\/p>\n<p>El principio sigue siendo el mismo: autoeval\u00faas tus conocimientos del 1 (f\u00e1cil) al 5 (experto) sobre el tema. Cuanto mayor sea la puntuaci\u00f3n, m\u00e1s dif\u00edcil ser\u00e1 la pregunta. \u00bfLa respuesta correcta? Avanzas la misma cantidad de casillas que tu puntuaci\u00f3n.<\/p>\n<p>Tambi\u00e9n se proporcionan pegatinas ingeniosas para jugar con adultos en los tableros de juego. <em>TTMC<\/em> 1 y 2.<\/p>\n<p>\u00a1Los ni\u00f1os traviesos finalmente se vengar\u00e1n!<\/p>","protected":false},"excerpt":{"rendered":"<div id=\"product-description-short-4524\">\n<p>\u00bfQu\u00e9 calificaci\u00f3n te dar\u00edas en cuanto a tu f\u00edsico? \u00bfEn los videojuegos? \u00bfEn Harry Potter?<br \/>\nLa versi\u00f3n <em>TTMC<\/em> \u00a1Para los ni\u00f1os, ya sean autoproclamados fracasados o autoproclamados intelectuales!<\/p>\n<\/div>","protected":false},"featured_media":2616,"comment_status":"closed","ping_status":"closed","template":"","meta":{"_acf_changed":false},"product_brand":[],"product_cat":[37],"product_tag":[],"class_list":{"0":"post-2613","1":"product","2":"type-product","3":"status-publish","4":"has-post-thumbnail","6":"product_cat-ttmc-france","8":"first","9":"instock","10":"featured","11":"taxable","12":"shipping-taxable","13":"purchasable","14":"product-type-simple"},"acf":[],"_links":{"self":[{"href":"https:\/\/dev.tutemetscombien.fr\/es\/wp-json\/wp\/v2\/product\/2613","targetHints":{"allow":["GET"]}}],"collection":[{"href":"https:\/\/dev.tutemetscombien.fr\/es\/wp-json\/wp\/v2\/product"}],"about":[{"href":"https:\/\/dev.tutemetscombien.fr\/es\/wp-json\/wp\/v2\/types\/product"}],"replies":[{"embeddable":true,"href":"https:\/\/dev.tutemetscombien.fr\/es\/wp-json\/wp\/v2\/comments?post=2613"}],"wp:featuredmedia":[{"embeddable":true,"href":"https:\/\/dev.tutemetscombien.fr\/es\/wp-json\/wp\/v2\/media\/2616"}],"wp:attachment":[{"href":"https:\/\/dev.tutemetscombien.fr\/es\/wp-json\/wp\/v2\/media?parent=2613"}],"wp:term":[{"taxonomy":"product_brand","embeddable":true,"href":"https:\/\/dev.tutemetscombien.fr\/es\/wp-json\/wp\/v2\/product_brand?post=2613"},{"taxonomy":"product_cat","embeddable":true,"href":"https:\/\/dev.tutemetscombien.fr\/es\/wp-json\/wp\/v2\/product_cat?post=2613"},{"taxonomy":"product_tag","embeddable":true,"href":"https:\/\/dev.tutemetscombien.fr\/es\/wp-json\/wp\/v2\/product_tag?post=2613"}],"curies":[{"name":"wp","href":"https:\/\/api.w.org\/{rel}","templated":true}]}}