{"id":3128,"date":"2025-11-20T10:50:32","date_gmt":"2025-11-20T09:50:32","guid":{"rendered":"https:\/\/dev.tutemetscombien.fr\/?post_type=product&#038;p=3128"},"modified":"2025-12-01T15:34:47","modified_gmt":"2025-12-01T14:34:47","slug":"ttmc-martinica","status":"publish","type":"product","link":"https:\/\/dev.tutemetscombien.fr\/es\/jeu-de-societe\/ttmc-martinique\/","title":{"rendered":"TTMC \u2013 Edici\u00f3n Martinica"},"content":{"rendered":"<p><em>TTMC \u2013 Tu Te Mets Combien ?<\/em> Est\u00e1 a medio camino entre un juego de conocimientos generales y un juego de fiesta.<\/p>\n<p>Eval\u00faa tus conocimientos del 1 al 10 sobre multitud de temas, desde los m\u00e1s cl\u00e1sicos a los m\u00e1s inveros\u00edmiles, y s\u00e9 el primero en recorrer todo el tablero.<\/p>\n<p>El principio es simple: eliges un nivel entre 1 (f\u00e1cil) y 10 (experto) en el tema dado. Cuanto mayor sea el n\u00famero, m\u00e1s dif\u00edcil ser\u00e1 la pregunta. Si respondes correctamente, avanzas la misma cantidad de casillas que tu n\u00famero. \u00bfF\u00e1cil? Prueba el nivel 8 sobre alcachofas de Jerusal\u00e9n.<\/p>\n<p>\u00a1Es divertido, accesible y completamente adictivo!<\/p>\n<p>Entonces, \u00bfcu\u00e1nto valoras el Monte Pel\u00e9e? \u00bfY las &quot;comunas sagradas&quot;? \u00bfY los monumentos hist\u00f3ricos de Martinica?<\/p>","protected":false},"excerpt":{"rendered":"<div id=\"product-description-short-154\">\n<p>\u00a1La versi\u00f3n martinique\u00f1a de nuestro exitoso juego de mesa, en formato escapada!<\/p>\n<\/div>","protected":false},"featured_media":3130,"comment_status":"closed","ping_status":"closed","template":"","meta":{"_acf_changed":false},"product_brand":[],"product_cat":[34],"product_tag":[],"class_list":{"0":"post-3128","1":"product","2":"type-product","3":"status-publish","4":"has-post-thumbnail","6":"product_cat-ttmc-a-linternational","8":"first","9":"instock","10":"taxable","11":"shipping-taxable","12":"product-type-external"},"acf":[],"_links":{"self":[{"href":"https:\/\/dev.tutemetscombien.fr\/es\/wp-json\/wp\/v2\/product\/3128","targetHints":{"allow":["GET"]}}],"collection":[{"href":"https:\/\/dev.tutemetscombien.fr\/es\/wp-json\/wp\/v2\/product"}],"about":[{"href":"https:\/\/dev.tutemetscombien.fr\/es\/wp-json\/wp\/v2\/types\/product"}],"replies":[{"embeddable":true,"href":"https:\/\/dev.tutemetscombien.fr\/es\/wp-json\/wp\/v2\/comments?post=3128"}],"wp:featuredmedia":[{"embeddable":true,"href":"https:\/\/dev.tutemetscombien.fr\/es\/wp-json\/wp\/v2\/media\/3130"}],"wp:attachment":[{"href":"https:\/\/dev.tutemetscombien.fr\/es\/wp-json\/wp\/v2\/media?parent=3128"}],"wp:term":[{"taxonomy":"product_brand","embeddable":true,"href":"https:\/\/dev.tutemetscombien.fr\/es\/wp-json\/wp\/v2\/product_brand?post=3128"},{"taxonomy":"product_cat","embeddable":true,"href":"https:\/\/dev.tutemetscombien.fr\/es\/wp-json\/wp\/v2\/product_cat?post=3128"},{"taxonomy":"product_tag","embeddable":true,"href":"https:\/\/dev.tutemetscombien.fr\/es\/wp-json\/wp\/v2\/product_tag?post=3128"}],"curies":[{"name":"wp","href":"https:\/\/api.w.org\/{rel}","templated":true}]}}