{"id":3583,"date":"2026-02-25T12:00:33","date_gmt":"2026-02-25T11:00:33","guid":{"rendered":"https:\/\/dev.tutemetscombien.fr\/?post_type=product&#038;p=3583"},"modified":"2026-02-23T11:08:12","modified_gmt":"2026-02-23T10:08:12","slug":"ttmc-ciencia-infundida-con-ciencia-vie","status":"publish","type":"product","link":"https:\/\/dev.tutemetscombien.fr\/es\/jeu-de-societe\/ttmc-science-infuse-avec-science-vie\/","title":{"rendered":"TTMC \u2013 Ciencia impregnada de ciencia y visi\u00f3n"},"content":{"rendered":"<p>Una variante viviente de <em>TTMC \u2013 Tu Te Mets Combien ?<\/em>, Esta edici\u00f3n especial te ofrece 162 tarjetas y m\u00e1s de 1200 preguntas sobre ciencia.<\/p>\n<p>La f\u00f3rmula sigue siendo la misma: autoeval\u00faas tus conocimientos del 1 (f\u00e1cil) al 10 (experto) sobre el tema. Cuanto mayor sea la puntuaci\u00f3n, m\u00e1s dif\u00edcil ser\u00e1 la pregunta. \u00bfRespuesta correcta? Avanzas el n\u00famero de casillas equivalente a tu puntuaci\u00f3n.<\/p>\n<p>Accesible tanto para genios de la ciencia como para aquellos que se saltaron las clases de biolog\u00eda.<\/p>\n<p>En colaboraci\u00f3n con Science &amp; Vie.<\/p>","protected":false},"excerpt":{"rendered":"<div id=\"product-description-short-2134\">\n<p>\u00bfC\u00f3mo te calificar\u00edas a ti mismo como un extraterrestre? \u00bfEn tr\u00e1nsito? \u00bfEn Jurassic Park?<br \/>\n\u00a1Un laboratorio de preguntas, con Science &amp; Vie!<\/p>\n<\/div>","protected":false},"featured_media":3585,"comment_status":"closed","ping_status":"closed","template":"","meta":{"_acf_changed":false},"product_brand":[],"product_cat":[37],"product_tag":[],"class_list":{"0":"post-3583","1":"product","2":"type-product","3":"status-publish","4":"has-post-thumbnail","6":"product_cat-ttmc-france","8":"first","9":"instock","10":"taxable","11":"shipping-taxable","12":"purchasable","13":"product-type-simple"},"acf":[],"_links":{"self":[{"href":"https:\/\/dev.tutemetscombien.fr\/es\/wp-json\/wp\/v2\/product\/3583","targetHints":{"allow":["GET"]}}],"collection":[{"href":"https:\/\/dev.tutemetscombien.fr\/es\/wp-json\/wp\/v2\/product"}],"about":[{"href":"https:\/\/dev.tutemetscombien.fr\/es\/wp-json\/wp\/v2\/types\/product"}],"replies":[{"embeddable":true,"href":"https:\/\/dev.tutemetscombien.fr\/es\/wp-json\/wp\/v2\/comments?post=3583"}],"wp:featuredmedia":[{"embeddable":true,"href":"https:\/\/dev.tutemetscombien.fr\/es\/wp-json\/wp\/v2\/media\/3585"}],"wp:attachment":[{"href":"https:\/\/dev.tutemetscombien.fr\/es\/wp-json\/wp\/v2\/media?parent=3583"}],"wp:term":[{"taxonomy":"product_brand","embeddable":true,"href":"https:\/\/dev.tutemetscombien.fr\/es\/wp-json\/wp\/v2\/product_brand?post=3583"},{"taxonomy":"product_cat","embeddable":true,"href":"https:\/\/dev.tutemetscombien.fr\/es\/wp-json\/wp\/v2\/product_cat?post=3583"},{"taxonomy":"product_tag","embeddable":true,"href":"https:\/\/dev.tutemetscombien.fr\/es\/wp-json\/wp\/v2\/product_tag?post=3583"}],"curies":[{"name":"wp","href":"https:\/\/api.w.org\/{rel}","templated":true}]}}