{"id":958,"date":"2025-06-12T09:39:55","date_gmt":"2025-06-12T07:39:55","guid":{"rendered":"https:\/\/dev.tutemetscombien.fr\/?page_id=958"},"modified":"2025-07-03T13:54:50","modified_gmt":"2025-07-03T11:54:50","slug":"jogi-kozlemenyek","status":"publish","type":"page","link":"https:\/\/dev.tutemetscombien.fr\/hu\/mentions-legales\/","title":{"rendered":"Jogi k\u00f6zlem\u00e9nyek"},"content":{"rendered":"<div data-elementor-type=\"wp-page\" data-elementor-id=\"958\" class=\"elementor elementor-958\" data-elementor-post-type=\"page\">\n\t\t\t\t<div class=\"elementor-element elementor-element-4eefeba e-con-full e-flex e-con e-parent\" data-id=\"4eefeba\" data-element_type=\"container\" data-e-type=\"container\" data-settings=\"{&quot;background_background&quot;:&quot;classic&quot;}\">\n\t\t<div class=\"elementor-element elementor-element-6328355 e-flex e-con-boxed e-con e-child\" data-id=\"6328355\" data-element_type=\"container\" data-e-type=\"container\" data-settings=\"{&quot;background_background&quot;:&quot;classic&quot;}\">\n\t\t\t\t\t<div class=\"e-con-inner\">\n\t\t\t\t<div class=\"elementor-element elementor-element-974f98e elementor-widget elementor-widget-theme-post-title elementor-page-title elementor-widget-heading\" data-id=\"974f98e\" data-element_type=\"widget\" data-e-type=\"widget\" data-widget_type=\"theme-post-title.default\">\n\t\t\t\t<div class=\"elementor-widget-container\">\n\t\t\t\t\t<h1 class=\"elementor-heading-title elementor-size-default\">Jogi k\u00f6zlem\u00e9nyek<\/h1>\t\t\t\t<\/div>\n\t\t\t\t<\/div>\n\t\t\t\t\t<\/div>\n\t\t\t\t<\/div>\n\t\t\t\t<\/div>\n\t\t<div class=\"elementor-element elementor-element-79a1933 e-flex e-con-boxed e-con e-parent\" data-id=\"79a1933\" data-element_type=\"container\" data-e-type=\"container\">\n\t\t\t\t\t<div class=\"e-con-inner\">\n\t\t\t\t<div class=\"elementor-element elementor-element-3c6db99 elementor-widget elementor-widget-text-editor\" data-id=\"3c6db99\" data-element_type=\"widget\" data-e-type=\"widget\" data-widget_type=\"text-editor.default\">\n\t\t\t\t<div class=\"elementor-widget-container\">\n\t\t\t\t\t\t\t\t\t<p>A digit\u00e1lis gazdas\u00e1gba vetett bizalomr\u00f3l sz\u00f3l\u00f3, 2004. j\u00fanius 21-i 2004-575. sz\u00e1m\u00fa t\u00f6rv\u00e9ny 6. cikk\u00e9vel \u00f6sszhangban a http:\/\/dev.tutemetscombien.fr weboldal felhaszn\u00e1l\u00f3it ez\u00faton t\u00e1j\u00e9koztatjuk a l\u00e9trehoz\u00e1s\u00e1ban \u00e9s fenntart\u00e1s\u00e1ban r\u00e9szt vev\u0151 k\u00fcl\u00f6nb\u00f6z\u0151 felekr\u0151l:<\/p>\n<p>\u200d<br>Tulajdonos: LES EDITIONS DE BASE, SAS, 4000 eur\u00f3s alapt\u0151k\u00e9vel<br>SIRET = 82190894400035<\/p>\n<p>\u00c1FA-sz\u00e1m (k\u00f6z\u00f6ss\u00e9gen bel\u00fcli) = FR36821908944<\/p>\n<p>Sz\u00e9khely c\u00edme: 13, rue Diderot, 94300 Vincennes<\/p>\n<p>E-mail: contact@tutemetscombien.fr<\/p>\n<p>Weboldal: http:\/\/dev.tutemetscombien.fr<\/p>\n<p>\u200d<\/p>\n<p><strong>H\u00e1zigazda<\/strong>&nbsp;OVH, 2 rue Kellermann BP 80157 59053 ROUBAIX CEDEX 1 \u2013 Franciaorsz\u00e1g, SAS 10 059 500 eur\u00f3s t\u0151k\u00e9vel \u2013 RCS LILLE METROPOLE 424 761 419 00045 \u2013 APE k\u00f3d: 2620Z \u2013 Ad\u00f3sz\u00e1m: FR22424761419<br>Weboldal: https:\/\/www.ovh.com\/fr<br>Weboldal: http:\/\/www.cam-and-com.fr\/<\/p>\n<p>\u200d<\/p>\n<p>Ez a weboldal (dev.tutemetscombien.fr) k\u00fcl\u00f6nf\u00e9le webnyelveken (HTML, HTML5, Javascript, CSS stb.) \u00e9rhet\u0151 el. A kiv\u00e1l\u00f3 b\u00f6ng\u00e9sz\u00e9si \u00e9lm\u00e9ny \u00e9rdek\u00e9ben olyan b\u00f6ng\u00e9sz\u0151k haszn\u00e1lat\u00e1t javasoljuk, mint az Internet Explorer, a Google Chrome, a Safari \u00e9s a Firefox.<br>A LES EDITIONS DE BASE minden t\u0151le telhet\u0151t megtesz annak \u00e9rdek\u00e9ben, hogy weboldal\u00e1n tal\u00e1lhat\u00f3 inform\u00e1ci\u00f3k pontosak \u00e9s id\u0151szer\u0171ek legyenek. El\u0151fordulhatnak azonban hib\u00e1k vagy hi\u00e1nyoss\u00e1gok. A felhaszn\u00e1l\u00f3knak ez\u00e9rt ellen\u0151rizni\u00fck kell az inform\u00e1ci\u00f3k pontoss\u00e1g\u00e1t a LES EDITIONS DE BASE-n\u00e9l, \u00e9s a sz\u00fcks\u00e9ges v\u00e1ltoztat\u00e1sokat e-mailben kell jelenteni\u00fck a contact@tutemetscombien.fr c\u00edmen. A LES EDITIONS DE BASE nem v\u00e1llal felel\u0151ss\u00e9get ezen inform\u00e1ci\u00f3k felhaszn\u00e1l\u00e1s\u00e1\u00e9rt, sem az ebb\u0151l ered\u0151 k\u00f6zvetlen vagy k\u00f6zvetett k\u00e1rok\u00e9rt.<\/p>\n<p>\u200d<\/p>\n<p>A dev.tutemetscombien.fr weboldal k\u00e9rheti a l\u00e1togat\u00f3kt\u00f3l, hogy fogadj\u00e1k el a s\u00fctiket statisztikai \u00e9s megjelen\u00edt\u00e9si c\u00e9lokra. A s\u00fcti egy olyan inform\u00e1ci\u00f3, amelyet a megl\u00e1togatott weboldal szervere helyez el a merevlemez\u00e9n. K\u00fcl\u00f6nb\u00f6z\u0151 adatokat tartalmaz, amelyeket egy egyszer\u0171 sz\u00f6vegf\u00e1jlban t\u00e1rol a sz\u00e1m\u00edt\u00f3g\u00e9p\u00e9n, \u00e9s amelyhez a szerver hozz\u00e1f\u00e9r az inform\u00e1ci\u00f3k beolvas\u00e1sa \u00e9s r\u00f6gz\u00edt\u00e9se c\u00e9lj\u00e1b\u00f3l. A weboldal egyes r\u00e9szei nem felt\u00e9tlen\u00fcl m\u0171k\u00f6dnek megfelel\u0151en s\u00fctik elfogad\u00e1sa n\u00e9lk\u00fcl.<br>Ez a weboldal harmadik f\u00e9l weboldalaira mutat\u00f3 linkeket tartalmazhat, f\u00fcggetlen\u00fcl att\u00f3l, hogy partnerek-e vagy sem. A LES EDITIONS DE BASE nem rendelkezik a saj\u00e1tj\u00e1hoz kapcsol\u00f3d\u00f3 weboldalak ellen\u0151rz\u00e9s\u00e9vel, \u00e9s nem felel\u0151s az ilyen k\u00fcls\u0151 oldalak \u00e9s er\u0151forr\u00e1sok el\u00e9rhet\u0151s\u00e9g\u00e9\u00e9rt, valamint az ebb\u0151l ered\u0151 k\u00e1rok\u00e9rt sem. Az ezen k\u00fcls\u0151 oldalak haszn\u00e1lat\u00e1val j\u00e1r\u00f3 kock\u00e1zatok teljes m\u00e9rt\u00e9kben a felhaszn\u00e1l\u00f3 felel\u0151ss\u00e9g\u00e9t k\u00e9pezik, akinek be kell tartania a felhaszn\u00e1l\u00e1si felt\u00e9teleket.<\/p>\n<p>\u200d<br>Semmilyen mag\u00e1nszem\u00e9ly vagy jogi szem\u00e9ly nem hozhat l\u00e9tre hiperhivatkoz\u00e1st erre az oldalra a LES EDITIONS DE BASE kifejezett el\u0151zetes enged\u00e9lye n\u00e9lk\u00fcl. Amennyiben egy felhaszn\u00e1l\u00f3 vagy l\u00e1togat\u00f3 hiperhivatkoz\u00e1st k\u00edv\u00e1n l\u00e9trehozni a LES EDITIONS DE BASE valamelyik weboldal\u00e1ra, ne habozzon e-mailben k\u00e9rni az enged\u00e9lyt; a LES EDITIONS DE BASE fenntartja a jogot, hogy az ilyen k\u00e9r\u00e9seket indokl\u00e1s n\u00e9lk\u00fcl elfogadja vagy elutas\u00edtsa.<br>Minden let\u00f6lt\u00f6tt tartalom a l\u00e1togat\u00f3 saj\u00e1t kock\u00e1zat\u00e1ra \u00e9s kiz\u00e1r\u00f3lagos felel\u0151ss\u00e9g\u00e9re t\u00f6rt\u00e9nik. K\u00f6vetkez\u00e9sk\u00e9ppen a v\u00e1llalat nem v\u00e1llal felel\u0151ss\u00e9get a l\u00e1togat\u00f3 sz\u00e1m\u00edt\u00f3g\u00e9p\u00e9ben keletkezett k\u00e1rok\u00e9rt vagy a let\u00f6lt\u00e9sb\u0151l ered\u0151 adatveszt\u00e9s\u00e9rt. A dev.tutemetscombien.fr weboldalon tal\u00e1lhat\u00f3 \u00f6sszes tartalom, bele\u00e9rtve, de nem kiz\u00e1r\u00f3lagosan a grafik\u00e1kat, k\u00e9peket, sz\u00f6vegeket, vide\u00f3kat, anim\u00e1ci\u00f3kat, hangokat, log\u00f3kat, GIF-eket \u00e9s ikonokat, valamint azok form\u00e1z\u00e1s\u00e1t, a v\u00e1llalat kiz\u00e1r\u00f3lagos tulajdon\u00e1t k\u00e9pezi, kiv\u00e9ve a m\u00e1s partnerc\u00e9gek vagy szerz\u0151k tulajdon\u00e1ban l\u00e9v\u0151 v\u00e9djegyeket, log\u00f3kat vagy tartalmakat. Ezen elemek b\u00e1rmilyen reproduk\u00e1l\u00e1sa, terjeszt\u00e9se, m\u00f3dos\u00edt\u00e1sa, adapt\u00e1l\u00e1sa, \u00fajrak\u00f6zvet\u00edt\u00e9se vagy k\u00f6zz\u00e9t\u00e9tele, ak\u00e1r r\u00e9szlegesen is, szigor\u00faan tilos a LES EDITIONS DE BASE kifejezett enged\u00e9lye n\u00e9lk\u00fcl. Az ilyen \u00e1br\u00e1zol\u00e1s vagy reproduk\u00e1l\u00e1s, b\u00e1rmilyen eszk\u00f6zzel, szerz\u0151i jogs\u00e9rt\u00e9st jelent, amely a francia szellemi tulajdonr\u00f3l sz\u00f3l\u00f3 t\u00f6rv\u00e9nyk\u00f6nyv L.335-2. \u00e9s azt k\u00f6vet\u0151 cikkei \u00e9rtelm\u00e9ben b\u00fcntetend\u0151. E tilalom be nem tart\u00e1sa szerz\u0151i jogs\u00e9rt\u00e9st jelent, \u00e9s polg\u00e1ri \u00e9s b\u00fcntet\u0151jogi szankci\u00f3kat vonhat maga ut\u00e1n a jogs\u00e9rt\u0151vel szemben. Tov\u00e1bb\u00e1 a m\u00e1solt tartalom tulajdonosai jogi l\u00e9p\u00e9seket tehetnek \u00d6n ellen.<\/p>\n<p>\u200d<\/p>\n<p>Az ezen a webhelyen gy\u0171jt\u00f6tt inform\u00e1ci\u00f3k sz\u00e1m\u00edt\u00f3g\u00e9pes feldolgoz\u00e1snak vannak kit\u00e9ve, amelynek c\u00e9lja a<strong>&nbsp;AZ ALAPKIAD\u00c1SOK<\/strong><br>\u200d<\/p>\n<p>A k\u00f6vetkez\u0151 c\u00e9lb\u00f3l:&nbsp;<strong>ENGED\u00c9LYEZZE A J\u00c1T\u00c9KDOBOZOK \u00c1TAD\u00c1S\u00c1T<\/strong><br>Az adatok c\u00edmzettjei a k\u00f6vetkez\u0151k:<strong>&nbsp;\u00c9RT\u00c9KES\u00cdT\u00c9SI OSZT\u00c1LY<\/strong><\/p>\n<p>\u200d<\/p>\n<p>Az inform\u00e1ci\u00f3technol\u00f3gi\u00e1r\u00f3l, a f\u00e1jlokr\u00f3l \u00e9s a szabads\u00e1gokr\u00f3l sz\u00f3l\u00f3, 1978. janu\u00e1r 6-i 78-17. sz\u00e1m\u00fa t\u00f6rv\u00e9ny (amelyet a szem\u00e9lyes adatok kezel\u00e9se tekintet\u00e9ben az egy\u00e9nek v\u00e9delm\u00e9r\u0151l sz\u00f3l\u00f3 2004. augusztus 6-i 2004-801. sz\u00e1m\u00fa t\u00f6rv\u00e9ny m\u00f3dos\u00edtott) \u00e9rtelm\u00e9ben a weboldal l\u00e1togat\u00f3j\u00e1nak joga van az \u0151t \u00e9rint\u0151 adatokhoz hozz\u00e1f\u00e9rni, azokat m\u00f3dos\u00edtani, helyesb\u00edteni \u00e9s t\u00f6r\u00f6lni.<\/p>\n<p>Az al\u00e1bbi el\u00e9rhet\u0151s\u00e9geken kereszt\u00fcl f\u00e9rhet hozz\u00e1 az \u00d6nre vonatkoz\u00f3 inform\u00e1ci\u00f3khoz:&nbsp;<strong>SAS LES EDITIONS DE BASE, contact@tutemetscombien.fr<\/strong><br>Jogos okokb\u00f3l tiltakozhat szem\u00e9lyes adatainak kezel\u00e9se ellen is. Tov\u00e1bbi inform\u00e1ci\u00f3k\u00e9rt l\u00e1togasson el a k\u00f6vetkez\u0151 oldalra:,&nbsp;<a href=\"https:\/\/www.cnil.fr\/fr\/comprendre-vos-droits\">Tekintse meg jogait a CNIL weboldal\u00e1n.<\/a><br>Ezt az oldalt bejelentett\u00e9k az Inform\u00e1ci\u00f3technol\u00f3giai \u00e9s Szabads\u00e1gjogok Nemzeti Bizotts\u00e1g\u00e1nak (www.cnil.fr).<\/p>\n<p>\u200d<br>A dev.tutemetscombien.fr weboldal jelen felhaszn\u00e1l\u00e1si felt\u00e9teleire a francia jog az ir\u00e1nyad\u00f3, \u00e9s az \u00e9rtelmez\u00e9s\u00fckb\u0151l vagy alkalmaz\u00e1sukb\u00f3l ered\u0151 vit\u00e1k kiz\u00e1r\u00f3lag a v\u00e1llalat sz\u00e9khelye szerinti b\u00edr\u00f3s\u00e1gok hat\u00e1sk\u00f6r\u00e9be tartoznak. A vit\u00e1k rendez\u00e9s\u00e9nek nyelve a francia. Nem k\u00f6teles megadni nek\u00fcnk szem\u00e9lyes adatait, amikor megl\u00e1togatja a dev.tutemetscombien.fr weboldalunkat. Ennek az elvnek azonban vannak bizonyos kiv\u00e9telei. Weboldalunk \u00e1ltal k\u00edn\u00e1lt egyes szolg\u00e1ltat\u00e1sok eset\u00e9ben felk\u00e9rhetj\u00fck bizonyos adatok (vezet\u00e9kn\u00e9v, keresztn\u00e9v, c\u00edm, e-mail c\u00edm, telefonsz\u00e1m) megad\u00e1s\u00e1ra. Ez a helyzet akkor, amikor kit\u00f6lti az online \u0171rlapot a \u00abKapcsolat\u00bb r\u00e9szben. Mindenesetre megtagadhatja szem\u00e9lyes adatainak megad\u00e1s\u00e1t. Ebben az esetben nem fogja tudni haszn\u00e1lni a weboldal szolg\u00e1ltat\u00e1sait, bele\u00e9rtve a c\u00e9g\u00fcnkkel kapcsolatos inform\u00e1ci\u00f3k k\u00e9r\u00e9s\u00e9t vagy a h\u00edrlevelek fogad\u00e1s\u00e1t. V\u00e9g\u00fcl, automatikusan gy\u0171jthet\u00fcnk \u00d6nr\u0151l bizonyos inform\u00e1ci\u00f3kat, amikor egyszer\u0171en b\u00f6ng\u00e9szi weboldalunkat, bele\u00e9rtve: a weboldalunk haszn\u00e1lat\u00e1val kapcsolatos inform\u00e1ci\u00f3kat, p\u00e9ld\u00e1ul a megl\u00e1togatott ter\u00fcleteket \u00e9s az ig\u00e9nybe vett szolg\u00e1ltat\u00e1sokat, az \u00d6n IP-c\u00edm\u00e9t, a b\u00f6ng\u00e9sz\u0151 t\u00edpus\u00e1t \u00e9s a hozz\u00e1f\u00e9r\u00e9si id\u0151pontokat. Ezeket az inform\u00e1ci\u00f3kat kiz\u00e1r\u00f3lag bels\u0151 statisztikai c\u00e9lokra haszn\u00e1ljuk fel, az \u00d6nnek k\u00edn\u00e1lt szolg\u00e1ltat\u00e1sok min\u0151s\u00e9g\u00e9nek jav\u00edt\u00e1sa \u00e9rdek\u00e9ben. Az adatb\u00e1zisokat az adatb\u00e1zisok jogi v\u00e9delm\u00e9r\u0151l sz\u00f3l\u00f3, 1996. m\u00e1rcius 11-i 96\/9\/EK ir\u00e1nyelvet \u00e1t\u00fcltet\u0151 1998. j\u00falius 1-jei t\u00f6rv\u00e9ny rendelkez\u00e9sei v\u00e9dik.<\/p>\n<p>A \u201cTTMC \u2013 Tu te mets combien?\u201d j\u00e1t\u00e9khoz kapcsol\u00f3d\u00f3 digit\u00e1lis alkalmaz\u00e1s l\u00e9trehoz\u00e1s\u00e1nak r\u00e9szek\u00e9nt a LES EDITIONS DE BASE v\u00e1llalat a k\u00f6vetkez\u0151 szem\u00e9lyes adatokat gy\u0171jti \u00d6nr\u0151l: becen\u00e9v, e-mail c\u00edm, \u00e9letkor, nem, v\u00e1ros \u00e9s telefonsz\u00e1m.<br>Bizonyos egy\u00e9b adatokat anonimiz\u00e1l\u00e1s c\u00e9lj\u00e1b\u00f3l gy\u0171jt\u00fcnk, \u00e9s statisztikai c\u00e9lokra haszn\u00e1ljuk fel (\u00e9rt\u00e9kel\u00e9s, az alkalmaz\u00e1s haszn\u00e1lat\u00e1val kapcsolatos statisztik\u00e1k).<\/p>\n<p>Az \u00d6nre vonatkoz\u00f3 szem\u00e9lyes adatokat a LES EDITIONS DE BASE v\u00e1llalat kezeli, hogy \u00d6n e-maileket \u00e9s \u00e9rtes\u00edt\u00e9seket kaphasson a LES EDITIONS DE BASE v\u00e1llalatt\u00f3l. Ezeket az adatokat a nemzeti ranglist\u00e1ra val\u00f3 regisztr\u00e1ci\u00f3j\u00e1val kapcsolatban is felhaszn\u00e1ljuk, lehet\u0151v\u00e9 t\u00e9ve \u00d6nnek, hogy r\u00e9szt vegyen egy k\u00e9thetente megrendez\u00e9sre ker\u00fcl\u0151 nyerem\u00e9nyj\u00e1t\u00e9kon, az alkalmaz\u00e1s \u00e1ltal\u00e1nos felhaszn\u00e1l\u00e1si felt\u00e9teleinek megfelel\u0151en;<\/p>\n<p>Az alkalmaz\u00e1s haszn\u00e1lata sor\u00e1n b\u00e1rmikor visszavonhatja hozz\u00e1j\u00e1rul\u00e1s\u00e1t, ha a tov\u00e1bbiakban nem szeretne marketingkommunik\u00e1ci\u00f3t kapni a LES EDITIONS DE BASE-t\u0151l, a leiratkoz\u00e1ssal visszavonhatja hozz\u00e1j\u00e1rul\u00e1s\u00e1t. Ebben az esetben a LES EDITIONS DE BASE a leiratkoz\u00e1st k\u00f6vet\u0151en azonnal megsz\u00fcnteti szem\u00e9lyes adatainak feldolgoz\u00e1s\u00e1t. Mindenesetre ezeket a szem\u00e9lyes adatokat az alkalmaz\u00e1s haszn\u00e1lat\u00e1nak id\u0151tartama alatt, valamint tov\u00e1bbi 13 h\u00f3napig \u0151rizz\u00fck meg att\u00f3l a napt\u00f3l sz\u00e1m\u00edtva, amikor \u00e9rtes\u00edt\u00e9st kap arr\u00f3l, hogy fi\u00f3kja inakt\u00edv, \u00e9s felk\u00e9ri az alkalmaz\u00e1shoz val\u00f3 visszat\u00e9r\u00e9sre.<\/p>\n<p>Ezeket az inform\u00e1ci\u00f3kat megoszthatjuk harmadik f\u00e9l szolg\u00e1ltat\u00f3kkal t\u00e1rhely-, t\u00e1rol\u00e1si, kommunik\u00e1ci\u00f3s, adatb\u00e1zis-kezel\u00e9si vagy informatikai karbantart\u00e1si szolg\u00e1ltat\u00e1sok ny\u00fajt\u00e1sa c\u00e9lj\u00e1b\u00f3l. Amennyiben ezek a szolg\u00e1ltat\u00f3k az Eur\u00f3pai Uni\u00f3n k\u00edv\u00fcl tal\u00e1lhat\u00f3k, az adatkezel\u0151 v\u00e1llalja, hogy el\u0151zetesen megteszi a vonatkoz\u00f3 jogszab\u00e1lyok \u00e1ltal el\u0151\u00edrt \u00f6sszes int\u00e9zked\u00e9st a szem\u00e9lyes adatainak v\u00e9delme \u00e9rdek\u00e9ben.<\/p>\n<p>Az alkalmazand\u00f3 adatv\u00e9delmi jogszab\u00e1lyok keretein bel\u00fcl \u00d6nnek joga van szem\u00e9lyes adataihoz hozz\u00e1f\u00e9rni, azokat helyesb\u00edteni, hordozni \u00e9s t\u00f6r\u00f6lni, valamint joga van azok feldolgoz\u00e1s\u00e1t korl\u00e1tozni. \u00d6nnek joga van arra is, hogy konkr\u00e9t utas\u00edt\u00e1sokat adjon adatainak hal\u00e1la ut\u00e1ni sors\u00e1val kapcsolatban.<\/p>\n<p>Ezen jogok gyakorl\u00e1s\u00e1hoz k\u00fcldj\u00f6n k\u00e9r\u00e9st a contact@tutemetscombien.fr c\u00edmre.<\/p>\n<p>Ha a kapcsolatfelv\u00e9tel ut\u00e1n \u00fagy gondolja, hogy az adataival kapcsolatos jogait nem tartott\u00e1k tiszteletben, panaszt ny\u00fajthat be a helyi szab\u00e1lyoz\u00f3 hat\u00f3s\u00e1ghoz.<\/p>\n<p>Ezeket a jogi k\u00f6zlem\u00e9nyeket a http:\/\/www.generateur-de-mentions-legales.com weboldal \u00e1ltal gener\u00e1lt sablon ihlette, amelyet a http:\/\/welye.com k\u00edn\u00e1l.<\/p>\n<p>Utols\u00f3 friss\u00edt\u00e9s: 2023.11.08.<\/p>\t\t\t\t\t\t\t\t<\/div>\n\t\t\t\t<\/div>\n\t\t\t\t\t<\/div>\n\t\t\t\t<\/div>\n\t\t<div class=\"elementor-element elementor-element-f3d620b e-flex e-con-boxed e-con e-child\" data-id=\"f3d620b\" data-element_type=\"container\" data-e-type=\"container\">\n\t\t\t\t\t<div class=\"e-con-inner\">\n\t\t<div class=\"elementor-element elementor-element-53cfc12 e-con-full e-flex e-con e-child\" data-id=\"53cfc12\" data-element_type=\"container\" data-e-type=\"container\">\n\t\t\t\t<div class=\"elementor-element elementor-element-a06ffe0 elementor-widget__width-initial elementor-widget-mobile__width-initial elementor-widget elementor-widget-text-editor\" data-id=\"a06ffe0\" data-element_type=\"widget\" data-e-type=\"widget\" data-widget_type=\"text-editor.default\">\n\t\t\t\t<div class=\"elementor-widget-container\">\n\t\t\t\t\t\t\t\t\t<p>\u00a9 2025<\/p>\t\t\t\t\t\t\t\t<\/div>\n\t\t\t\t<\/div>\n\t\t\t\t<div class=\"elementor-element elementor-element-f569820 elementor-widget__width-initial elementor-widget-mobile__width-initial elementor-widget elementor-widget-button\" data-id=\"f569820\" data-element_type=\"widget\" data-e-type=\"widget\" data-widget_type=\"button.default\">\n\t\t\t\t<div class=\"elementor-widget-container\">\n\t\t\t\t\t\t\t\t\t<div class=\"elementor-button-wrapper\">\n\t\t\t\t\t<a class=\"elementor-button elementor-button-link elementor-size-sm\" href=\"\/hu\/jogi-kozlemenyek\/\">\n\t\t\t\t\t\t<span class=\"elementor-button-content-wrapper\">\n\t\t\t\t\t\t\t\t\t<span class=\"elementor-button-text\">Jogi k\u00f6zlem\u00e9nyek<\/span>\n\t\t\t\t\t<\/span>\n\t\t\t\t\t<\/a>\n\t\t\t\t<\/div>\n\t\t\t\t\t\t\t\t<\/div>\n\t\t\t\t<\/div>\n\t\t\t\t<div class=\"elementor-element elementor-element-e26c016 elementor-widget__width-initial elementor-widget-mobile__width-initial elementor-widget elementor-widget-button\" data-id=\"e26c016\" data-element_type=\"widget\" data-e-type=\"widget\" data-widget_type=\"button.default\">\n\t\t\t\t<div class=\"elementor-widget-container\">\n\t\t\t\t\t\t\t\t\t<div class=\"elementor-button-wrapper\">\n\t\t\t\t\t<a class=\"elementor-button elementor-button-link elementor-size-sm\" href=\"\/hu\/adatvedelmi-iranyelvek\/\">\n\t\t\t\t\t\t<span class=\"elementor-button-content-wrapper\">\n\t\t\t\t\t\t\t\t\t<span class=\"elementor-button-text\">Adatv\u00e9delmi ir\u00e1nyelvek<\/span>\n\t\t\t\t\t<\/span>\n\t\t\t\t\t<\/a>\n\t\t\t\t<\/div>\n\t\t\t\t\t\t\t\t<\/div>\n\t\t\t\t<\/div>\n\t\t\t\t<div class=\"elementor-element elementor-element-cc8f2db elementor-widget__width-initial elementor-widget-mobile__width-initial elementor-widget elementor-widget-button\" data-id=\"cc8f2db\" data-element_type=\"widget\" data-e-type=\"widget\" data-widget_type=\"button.default\">\n\t\t\t\t<div class=\"elementor-widget-container\">\n\t\t\t\t\t\t\t\t\t<div class=\"elementor-button-wrapper\">\n\t\t\t\t\t<a class=\"elementor-button elementor-button-link elementor-size-sm\" href=\"\/hu\/altalanos-szerzodesi-feltetelek\/\">\n\t\t\t\t\t\t<span class=\"elementor-button-content-wrapper\">\n\t\t\t\t\t\t\t\t\t<span class=\"elementor-button-text\">\u00c1ltal\u00e1nos Szerz\u0151d\u00e9si Felt\u00e9telek<\/span>\n\t\t\t\t\t<\/span>\n\t\t\t\t\t<\/a>\n\t\t\t\t<\/div>\n\t\t\t\t\t\t\t\t<\/div>\n\t\t\t\t<\/div>\n\t\t\t\t<\/div>\n\t\t\t\t\t<\/div>\n\t\t\t\t<\/div>\n\t\t\t\t<\/div>","protected":false},"excerpt":{"rendered":"<p>Conform\u00e9ment \u00e0 l\u2019article 6 de la loi n\u00b0 2004-575 du 21 juin 2004 pour la confiance dans &nbsp;l\u2019\u00e9conomie num\u00e9rique, il est pr\u00e9cis\u00e9 aux utilisateurs du site http:\/\/dev.tutemetscombien.fr les diff\u00e9rents intervenants dans le cadre de sa r\u00e9alisation et de son suivi : \u200dPropri\u00e9taire : LES EDITIONS DE BASE, SAS au capital social de 4.000 \u20acSIRET = [&hellip;]<\/p>\n","protected":false},"author":1,"featured_media":0,"parent":0,"menu_order":0,"comment_status":"closed","ping_status":"closed","template":"","meta":{"_acf_changed":false,"footnotes":""},"class_list":["post-958","page","type-page","status-publish","hentry"],"acf":[],"_links":{"self":[{"href":"https:\/\/dev.tutemetscombien.fr\/hu\/wp-json\/wp\/v2\/pages\/958","targetHints":{"allow":["GET"]}}],"collection":[{"href":"https:\/\/dev.tutemetscombien.fr\/hu\/wp-json\/wp\/v2\/pages"}],"about":[{"href":"https:\/\/dev.tutemetscombien.fr\/hu\/wp-json\/wp\/v2\/types\/page"}],"author":[{"embeddable":true,"href":"https:\/\/dev.tutemetscombien.fr\/hu\/wp-json\/wp\/v2\/users\/1"}],"replies":[{"embeddable":true,"href":"https:\/\/dev.tutemetscombien.fr\/hu\/wp-json\/wp\/v2\/comments?post=958"}],"version-history":[{"count":25,"href":"https:\/\/dev.tutemetscombien.fr\/hu\/wp-json\/wp\/v2\/pages\/958\/revisions"}],"predecessor-version":[{"id":1444,"href":"https:\/\/dev.tutemetscombien.fr\/hu\/wp-json\/wp\/v2\/pages\/958\/revisions\/1444"}],"wp:attachment":[{"href":"https:\/\/dev.tutemetscombien.fr\/hu\/wp-json\/wp\/v2\/media?parent=958"}],"curies":[{"name":"munkaf\u00fczet","href":"https:\/\/api.w.org\/{rel}","templated":true}]}}