{"id":981,"date":"2025-06-12T10:12:15","date_gmt":"2025-06-12T08:12:15","guid":{"rendered":"https:\/\/dev.tutemetscombien.fr\/?page_id=981"},"modified":"2025-07-04T09:09:46","modified_gmt":"2025-07-04T07:09:46","slug":"altalanos-szerzodesi-feltetelek","status":"publish","type":"page","link":"https:\/\/dev.tutemetscombien.fr\/hu\/cgv\/","title":{"rendered":"\u00c1ltal\u00e1nos Szerz\u0151d\u00e9si Felt\u00e9telek"},"content":{"rendered":"<div data-elementor-type=\"wp-page\" data-elementor-id=\"981\" class=\"elementor elementor-981\" data-elementor-post-type=\"page\">\n\t\t\t\t<div class=\"elementor-element elementor-element-4eefeba e-con-full e-flex e-con e-parent\" data-id=\"4eefeba\" data-element_type=\"container\" data-e-type=\"container\" data-settings=\"{&quot;background_background&quot;:&quot;classic&quot;}\">\n\t\t<div class=\"elementor-element elementor-element-6328355 e-flex e-con-boxed e-con e-child\" data-id=\"6328355\" data-element_type=\"container\" data-e-type=\"container\" data-settings=\"{&quot;background_background&quot;:&quot;classic&quot;}\">\n\t\t\t\t\t<div class=\"e-con-inner\">\n\t\t\t\t<div class=\"elementor-element elementor-element-974f98e elementor-widget elementor-widget-theme-post-title elementor-page-title elementor-widget-heading\" data-id=\"974f98e\" data-element_type=\"widget\" data-e-type=\"widget\" data-widget_type=\"theme-post-title.default\">\n\t\t\t\t<div class=\"elementor-widget-container\">\n\t\t\t\t\t<h1 class=\"elementor-heading-title elementor-size-default\">\u00c1ltal\u00e1nos Szerz\u0151d\u00e9si Felt\u00e9telek<\/h1>\t\t\t\t<\/div>\n\t\t\t\t<\/div>\n\t\t\t\t\t<\/div>\n\t\t\t\t<\/div>\n\t\t\t\t<\/div>\n\t\t<div class=\"elementor-element elementor-element-79a1933 e-flex e-con-boxed e-con e-parent\" data-id=\"79a1933\" data-element_type=\"container\" data-e-type=\"container\">\n\t\t\t\t\t<div class=\"e-con-inner\">\n\t\t\t\t<div class=\"elementor-element elementor-element-3c6db99 elementor-widget elementor-widget-text-editor\" data-id=\"3c6db99\" data-element_type=\"widget\" data-e-type=\"widget\" data-widget_type=\"text-editor.default\">\n\t\t\t\t<div class=\"elementor-widget-container\">\n\t\t\t\t\t\t\t\t\t<p>\u00c1ltal\u00e1nos \u00c9rt\u00e9kes\u00edt\u00e9si Felt\u00e9telek<\/p>\n<p>1\/10. Preambulum<br>Jelen \u00e1ltal\u00e1nos \u00e9rt\u00e9kes\u00edt\u00e9si felt\u00e9telek a k\u00f6vetkez\u0151k k\u00f6z\u00f6tt j\u00f6nnek l\u00e9tre:<br>A LES EDITIONS DE BASE, SAS v\u00e1llalat 4000 eur\u00f3s t\u0151k\u00e9vel<br>13 rue Diderot, 94300 Vincennes<br><span style=\"font-size: 1.2rem;\">Regisztr\u00e1lva az RCS LYON-n\u00e1l, a 821 908 944 sz\u00e1mon<br>N - K\u00f6z\u00f6ss\u00e9gen bel\u00fcli \u00e1fa <\/span>FR36821908944<br><span style=\"font-size: 1.2rem;\">A tov\u00e1bbiakban \u201eALAPKIAD\u00c1SOK\u201d<br><\/span><span style=\"font-size: 1.2rem;\">\u00c9s<br><\/span><span style=\"font-size: 1.2rem;\">B\u00e1rmely term\u00e9szetes vagy jogi szem\u00e9ly, aki a dev.tutemetscombien.fr weboldalon kereszt\u00fcl, a Cr\u00e9dit Agricole Paybox e-tranzakci\u00f3s modulj\u00e1n kereszt\u00fcl k\u00edv\u00e1n v\u00e1s\u00e1rolni.<br><\/span><span style=\"font-size: 1.2rem;\">A tov\u00e1bbiakban \u201e\u00fcgyf\u00e9l\u201d<\/span><\/p>\n<p>2\/10. Posztul\u00e1tum<br>Jelen \u00e1ltal\u00e1nos \u00e9rt\u00e9kes\u00edt\u00e9si felt\u00e9telek meghat\u00e1rozz\u00e1k a felek jogait \u00e9s k\u00f6telezetts\u00e9geit a dev.tutemetscombien.fr weboldalon (a Cr\u00e9dit Agricole Paybox e-tranzakci\u00f3k modulj\u00e1n kereszt\u00fcl) lebonyol\u00edtott t\u00e1v\u00e9rt\u00e9kes\u00edt\u00e9sek keret\u00e9ben. A megrendel\u00e9s a LES EDITIONS DE BASE \u00e9s a PAYBOX jelen \u00e1ltal\u00e1nos \u00e9rt\u00e9kes\u00edt\u00e9si felt\u00e9teleinek visszavonhatatlan elfogad\u00e1s\u00e1t jelenti. Jelen \u00e1ltal\u00e1nos szerz\u0151d\u00e9si felt\u00e9telek v\u00e1ltozhatnak. Jelen \u00e1ltal\u00e1nos szerz\u0151d\u00e9si felt\u00e9telek kiz\u00e1r\u00f3lag nem kereskedelmi c\u00e9l\u00fa mag\u00e1nszem\u00e9lyekre vonatkoznak. Jelen \u00e1ltal\u00e1nos szerz\u0151d\u00e9si felt\u00e9telek minden egy\u00e9b felt\u00e9tel, k\u00fcl\u00f6n\u00f6sen a szem\u00e9lyes v\u00e1s\u00e1rl\u00e1sokra vonatkoz\u00f3 felt\u00e9telek kiz\u00e1r\u00e1s\u00e1val \u00e9rv\u00e9nyesek.<\/p>\n<p>Az \u00fcgyf\u00e9l kijelenti:<br>\u2013 rendelkezik a jelen szerz\u0151d\u00e9s megk\u00f6t\u00e9s\u00e9re val\u00f3 k\u00e9pess\u00e9ggel<br>\u2013 ne legyen keresked\u0151<br>\u2013 nem v\u00e1s\u00e1rol term\u00e9keket viszontelad\u00e1s c\u00e9lj\u00e1b\u00f3l<\/p>\n<p>3\/10. \u00c1raz\u00e1s<br>Az \u00e1rak eur\u00f3ban \u00e9rtend\u0151k, tartalmazz\u00e1k az \u00f6sszes ad\u00f3t, amelyre a rendel\u00e9s napj\u00e1n \u00e9rv\u00e9nyes \u00e1fakulcs m\u00e1r vonatkozik. A term\u00e9kek \u00e1ra a rendel\u00e9s napj\u00e1n \u00e9rv\u00e9nyes \u00e1r. A rendel\u00e9s lead\u00e1sa ut\u00e1n az \u00e1rak nem m\u00f3dos\u00edthat\u00f3k.<\/p>\n<p>Az oldalon felt\u00fcntetett \u00e1rak az online megjelen\u00e9s id\u0151tartam\u00e1ra \u00e9s a k\u00e9szlet erej\u00e9ig garant\u00e1ltak. A Cr\u00e9dit Agricole Paybox elektronikus tranzakci\u00f3s modulj\u00e1n kereszt\u00fcl visszaigazol\u00e1sban felt\u00fcntetett teljes \u00f6sszeg a fizetend\u0151 v\u00e9gs\u0151 \u00e1r, amely minden ad\u00f3t tartalmaz. Ez az \u00e1r mag\u00e1ban foglalja a term\u00e9kek \u00e1r\u00e1t, a kezel\u00e9si, csomagol\u00e1si \u00e9s t\u00e1rol\u00e1si k\u00f6lts\u00e9geket, valamint az esetleges sz\u00e1ll\u00edt\u00e1si k\u00f6lts\u00e9geket.<br>A BASIC EDITIONS fenntartja a jogot, hogy \u00e1rait b\u00e1rmikor megv\u00e1ltoztassa.<\/p>\n<p>4\/10. Rendel\u00e9s<br>A megrendel\u00e9s csak akkor r\u00f6gz\u00edthet\u0151, ha az \u00fcgyf\u00e9l egy\u00e9rtelm\u0171en azonos\u00edtotta mag\u00e1t a dev.tutemetscombien.fr weboldalon \u00e9s a Cr\u00e9dit Agricole Paybox e-tranzakci\u00f3s modulj\u00e1n kereszt\u00fcl a szem\u00e9lyes adatainak megad\u00e1s\u00e1val.<br>B\u00e1rmely megrendel\u00e9s a forgalmazott \u00e1rak \u00e9s term\u00e9kek elfogad\u00e1s\u00e1t jelenti. Az ezzel kapcsolatos b\u00e1rmilyen vita a LES EDITIONS DE BASE \u00e9s a megrendel\u0151 k\u00f6z\u00f6tti esetleges eszmecsere keret\u00e9ben mer\u00fcl fel.<br>A LES EDITIONS DE BASE v\u00e1llalja, hogy a weboldalon leadott megrendel\u00e9seket kiz\u00e1r\u00f3lag a rendelkez\u00e9sre \u00e1ll\u00f3 k\u00e9szlet erej\u00e9ig teljes\u00edti. K\u00e9szlethi\u00e1ny eset\u00e9n a LES EDITIONS DE BASE v\u00e1llalja, hogy t\u00e1j\u00e9koztatja az \u00fcgyfelet. Az \u00fcgyf\u00e9lnek ezt k\u00f6vet\u0151en lehet\u0151s\u00e9ge van lemondani a megrendel\u00e9s\u00e9t.<br>Amennyiben a v\u00e1s\u00e1rl\u00f3 a k\u00e9zbes\u00edt\u00e9st k\u00f6vet\u0151 k\u00e9t h\u00f3napon bel\u00fcl nem kapja meg a csomagj\u00e1t, az visszaker\u00fcl az EDITIONS DE BASE rakt\u00e1r\u00e1ba, \u00e9s a v\u00e1s\u00e1rl\u00f3 nem tud reklam\u00e1ci\u00f3t beny\u00fajtani. Ebben az esetben k\u00e9rj\u00fck, vegye fel a kapcsolatot a LES EDITIONS DE BASE-szel.<\/p>\n<p>5\/10. Kisz\u00e1ll\u00edt\u00e1s<br>A megv\u00e1s\u00e1rolt term\u00e9kek a sz\u00e1ml\u00e1k teljes kifizet\u00e9s\u00e9ig a LES EDITIONS DE BASE tulajdon\u00e1t k\u00e9pezik, az 1980. m\u00e1jus 1-jei 80 336. sz\u00e1m\u00fa, a tulajdonjog fenntart\u00e1s\u00e1r\u00f3l sz\u00f3l\u00f3 t\u00f6rv\u00e9ny rendelkez\u00e9seivel \u00f6sszhangban. A vev\u0151 azonban a k\u00e9zbes\u00edt\u00e9skor felel\u0151ss\u00e9get v\u00e1llal a term\u00e9kek\u00e9rt, a birtokbav\u00e9tellel pedig a kock\u00e1zatok \u00e1tsz\u00e1ll\u00e1sa is megt\u00f6rt\u00e9nik. Minden aj\u00e1nlatunk k\u00f6telezetts\u00e9g n\u00e9lk\u00fcli el\u00e9rhet\u0151s\u00e9g \u00e9s el\u0151zetes \u00e9rt\u00e9kes\u00edt\u00e9s f\u00fcggv\u00e9ny\u00e9ben \u00e9rv\u00e9nyes.<br>A dev.tutemetscombien.fr weboldalon (a Cr\u00e9dit Agricole Paybox e-tranzakci\u00f3s modulj\u00e1n kereszt\u00fcl) v\u00e1s\u00e1rolt term\u00e9keket csak Franciaorsz\u00e1g sz\u00e1razf\u00f6ldi r\u00e9sz\u00e9re \u00e9s Belgiumba sz\u00e1ll\u00edtjuk. Minden egy\u00e9b k\u00e9r\u00e9st a LES EDITIONS DE BASE-szel kell megbesz\u00e9lni a sz\u00e1ll\u00edt\u00e1si k\u00f6lts\u00e9gekkel kapcsolatban.<\/p>\n<p>Sz\u00e1ll\u00edt\u00e1s eset\u00e9n a term\u00e9keket a vev\u0151 \u00e9s a LES EDITIONS DE BASE k\u00f6z\u00f6tt egyeztetett c\u00edmre sz\u00e1ll\u00edtj\u00e1k. A c\u00edmzett el\u00e9rhet\u0151s\u00e9gi adataiban bek\u00f6vetkezett hiba eset\u00e9n az elad\u00f3 nem v\u00e1llal felel\u0151ss\u00e9get az \u00e1ru k\u00e9zbes\u00edt\u00e9s\u00e9nek esetleges elmarad\u00e1s\u00e1\u00e9rt.<br>A megrendel\u00e9sek teljes\u00edt\u00e9si hat\u00e1rideje a megrendel\u00e9st\u0151l sz\u00e1m\u00edtott maximum 2 h\u00f3nap. A LES EDITIONS DE BASE fenntartja a jogot, hogy a megrendelt term\u00e9kek \u00fcgyf\u00e9lhez t\u00f6rt\u00e9n\u0151 kisz\u00e1ll\u00edt\u00e1s\u00e1hoz az \u00e1ltala v\u00e1lasztott sz\u00e1ll\u00edt\u00f3t vegye ig\u00e9nybe.<br>Sz\u00e1ll\u00edt\u00e1si k\u00e9sedelem eset\u00e9n a vev\u0151 e-mailben \u00e9rtes\u00fcl a megadott sz\u00e1ll\u00edt\u00e1si hat\u00e1rid\u0151 esetleges k\u00f6vetkezm\u00e9nyeir\u0151l. A vev\u0151 e-mailben \u00faj sz\u00e1ll\u00edt\u00e1si id\u0151pontot javasol. Minden esetben, a jogszab\u00e1lyi rendelkez\u00e9sekkel \u00f6sszhangban, amennyiben a LES EDITIONS DE BASE nem teljes\u00edti a megadott id\u0151pontban vagy id\u0151szak v\u00e9g\u00e9n t\u00f6rt\u00e9n\u0151 sz\u00e1ll\u00edt\u00e1si k\u00f6telezetts\u00e9g\u00e9t, vagy ennek hi\u00e1ny\u00e1ban a szerz\u0151d\u00e9s megk\u00f6t\u00e9s\u00e9t\u0151l sz\u00e1m\u00edtott 90 napon bel\u00fcl, a vev\u0151 jogosult a szerz\u0151d\u00e9st t\u00e9rtivev\u00e9nyes aj\u00e1nlott lev\u00e9lben vagy m\u00e1s tart\u00f3s adathordoz\u00f3n \u00edr\u00e1sban felmondani, ha miut\u00e1n a LES EDITIONS DE BASE-t ugyanilyen m\u00f3don megb\u00edzta a sz\u00e1ll\u00edt\u00e1ssal vagy a szolg\u00e1ltat\u00e1s ny\u00fajt\u00e1s\u00e1val egy \u00e9sszer\u0171 p\u00f3that\u00e1rid\u0151n bel\u00fcl, az ut\u00f3bbi nem teljes\u00edtette a k\u00f6telezetts\u00e9geit.<\/p>\n<p>Az ALAP KIAD\u00c1SOK nemzetk\u00f6zi sz\u00e1ll\u00edt\u00e1st is v\u00e1llalnak. A sz\u00e1ll\u00edt\u00e1si k\u00f6lts\u00e9geket a t\u00e9nyleges k\u00f6lts\u00e9gek alapj\u00e1n sz\u00e1m\u00edtjuk fel a vev\u0151nek.<\/p>\n<p>6\/10. Fizet\u00e9s<br>A fizet\u00e9s t\u00f6rt\u00e9nik:<br>\u2022 Bankk\u00e1rty\u00e1val (Visa, MasterCard, Maestro, Carte Bleue, American Express stb.) a dev.tutemetscombien.fr weboldalon kereszt\u00fcl, illetve a Cr\u00e9dit Agricole Paybox e-tranzakci\u00f3s modulj\u00e1n kereszt\u00fcl<br>\u2022 \u00e1tutal\u00e1ssal az EDITIONS DE BASE vagy k\u00e9pvisel\u0151inek banksz\u00e1ml\u00e1j\u00e1ra<br>\u2022 csekkel vagy k\u00e9szp\u00e9nzzel az EDITIONS DE BASE-t\u0151l a k\u00e9pvisel\u0151ivel folytatott megbesz\u00e9l\u00e9sek sor\u00e1n<\/p>\n<p>7\/10. Kifizet\u00e9s<br>A hat\u00e1lyos jogszab\u00e1lyoknak megfelel\u0151en a v\u00e1s\u00e1rl\u00f3 a term\u00e9kek \u00e1tv\u00e9tel\u00e9t\u0151l sz\u00e1m\u00edtott 14 napon bel\u00fcl gyakorolhatja az EDITIONS DE BASE-t\u0151l val\u00f3 el\u00e1ll\u00e1si jog\u00e1t indokl\u00e1s \u00e9s b\u00fcntet\u00e9s n\u00e9lk\u00fcl. Ha az el\u00e1ll\u00e1si jogot a fent eml\u00edtett id\u0151szakon bel\u00fcl gyakorolja, a megv\u00e1s\u00e1rolt term\u00e9k(ek) v\u00e9tel\u00e1r\u00e1t visszat\u00e9r\u00edtj\u00fck. A term\u00e9knek s\u00e9rtetlennek, hi\u00e1nytalannak \u00e9s bontatlannak kell lennie.<br>Ezen id\u0151szakon t\u00fal a LES EDITIONS DE BASE nem fogad el visszat\u00e9r\u00edt\u00e9s c\u00e9lj\u00e1b\u00f3l \u00e1ruvisszak\u00fcld\u00e9st.<\/p>\n<p>8\/10. Jogi garanci\u00e1k<br>A Francia Fogyaszt\u00f3v\u00e9delmi T\u00f6rv\u00e9nyk\u00f6nyv L.211-4 - L.211-12 cikkei \u00e9rtelm\u00e9ben a v\u00e1s\u00e1rl\u00f3 garanci\u00e1t v\u00e1llal a weboldalunkon kereszt\u00fcl v\u00e1s\u00e1rolt term\u00e9kekre vonatkoz\u00f3 hib\u00e1kra. Ebben az esetben \u00edr\u00e1sban kell \u00e9rtes\u00edtenie minket a tal\u00e1lt hib\u00e1kr\u00f3l, \u00e9s vissza kell k\u00fcldenie nek\u00fcnk a term\u00e9ket\/term\u00e9keket. Amennyiben a megfelel\u0151s\u00e9g hi\u00e1ny\u00e1t az \u00e9rt\u00e9kes\u00edt\u00e9s ut\u00e1ni szervizvizsg\u00e1latok meger\u0151s\u00edtik, a term\u00e9ket a k\u00f6lts\u00e9gekt\u0151l f\u00fcgg\u0151en kicser\u00e9lj\u00fck vagy megjav\u00edtjuk a Francia Fogyaszt\u00f3v\u00e9delmi T\u00f6rv\u00e9nyk\u00f6nyv L.211-9 cikke szerint. A Francia Fogyaszt\u00f3v\u00e9delmi T\u00f6rv\u00e9nyk\u00f6nyv L.211-11 cikke \u00e9rtelm\u00e9ben a visszak\u00fcld\u00e9s k\u00f6lts\u00e9geit a term\u00e9k visszak\u00fcld\u00e9se ut\u00e1n, a kapcsol\u00f3d\u00f3 igazol\u00f3 dokumentumok bemutat\u00e1sa ellen\u00e9ben megt\u00e9r\u00edtj\u00fck, amennyiben a megfelel\u0151s\u00e9g hi\u00e1ny\u00e1t meger\u0151s\u00edtj\u00fck. Ez\u00e9rt k\u00e9rj\u00fck a v\u00e1s\u00e1rl\u00f3t, hogy \u0151rizze meg a igazol\u00f3 dokumentumokat a visszak\u00fcld\u00e9shez. Ellenkez\u0151 esetben, ha nem csatolja azokat a visszak\u00fcld\u00e9shez, a csomagk\u00fcld\u00e9s alap postai d\u00edjszab\u00e1s\u00e1val t\u00e9r\u00edtj\u00fck meg a k\u00f6lts\u00e9get.<\/p>\n<p>9\/10. Illet\u00e9kes joghat\u00f3s\u00e1g<br>Ez a szerz\u0151d\u00e9s a francia jog hat\u00e1lya al\u00e1 tartozik. A szerz\u0151d\u00e9s nyelve francia. Vita eset\u00e9n a b\u00edr\u00f3s\u00e1gok rendelkeznek kiz\u00e1r\u00f3lagos joghat\u00f3s\u00e1ggal. Vita eset\u00e9n az \u00fcgyf\u00e9l el\u0151sz\u00f6r a v\u00e1llalattal veszi fel a kapcsolatot a b\u00e9k\u00e9s megold\u00e1s keres\u00e9se \u00e9rdek\u00e9ben.<\/p>\n<p>10\/10. Az utols\u00f3 sz\u00f3<br>Tov\u00e1bbi inform\u00e1ci\u00f3\u00e9rt k\u00e9rj\u00fck, forduljon bizalommal a LES EDITIONS DE BASE-hez e-mailben (contact@tutemetscombien.fr).<\/p>\t\t\t\t\t\t\t\t<\/div>\n\t\t\t\t<\/div>\n\t\t\t\t\t<\/div>\n\t\t\t\t<\/div>\n\t\t<div class=\"elementor-element elementor-element-f3d620b e-flex e-con-boxed e-con e-child\" data-id=\"f3d620b\" data-element_type=\"container\" data-e-type=\"container\">\n\t\t\t\t\t<div class=\"e-con-inner\">\n\t\t<div class=\"elementor-element elementor-element-7ac8c2d e-con-full e-flex e-con e-child\" data-id=\"7ac8c2d\" data-element_type=\"container\" data-e-type=\"container\">\n\t\t<div class=\"elementor-element elementor-element-b5dc724 e-con-full e-flex e-con e-child\" data-id=\"b5dc724\" data-element_type=\"container\" data-e-type=\"container\">\n\t\t\t\t<div class=\"elementor-element elementor-element-c6334e1 elementor-widget__width-initial elementor-widget-mobile__width-initial elementor-widget elementor-widget-text-editor\" data-id=\"c6334e1\" data-element_type=\"widget\" data-e-type=\"widget\" data-widget_type=\"text-editor.default\">\n\t\t\t\t<div class=\"elementor-widget-container\">\n\t\t\t\t\t\t\t\t\t<p>\u00a9 2025<\/p>\t\t\t\t\t\t\t\t<\/div>\n\t\t\t\t<\/div>\n\t\t\t\t<div class=\"elementor-element elementor-element-5516244 elementor-widget__width-initial elementor-widget-mobile__width-initial elementor-widget elementor-widget-button\" data-id=\"5516244\" data-element_type=\"widget\" data-e-type=\"widget\" data-widget_type=\"button.default\">\n\t\t\t\t<div class=\"elementor-widget-container\">\n\t\t\t\t\t\t\t\t\t<div class=\"elementor-button-wrapper\">\n\t\t\t\t\t<a class=\"elementor-button elementor-button-link elementor-size-sm\" href=\"\/hu\/jogi-kozlemenyek\/\">\n\t\t\t\t\t\t<span class=\"elementor-button-content-wrapper\">\n\t\t\t\t\t\t\t\t\t<span class=\"elementor-button-text\">Jogi k\u00f6zlem\u00e9nyek<\/span>\n\t\t\t\t\t<\/span>\n\t\t\t\t\t<\/a>\n\t\t\t\t<\/div>\n\t\t\t\t\t\t\t\t<\/div>\n\t\t\t\t<\/div>\n\t\t\t\t<div class=\"elementor-element elementor-element-492429b elementor-widget__width-initial elementor-widget-mobile__width-initial elementor-widget elementor-widget-button\" data-id=\"492429b\" data-element_type=\"widget\" data-e-type=\"widget\" data-widget_type=\"button.default\">\n\t\t\t\t<div class=\"elementor-widget-container\">\n\t\t\t\t\t\t\t\t\t<div class=\"elementor-button-wrapper\">\n\t\t\t\t\t<a class=\"elementor-button elementor-button-link elementor-size-sm\" href=\"\/hu\/adatvedelmi-iranyelvek\/\">\n\t\t\t\t\t\t<span class=\"elementor-button-content-wrapper\">\n\t\t\t\t\t\t\t\t\t<span class=\"elementor-button-text\">Adatv\u00e9delmi ir\u00e1nyelvek<\/span>\n\t\t\t\t\t<\/span>\n\t\t\t\t\t<\/a>\n\t\t\t\t<\/div>\n\t\t\t\t\t\t\t\t<\/div>\n\t\t\t\t<\/div>\n\t\t\t\t<div class=\"elementor-element elementor-element-f4b491d elementor-widget__width-initial elementor-widget-mobile__width-initial elementor-widget elementor-widget-button\" data-id=\"f4b491d\" data-element_type=\"widget\" data-e-type=\"widget\" data-widget_type=\"button.default\">\n\t\t\t\t<div class=\"elementor-widget-container\">\n\t\t\t\t\t\t\t\t\t<div class=\"elementor-button-wrapper\">\n\t\t\t\t\t<a class=\"elementor-button elementor-button-link elementor-size-sm\" href=\"\/hu\/altalanos-szerzodesi-feltetelek\/\">\n\t\t\t\t\t\t<span class=\"elementor-button-content-wrapper\">\n\t\t\t\t\t\t\t\t\t<span class=\"elementor-button-text\">\u00c1ltal\u00e1nos Szerz\u0151d\u00e9si Felt\u00e9telek<\/span>\n\t\t\t\t\t<\/span>\n\t\t\t\t\t<\/a>\n\t\t\t\t<\/div>\n\t\t\t\t\t\t\t\t<\/div>\n\t\t\t\t<\/div>\n\t\t\t\t<\/div>\n\t\t\t\t<\/div>\n\t\t\t\t\t<\/div>\n\t\t\t\t<\/div>\n\t\t\t\t<\/div>","protected":false},"excerpt":{"rendered":"<p>Conditions G\u00e9n\u00e9rales de Vente 1\/10. Pr\u00e9ambuleLes pr\u00e9sentes conditions g\u00e9n\u00e9rales de vente sont conclues entre :La soci\u00e9t\u00e9 LES EDITIONS DE BASE, SAS au capital de 4.000 euros13 rue Diderot, 94300 VincennesImmatricul\u00e9e RCS LYON 821 908 944N- TVA intracommunautaire FR36821908944Ci-apr\u00e8s d\u00e9nomm\u00e9e \u201cLES EDITIONS DE BASE\u201dEtToute personne physique ou morale souhaitant effectuer un achat via le site internet [&hellip;]<\/p>\n","protected":false},"author":1,"featured_media":0,"parent":0,"menu_order":0,"comment_status":"closed","ping_status":"closed","template":"","meta":{"_acf_changed":false,"footnotes":""},"class_list":["post-981","page","type-page","status-publish","hentry"],"acf":[],"_links":{"self":[{"href":"https:\/\/dev.tutemetscombien.fr\/hu\/wp-json\/wp\/v2\/pages\/981","targetHints":{"allow":["GET"]}}],"collection":[{"href":"https:\/\/dev.tutemetscombien.fr\/hu\/wp-json\/wp\/v2\/pages"}],"about":[{"href":"https:\/\/dev.tutemetscombien.fr\/hu\/wp-json\/wp\/v2\/types\/page"}],"author":[{"embeddable":true,"href":"https:\/\/dev.tutemetscombien.fr\/hu\/wp-json\/wp\/v2\/users\/1"}],"replies":[{"embeddable":true,"href":"https:\/\/dev.tutemetscombien.fr\/hu\/wp-json\/wp\/v2\/comments?post=981"}],"version-history":[{"count":9,"href":"https:\/\/dev.tutemetscombien.fr\/hu\/wp-json\/wp\/v2\/pages\/981\/revisions"}],"predecessor-version":[{"id":1450,"href":"https:\/\/dev.tutemetscombien.fr\/hu\/wp-json\/wp\/v2\/pages\/981\/revisions\/1450"}],"wp:attachment":[{"href":"https:\/\/dev.tutemetscombien.fr\/hu\/wp-json\/wp\/v2\/media?parent=981"}],"curies":[{"name":"munkaf\u00fczet","href":"https:\/\/api.w.org\/{rel}","templated":true}]}}