{"id":982,"date":"2025-06-12T10:12:19","date_gmt":"2025-06-12T08:12:19","guid":{"rendered":"https:\/\/dev.tutemetscombien.fr\/?page_id=982"},"modified":"2025-06-12T10:18:24","modified_gmt":"2025-06-12T08:18:24","slug":"adatvedelmi-iranyelvek","status":"publish","type":"page","link":"https:\/\/dev.tutemetscombien.fr\/hu\/politique-de-confidentialite\/","title":{"rendered":"Adatv\u00e9delmi ir\u00e1nyelvek"},"content":{"rendered":"<div data-elementor-type=\"wp-page\" data-elementor-id=\"982\" class=\"elementor elementor-982\" data-elementor-post-type=\"page\">\n\t\t\t\t<div class=\"elementor-element elementor-element-4eefeba e-con-full e-flex e-con e-parent\" data-id=\"4eefeba\" data-element_type=\"container\" data-e-type=\"container\" data-settings=\"{&quot;background_background&quot;:&quot;classic&quot;}\">\n\t\t<div class=\"elementor-element elementor-element-6328355 e-flex e-con-boxed e-con e-child\" data-id=\"6328355\" data-element_type=\"container\" data-e-type=\"container\" data-settings=\"{&quot;background_background&quot;:&quot;classic&quot;}\">\n\t\t\t\t\t<div class=\"e-con-inner\">\n\t\t\t\t<div class=\"elementor-element elementor-element-974f98e elementor-widget elementor-widget-theme-post-title elementor-page-title elementor-widget-heading\" data-id=\"974f98e\" data-element_type=\"widget\" data-e-type=\"widget\" data-widget_type=\"theme-post-title.default\">\n\t\t\t\t<div class=\"elementor-widget-container\">\n\t\t\t\t\t<h1 class=\"elementor-heading-title elementor-size-default\">Adatv\u00e9delmi ir\u00e1nyelvek<\/h1>\t\t\t\t<\/div>\n\t\t\t\t<\/div>\n\t\t\t\t\t<\/div>\n\t\t\t\t<\/div>\n\t\t\t\t<\/div>\n\t\t<div class=\"elementor-element elementor-element-79a1933 e-flex e-con-boxed e-con e-parent\" data-id=\"79a1933\" data-element_type=\"container\" data-e-type=\"container\">\n\t\t\t\t\t<div class=\"e-con-inner\">\n\t\t\t\t<div class=\"elementor-element elementor-element-3c6db99 elementor-widget elementor-widget-text-editor\" data-id=\"3c6db99\" data-element_type=\"widget\" data-e-type=\"widget\" data-widget_type=\"text-editor.default\">\n\t\t\t\t<div class=\"elementor-widget-container\">\n\t\t\t\t\t\t\t\t\t<p>A tutemetscombien.fr weboldal a Tu te mets combien? tulajdon\u00e1ban van, amely az \u00d6n szem\u00e9lyes adatainak adatkezel\u0151je.<\/p><p>Elfogadtuk ezt az adatv\u00e9delmi szab\u00e1lyzatot, amely ismerteti, hogyan kezelj\u00fck a tutemetscombien.fr \u00e1ltal gy\u0171jt\u00f6tt inform\u00e1ci\u00f3kat, \u00e9s azt is elmagyar\u00e1zza, hogy mi\u00e9rt kell bizonyos szem\u00e9lyes adatokat gy\u0171jten\u00fcnk \u00d6nr\u0151l. Ez\u00e9rt a tutemetscombien.fr weboldal haszn\u00e1lata el\u0151tt olvassa el ezt az adatv\u00e9delmi szab\u00e1lyzatot.<\/p><p>Gondoskodunk a szem\u00e9lyes adataidr\u00f3l, \u00e9s elk\u00f6telezettek vagyunk azok bizalmas kezel\u00e9se \u00e9s biztons\u00e1ga mellett.<\/p><p><strong>\u00c1ltalunk gy\u0171jt\u00f6tt szem\u00e9lyes adatok:<\/strong><br \/>Amikor felkeresi a tutemetscombien.fr weboldalt, automatikusan gy\u0171jt\u00fcnk bizonyos inform\u00e1ci\u00f3kat az eszk\u00f6z\u00e9r\u0151l, bele\u00e9rtve a webb\u00f6ng\u00e9sz\u0151j\u00e9re, IP-c\u00edm\u00e9re, id\u0151z\u00f3n\u00e1j\u00e1ra \u00e9s az eszk\u00f6z\u00e9re telep\u00edtett n\u00e9h\u00e1ny s\u00fctire vonatkoz\u00f3 inform\u00e1ci\u00f3kat. Ezenk\u00edv\u00fcl, mik\u00f6zben b\u00f6ng\u00e9szi az oldalt, inform\u00e1ci\u00f3kat gy\u0171jt\u00fcnk az \u00d6n \u00e1ltal megtekintett egyes weboldalakr\u00f3l vagy term\u00e9kekr\u0151l, arr\u00f3l, hogy milyen webhelyek vagy keres\u00e9si kifejez\u00e9sek ir\u00e1ny\u00edtott\u00e1k \u00d6nt az oldalra, valamint arr\u00f3l, hogy hogyan l\u00e9p kapcsolatba az oldallal. Ezeket az automatikusan gy\u0171jt\u00f6tt inform\u00e1ci\u00f3kat \u201eEszk\u00f6zinform\u00e1ci\u00f3knak\u201d nevezz\u00fck. Ezenk\u00edv\u00fcl a szerz\u0151d\u00e9s teljes\u00edt\u00e9se \u00e9rdek\u00e9ben gy\u0171jthetj\u00fck az \u00d6n \u00e1ltal a regisztr\u00e1ci\u00f3 sor\u00e1n megadott szem\u00e9lyes adatokat (bele\u00e9rtve, de nem kiz\u00e1r\u00f3lagosan, a nevet, c\u00edmet, fizet\u00e9si inform\u00e1ci\u00f3kat stb.).<\/p><p><strong>Mi\u00e9rt kezelj\u00fck az \u00d6n adatait?<\/strong><br \/>Legf\u0151bb priorit\u00e1sunk az \u00fcgyf\u00e9ladatok biztons\u00e1ga, ez\u00e9rt csak minim\u00e1lis felhaszn\u00e1l\u00f3i adatokat dolgozunk fel, a weboldal fenntart\u00e1s\u00e1hoz felt\u00e9tlen\u00fcl sz\u00fcks\u00e9ges m\u00e9rt\u00e9kben. Az automatikusan gy\u0171jt\u00f6tt inform\u00e1ci\u00f3kat kiz\u00e1r\u00f3lag a potenci\u00e1lis vissza\u00e9l\u00e9sek azonos\u00edt\u00e1s\u00e1ra \u00e9s a weboldal haszn\u00e1lat\u00e1val kapcsolatos statisztikai adatok \u00f6ssze\u00e1ll\u00edt\u00e1s\u00e1ra haszn\u00e1ljuk fel. Ezeket a statisztikai inform\u00e1ci\u00f3kat nem \u00f6sszes\u00edtj\u00fck olyan m\u00f3don, amely a rendszer egy adott felhaszn\u00e1l\u00f3j\u00e1t azonos\u00edtan\u00e1.<\/p><p>A Weboldalt felkeresheti an\u00e9lk\u00fcl, hogy megadn\u00e1 kil\u00e9t\u00e9t, vagy b\u00e1rmilyen olyan inform\u00e1ci\u00f3t megadna, amely alapj\u00e1n valaki azonos\u00edthatn\u00e1 \u00d6nt. Ha azonban a Weboldal bizonyos funkci\u00f3it haszn\u00e1lni szeretn\u00e9, vagy ha h\u00edrlevelet szeretne kapni, vagy egy\u00e9b adatokat szeretne megadni egy \u0171rlap kit\u00f6lt\u00e9s\u00e9vel, megadhatja nek\u00fcnk szem\u00e9lyes adatait, p\u00e9ld\u00e1ul e-mail c\u00edm\u00e9t, keresztnev\u00e9t, vezet\u00e9knev\u00e9t, lak\u00f3hely\u00e9t, szervezet\u00e9t \u00e9s telefonsz\u00e1m\u00e1t. D\u00f6nthet \u00fagy, hogy nem adja meg szem\u00e9lyes adatait, de ebben az esetben el\u0151fordulhat, hogy nem tudja majd kihaszn\u00e1lni a Weboldal bizonyos funkci\u00f3it. P\u00e9ld\u00e1ul nem fogja tudni megkapni h\u00edrlevel\u00fcnket, vagy k\u00f6zvetlen\u00fcl kapcsolatba l\u00e9pni vel\u00fcnk a Weboldalr\u00f3l. Azok a felhaszn\u00e1l\u00f3k, akik nem biztosak abban, hogy mely inform\u00e1ci\u00f3k megad\u00e1sa k\u00f6telez\u0151, a contact@tutemetscombien.fr c\u00edmen vehetik fel vel\u00fcnk a kapcsolatot.<\/p><p><strong>Az \u00d6n jogai:<\/strong><br \/>Ha \u00d6n eur\u00f3pai \u00e1llampolg\u00e1r, a k\u00f6vetkez\u0151 jogokkal rendelkezik a szem\u00e9lyes adataival kapcsolatban:<\/p><p>A t\u00e1j\u00e9koztat\u00e1shoz val\u00f3 jog.<br \/>A hozz\u00e1f\u00e9r\u00e9si jog.<br \/>A helyesb\u00edt\u00e9shez val\u00f3 jog.<br \/>A t\u00f6rl\u00e9shez val\u00f3 jog.<br \/>A feldolgoz\u00e1s korl\u00e1toz\u00e1s\u00e1hoz val\u00f3 jog.<br \/>Az adathordozhat\u00f3s\u00e1ghoz val\u00f3 jog.<br \/>A tiltakoz\u00e1shoz val\u00f3 jog.<br \/>Az automatiz\u00e1lt d\u00f6nt\u00e9shozatalhoz \u00e9s profilalkot\u00e1shoz kapcsol\u00f3d\u00f3 jogok.<br \/>Ha \u00e9lni k\u00edv\u00e1n ezzel a jog\u00e1val, k\u00e9rj\u00fck, vegye fel vel\u00fcnk a kapcsolatot az al\u00e1bbi el\u00e9rhet\u0151s\u00e9geken.<\/p><p>Tov\u00e1bb\u00e1, ha \u00d6n eur\u00f3pai lakos, megjegyezz\u00fck, hogy adatait az \u00d6nnel k\u00f6t\u00f6tt szerz\u0151d\u00e9sek teljes\u00edt\u00e9se \u00e9rdek\u00e9ben kezelj\u00fck (p\u00e9ld\u00e1ul, ha megrendel\u00e9st ad le a weboldalon kereszt\u00fcl), vagy egy\u00e9b m\u00f3don a fent felsorolt jogos \u00fczleti \u00e9rdekeink \u00e9rv\u00e9nyes\u00edt\u00e9se \u00e9rdek\u00e9ben. Tov\u00e1bb\u00e1 k\u00e9rj\u00fck, vegye figyelembe, hogy adatait Eur\u00f3p\u00e1n k\u00edv\u00fclre, t\u00f6bbek k\u00f6z\u00f6tt Kanad\u00e1ba \u00e9s az Egyes\u00fclt \u00c1llamokba is tov\u00e1bb\u00edthatjuk.<\/p><p><strong>Linkek m\u00e1s weboldalakra:<\/strong><br \/>Weboldalunk tartalmazhat olyan m\u00e1s weboldalakra mutat\u00f3 linkeket, amelyek nem a mi tulajdonunkban vagy ellen\u0151rz\u00e9s\u00fcnk alatt \u00e1llnak. Felh\u00edvjuk figyelm\u00e9t, hogy nem v\u00e1llalunk felel\u0151ss\u00e9get ezek\u00e9rt a m\u00e1s weboldalak\u00e9rt vagy harmadik felek adatv\u00e9delmi gyakorlat\u00e1\u00e9rt. Javasoljuk, hogy legyen k\u00f6r\u00fcltekint\u0151, amikor elhagyja weboldalunkat, \u00e9s olvassa el minden egyes olyan weboldal adatv\u00e9delmi nyilatkozat\u00e1t, amely szem\u00e9lyes adatokat gy\u0171jthet.<\/p><p><strong>Inform\u00e1ci\u00f3biztons\u00e1g:<\/strong><br \/>Az \u00d6n \u00e1ltal megadott inform\u00e1ci\u00f3kat sz\u00e1m\u00edt\u00f3g\u00e9pes szervereken, ellen\u0151rz\u00f6tt, biztons\u00e1gos k\u00f6rnyezetben t\u00e1roljuk, v\u00e9dve a jogosulatlan hozz\u00e1f\u00e9r\u00e9st\u0151l, felhaszn\u00e1l\u00e1st\u00f3l vagy nyilv\u00e1noss\u00e1gra hozatalt\u00f3l. \u00c9sszer\u0171 adminisztrat\u00edv, technikai \u00e9s fizikai v\u00e9delmet biztos\u00edtunk a szem\u00e9lyes adatok jogosulatlan hozz\u00e1f\u00e9r\u00e9se, felhaszn\u00e1l\u00e1sa, m\u00f3dos\u00edt\u00e1sa \u00e9s nyilv\u00e1noss\u00e1gra hozatala ellen. Az interneten vagy vezet\u00e9k n\u00e9lk\u00fcli h\u00e1l\u00f3zaton kereszt\u00fcli adat\u00e1tvitel azonban nem garant\u00e1lhat\u00f3.<\/p><p><strong>Jogi nyilatkozat:<\/strong><br \/>B\u00e1rmely \u00e1ltalunk gy\u0171jt\u00f6tt, felhaszn\u00e1lt vagy kapott inform\u00e1ci\u00f3t nyilv\u00e1noss\u00e1gra hozunk, ha azt t\u00f6rv\u00e9ny \u00edrja el\u0151 vagy enged\u00e9lyezi, p\u00e9ld\u00e1ul id\u00e9z\u00e9s vagy hasonl\u00f3 jogi elj\u00e1r\u00e1s teljes\u00edt\u00e9se \u00e9rdek\u00e9ben, \u00e9s ha j\u00f3hiszem\u0171en \u00fagy v\u00e9lj\u00fck, hogy a k\u00f6zz\u00e9t\u00e9tel jogaink, az \u00d6n biztons\u00e1ga vagy m\u00e1sok biztons\u00e1ga v\u00e9delme, csal\u00e1s kivizsg\u00e1l\u00e1sa vagy korm\u00e1nyzati k\u00e9r\u00e9sre val\u00f3 v\u00e1laszad\u00e1s \u00e9rdek\u00e9ben sz\u00fcks\u00e9ges.<\/p><p><strong>El\u00e9rhet\u0151s\u00e9gek:<\/strong><br \/>Ha szeretn\u00e9 felvenni vel\u00fcnk a kapcsolatot a szab\u00e1lyzat tov\u00e1bbi meg\u00e9rt\u00e9se \u00e9rdek\u00e9ben, vagy ha b\u00e1rmilyen, az egy\u00e9ni jogokkal \u00e9s a szem\u00e9lyes adataival kapcsolatos k\u00e9rd\u00e9sben szeretne kapcsolatba l\u00e9pni vel\u00fcnk, k\u00fcldj\u00f6n e-mailt a contact@tutemetscombien.fr c\u00edmre.<\/p>\t\t\t\t\t\t\t\t<\/div>\n\t\t\t\t<\/div>\n\t\t\t\t\t<\/div>\n\t\t\t\t<\/div>\n\t\t<div class=\"elementor-element elementor-element-f3d620b e-flex e-con-boxed e-con e-child\" data-id=\"f3d620b\" data-element_type=\"container\" data-e-type=\"container\">\n\t\t\t\t\t<div class=\"e-con-inner\">\n\t\t<div class=\"elementor-element elementor-element-7724ad3 e-con-full e-flex e-con e-child\" data-id=\"7724ad3\" data-element_type=\"container\" data-e-type=\"container\">\n\t\t<div class=\"elementor-element elementor-element-15ace8d e-con-full e-flex e-con e-child\" data-id=\"15ace8d\" data-element_type=\"container\" data-e-type=\"container\">\n\t\t\t\t<div class=\"elementor-element elementor-element-090a06d elementor-widget__width-initial elementor-widget-mobile__width-initial elementor-widget elementor-widget-text-editor\" data-id=\"090a06d\" data-element_type=\"widget\" data-e-type=\"widget\" data-widget_type=\"text-editor.default\">\n\t\t\t\t<div class=\"elementor-widget-container\">\n\t\t\t\t\t\t\t\t\t<p>\u00a9 2025<\/p>\t\t\t\t\t\t\t\t<\/div>\n\t\t\t\t<\/div>\n\t\t\t\t<div class=\"elementor-element elementor-element-34f3245 elementor-widget__width-initial elementor-widget-mobile__width-initial elementor-widget elementor-widget-button\" data-id=\"34f3245\" data-element_type=\"widget\" data-e-type=\"widget\" data-widget_type=\"button.default\">\n\t\t\t\t<div class=\"elementor-widget-container\">\n\t\t\t\t\t\t\t\t\t<div class=\"elementor-button-wrapper\">\n\t\t\t\t\t<a class=\"elementor-button elementor-button-link elementor-size-sm\" href=\"\/hu\/jogi-kozlemenyek\/\">\n\t\t\t\t\t\t<span class=\"elementor-button-content-wrapper\">\n\t\t\t\t\t\t\t\t\t<span class=\"elementor-button-text\">Jogi k\u00f6zlem\u00e9nyek<\/span>\n\t\t\t\t\t<\/span>\n\t\t\t\t\t<\/a>\n\t\t\t\t<\/div>\n\t\t\t\t\t\t\t\t<\/div>\n\t\t\t\t<\/div>\n\t\t\t\t<div class=\"elementor-element elementor-element-be83330 elementor-widget__width-initial elementor-widget-mobile__width-initial elementor-widget elementor-widget-button\" data-id=\"be83330\" data-element_type=\"widget\" data-e-type=\"widget\" data-widget_type=\"button.default\">\n\t\t\t\t<div class=\"elementor-widget-container\">\n\t\t\t\t\t\t\t\t\t<div class=\"elementor-button-wrapper\">\n\t\t\t\t\t<a class=\"elementor-button elementor-button-link elementor-size-sm\" href=\"\/hu\/adatvedelmi-iranyelvek\/\">\n\t\t\t\t\t\t<span class=\"elementor-button-content-wrapper\">\n\t\t\t\t\t\t\t\t\t<span class=\"elementor-button-text\">Adatv\u00e9delmi ir\u00e1nyelvek<\/span>\n\t\t\t\t\t<\/span>\n\t\t\t\t\t<\/a>\n\t\t\t\t<\/div>\n\t\t\t\t\t\t\t\t<\/div>\n\t\t\t\t<\/div>\n\t\t\t\t<div class=\"elementor-element elementor-element-1e906f2 elementor-widget__width-initial elementor-widget-mobile__width-initial elementor-widget elementor-widget-button\" data-id=\"1e906f2\" data-element_type=\"widget\" data-e-type=\"widget\" data-widget_type=\"button.default\">\n\t\t\t\t<div class=\"elementor-widget-container\">\n\t\t\t\t\t\t\t\t\t<div class=\"elementor-button-wrapper\">\n\t\t\t\t\t<a class=\"elementor-button elementor-button-link elementor-size-sm\" href=\"\/hu\/altalanos-szerzodesi-feltetelek\/\">\n\t\t\t\t\t\t<span class=\"elementor-button-content-wrapper\">\n\t\t\t\t\t\t\t\t\t<span class=\"elementor-button-text\">\u00c1ltal\u00e1nos Szerz\u0151d\u00e9si Felt\u00e9telek<\/span>\n\t\t\t\t\t<\/span>\n\t\t\t\t\t<\/a>\n\t\t\t\t<\/div>\n\t\t\t\t\t\t\t\t<\/div>\n\t\t\t\t<\/div>\n\t\t\t\t<\/div>\n\t\t\t\t<\/div>\n\t\t\t\t\t<\/div>\n\t\t\t\t<\/div>\n\t\t\t\t<\/div>","protected":false},"excerpt":{"rendered":"<p>Le site web tutemetscombien.fr est d\u00e9tenu par Tu te mets combien ?, qui est un contr\u00f4leur de donn\u00e9es de vos donn\u00e9es personnelles. Nous avons adopt\u00e9 cette politique de confidentialit\u00e9, qui d\u00e9termine la mani\u00e8re dont nous traitons les informations collect\u00e9es par tutemetscombien.fr, qui fournit \u00e9galement les raisons pour lesquelles nous devons collecter certaines donn\u00e9es personnelles vous [&hellip;]<\/p>\n","protected":false},"author":1,"featured_media":0,"parent":0,"menu_order":0,"comment_status":"closed","ping_status":"closed","template":"","meta":{"_acf_changed":false,"footnotes":""},"class_list":["post-982","page","type-page","status-publish","hentry"],"acf":[],"_links":{"self":[{"href":"https:\/\/dev.tutemetscombien.fr\/hu\/wp-json\/wp\/v2\/pages\/982","targetHints":{"allow":["GET"]}}],"collection":[{"href":"https:\/\/dev.tutemetscombien.fr\/hu\/wp-json\/wp\/v2\/pages"}],"about":[{"href":"https:\/\/dev.tutemetscombien.fr\/hu\/wp-json\/wp\/v2\/types\/page"}],"author":[{"embeddable":true,"href":"https:\/\/dev.tutemetscombien.fr\/hu\/wp-json\/wp\/v2\/users\/1"}],"replies":[{"embeddable":true,"href":"https:\/\/dev.tutemetscombien.fr\/hu\/wp-json\/wp\/v2\/comments?post=982"}],"version-history":[{"count":9,"href":"https:\/\/dev.tutemetscombien.fr\/hu\/wp-json\/wp\/v2\/pages\/982\/revisions"}],"predecessor-version":[{"id":1008,"href":"https:\/\/dev.tutemetscombien.fr\/hu\/wp-json\/wp\/v2\/pages\/982\/revisions\/1008"}],"wp:attachment":[{"href":"https:\/\/dev.tutemetscombien.fr\/hu\/wp-json\/wp\/v2\/media?parent=982"}],"curies":[{"name":"munkaf\u00fczet","href":"https:\/\/api.w.org\/{rel}","templated":true}]}}