{"id":1593,"date":"2025-07-21T15:15:50","date_gmt":"2025-07-21T13:15:50","guid":{"rendered":"https:\/\/dev.tutemetscombien.fr\/?post_type=product&#038;p=1593"},"modified":"2026-02-23T11:15:47","modified_gmt":"2026-02-23T10:15:47","slug":"ttmc-zene","status":"publish","type":"product","link":"https:\/\/dev.tutemetscombien.fr\/hu\/jeu-de-societe\/ttmc-musique\/","title":{"rendered":"TTMC \u2013 Zene"},"content":{"rendered":"<p>Ritmikus v\u00e1ltozata <em>TTMC \u2013 Tu Te Mets Combien ?<\/em>, Ez a k\u00fcl\u00f6nleges kiad\u00e1s 162 k\u00e1rty\u00e1t \u00e9s 1178 zen\u00e9vel kapcsolatos k\u00e9rd\u00e9st k\u00edn\u00e1l.<\/p>\n<p>Ugyanaz a r\u00e9gi t\u00f6rt\u00e9net: 1-t\u0151l (k\u00f6nny\u0171) 10-ig (szak\u00e9rt\u0151) \u00e9rt\u00e9keled a tud\u00e1sodat a v\u00e1lasztott t\u00e9m\u00e1ban. Min\u00e9l magasabb a pontsz\u00e1m, ann\u00e1l nehezebb a k\u00e9rd\u00e9s. Helyes v\u00e1lasz? Annyit l\u00e9psz el\u0151re, amennyi a pontsz\u00e1mod.<\/p>\n<p>Minden zenerajong\u00f3 sz\u00e1m\u00e1ra el\u00e9rhet\u0151, teszteld tud\u00e1sodat Aznavourt\u00f3l Beyonc\u00e9ig.<\/p>","protected":false},"excerpt":{"rendered":"<p>H\u00e1ny Disney dalt \u00e9rt\u00e9kelsz? Beatles-t? Git\u00e1rokat?<br \/>\nZenei k\u00e9rd\u00e9sek fesztiv\u00e1lja!<\/p>","protected":false},"featured_media":3599,"comment_status":"closed","ping_status":"closed","template":"","meta":{"_acf_changed":false},"product_brand":[],"product_cat":[37],"product_tag":[],"class_list":{"0":"post-1593","1":"product","2":"type-product","3":"status-publish","4":"has-post-thumbnail","6":"product_cat-ttmc-france","8":"first","9":"outofstock","10":"taxable","11":"shipping-taxable","12":"purchasable","13":"product-type-simple"},"acf":[],"_links":{"self":[{"href":"https:\/\/dev.tutemetscombien.fr\/hu\/wp-json\/wp\/v2\/product\/1593","targetHints":{"allow":["GET"]}}],"collection":[{"href":"https:\/\/dev.tutemetscombien.fr\/hu\/wp-json\/wp\/v2\/product"}],"about":[{"href":"https:\/\/dev.tutemetscombien.fr\/hu\/wp-json\/wp\/v2\/types\/product"}],"replies":[{"embeddable":true,"href":"https:\/\/dev.tutemetscombien.fr\/hu\/wp-json\/wp\/v2\/comments?post=1593"}],"wp:featuredmedia":[{"embeddable":true,"href":"https:\/\/dev.tutemetscombien.fr\/hu\/wp-json\/wp\/v2\/media\/3599"}],"wp:attachment":[{"href":"https:\/\/dev.tutemetscombien.fr\/hu\/wp-json\/wp\/v2\/media?parent=1593"}],"wp:term":[{"taxonomy":"product_brand","embeddable":true,"href":"https:\/\/dev.tutemetscombien.fr\/hu\/wp-json\/wp\/v2\/product_brand?post=1593"},{"taxonomy":"product_cat","embeddable":true,"href":"https:\/\/dev.tutemetscombien.fr\/hu\/wp-json\/wp\/v2\/product_cat?post=1593"},{"taxonomy":"product_tag","embeddable":true,"href":"https:\/\/dev.tutemetscombien.fr\/hu\/wp-json\/wp\/v2\/product_tag?post=1593"}],"curies":[{"name":"munkaf\u00fczet","href":"https:\/\/api.w.org\/{rel}","templated":true}]}}