{"id":1594,"date":"2025-07-21T15:19:09","date_gmt":"2025-07-21T13:19:09","guid":{"rendered":"https:\/\/dev.tutemetscombien.fr\/?post_type=product&#038;p=1594"},"modified":"2026-02-23T11:15:05","modified_gmt":"2026-02-23T10:15:05","slug":"ttmc-jo-etelek-a-marmitonnal","status":"publish","type":"product","link":"https:\/\/dev.tutemetscombien.fr\/hu\/jeu-de-societe\/ttmc-bonne-bouffe-avec-marmiton\/","title":{"rendered":"TTMC \u2013 Bonne Bouffe avec Marmiton"},"content":{"rendered":"<p>Egy \u00edzletes v\u00e1ltozata <em>TTMC \u2013 Tu Te Mets Combien ?<\/em>, Ez a k\u00fcl\u00f6nkiad\u00e1s 162 k\u00e1rty\u00e1t \u00e9s 1157 f\u0151z\u00e9sr\u0151l sz\u00f3l\u00f3 k\u00e9rd\u00e9st k\u00edn\u00e1l.<\/p>\n<p>A k\u00e9plet ugyanaz marad: 1-t\u0151l (k\u00f6nny\u0171) 10-ig (szak\u00e9rt\u0151) \u00e9rt\u00e9keled a tud\u00e1sodat az adott t\u00e9m\u00e1ban. Min\u00e9l magasabb a pontsz\u00e1m, ann\u00e1l nehezebb a k\u00e9rd\u00e9s. Helyes v\u00e1lasz? Annyit l\u00e9phetsz el\u0151re, amennyi a pontsz\u00e1mod. Egyszer\u0171, lebilincsel\u0151 \u00e9s hat\u00e9kony.<\/p>\n<p>Ez a j\u00e1t\u00e9k minden gasztron\u00f3miai szeret\u0151 sz\u00e1m\u00e1ra el\u00e9rhet\u0151, \u00e9s m\u00e9rt\u00e9kletess\u00e9g n\u00e9lk\u00fcl \u00e9lvezhet\u0151.<\/p>\n<p>Marmitonnal egy\u00fcttm\u0171k\u00f6dve.<\/p>","protected":false},"excerpt":{"rendered":"<div id=\"product-description-short-2134\">\n<p>Mennyit k\u00f6ltesz tiramis\u00fara? F\u0151z\u00e9si m\u00f3dszerekre? Michelin-csillagos szak\u00e1csokra?<br \/>\nK\u00e9rd\u00e9sek lakom\u00e1ja, Marmitonnal!<\/p>\n<\/div>","protected":false},"featured_media":1588,"comment_status":"closed","ping_status":"closed","template":"","meta":{"_acf_changed":false},"product_brand":[],"product_cat":[37],"product_tag":[],"class_list":{"0":"post-1594","1":"product","2":"type-product","3":"status-publish","4":"has-post-thumbnail","6":"product_cat-ttmc-france","8":"first","9":"instock","10":"taxable","11":"shipping-taxable","12":"purchasable","13":"product-type-simple"},"acf":[],"_links":{"self":[{"href":"https:\/\/dev.tutemetscombien.fr\/hu\/wp-json\/wp\/v2\/product\/1594","targetHints":{"allow":["GET"]}}],"collection":[{"href":"https:\/\/dev.tutemetscombien.fr\/hu\/wp-json\/wp\/v2\/product"}],"about":[{"href":"https:\/\/dev.tutemetscombien.fr\/hu\/wp-json\/wp\/v2\/types\/product"}],"replies":[{"embeddable":true,"href":"https:\/\/dev.tutemetscombien.fr\/hu\/wp-json\/wp\/v2\/comments?post=1594"}],"wp:featuredmedia":[{"embeddable":true,"href":"https:\/\/dev.tutemetscombien.fr\/hu\/wp-json\/wp\/v2\/media\/1588"}],"wp:attachment":[{"href":"https:\/\/dev.tutemetscombien.fr\/hu\/wp-json\/wp\/v2\/media?parent=1594"}],"wp:term":[{"taxonomy":"product_brand","embeddable":true,"href":"https:\/\/dev.tutemetscombien.fr\/hu\/wp-json\/wp\/v2\/product_brand?post=1594"},{"taxonomy":"product_cat","embeddable":true,"href":"https:\/\/dev.tutemetscombien.fr\/hu\/wp-json\/wp\/v2\/product_cat?post=1594"},{"taxonomy":"product_tag","embeddable":true,"href":"https:\/\/dev.tutemetscombien.fr\/hu\/wp-json\/wp\/v2\/product_tag?post=1594"}],"curies":[{"name":"munkaf\u00fczet","href":"https:\/\/api.w.org\/{rel}","templated":true}]}}