{"id":2188,"date":"2025-09-16T10:19:44","date_gmt":"2025-09-16T08:19:44","guid":{"rendered":"https:\/\/dev.tutemetscombien.fr\/?post_type=product&#038;p=2188"},"modified":"2026-02-23T11:14:13","modified_gmt":"2026-02-23T10:14:13","slug":"ttmc-a-belga-kiegeszito","status":"publish","type":"product","link":"https:\/\/dev.tutemetscombien.fr\/hu\/jeu-de-societe\/ttmc-le-complement-belge\/","title":{"rendered":"TTMC \u2013 Le Compl\u00e9ment Belge"},"content":{"rendered":"<p>Mer\u00fclj el a belga kult\u00far\u00e1ban ezzel a helyi 100 % kiterjeszt\u00e9ssel<em> TTMC \u2013 Tu Te Mets Combien ?<\/em>.<\/p>\n<p>130 k\u00e1rtya \u00e9s 1014 k\u00e9rd\u00e9s, amelyek kompatibilisek a <em>TTMC 1<\/em> hogy a s\u00fclt krumplin \u00e9s a Stromae-n t\u00fal is teszteld a tud\u00e1sodat.<\/p>\n<p>Az elv ugyanaz marad: 1-t\u0151l (k\u00f6nny\u0171) 10-ig (szak\u00e9rt\u0151) \u00e9rt\u00e9keled a tud\u00e1sodat az adott t\u00e9m\u00e1ban. Min\u00e9l magasabb a pontsz\u00e1m, ann\u00e1l nehezebb a k\u00e9rd\u00e9s. Helyes v\u00e1lasz? Annyit l\u00e9phetsz el\u0151re, amennyi a pontsz\u00e1mod.<\/p>","protected":false},"excerpt":{"rendered":"<p>Mennyit k\u00f6lten\u00e9l egy Chevroletre? Beno\u00eet Poelvoorde-ra? Vas\u00fati motorokra?<br \/>\nA kiterjeszt\u00e9s <em>TTMC<\/em> K\u00fcl\u00f6nleges belga kiad\u00e1s!<\/p>","protected":false},"featured_media":3149,"comment_status":"closed","ping_status":"closed","template":"","meta":{"_acf_changed":false},"product_brand":[],"product_cat":[37],"product_tag":[],"class_list":{"0":"post-2188","1":"product","2":"type-product","3":"status-publish","4":"has-post-thumbnail","6":"product_cat-ttmc-france","8":"first","9":"outofstock","10":"taxable","11":"shipping-taxable","12":"purchasable","13":"product-type-simple"},"acf":[],"_links":{"self":[{"href":"https:\/\/dev.tutemetscombien.fr\/hu\/wp-json\/wp\/v2\/product\/2188","targetHints":{"allow":["GET"]}}],"collection":[{"href":"https:\/\/dev.tutemetscombien.fr\/hu\/wp-json\/wp\/v2\/product"}],"about":[{"href":"https:\/\/dev.tutemetscombien.fr\/hu\/wp-json\/wp\/v2\/types\/product"}],"replies":[{"embeddable":true,"href":"https:\/\/dev.tutemetscombien.fr\/hu\/wp-json\/wp\/v2\/comments?post=2188"}],"wp:featuredmedia":[{"embeddable":true,"href":"https:\/\/dev.tutemetscombien.fr\/hu\/wp-json\/wp\/v2\/media\/3149"}],"wp:attachment":[{"href":"https:\/\/dev.tutemetscombien.fr\/hu\/wp-json\/wp\/v2\/media?parent=2188"}],"wp:term":[{"taxonomy":"product_brand","embeddable":true,"href":"https:\/\/dev.tutemetscombien.fr\/hu\/wp-json\/wp\/v2\/product_brand?post=2188"},{"taxonomy":"product_cat","embeddable":true,"href":"https:\/\/dev.tutemetscombien.fr\/hu\/wp-json\/wp\/v2\/product_cat?post=2188"},{"taxonomy":"product_tag","embeddable":true,"href":"https:\/\/dev.tutemetscombien.fr\/hu\/wp-json\/wp\/v2\/product_tag?post=2188"}],"curies":[{"name":"munkaf\u00fczet","href":"https:\/\/api.w.org\/{rel}","templated":true}]}}