{"id":2521,"date":"2025-10-21T12:21:27","date_gmt":"2025-10-21T10:21:27","guid":{"rendered":"https:\/\/dev.tutemetscombien.fr\/?post_type=product&#038;p=2521"},"modified":"2026-02-23T11:13:28","modified_gmt":"2026-02-23T10:13:28","slug":"ttmc-a-termeszetes-taplalekkiegeszito","status":"publish","type":"product","link":"https:\/\/dev.tutemetscombien.fr\/hu\/jeu-de-societe\/ttmc-le-complement-naturel\/","title":{"rendered":"TTMC \u2013 Le Compl\u00e9ment Naturel"},"content":{"rendered":"<p>Azt hitted, eserny\u0151feny\u0151kr\u0151l \u00e9s komposztr\u00f3l fogunk besz\u00e9lni? T\u00e9vedt\u00e9l.<\/p>\n<p><em>A term\u00e9szetes t\u00e1pl\u00e1l\u00e9kkieg\u00e9sz\u00edt\u0151<\/em>, Ez egyszer\u0171en a told\u00e1s, ami term\u00e9szetesen illeszkedik a doboz\u00e1ba <em>TTMC 1<\/em>.<\/p>\n<p>130 k\u00e1rtya \u00e9s 1035 \u00faj k\u00e9rd\u00e9s v\u00e1r r\u00e1d \u00fajra, ugyanazokkal a legend\u00e1s kateg\u00f3ri\u00e1kkal: Iskola, Feln\u0151tt, Sz\u00f3rakoz\u00e1s, Val\u00f3sz\u00edn\u0171tlen, valamint a h\u00edres Kih\u00edv\u00e1s \u00e9s Ne habozz megnyerni k\u00e1rty\u00e1k.<\/p>\n<p>Az elv ugyanaz marad: 1-t\u0151l (k\u00f6nny\u0171) 10-ig (szak\u00e9rt\u0151) \u00e9rt\u00e9keled a tud\u00e1sodat az adott t\u00e9m\u00e1ban. Min\u00e9l magasabb a pontsz\u00e1m, ann\u00e1l nehezebb a k\u00e9rd\u00e9s. Helyes v\u00e1lasz? Annyit l\u00e9phetsz el\u0151re, amennyi a pontsz\u00e1mod.<\/p>","protected":false},"excerpt":{"rendered":"<div id=\"TheTexte\" class=\"Texte\" lang=\"zxx\">\n<div id=\"product-description-short-224\">\n<p>Mennyit k\u00f6ltesz s\u00f6rre? Sz\u00e1jv\u00edzre? Kem\u00e9ny\u00edt\u0151tartalm\u00fa \u00e9telekre?<br \/>\nAz egyetlen dolog, ami term\u00e9szetes benne, az az, hogy t\u00f6k\u00e9letesen kieg\u00e9sz\u00edti a t\u00e1rsas\u00e1godat. <em>TTMC<\/em> !<\/p>\n<\/div>\n<\/div>","protected":false},"featured_media":3148,"comment_status":"closed","ping_status":"closed","template":"","meta":{"_acf_changed":false},"product_brand":[],"product_cat":[37],"product_tag":[],"class_list":{"0":"post-2521","1":"product","2":"type-product","3":"status-publish","4":"has-post-thumbnail","6":"product_cat-ttmc-france","8":"first","9":"instock","10":"taxable","11":"shipping-taxable","12":"purchasable","13":"product-type-simple"},"acf":[],"_links":{"self":[{"href":"https:\/\/dev.tutemetscombien.fr\/hu\/wp-json\/wp\/v2\/product\/2521","targetHints":{"allow":["GET"]}}],"collection":[{"href":"https:\/\/dev.tutemetscombien.fr\/hu\/wp-json\/wp\/v2\/product"}],"about":[{"href":"https:\/\/dev.tutemetscombien.fr\/hu\/wp-json\/wp\/v2\/types\/product"}],"replies":[{"embeddable":true,"href":"https:\/\/dev.tutemetscombien.fr\/hu\/wp-json\/wp\/v2\/comments?post=2521"}],"wp:featuredmedia":[{"embeddable":true,"href":"https:\/\/dev.tutemetscombien.fr\/hu\/wp-json\/wp\/v2\/media\/3148"}],"wp:attachment":[{"href":"https:\/\/dev.tutemetscombien.fr\/hu\/wp-json\/wp\/v2\/media?parent=2521"}],"wp:term":[{"taxonomy":"product_brand","embeddable":true,"href":"https:\/\/dev.tutemetscombien.fr\/hu\/wp-json\/wp\/v2\/product_brand?post=2521"},{"taxonomy":"product_cat","embeddable":true,"href":"https:\/\/dev.tutemetscombien.fr\/hu\/wp-json\/wp\/v2\/product_cat?post=2521"},{"taxonomy":"product_tag","embeddable":true,"href":"https:\/\/dev.tutemetscombien.fr\/hu\/wp-json\/wp\/v2\/product_tag?post=2521"}],"curies":[{"name":"munkaf\u00fczet","href":"https:\/\/api.w.org\/{rel}","templated":true}]}}