{"id":2522,"date":"2025-10-21T12:22:09","date_gmt":"2025-10-21T10:22:09","guid":{"rendered":"https:\/\/dev.tutemetscombien.fr\/?post_type=product&#038;p=2522"},"modified":"2026-02-23T11:12:17","modified_gmt":"2026-02-23T10:12:17","slug":"ttmc-parizs-2024-olimpiai-es-paralimpiai-jatekok","status":"publish","type":"product","link":"https:\/\/dev.tutemetscombien.fr\/hu\/jeu-de-societe\/ttmc-paris-2024-jeux-olympiques-paralympiques\/","title":{"rendered":"TTMC - Paris 2024"},"content":{"rendered":"<div id=\"TheTexte\" class=\"Texte\" lang=\"zxx\">\n<p>Sportos v\u00e1ltozata <em>TTMC \u2013 Tu Te Mets Combien ?<\/em>, Ez a k\u00fcl\u00f6nkiad\u00e1s 280 k\u00e1rty\u00e1t \u00e9s 2024 k\u00e9rd\u00e9st k\u00edn\u00e1l a 2024-es p\u00e1rizsi olimpiai \u00e9s paralimpiai j\u00e1t\u00e9kokr\u00f3l.<\/p>\n<p>Ugyanaz a teszt: 1-t\u0151l (k\u00f6nny\u0171) 10-ig (szak\u00e9rt\u0151) \u00e9rt\u00e9keled a tud\u00e1sodat az adott t\u00e9m\u00e1ban. Min\u00e9l magasabb a pontsz\u00e1m, ann\u00e1l nehezebb a k\u00e9rd\u00e9s. Helyes v\u00e1lasz? Annyit l\u00e9psz el\u0151re, amennyi a pontsz\u00e1mod.<\/p>\n<p>Ez a verzi\u00f3 minden sportrajong\u00f3 sz\u00e1m\u00e1ra el\u00e9rhet\u0151, lehet\u0151v\u00e9 teszi, hogy \u00fajra \u00e1t\u00e9ld azt az esem\u00e9nyt, amely mindannyiunkat izgalomba hozott, \u00e9s izzads\u00e1g (vagy majdnem) n\u00e9lk\u00fcl teszteld sporttud\u00e1sodat.<\/p>\n<p>A Paris 2024 \u00e1ltal enged\u00e9lyezett hivatalos term\u00e9k.<\/p>\n<\/div>","protected":false},"excerpt":{"rendered":"<p>Milyen gyorsan \u00fcln\u00e9l fel egy g\u00f6rdeszk\u00e1ra? Mint Usain Bolt? Mint az olimpiai falvakban?<br \/>\n\u00daj k\u00e9rd\u00e9sek maratonja!<\/p>","protected":false},"featured_media":3154,"comment_status":"closed","ping_status":"closed","template":"","meta":{"_acf_changed":false},"product_brand":[],"product_cat":[37],"product_tag":[],"class_list":{"0":"post-2522","1":"product","2":"type-product","3":"status-publish","4":"has-post-thumbnail","6":"product_cat-ttmc-france","8":"first","9":"instock","10":"taxable","11":"shipping-taxable","12":"purchasable","13":"product-type-simple"},"acf":[],"_links":{"self":[{"href":"https:\/\/dev.tutemetscombien.fr\/hu\/wp-json\/wp\/v2\/product\/2522","targetHints":{"allow":["GET"]}}],"collection":[{"href":"https:\/\/dev.tutemetscombien.fr\/hu\/wp-json\/wp\/v2\/product"}],"about":[{"href":"https:\/\/dev.tutemetscombien.fr\/hu\/wp-json\/wp\/v2\/types\/product"}],"replies":[{"embeddable":true,"href":"https:\/\/dev.tutemetscombien.fr\/hu\/wp-json\/wp\/v2\/comments?post=2522"}],"wp:featuredmedia":[{"embeddable":true,"href":"https:\/\/dev.tutemetscombien.fr\/hu\/wp-json\/wp\/v2\/media\/3154"}],"wp:attachment":[{"href":"https:\/\/dev.tutemetscombien.fr\/hu\/wp-json\/wp\/v2\/media?parent=2522"}],"wp:term":[{"taxonomy":"product_brand","embeddable":true,"href":"https:\/\/dev.tutemetscombien.fr\/hu\/wp-json\/wp\/v2\/product_brand?post=2522"},{"taxonomy":"product_cat","embeddable":true,"href":"https:\/\/dev.tutemetscombien.fr\/hu\/wp-json\/wp\/v2\/product_cat?post=2522"},{"taxonomy":"product_tag","embeddable":true,"href":"https:\/\/dev.tutemetscombien.fr\/hu\/wp-json\/wp\/v2\/product_tag?post=2522"}],"curies":[{"name":"munkaf\u00fczet","href":"https:\/\/api.w.org\/{rel}","templated":true}]}}