{"id":2523,"date":"2025-10-21T12:23:59","date_gmt":"2025-10-21T10:23:59","guid":{"rendered":"https:\/\/dev.tutemetscombien.fr\/?post_type=product&#038;p=2523"},"modified":"2026-02-23T11:10:55","modified_gmt":"2026-02-23T10:10:55","slug":"ttmc-access-mennyit-fektetsz-bele","status":"publish","type":"product","link":"https:\/\/dev.tutemetscombien.fr\/hu\/jeu-de-societe\/ttmc-access-tu-te-mets-combien\/","title":{"rendered":"TTMC Access \u2013 Tu Te Mets Combien ?"},"content":{"rendered":"<p>Ugyanaz a j\u00e1t\u00e9kmenet, ugyanaz a szokatlan humor, de egy olyan verzi\u00f3ban, amelyet mindenki j\u00e1tszhat <em>TTMC<\/em>.<br \/>\nVel <em>TTMC Access<\/em>, felfedez egy adapt\u00e1ci\u00f3t <em>TTMC 1<\/em> kifejezetten vak \u00e9s gyeng\u00e9nl\u00e1t\u00f3 emberek sz\u00e1m\u00e1ra tervezve.<\/p>\n<p>Az elv ugyanaz marad: 1-t\u0151l (k\u00f6nny\u0171) 10-ig (szak\u00e9rt\u0151) \u00e9rt\u00e9keled a tud\u00e1sodat a v\u00e1lasztott t\u00e9m\u00e1ban. Min\u00e9l magasabb a pontsz\u00e1m, ann\u00e1l...<br \/>\nA k\u00e9rd\u00e9s neh\u00e9z. J\u00f3 v\u00e1lasz? Annyit l\u00e9psz el\u0151re, amennyi a pontsz\u00e1mod.<\/p>\n<p><strong>\u00c9rint\u0151k\u00e9perny\u0151<\/strong><br \/>\nA j\u00e1t\u00e9kt\u00e1bl\u00e1t \u00fajratervezt\u00e9k a g\u00f6rd\u00fcl\u00e9keny \u00e9s intuit\u00edv \u00e9lm\u00e9ny \u00e9rdek\u00e9ben.<br \/>\nEgy vastag lakkb\u00f3l k\u00e9sz\u00fclt vezet\u0151vonal vezeti a j\u00e1t\u00e9kosokat a kezd\u0151mez\u0151t\u0151l az utols\u00f3 mez\u0151ig, egy tapinthat\u00f3 spir\u00e1lt k\u00f6vetve, amely lehet\u0151v\u00e9 teszi<br \/>\nhogy mindig tudd, merre kell mozgatnod a b\u00e1bud.<br \/>\nMinden kateg\u00f3ri\u00e1hoz egy k\u00fcl\u00f6n\u00e1ll\u00f3, kim\u00e9ly\u00edtett alak tartozik a t\u00e1lc\u00e1ban az azonos\u00edt\u00e1s megk\u00f6nny\u00edt\u00e9se \u00e9rdek\u00e9ben.<\/p>\n<p><strong>Kapcsol\u00f3d\u00f3 t\u00e9rk\u00e9pek<\/strong><br \/>\nA k\u00fcl\u00f6nb\u00f6z\u0151 k\u00e9rd\u00e9skateg\u00f3ri\u00e1kat a t\u00e1bl\u00e1n l\u00e9v\u0151kkel megegyez\u0151 alak\u00fa, NFC-chipekkel ell\u00e1tott kartonlapk\u00e1k jelk\u00e9pezik.<br \/>\nEgyszer\u0171en szkenneld be \u0151ket egy okostelefonnal az alkalmaz\u00e1s seg\u00edts\u00e9g\u00e9vel. <em>TTMC Access<\/em>, aki felolvassa a k\u00e9rd\u00e9st.<br \/>\nEgyszer\u0171 technol\u00f3gia, c\u00e9lz\u00e1s n\u00e9lk\u00fcl, \u00e9s g\u00f6rd\u00fcl\u00e9kenyebb, mint egy QR-k\u00f3d.<\/p>\n<p><strong>Egy dedik\u00e1lt alkalmaz\u00e1s<\/strong><br \/>\nAz alkalmaz\u00e1s el\u00e9rhet\u0151 iPhone-on \u00e9s Androidon, <em>TTMC Access<\/em> teljes m\u00e9rt\u00e9kben kompatibilis a TalkBack akad\u00e1lymentes\u00edt\u00e9si eszk\u00f6zeivel \u00e9s<br \/>\nVoiceOver.<br \/>\nAz egyes j\u00e1t\u00e9kosok ig\u00e9nyeihez igaz\u00edthat\u00f3 (besz\u00e9dszint\u00e9zis, olvas\u00e1si sebess\u00e9g, bet\u0171m\u00e9ret stb.).<br \/>\nA haszn\u00e1lati \u00fatmutat\u00f3 b\u00e1rmikor el\u00e9rhet\u0151 a S\u00fag\u00f3 f\u00fcl\u00f6n kereszt\u00fcl, hogy l\u00e9p\u00e9sr\u0151l l\u00e9p\u00e9sre vezesse a j\u00e1t\u00e9kosokat a j\u00e1t\u00e9k sor\u00e1n.<\/p>\n<p>Az AccessiGames-szel egy\u00fcttm\u0171k\u00f6dve.<\/p>","protected":false},"excerpt":{"rendered":"<div id=\"product-description-short-4524\">\n<p>Mennyire tartod magad Aladdinnak? K\u00e9pzeletbeli \u00e1llatoknak? Fogpiszk\u00e1l\u00f3knak?<br \/>\nA verzi\u00f3 <em>TTMC<\/em> vak \u00e9s gyeng\u00e9nl\u00e1t\u00f3 emberek sz\u00e1m\u00e1ra tervezve, az AccessiGames-szel egy\u00fcttm\u0171k\u00f6dve.<\/p>\n<\/div>","protected":false},"featured_media":3157,"comment_status":"closed","ping_status":"closed","template":"","meta":{"_acf_changed":false},"product_brand":[],"product_cat":[37],"product_tag":[],"class_list":{"0":"post-2523","1":"product","2":"type-product","3":"status-publish","4":"has-post-thumbnail","6":"product_cat-ttmc-france","8":"first","9":"instock","10":"taxable","11":"shipping-taxable","12":"purchasable","13":"product-type-simple"},"acf":[],"_links":{"self":[{"href":"https:\/\/dev.tutemetscombien.fr\/hu\/wp-json\/wp\/v2\/product\/2523","targetHints":{"allow":["GET"]}}],"collection":[{"href":"https:\/\/dev.tutemetscombien.fr\/hu\/wp-json\/wp\/v2\/product"}],"about":[{"href":"https:\/\/dev.tutemetscombien.fr\/hu\/wp-json\/wp\/v2\/types\/product"}],"replies":[{"embeddable":true,"href":"https:\/\/dev.tutemetscombien.fr\/hu\/wp-json\/wp\/v2\/comments?post=2523"}],"wp:featuredmedia":[{"embeddable":true,"href":"https:\/\/dev.tutemetscombien.fr\/hu\/wp-json\/wp\/v2\/media\/3157"}],"wp:attachment":[{"href":"https:\/\/dev.tutemetscombien.fr\/hu\/wp-json\/wp\/v2\/media?parent=2523"}],"wp:term":[{"taxonomy":"product_brand","embeddable":true,"href":"https:\/\/dev.tutemetscombien.fr\/hu\/wp-json\/wp\/v2\/product_brand?post=2523"},{"taxonomy":"product_cat","embeddable":true,"href":"https:\/\/dev.tutemetscombien.fr\/hu\/wp-json\/wp\/v2\/product_cat?post=2523"},{"taxonomy":"product_tag","embeddable":true,"href":"https:\/\/dev.tutemetscombien.fr\/hu\/wp-json\/wp\/v2\/product_tag?post=2523"}],"curies":[{"name":"munkaf\u00fczet","href":"https:\/\/api.w.org\/{rel}","templated":true}]}}