{"id":2613,"date":"2025-10-24T16:37:36","date_gmt":"2025-10-24T14:37:36","guid":{"rendered":"https:\/\/dev.tutemetscombien.fr\/?post_type=product&#038;p=2613"},"modified":"2026-02-23T11:18:43","modified_gmt":"2026-02-23T10:18:43","slug":"ttmc-ertekesitesi-gyerekek","status":"publish","type":"product","link":"https:\/\/dev.tutemetscombien.fr\/hu\/jeu-de-societe\/ttmc-sales-momes\/","title":{"rendered":"TTMC \u2013 Sales M\u00f4mes"},"content":{"rendered":"<p>V\u00e1ltozata <em>TTMC \u2013 Tu Te Mets Combien ?<\/em> Gyermekeknek tervezett kiad\u00e1s 162 k\u00e1rty\u00e1t k\u00edn\u00e1l a csintalan gyerekeknek, valamint 835 j\u00f3l nevelt k\u00e9rd\u00e9st.<\/p>\n<p>Az elv ugyanaz marad: 1-t\u0151l (k\u00f6nny\u0171) 5-ig (szak\u00e9rt\u0151) \u00e9rt\u00e9keled a tud\u00e1sodat az adott t\u00e9m\u00e1ban. Min\u00e9l magasabb a pontsz\u00e1m, ann\u00e1l nehezebb a k\u00e9rd\u00e9s. Helyes v\u00e1lasz? Annyit l\u00e9phetsz el\u0151re, amennyi a pontsz\u00e1mod.<\/p>\n<p>\u00d6tletes matric\u00e1kat is biztos\u00edtunk, hogy feln\u0151ttekkel is j\u00e1tszhassanak a j\u00e1t\u00e9kt\u00e1bl\u00e1kon. <em>TTMC<\/em> 1. \u00e9s 2.<\/p>\n<p>A csintalan gyerekek v\u00e9gre bossz\u00fat \u00e1llnak!<\/p>","protected":false},"excerpt":{"rendered":"<div id=\"product-description-short-4524\">\n<p>Hogyan \u00e9rt\u00e9keln\u00e9d magad emberi test szempontj\u00e1b\u00f3l? Videoj\u00e1t\u00e9kokban? Harry Potterben?<br \/>\nA verzi\u00f3 <em>TTMC<\/em> gyerekeknek, legyenek ak\u00e1r magukat alulteljes\u00edt\u0151nek vall\u00f3k, ak\u00e1r \u00e9rtelmis\u00e9ginek ki\u00e1lt\u00f3ak!<\/p>\n<\/div>","protected":false},"featured_media":2616,"comment_status":"closed","ping_status":"closed","template":"","meta":{"_acf_changed":false},"product_brand":[],"product_cat":[37],"product_tag":[],"class_list":{"0":"post-2613","1":"product","2":"type-product","3":"status-publish","4":"has-post-thumbnail","6":"product_cat-ttmc-france","8":"first","9":"instock","10":"featured","11":"taxable","12":"shipping-taxable","13":"purchasable","14":"product-type-simple"},"acf":[],"_links":{"self":[{"href":"https:\/\/dev.tutemetscombien.fr\/hu\/wp-json\/wp\/v2\/product\/2613","targetHints":{"allow":["GET"]}}],"collection":[{"href":"https:\/\/dev.tutemetscombien.fr\/hu\/wp-json\/wp\/v2\/product"}],"about":[{"href":"https:\/\/dev.tutemetscombien.fr\/hu\/wp-json\/wp\/v2\/types\/product"}],"replies":[{"embeddable":true,"href":"https:\/\/dev.tutemetscombien.fr\/hu\/wp-json\/wp\/v2\/comments?post=2613"}],"wp:featuredmedia":[{"embeddable":true,"href":"https:\/\/dev.tutemetscombien.fr\/hu\/wp-json\/wp\/v2\/media\/2616"}],"wp:attachment":[{"href":"https:\/\/dev.tutemetscombien.fr\/hu\/wp-json\/wp\/v2\/media?parent=2613"}],"wp:term":[{"taxonomy":"product_brand","embeddable":true,"href":"https:\/\/dev.tutemetscombien.fr\/hu\/wp-json\/wp\/v2\/product_brand?post=2613"},{"taxonomy":"product_cat","embeddable":true,"href":"https:\/\/dev.tutemetscombien.fr\/hu\/wp-json\/wp\/v2\/product_cat?post=2613"},{"taxonomy":"product_tag","embeddable":true,"href":"https:\/\/dev.tutemetscombien.fr\/hu\/wp-json\/wp\/v2\/product_tag?post=2613"}],"curies":[{"name":"munkaf\u00fczet","href":"https:\/\/api.w.org\/{rel}","templated":true}]}}