{"id":2818,"date":"2025-11-06T09:50:12","date_gmt":"2025-11-06T08:50:12","guid":{"rendered":"https:\/\/dev.tutemetscombien.fr\/?post_type=product&#038;p=2818"},"modified":"2025-12-01T15:32:53","modified_gmt":"2025-12-01T14:32:53","slug":"quebeci-kiterjesztes-2","status":"publish","type":"product","link":"https:\/\/dev.tutemetscombien.fr\/hu\/jeu-de-societe\/extension-quebec-2\/","title":{"rendered":"TTMC Quebec \u2013 Utaz\u00e1si form\u00e1tum 2. k\u00f6tet"},"content":{"rendered":"<p><em>TTMC \u2013 Tu Te Mets Combien ?<\/em> f\u00e9l\u00faton van egy \u00e1ltal\u00e1nos tud\u00e1sj\u00e1t\u00e9k \u00e9s egy t\u00e1rsasj\u00e1t\u00e9k k\u00f6z\u00f6tt.<\/p>\n<p>\u00c9rt\u00e9keld tud\u00e1sodat 1-t\u0151l 10-ig sz\u00e1mos t\u00e9m\u00e1ban, a legklasszikusabbt\u00f3l a legval\u00f3sz\u00edn\u0171tlenebbig, \u00e9s l\u00e9gy az els\u0151, aki v\u00e9gigmegy a t\u00e1bl\u00e1n.<\/p>\n<p>Az elv egyszer\u0171: 1 (k\u00f6nny\u0171) \u00e9s 10 (szak\u00e9rt\u0151) k\u00f6z\u00f6tt v\u00e1lasztasz egy szintet az adott t\u00e9m\u00e1ban. Min\u00e9l nagyobb a sz\u00e1m, ann\u00e1l nehezebb a k\u00e9rd\u00e9s. Ha helyesen v\u00e1laszolsz, annyi mez\u0151t l\u00e9psz el\u0151re, amennyi a sz\u00e1mod. K\u00f6nny\u0171? Pr\u00f3b\u00e1ld ki a 8. szintet csics\u00f3k\u00e1n.<\/p>\n<p>Vicces, k\u00f6nnyen befogadhat\u00f3 \u00e9s teljesen addikt\u00edv!<\/p>\n<p>Sz\u00f3val, mennyire tartod magad Aladdinnak? K\u00e9pzeletbeli \u00e1llatoknak? Fogpiszk\u00e1l\u00f3knak?<\/p>","protected":false},"excerpt":{"rendered":"<div id=\"product-description-short-154\">\n<p>A rendk\u00edv\u00fcl n\u00e9pszer\u0171 t\u00e1rsasj\u00e1t\u00e9kunk helyi v\u00e1ltozata, kisebb form\u00e1tumban!<\/p>\n<\/div>","protected":false},"featured_media":2819,"comment_status":"closed","ping_status":"closed","template":"","meta":{"_acf_changed":false},"product_brand":[],"product_cat":[34],"product_tag":[],"class_list":{"0":"post-2818","1":"product","2":"type-product","3":"status-publish","4":"has-post-thumbnail","6":"product_cat-ttmc-a-linternational","8":"first","9":"instock","10":"taxable","11":"shipping-taxable","12":"product-type-external"},"acf":[],"_links":{"self":[{"href":"https:\/\/dev.tutemetscombien.fr\/hu\/wp-json\/wp\/v2\/product\/2818","targetHints":{"allow":["GET"]}}],"collection":[{"href":"https:\/\/dev.tutemetscombien.fr\/hu\/wp-json\/wp\/v2\/product"}],"about":[{"href":"https:\/\/dev.tutemetscombien.fr\/hu\/wp-json\/wp\/v2\/types\/product"}],"replies":[{"embeddable":true,"href":"https:\/\/dev.tutemetscombien.fr\/hu\/wp-json\/wp\/v2\/comments?post=2818"}],"wp:featuredmedia":[{"embeddable":true,"href":"https:\/\/dev.tutemetscombien.fr\/hu\/wp-json\/wp\/v2\/media\/2819"}],"wp:attachment":[{"href":"https:\/\/dev.tutemetscombien.fr\/hu\/wp-json\/wp\/v2\/media?parent=2818"}],"wp:term":[{"taxonomy":"product_brand","embeddable":true,"href":"https:\/\/dev.tutemetscombien.fr\/hu\/wp-json\/wp\/v2\/product_brand?post=2818"},{"taxonomy":"product_cat","embeddable":true,"href":"https:\/\/dev.tutemetscombien.fr\/hu\/wp-json\/wp\/v2\/product_cat?post=2818"},{"taxonomy":"product_tag","embeddable":true,"href":"https:\/\/dev.tutemetscombien.fr\/hu\/wp-json\/wp\/v2\/product_tag?post=2818"}],"curies":[{"name":"munkaf\u00fczet","href":"https:\/\/api.w.org\/{rel}","templated":true}]}}