{"id":3583,"date":"2026-02-25T12:00:33","date_gmt":"2026-02-25T11:00:33","guid":{"rendered":"https:\/\/dev.tutemetscombien.fr\/?post_type=product&#038;p=3583"},"modified":"2026-02-23T11:08:12","modified_gmt":"2026-02-23T10:08:12","slug":"ttmc-tudomany-atitatva-tudomanyos-versennyel","status":"publish","type":"product","link":"https:\/\/dev.tutemetscombien.fr\/hu\/jeu-de-societe\/ttmc-science-infuse-avec-science-vie\/","title":{"rendered":"TTMC \u2013 Tudom\u00e1ny, tudom\u00e1ny \u00e9s \u00e9let \u00f6tv\u00f6zete"},"content":{"rendered":"<p>Egy \u00e9l\u0151 v\u00e1ltozata <em>TTMC \u2013 Tu Te Mets Combien ?<\/em>, Ez a k\u00fcl\u00f6nleges kiad\u00e1s 162 k\u00e1rty\u00e1t \u00e9s t\u00f6bb mint 1200 k\u00e9rd\u00e9st k\u00edn\u00e1l a tudom\u00e1nyr\u00f3l.<\/p>\n<p>A k\u00e9plet ugyanaz marad: 1-t\u0151l (k\u00f6nny\u0171) 10-ig (szak\u00e9rt\u0151) \u00e9rt\u00e9keled a tud\u00e1sodat az adott t\u00e9m\u00e1ban. Min\u00e9l magasabb a pontsz\u00e1m, ann\u00e1l nehezebb a k\u00e9rd\u00e9s. Helyes v\u00e1lasz? Annyit l\u00e9psz el\u0151re, amennyi a pontsz\u00e1mod.<\/p>\n<p>Hozz\u00e1f\u00e9rhet\u0151 mind a term\u00e9szettudom\u00e1nyos zsenik, mind azok sz\u00e1m\u00e1ra, akik kihagyt\u00e1k a biol\u00f3gia \u00f3r\u00e1kat.<\/p>\n<p>A Science &amp; Vie-vel egy\u00fcttm\u0171k\u00f6dve.<\/p>","protected":false},"excerpt":{"rendered":"<div id=\"product-description-short-2134\">\n<p>Hogyan \u00e9rt\u00e9keln\u00e9d magad f\u00f6ld\u00f6nk\u00edv\u00fclik\u00e9nt? \u00c1tutaz\u00f3ban? A Jurassic Parkban?<br \/>\nK\u00e9rd\u00e9sfeltev\u00e9seket feldolgoz\u00f3 labor a Tudom\u00e1ny \u00e9s a Vie! k\u00f6zrem\u0171k\u00f6d\u00e9s\u00e9vel!<\/p>\n<\/div>","protected":false},"featured_media":3585,"comment_status":"closed","ping_status":"closed","template":"","meta":{"_acf_changed":false},"product_brand":[],"product_cat":[37],"product_tag":[],"class_list":{"0":"post-3583","1":"product","2":"type-product","3":"status-publish","4":"has-post-thumbnail","6":"product_cat-ttmc-france","8":"first","9":"instock","10":"taxable","11":"shipping-taxable","12":"purchasable","13":"product-type-simple"},"acf":[],"_links":{"self":[{"href":"https:\/\/dev.tutemetscombien.fr\/hu\/wp-json\/wp\/v2\/product\/3583","targetHints":{"allow":["GET"]}}],"collection":[{"href":"https:\/\/dev.tutemetscombien.fr\/hu\/wp-json\/wp\/v2\/product"}],"about":[{"href":"https:\/\/dev.tutemetscombien.fr\/hu\/wp-json\/wp\/v2\/types\/product"}],"replies":[{"embeddable":true,"href":"https:\/\/dev.tutemetscombien.fr\/hu\/wp-json\/wp\/v2\/comments?post=3583"}],"wp:featuredmedia":[{"embeddable":true,"href":"https:\/\/dev.tutemetscombien.fr\/hu\/wp-json\/wp\/v2\/media\/3585"}],"wp:attachment":[{"href":"https:\/\/dev.tutemetscombien.fr\/hu\/wp-json\/wp\/v2\/media?parent=3583"}],"wp:term":[{"taxonomy":"product_brand","embeddable":true,"href":"https:\/\/dev.tutemetscombien.fr\/hu\/wp-json\/wp\/v2\/product_brand?post=3583"},{"taxonomy":"product_cat","embeddable":true,"href":"https:\/\/dev.tutemetscombien.fr\/hu\/wp-json\/wp\/v2\/product_cat?post=3583"},{"taxonomy":"product_tag","embeddable":true,"href":"https:\/\/dev.tutemetscombien.fr\/hu\/wp-json\/wp\/v2\/product_tag?post=3583"}],"curies":[{"name":"munkaf\u00fczet","href":"https:\/\/api.w.org\/{rel}","templated":true}]}}