{"id":958,"date":"2025-06-12T09:39:55","date_gmt":"2025-06-12T07:39:55","guid":{"rendered":"https:\/\/dev.tutemetscombien.fr\/?page_id=958"},"modified":"2025-07-03T13:54:50","modified_gmt":"2025-07-03T11:54:50","slug":"note-legali","status":"publish","type":"page","link":"https:\/\/dev.tutemetscombien.fr\/it\/mentions-legales\/","title":{"rendered":"Note legali"},"content":{"rendered":"<div data-elementor-type=\"wp-page\" data-elementor-id=\"958\" class=\"elementor elementor-958\" data-elementor-post-type=\"page\">\n\t\t\t\t<div class=\"elementor-element elementor-element-4eefeba e-con-full e-flex e-con e-parent\" data-id=\"4eefeba\" data-element_type=\"container\" data-e-type=\"container\" data-settings=\"{&quot;background_background&quot;:&quot;classic&quot;}\">\n\t\t<div class=\"elementor-element elementor-element-6328355 e-flex e-con-boxed e-con e-child\" data-id=\"6328355\" data-element_type=\"container\" data-e-type=\"container\" data-settings=\"{&quot;background_background&quot;:&quot;classic&quot;}\">\n\t\t\t\t\t<div class=\"e-con-inner\">\n\t\t\t\t<div class=\"elementor-element elementor-element-974f98e elementor-widget elementor-widget-theme-post-title elementor-page-title elementor-widget-heading\" data-id=\"974f98e\" data-element_type=\"widget\" data-e-type=\"widget\" data-widget_type=\"theme-post-title.default\">\n\t\t\t\t<div class=\"elementor-widget-container\">\n\t\t\t\t\t<h1 class=\"elementor-heading-title elementor-size-default\">Note legali<\/h1>\t\t\t\t<\/div>\n\t\t\t\t<\/div>\n\t\t\t\t\t<\/div>\n\t\t\t\t<\/div>\n\t\t\t\t<\/div>\n\t\t<div class=\"elementor-element elementor-element-79a1933 e-flex e-con-boxed e-con e-parent\" data-id=\"79a1933\" data-element_type=\"container\" data-e-type=\"container\">\n\t\t\t\t\t<div class=\"e-con-inner\">\n\t\t\t\t<div class=\"elementor-element elementor-element-3c6db99 elementor-widget elementor-widget-text-editor\" data-id=\"3c6db99\" data-element_type=\"widget\" data-e-type=\"widget\" data-widget_type=\"text-editor.default\">\n\t\t\t\t<div class=\"elementor-widget-container\">\n\t\t\t\t\t\t\t\t\t<p>In conformit\u00e0 con l&#039;articolo 6 della legge n. 2004-575 del 21 giugno 2004 sulla fiducia nell&#039;economia digitale, gli utenti del sito http:\/\/dev.tutemetscombien.fr sono informati dei diversi soggetti coinvolti nella sua creazione e nel suo monitoraggio:<\/p>\n<p>\u200d<br>Proprietario: LES EDITIONS DE BASE, SAS con capitale sociale di 4.000 \u20ac<br>SIRET = 82190894400035<\/p>\n<p>Partita IVA INTRA = FR36821908944<\/p>\n<p>Indirizzo della sede centrale: 13, rue Diderot 94300 Vincennes<\/p>\n<p>E-mail: contact@tutemetscombien.fr<\/p>\n<p>Sito web: http:\/\/dev.tutemetscombien.fr<\/p>\n<p>\u200d<\/p>\n<p><strong>Ospite<\/strong>&nbsp;: OVH, 2 rue Kellermann BP 80157 59053 ROUBAIX CEDEX 1 \u2013 Francia, SAS con capitale di \u20ac 10.059.500 \u2013 RCS LILLE METROPOLE 424 761 419 00045 \u2013 Codice APE 2620Z \u2013 P. IVA FR FR22424761419<br>Sito web: https:\/\/www.ovh.com\/fr<br>Sito web: http:\/\/www.cam-and-com.fr\/<\/p>\n<p>\u200d<\/p>\n<p>Questo sito web (dev.tutemetscombien.fr) \u00e8 disponibile in diversi linguaggi web (HTML, HTML5, Javascript, CSS, ecc.). Per un&#039;esperienza di navigazione ottimale, consigliamo di utilizzare browser come Internet Explorer, Google Chrome, Safari e Firefox.<br>LES EDITIONS DE BASE si impegna a garantire l&#039;affidabilit\u00e0 e l&#039;aggiornamento delle informazioni sul proprio sito web. Tuttavia, potrebbero verificarsi errori o inesattezze. Gli utenti sono pertanto tenuti a verificare l&#039;accuratezza delle informazioni presso LES EDITIONS DE BASE e a segnalare eventuali modifiche necessarie via e-mail all&#039;indirizzo contact@tutemetscombien.fr. LES EDITIONS DE BASE non \u00e8 in alcun modo responsabile dell&#039;uso che verr\u00e0 fatto di queste informazioni, n\u00e9 di eventuali danni diretti o indiretti che ne possano derivare.<\/p>\n<p>\u200d<\/p>\n<p>Il sito web dev.tutemetscombien.fr potrebbe chiedere ai visitatori di accettare i cookie per scopi statistici e di visualizzazione. Un cookie \u00e8 un&#039;informazione inserita sul disco rigido dal server del sito web visitato. Contiene diversi dati che vengono memorizzati sul computer in un semplice file di testo a cui un server accede per leggere e salvare informazioni. Alcune parti di questo sito web potrebbero non essere funzionali senza l&#039;accettazione dei cookie.<br>Questo sito web pu\u00f2 offrire link ad altri siti di terze parti, partner o meno. LES EDITIONS DE BASE non ha alcun mezzo di controllo sui siti collegati ai propri siti web e non \u00e8 responsabile della disponibilit\u00e0 di tali siti e fonti esterne, n\u00e9 pu\u00f2 essere ritenuta responsabile per eventuali danni che ne derivino. I rischi associati a tale utilizzo sono interamente a carico dell&#039;utente di Internet, che \u00e8 tenuto a rispettare le condizioni d&#039;uso.<\/p>\n<p>\u200d<br>Nessuna persona fisica o giuridica pu\u00f2 creare un collegamento ipertestuale a questo sito senza l&#039;espressa autorizzazione preventiva di LES EDITIONS DE BASE. Nel caso in cui un utente o un visitatore desideri creare un collegamento ipertestuale a uno dei siti web di LES EDITIONS DE BASE, non esiti a inviare una richiesta via e-mail; LES EDITIONS DE BASE si riserva il diritto di accettare o rifiutare la richiesta senza dover giustificare la propria decisione.<br>Qualsiasi contenuto scaricato \u00e8 effettuato a rischio e pericolo del visitatore del sito e sotto la sua esclusiva responsabilit\u00e0. Di conseguenza, LES EDITIONS DE BASE non pu\u00f2 essere ritenuta responsabile per eventuali danni al computer del visitatore del sito o per eventuali perdite di dati derivanti dal download. Tutti i contenuti del sito dev.tutemetscombien.fr, inclusi, a titolo esemplificativo ma non esaustivo, grafica, immagini, testi, video, animazioni, suoni, loghi, gif e icone, nonch\u00e9 la loro formattazione, sono di propriet\u00e0 esclusiva della societ\u00e0, ad eccezione di marchi, loghi o contenuti appartenenti ad altre societ\u00e0 partner o autori. Qualsiasi riproduzione, distribuzione, modifica, adattamento, ritrasmissione o pubblicazione, anche parziale, di questi diversi elementi \u00e8 severamente vietata senza il consenso di LES EDITIONS DE BASE. Tale rappresentazione o riproduzione, con qualsiasi mezzo, costituisce una violazione punibile dagli articoli L.335-2 e seguenti del Codice della Propriet\u00e0 Intellettuale. Il mancato rispetto di tale divieto costituisce una violazione che pu\u00f2 comportare la responsabilit\u00e0 civile e penale del trasgressore. Inoltre, i proprietari dei contenuti copiati potrebbero intraprendere azioni legali nei tuoi confronti.<\/p>\n<p>\u200d<\/p>\n<p>Le informazioni raccolte da questo sito sono oggetto di elaborazione informatica destinata a<strong>&nbsp;EDIZIONI SAS BASIC<\/strong><br>\u200d<\/p>\n<p>Per il seguente scopo:&nbsp;<strong>CONSENTIRE LA CONSEGNA DELLE SCATOLE DI GIOCO<\/strong><br>I destinatari dei dati sono:<strong>&nbsp;IL REPARTO VENDITE<\/strong><\/p>\n<p>\u200d<\/p>\n<p>Conformemente alla legge 78-17 del 6 gennaio 1978 (modificata dalla legge 2004-801 del 6 agosto 2004 relativa alla protezione delle persone fisiche con riguardo al trattamento dei dati personali) relativa all&#039;informatica, ai file e alle libert\u00e0, i visitatori del sito dispongono di un diritto di accesso, di modifica, di rettifica e di cancellazione dei dati che li riguardano.<\/p>\n<p>Puoi accedere alle informazioni che ti riguardano contattando:&nbsp;<strong>SAS LES EDITIONS DE BASIC, contact@tutemetscombien.fr<\/strong><br>Puoi inoltre, per motivi legittimi, opporti al trattamento dei dati che ti riguardano. Per saperne di pi\u00f9,&nbsp;<a href=\"https:\/\/www.cnil.fr\/fr\/comprendre-vos-droits\">consulta i tuoi diritti sul sito della CNIL.<\/a><br>Questo sito \u00e8 stato dichiarato alla Commissione nazionale per l&#039;informatica e le libert\u00e0 (www.cnil.fr).<\/p>\n<p>\u200d<br>I presenti termini e condizioni del sito web dev.tutemetscombien.fr sono regolati dal diritto francese e qualsiasi controversia o contenzioso derivante dall&#039;interpretazione o dall&#039;esecuzione dei presenti termini e condizioni sar\u00e0 di esclusiva competenza dei tribunali da cui dipende la sede legale della societ\u00e0. La lingua di riferimento per la risoluzione di eventuali controversie \u00e8 il francese. Non siete tenuti a fornirci i vostri dati personali quando visitate il nostro sito web dev.tutemetscombien.fr. Tuttavia, questo principio prevede alcune eccezioni. Infatti, per alcuni servizi offerti dal nostro sito, potrebbe esservi richiesto di fornirci determinati dati (cognome, nome, indirizzo, indirizzo e-mail, numero di telefono). Questo \u00e8 il caso quando compilate il modulo offerto online, nella sezione &quot;Contatti&quot;. In ogni caso, potete rifiutarvi di fornire i vostri dati personali. In tal caso, non potrete utilizzare i servizi del sito, in particolare quello di richiedere informazioni sulla nostra azienda o di ricevere le newsletter. Infine, potremmo raccogliere automaticamente alcune informazioni su di te quando navighi semplicemente sul nostro sito web, tra cui: informazioni sull&#039;utilizzo del nostro sito, come le aree che visiti e i servizi a cui accedi, il tuo indirizzo IP, il tipo di browser e gli orari di accesso. Tali informazioni vengono utilizzate esclusivamente a fini statistici interni, al fine di migliorare la qualit\u00e0 dei servizi offerti. Le banche dati sono protette dalle disposizioni della legge del 1\u00b0 luglio 1998 che recepisce la direttiva 96\/9 dell&#039;11 marzo 1996 relativa alla tutela giuridica delle banche dati.<\/p>\n<p>Nell&#039;ambito della creazione di un&#039;applicazione digitale basata sul gioco &quot;TTMC - Quanto metti?&quot;, la societ\u00e0 LES EDITIONS DE BASE raccoglie i seguenti dati personali che ti riguardano: nome utente, indirizzo e-mail, et\u00e0, sesso, citt\u00e0 e numero di telefono.<br>Altri dati vengono raccolti per essere resi anonimi e utilizzati a fini statistici (valutazione, statistiche relative all&#039;uso dell&#039;applicazione).<\/p>\n<p>I tuoi dati personali vengono trattati dalla societ\u00e0 LES EDITIONS DE BASE per consentirti di ricevere e-mail e notifiche dalla societ\u00e0 LES EDITIONS DE BASE. Questi dati vengono inoltre utilizzati nell&#039;ambito della tua iscrizione alla classifica nazionale, consentendoti di partecipare a un&#039;estrazione ogni 2 settimane, in esecuzione delle condizioni generali di utilizzo dell&#039;applicazione;<\/p>\n<p>In qualsiasi momento durante l&#039;utilizzo dell&#039;applicazione, se non desideri pi\u00f9 ricevere comunicazioni commerciali da LES EDITIONS DE BASE, puoi revocare il tuo consenso annullando l&#039;iscrizione. In tal caso, LES EDITIONS DE BASE cesser\u00e0 di trattare i tuoi dati personali non appena annullerai l&#039;iscrizione. In ogni caso, questi dati personali vengono conservati per tutta la durata dell&#039;utilizzo dell&#039;applicazione, nonch\u00e9 per un ulteriore periodo di 13 mesi dal momento in cui riceverai una notifica che ti informa che il tuo account \u00e8 inattivo e ti invita a tornare all&#039;applicazione.<\/p>\n<p>Potranno essere comunicati a fornitori di servizi terzi per svolgere servizi di hosting, archiviazione, comunicazione, gestione di database o manutenzione IT. Qualora tali fornitori siano ubicati al di fuori dell&#039;Unione Europea, il Titolare del trattamento si impegna ad adottare tutte le misure richieste dalla normativa vigente per garantire la protezione dei Suoi dati personali.<\/p>\n<p>Nei limiti della normativa vigente in materia di protezione dei dati, hai il diritto di accesso, rettifica, portabilit\u00e0, cancellazione dei dati personali che ti riguardano e il diritto di limitazione del trattamento. Hai inoltre il diritto di ricevere istruzioni specifiche in merito al destino dei tuoi dati dopo il tuo decesso.<\/p>\n<p>Per esercitare tali diritti, \u00e8 possibile inviare una richiesta a contact@tutemetscombien.fr.<\/p>\n<p>Se, dopo questo contatto, ritieni che i tuoi diritti relativi a questi dati non siano stati rispettati, puoi presentare un reclamo all&#039;autorit\u00e0 di regolamentazione locale.<\/p>\n<p>Le presenti note legali sono state ispirate dal modello generato dal sito http:\/\/www.generateur-de-mentions-legales.com, proposto da http:\/\/welye.com.<\/p>\n<p>Ultimo aggiornamento: 08\/11\/2023<\/p>\t\t\t\t\t\t\t\t<\/div>\n\t\t\t\t<\/div>\n\t\t\t\t\t<\/div>\n\t\t\t\t<\/div>\n\t\t<div class=\"elementor-element elementor-element-f3d620b e-flex e-con-boxed e-con e-child\" data-id=\"f3d620b\" data-element_type=\"container\" data-e-type=\"container\">\n\t\t\t\t\t<div class=\"e-con-inner\">\n\t\t<div class=\"elementor-element elementor-element-53cfc12 e-con-full e-flex e-con e-child\" data-id=\"53cfc12\" data-element_type=\"container\" data-e-type=\"container\">\n\t\t\t\t<div class=\"elementor-element elementor-element-a06ffe0 elementor-widget__width-initial elementor-widget-mobile__width-initial elementor-widget elementor-widget-text-editor\" data-id=\"a06ffe0\" data-element_type=\"widget\" data-e-type=\"widget\" data-widget_type=\"text-editor.default\">\n\t\t\t\t<div class=\"elementor-widget-container\">\n\t\t\t\t\t\t\t\t\t<p>\u00a9 2025<\/p>\t\t\t\t\t\t\t\t<\/div>\n\t\t\t\t<\/div>\n\t\t\t\t<div class=\"elementor-element elementor-element-f569820 elementor-widget__width-initial elementor-widget-mobile__width-initial elementor-widget elementor-widget-button\" data-id=\"f569820\" data-element_type=\"widget\" data-e-type=\"widget\" data-widget_type=\"button.default\">\n\t\t\t\t<div class=\"elementor-widget-container\">\n\t\t\t\t\t\t\t\t\t<div class=\"elementor-button-wrapper\">\n\t\t\t\t\t<a class=\"elementor-button elementor-button-link elementor-size-sm\" href=\"\/it\/note-legali\/\">\n\t\t\t\t\t\t<span class=\"elementor-button-content-wrapper\">\n\t\t\t\t\t\t\t\t\t<span class=\"elementor-button-text\">Note legali<\/span>\n\t\t\t\t\t<\/span>\n\t\t\t\t\t<\/a>\n\t\t\t\t<\/div>\n\t\t\t\t\t\t\t\t<\/div>\n\t\t\t\t<\/div>\n\t\t\t\t<div class=\"elementor-element elementor-element-e26c016 elementor-widget__width-initial elementor-widget-mobile__width-initial elementor-widget elementor-widget-button\" data-id=\"e26c016\" data-element_type=\"widget\" data-e-type=\"widget\" data-widget_type=\"button.default\">\n\t\t\t\t<div class=\"elementor-widget-container\">\n\t\t\t\t\t\t\t\t\t<div class=\"elementor-button-wrapper\">\n\t\t\t\t\t<a class=\"elementor-button elementor-button-link elementor-size-sm\" href=\"\/it\/politica-sulla-riservatezza\/\">\n\t\t\t\t\t\t<span class=\"elementor-button-content-wrapper\">\n\t\t\t\t\t\t\t\t\t<span class=\"elementor-button-text\">politica sulla riservatezza<\/span>\n\t\t\t\t\t<\/span>\n\t\t\t\t\t<\/a>\n\t\t\t\t<\/div>\n\t\t\t\t\t\t\t\t<\/div>\n\t\t\t\t<\/div>\n\t\t\t\t<div class=\"elementor-element elementor-element-cc8f2db elementor-widget__width-initial elementor-widget-mobile__width-initial elementor-widget elementor-widget-button\" data-id=\"cc8f2db\" data-element_type=\"widget\" data-e-type=\"widget\" data-widget_type=\"button.default\">\n\t\t\t\t<div class=\"elementor-widget-container\">\n\t\t\t\t\t\t\t\t\t<div class=\"elementor-button-wrapper\">\n\t\t\t\t\t<a class=\"elementor-button elementor-button-link elementor-size-sm\" href=\"\/it\/termini-e-condizioni-generali\/\">\n\t\t\t\t\t\t<span class=\"elementor-button-content-wrapper\">\n\t\t\t\t\t\t\t\t\t<span class=\"elementor-button-text\">Termini e condizioni generali<\/span>\n\t\t\t\t\t<\/span>\n\t\t\t\t\t<\/a>\n\t\t\t\t<\/div>\n\t\t\t\t\t\t\t\t<\/div>\n\t\t\t\t<\/div>\n\t\t\t\t<\/div>\n\t\t\t\t\t<\/div>\n\t\t\t\t<\/div>\n\t\t\t\t<\/div>","protected":false},"excerpt":{"rendered":"<p>Conform\u00e9ment \u00e0 l\u2019article 6 de la loi n\u00b0 2004-575 du 21 juin 2004 pour la confiance dans &nbsp;l\u2019\u00e9conomie num\u00e9rique, il est pr\u00e9cis\u00e9 aux utilisateurs du site http:\/\/dev.tutemetscombien.fr les diff\u00e9rents intervenants dans le cadre de sa r\u00e9alisation et de son suivi : \u200dPropri\u00e9taire : LES EDITIONS DE BASE, SAS au capital social de 4.000 \u20acSIRET = [&hellip;]<\/p>\n","protected":false},"author":1,"featured_media":0,"parent":0,"menu_order":0,"comment_status":"closed","ping_status":"closed","template":"","meta":{"_acf_changed":false,"footnotes":""},"class_list":["post-958","page","type-page","status-publish","hentry"],"acf":[],"_links":{"self":[{"href":"https:\/\/dev.tutemetscombien.fr\/it\/wp-json\/wp\/v2\/pages\/958","targetHints":{"allow":["GET"]}}],"collection":[{"href":"https:\/\/dev.tutemetscombien.fr\/it\/wp-json\/wp\/v2\/pages"}],"about":[{"href":"https:\/\/dev.tutemetscombien.fr\/it\/wp-json\/wp\/v2\/types\/page"}],"author":[{"embeddable":true,"href":"https:\/\/dev.tutemetscombien.fr\/it\/wp-json\/wp\/v2\/users\/1"}],"replies":[{"embeddable":true,"href":"https:\/\/dev.tutemetscombien.fr\/it\/wp-json\/wp\/v2\/comments?post=958"}],"version-history":[{"count":25,"href":"https:\/\/dev.tutemetscombien.fr\/it\/wp-json\/wp\/v2\/pages\/958\/revisions"}],"predecessor-version":[{"id":1444,"href":"https:\/\/dev.tutemetscombien.fr\/it\/wp-json\/wp\/v2\/pages\/958\/revisions\/1444"}],"wp:attachment":[{"href":"https:\/\/dev.tutemetscombien.fr\/it\/wp-json\/wp\/v2\/media?parent=958"}],"curies":[{"name":"parola chiave","href":"https:\/\/api.w.org\/{rel}","templated":true}]}}