{"id":981,"date":"2025-06-12T10:12:15","date_gmt":"2025-06-12T08:12:15","guid":{"rendered":"https:\/\/dev.tutemetscombien.fr\/?page_id=981"},"modified":"2025-07-04T09:09:46","modified_gmt":"2025-07-04T07:09:46","slug":"termini-e-condizioni-generali","status":"publish","type":"page","link":"https:\/\/dev.tutemetscombien.fr\/it\/cgv\/","title":{"rendered":"Termini e condizioni generali"},"content":{"rendered":"<div data-elementor-type=\"wp-page\" data-elementor-id=\"981\" class=\"elementor elementor-981\" data-elementor-post-type=\"page\">\n\t\t\t\t<div class=\"elementor-element elementor-element-4eefeba e-con-full e-flex e-con e-parent\" data-id=\"4eefeba\" data-element_type=\"container\" data-e-type=\"container\" data-settings=\"{&quot;background_background&quot;:&quot;classic&quot;}\">\n\t\t<div class=\"elementor-element elementor-element-6328355 e-flex e-con-boxed e-con e-child\" data-id=\"6328355\" data-element_type=\"container\" data-e-type=\"container\" data-settings=\"{&quot;background_background&quot;:&quot;classic&quot;}\">\n\t\t\t\t\t<div class=\"e-con-inner\">\n\t\t\t\t<div class=\"elementor-element elementor-element-974f98e elementor-widget elementor-widget-theme-post-title elementor-page-title elementor-widget-heading\" data-id=\"974f98e\" data-element_type=\"widget\" data-e-type=\"widget\" data-widget_type=\"theme-post-title.default\">\n\t\t\t\t<div class=\"elementor-widget-container\">\n\t\t\t\t\t<h1 class=\"elementor-heading-title elementor-size-default\">Termini e condizioni generali<\/h1>\t\t\t\t<\/div>\n\t\t\t\t<\/div>\n\t\t\t\t\t<\/div>\n\t\t\t\t<\/div>\n\t\t\t\t<\/div>\n\t\t<div class=\"elementor-element elementor-element-79a1933 e-flex e-con-boxed e-con e-parent\" data-id=\"79a1933\" data-element_type=\"container\" data-e-type=\"container\">\n\t\t\t\t\t<div class=\"e-con-inner\">\n\t\t\t\t<div class=\"elementor-element elementor-element-3c6db99 elementor-widget elementor-widget-text-editor\" data-id=\"3c6db99\" data-element_type=\"widget\" data-e-type=\"widget\" data-widget_type=\"text-editor.default\">\n\t\t\t\t<div class=\"elementor-widget-container\">\n\t\t\t\t\t\t\t\t\t<p>Condizioni Generali di Vendita<\/p>\n<p>1\/10. Preambolo<br>Le presenti condizioni generali di vendita sono stipulate tra:<br>La societ\u00e0 LES EDITIONS DE BASE, SAS con capitale di 4.000 euro<br>13 rue Diderot, 94300 Vincennes<br><span style=\"font-size: 1.2rem;\">Registrato presso il RCS LYON 821 908 944<br>N- IVA intracomunitaria <\/span>FR36821908944<br><span style=\"font-size: 1.2rem;\">Di seguito denominate \u201cEDIZIONI BASE\u201d<br><\/span><span style=\"font-size: 1.2rem;\">E<br><\/span><span style=\"font-size: 1.2rem;\">Qualsiasi persona fisica o giuridica che desideri effettuare un acquisto tramite il sito web dev.tutemetscombien.fr, tramite il modulo di transazioni elettroniche Paybox di Cr\u00e9dit Agricole<br><\/span><span style=\"font-size: 1.2rem;\">Di seguito denominato \u201cil cliente\u201d<\/span><\/p>\n<p>2\/10. Postulato<br>Le presenti condizioni generali di vendita definiscono i diritti e gli obblighi delle parti nell&#039;ambito delle vendite a distanza effettuate tramite il sito web dev.tutemetscombien.fr (tramite il modulo di transazione elettronica Paybox di Cr\u00e9dit Agricole). L&#039;ordine implica l&#039;accettazione irrevocabile delle presenti condizioni generali di vendita di LES EDITIONS DE BASE e PAYBOX. Le presenti condizioni generali sono soggette a modifiche. Le presenti condizioni generali si applicano esclusivamente ai privati non commerciali. Le presenti condizioni generali si applicano ad esclusione di tutte le altre condizioni, in particolare quelle applicabili agli acquisti in negozio.<\/p>\n<p>Il cliente dichiara:<br>\u2013 avere la capacit\u00e0 di stipulare il presente contratto<br>\u2013 non essere un commerciante<br>\u2013 non acquistare prodotti allo scopo di rivenderli<\/p>\n<p>3\/10. Prezzi<br>I prezzi sono indicati in euro, comprensivi di tutte le tasse, a cui si applica gi\u00e0 l&#039;aliquota IVA vigente il giorno dell&#039;ordine. Il prezzo dei prodotti \u00e8 quello vigente il giorno dell&#039;ordine. Una volta effettuato l&#039;ordine, i prezzi non possono essere soggetti ad alcuna modifica.<\/p>\n<p>I prezzi indicati sul sito sono garantiti per tutta la durata della pubblicazione online e fino ad esaurimento scorte. L&#039;importo totale dovuto indicato nella conferma tramite il modulo di transazione elettronica Cr\u00e9dit Agricole Paybox \u00e8 il prezzo finale da pagare, comprensivo di tutte le imposte. Tale prezzo include il prezzo dei prodotti, le spese di movimentazione, imballaggio e stoccaggio, nonch\u00e9 le eventuali spese di consegna.<br>BASIC EDITIONS si riserva il diritto di modificare i prezzi in qualsiasi momento.<\/p>\n<p>4\/10. Ordine<br>L&#039;ordine pu\u00f2 essere registrato solo se il cliente si \u00e8 chiaramente identificato sul sito dev.tutemetscombien.fr e tramite il modulo e-transazioni Cr\u00e9dit Agricole Paybox inserendo i propri dati personali.<br>Ogni ordine costituisce accettazione dei prezzi e dei prodotti disponibili per la vendita. Qualsiasi controversia in merito sorger\u00e0 nell&#039;ambito di un eventuale scambio tra LES EDITIONS DE BASE e il cliente.<br>LES EDITIONS DE BASE si impegna a onorare gli ordini ricevuti sul sito web solo nei limiti delle scorte disponibili. In caso di indisponibilit\u00e0, LES EDITIONS DE BASE si impegna a informare il cliente. Il cliente avr\u00e0 quindi la possibilit\u00e0 di annullare l&#039;ordine.<br>Se il cliente non riceve il pacco entro due mesi dalla consegna, questo verr\u00e0 restituito al magazzino di EDITIONS DE BASE e il cliente non potr\u00e0 presentare alcun reclamo. In tal caso, il cliente \u00e8 invitato a contattare LES EDITIONS DE BASE.<\/p>\n<p>5\/10. Consegna<br>I prodotti acquistati rimangono di propriet\u00e0 di LES EDITIONS DE BASE fino al completo pagamento delle fatture, in conformit\u00e0 con i termini della legge n. 80 336 del 1\u00b0 maggio 1980, relativa alla riserva di propriet\u00e0. Tuttavia, l&#039;acquirente diventa responsabile degli articoli al momento della consegna, con il trasferimento del possesso che costituisce un trasferimento dei rischi. Tutte le nostre offerte sono soggette a disponibilit\u00e0, senza impegno e salvo venduto.<br>I prodotti acquistati sul sito dev.tutemetscombien.fr (tramite il modulo di transazione elettronica Cr\u00e9dit Agricole Paybox) vengono consegnati esclusivamente in Francia metropolitana e Belgio. Qualsiasi altra richiesta dovr\u00e0 essere discussa con LES EDITIONS DE BASE per quanto riguarda le spese di spedizione sostenute.<\/p>\n<p>In caso di consegna, i prodotti vengono consegnati all&#039;indirizzo concordato tra il cliente e LES EDITIONS DE BASE. In caso di errore nei dati di contatto del destinatario, il venditore non pu\u00f2 essere ritenuto responsabile per l&#039;eventuale impossibilit\u00e0 di consegnare la merce.<br>Il termine di consegna per qualsiasi ordine effettuato \u00e8 di massimo 2 mesi dalla data dell&#039;ordine. LES EDITIONS DE BASE si riserva il diritto di utilizzare il corriere di sua scelta per consegnare al cliente i prodotti ordinati.<br>In caso di ritardo nella spedizione, verr\u00e0 inviata un&#039;e-mail al cliente per informarlo di eventuali conseguenze sul termine di consegna indicato. Verr\u00e0 inviata un&#039;e-mail al cliente con la proposta di una nuova data di consegna. In ogni caso, in conformit\u00e0 con le disposizioni di legge, in caso di mancato adempimento da parte di LES EDITIONS DE BASE del proprio obbligo di consegna alla data o alla fine del termine indicato, o, in mancanza, entro e non oltre 90 giorni dalla conclusione del contratto, il cliente potr\u00e0 recedere dal contratto, mediante lettera raccomandata con avviso di ricevimento o per iscritto su altro supporto durevole, se, dopo aver ordinato a LES EDITIONS DE BASE, con le stesse modalit\u00e0, di effettuare la consegna o di fornire il servizio entro un termine supplementare ragionevole, quest&#039;ultima non abbia eseguito entro tale termine.<\/p>\n<p>Le EDIZIONI BASIC possono essere spedite a livello internazionale. Le spese di spedizione saranno addebitate al cliente come costi effettivi aggiuntivi.<\/p>\n<p>6\/10. Pagamento<br>Il pagamento viene effettuato:<br>\u2022 Sia tramite carte bancarie (Visa, MasterCard, Maestro, Carte Bleue, American Express, ecc.) tramite il sito web dev.tutemetscombien.fr e tramite il modulo di transazioni elettroniche Paybox di Cr\u00e9dit Agricole<br>\u2022 tramite bonifico sul conto bancario di EDITIONS DE BASE o di uno dei suoi rappresentanti<br>\u2022 tramite assegno o contanti presso EDITIONS DE BASE durante gli incontri con uno dei suoi rappresentanti<\/p>\n<p>7\/10. Ritiro<br>In conformit\u00e0 con le disposizioni di legge vigenti, il cliente ha 14 giorni di tempo dal ricevimento dei prodotti per esercitare il diritto di recesso da EDITIONS DE BASE senza dover fornire motivazioni o pagare penali. Se il diritto di recesso viene esercitato entro il termine sopra indicato, il prezzo del\/i prodotto\/i acquistato\/i sar\u00e0\/saranno rimborsato\/i. Il prodotto deve essere integro, completo e non aperto.<br>Oltre tale termine, nessun reso di merce sar\u00e0 accettato ai fini del rimborso da parte di LES EDITIONS DE BASE.<\/p>\n<p>8\/10. Garanzie legali<br>Ai sensi degli articoli da L.211-4 a L.211-12 del Codice del Consumo francese, il cliente beneficia di una garanzia contro i difetti di conformit\u00e0 dei prodotti acquistati tramite il nostro sito web. In tal caso, \u00e8 necessario segnalarci per iscritto i difetti riscontrati e restituirci il\/i prodotto\/i. Se il difetto di conformit\u00e0 viene confermato dai test del servizio post-vendita, sostituiremo o ripareremo il prodotto a seconda del costo, ai sensi dell&#039;articolo L.211-9 del Codice del Consumo francese. Ai sensi dell&#039;articolo L.211-11 del Codice del Consumo francese, le spese di reso saranno rimborsate, dietro presentazione dei documenti giustificativi, dopo la restituzione del prodotto, se il difetto di conformit\u00e0 viene confermato. Il cliente \u00e8 pertanto invitato a conservare i documenti giustificativi per i resi. In caso contrario, se non li allega al reso, verr\u00e0 rimborsato alla tariffa postale base per la consegna di un pacco.<\/p>\n<p>9\/10. Giurisdizione competente<br>Il presente contratto \u00e8 soggetto alla legge francese. La lingua del presente contratto \u00e8 il francese. In caso di controversia, i tribunali avranno giurisdizione esclusiva. In caso di controversia, il cliente contatter\u00e0 innanzitutto la societ\u00e0 per cercare una soluzione amichevole.<\/p>\n<p>10\/10. La parola finale<br>Per ulteriori informazioni, non esitate a contattare LES EDITIONS DE BASE via e-mail (contact@tutemetscombien.fr).<\/p>\t\t\t\t\t\t\t\t<\/div>\n\t\t\t\t<\/div>\n\t\t\t\t\t<\/div>\n\t\t\t\t<\/div>\n\t\t<div class=\"elementor-element elementor-element-f3d620b e-flex e-con-boxed e-con e-child\" data-id=\"f3d620b\" data-element_type=\"container\" data-e-type=\"container\">\n\t\t\t\t\t<div class=\"e-con-inner\">\n\t\t<div class=\"elementor-element elementor-element-7ac8c2d e-con-full e-flex e-con e-child\" data-id=\"7ac8c2d\" data-element_type=\"container\" data-e-type=\"container\">\n\t\t<div class=\"elementor-element elementor-element-b5dc724 e-con-full e-flex e-con e-child\" data-id=\"b5dc724\" data-element_type=\"container\" data-e-type=\"container\">\n\t\t\t\t<div class=\"elementor-element elementor-element-c6334e1 elementor-widget__width-initial elementor-widget-mobile__width-initial elementor-widget elementor-widget-text-editor\" data-id=\"c6334e1\" data-element_type=\"widget\" data-e-type=\"widget\" data-widget_type=\"text-editor.default\">\n\t\t\t\t<div class=\"elementor-widget-container\">\n\t\t\t\t\t\t\t\t\t<p>\u00a9 2025<\/p>\t\t\t\t\t\t\t\t<\/div>\n\t\t\t\t<\/div>\n\t\t\t\t<div class=\"elementor-element elementor-element-5516244 elementor-widget__width-initial elementor-widget-mobile__width-initial elementor-widget elementor-widget-button\" data-id=\"5516244\" data-element_type=\"widget\" data-e-type=\"widget\" data-widget_type=\"button.default\">\n\t\t\t\t<div class=\"elementor-widget-container\">\n\t\t\t\t\t\t\t\t\t<div class=\"elementor-button-wrapper\">\n\t\t\t\t\t<a class=\"elementor-button elementor-button-link elementor-size-sm\" href=\"\/it\/note-legali\/\">\n\t\t\t\t\t\t<span class=\"elementor-button-content-wrapper\">\n\t\t\t\t\t\t\t\t\t<span class=\"elementor-button-text\">Note legali<\/span>\n\t\t\t\t\t<\/span>\n\t\t\t\t\t<\/a>\n\t\t\t\t<\/div>\n\t\t\t\t\t\t\t\t<\/div>\n\t\t\t\t<\/div>\n\t\t\t\t<div class=\"elementor-element elementor-element-492429b elementor-widget__width-initial elementor-widget-mobile__width-initial elementor-widget elementor-widget-button\" data-id=\"492429b\" data-element_type=\"widget\" data-e-type=\"widget\" data-widget_type=\"button.default\">\n\t\t\t\t<div class=\"elementor-widget-container\">\n\t\t\t\t\t\t\t\t\t<div class=\"elementor-button-wrapper\">\n\t\t\t\t\t<a class=\"elementor-button elementor-button-link elementor-size-sm\" href=\"\/it\/politica-sulla-riservatezza\/\">\n\t\t\t\t\t\t<span class=\"elementor-button-content-wrapper\">\n\t\t\t\t\t\t\t\t\t<span class=\"elementor-button-text\">politica sulla riservatezza<\/span>\n\t\t\t\t\t<\/span>\n\t\t\t\t\t<\/a>\n\t\t\t\t<\/div>\n\t\t\t\t\t\t\t\t<\/div>\n\t\t\t\t<\/div>\n\t\t\t\t<div class=\"elementor-element elementor-element-f4b491d elementor-widget__width-initial elementor-widget-mobile__width-initial elementor-widget elementor-widget-button\" data-id=\"f4b491d\" data-element_type=\"widget\" data-e-type=\"widget\" data-widget_type=\"button.default\">\n\t\t\t\t<div class=\"elementor-widget-container\">\n\t\t\t\t\t\t\t\t\t<div class=\"elementor-button-wrapper\">\n\t\t\t\t\t<a class=\"elementor-button elementor-button-link elementor-size-sm\" href=\"\/it\/termini-e-condizioni-generali\/\">\n\t\t\t\t\t\t<span class=\"elementor-button-content-wrapper\">\n\t\t\t\t\t\t\t\t\t<span class=\"elementor-button-text\">Termini e condizioni generali<\/span>\n\t\t\t\t\t<\/span>\n\t\t\t\t\t<\/a>\n\t\t\t\t<\/div>\n\t\t\t\t\t\t\t\t<\/div>\n\t\t\t\t<\/div>\n\t\t\t\t<\/div>\n\t\t\t\t<\/div>\n\t\t\t\t\t<\/div>\n\t\t\t\t<\/div>\n\t\t\t\t<\/div>","protected":false},"excerpt":{"rendered":"<p>Conditions G\u00e9n\u00e9rales de Vente 1\/10. Pr\u00e9ambuleLes pr\u00e9sentes conditions g\u00e9n\u00e9rales de vente sont conclues entre :La soci\u00e9t\u00e9 LES EDITIONS DE BASE, SAS au capital de 4.000 euros13 rue Diderot, 94300 VincennesImmatricul\u00e9e RCS LYON 821 908 944N- TVA intracommunautaire FR36821908944Ci-apr\u00e8s d\u00e9nomm\u00e9e \u201cLES EDITIONS DE BASE\u201dEtToute personne physique ou morale souhaitant effectuer un achat via le site internet [&hellip;]<\/p>\n","protected":false},"author":1,"featured_media":0,"parent":0,"menu_order":0,"comment_status":"closed","ping_status":"closed","template":"","meta":{"_acf_changed":false,"footnotes":""},"class_list":["post-981","page","type-page","status-publish","hentry"],"acf":[],"_links":{"self":[{"href":"https:\/\/dev.tutemetscombien.fr\/it\/wp-json\/wp\/v2\/pages\/981","targetHints":{"allow":["GET"]}}],"collection":[{"href":"https:\/\/dev.tutemetscombien.fr\/it\/wp-json\/wp\/v2\/pages"}],"about":[{"href":"https:\/\/dev.tutemetscombien.fr\/it\/wp-json\/wp\/v2\/types\/page"}],"author":[{"embeddable":true,"href":"https:\/\/dev.tutemetscombien.fr\/it\/wp-json\/wp\/v2\/users\/1"}],"replies":[{"embeddable":true,"href":"https:\/\/dev.tutemetscombien.fr\/it\/wp-json\/wp\/v2\/comments?post=981"}],"version-history":[{"count":9,"href":"https:\/\/dev.tutemetscombien.fr\/it\/wp-json\/wp\/v2\/pages\/981\/revisions"}],"predecessor-version":[{"id":1450,"href":"https:\/\/dev.tutemetscombien.fr\/it\/wp-json\/wp\/v2\/pages\/981\/revisions\/1450"}],"wp:attachment":[{"href":"https:\/\/dev.tutemetscombien.fr\/it\/wp-json\/wp\/v2\/media?parent=981"}],"curies":[{"name":"parola chiave","href":"https:\/\/api.w.org\/{rel}","templated":true}]}}