{"id":982,"date":"2025-06-12T10:12:19","date_gmt":"2025-06-12T08:12:19","guid":{"rendered":"https:\/\/dev.tutemetscombien.fr\/?page_id=982"},"modified":"2025-06-12T10:18:24","modified_gmt":"2025-06-12T08:18:24","slug":"politica-sulla-riservatezza","status":"publish","type":"page","link":"https:\/\/dev.tutemetscombien.fr\/it\/politique-de-confidentialite\/","title":{"rendered":"politica sulla riservatezza"},"content":{"rendered":"<div data-elementor-type=\"wp-page\" data-elementor-id=\"982\" class=\"elementor elementor-982\" data-elementor-post-type=\"page\">\n\t\t\t\t<div class=\"elementor-element elementor-element-4eefeba e-con-full e-flex e-con e-parent\" data-id=\"4eefeba\" data-element_type=\"container\" data-e-type=\"container\" data-settings=\"{&quot;background_background&quot;:&quot;classic&quot;}\">\n\t\t<div class=\"elementor-element elementor-element-6328355 e-flex e-con-boxed e-con e-child\" data-id=\"6328355\" data-element_type=\"container\" data-e-type=\"container\" data-settings=\"{&quot;background_background&quot;:&quot;classic&quot;}\">\n\t\t\t\t\t<div class=\"e-con-inner\">\n\t\t\t\t<div class=\"elementor-element elementor-element-974f98e elementor-widget elementor-widget-theme-post-title elementor-page-title elementor-widget-heading\" data-id=\"974f98e\" data-element_type=\"widget\" data-e-type=\"widget\" data-widget_type=\"theme-post-title.default\">\n\t\t\t\t<div class=\"elementor-widget-container\">\n\t\t\t\t\t<h1 class=\"elementor-heading-title elementor-size-default\">politica sulla riservatezza<\/h1>\t\t\t\t<\/div>\n\t\t\t\t<\/div>\n\t\t\t\t\t<\/div>\n\t\t\t\t<\/div>\n\t\t\t\t<\/div>\n\t\t<div class=\"elementor-element elementor-element-79a1933 e-flex e-con-boxed e-con e-parent\" data-id=\"79a1933\" data-element_type=\"container\" data-e-type=\"container\">\n\t\t\t\t\t<div class=\"e-con-inner\">\n\t\t\t\t<div class=\"elementor-element elementor-element-3c6db99 elementor-widget elementor-widget-text-editor\" data-id=\"3c6db99\" data-element_type=\"widget\" data-e-type=\"widget\" data-widget_type=\"text-editor.default\">\n\t\t\t\t<div class=\"elementor-widget-container\">\n\t\t\t\t\t\t\t\t\t<p>Il sito web tutemetscombien.fr \u00e8 di propriet\u00e0 di Tu te mets combien?, che \u00e8 titolare del trattamento dei tuoi dati personali.<\/p><p>Abbiamo adottato la presente informativa sulla privacy, che definisce le modalit\u00e0 di gestione delle informazioni raccolte da tutemetscombien.fr e spiega anche perch\u00e9 abbiamo bisogno di raccogliere determinati dati personali che ti riguardano. Pertanto, ti invitiamo a leggere attentamente la presente informativa sulla privacy prima di utilizzare il sito web tutemetscombien.fr.<\/p><p>Ci prendiamo cura dei tuoi dati personali e ci impegniamo a garantirne la riservatezza e la sicurezza.<\/p><p><strong>Informazioni personali che raccogliamo:<\/strong><br \/>Quando visiti tutemetscombien.fr, raccogliamo automaticamente alcune informazioni sul tuo dispositivo, tra cui informazioni sul tuo browser web, indirizzo IP, fuso orario e alcuni dei cookie installati sul tuo dispositivo. Inoltre, mentre navighi sul Sito, raccogliamo informazioni sulle singole pagine web o prodotti che visualizzi, sui siti web o sui termini di ricerca che ti hanno indirizzato al Sito e sulle tue modalit\u00e0 di interazione con il Sito. Chiamiamo queste informazioni raccolte automaticamente &quot;Informazioni sul Dispositivo&quot;. Inoltre, potremmo raccogliere i dati personali che ci fornisci (inclusi, a titolo esemplificativo ma non esaustivo, nome, indirizzo, informazioni di pagamento, ecc.) durante la registrazione al fine di eseguire il contratto.<\/p><p><strong>Perch\u00e9 trattiamo i tuoi dati?<\/strong><br \/>La sicurezza dei dati dei clienti \u00e8 la nostra massima priorit\u00e0 e, pertanto, potremmo trattare solo i dati utente minimi strettamente necessari al mantenimento del sito web. Le informazioni raccolte automaticamente vengono utilizzate esclusivamente per identificare potenziali casi di abuso e per compilare informazioni statistiche sull&#039;utilizzo del sito web. Tali informazioni statistiche non vengono altrimenti aggregate in modo da identificare un utente specifico del sistema.<\/p><p>Puoi visitare il Sito Web senza rivelarci la tua identit\u00e0 o qualsiasi informazione che possa identificarti come individuo specifico e identificabile. Tuttavia, se desideri utilizzare determinate funzionalit\u00e0 del Sito Web, o se desideri ricevere la nostra newsletter o fornire altri dettagli compilando un modulo, puoi fornirci dati personali, come indirizzo email, nome, cognome, citt\u00e0 di residenza, organizzazione e numero di telefono. Puoi scegliere di non fornirci i tuoi dati personali, ma in tal caso potresti non essere in grado di usufruire di alcune funzionalit\u00e0 del Sito Web. Ad esempio, non potrai ricevere la nostra newsletter o contattarci direttamente dal Sito Web. Gli utenti che non sono sicuri di quali informazioni siano obbligatorie sono invitati a contattarci all&#039;indirizzo contact@tutemetscombien.fr.<\/p><p><strong>I tuoi diritti:<\/strong><br \/>Se sei residente in Europa, hai i seguenti diritti relativi ai tuoi dati personali:<\/p><p>Il diritto di essere informati.<br \/>Il diritto di accesso.<br \/>Il diritto di rettifica.<br \/>Il diritto alla cancellazione.<br \/>Il diritto di limitare il trattamento.<br \/>Il diritto alla portabilit\u00e0 dei dati.<br \/>Il diritto di opposizione.<br \/>Diritti relativi al processo decisionale automatizzato e alla profilazione.<br \/>Se desideri esercitare questo diritto, ti preghiamo di contattarci utilizzando i recapiti indicati di seguito.<\/p><p>Inoltre, se sei residente in Europa, ti informiamo che elaboriamo i tuoi dati per adempiere ai contratti che potremmo avere con te (ad esempio, se effettui un ordine tramite il Sito) o per perseguire i nostri legittimi interessi commerciali sopra elencati. Inoltre, tieni presente che i tuoi dati potrebbero essere trasferiti al di fuori dell&#039;Europa, inclusi Canada e Stati Uniti.<\/p><p><strong>Link ad altri siti web:<\/strong><br \/>Il nostro sito web potrebbe contenere link ad altri siti web che non sono di nostra propriet\u00e0 o sotto il nostro controllo. Si prega di notare che non siamo responsabili di questi siti web o delle pratiche sulla privacy di terze parti. Vi invitiamo a prestare attenzione quando uscite dal nostro sito web e a leggere le informative sulla privacy di ciascun sito web che potrebbe raccogliere informazioni personali.<\/p><p><strong>Sicurezza delle informazioni:<\/strong><br \/>Conserviamo le informazioni da voi fornite su server informatici in un ambiente controllato e sicuro, al riparo da accessi, utilizzi o divulgazioni non autorizzati. Manteniamo ragionevoli misure di sicurezza amministrative, tecniche e fisiche per proteggere i dati personali sotto il nostro controllo e la nostra custodia da accessi, utilizzi, modifiche e divulgazioni non autorizzati. Tuttavia, non \u00e8 possibile garantire la trasmissione di dati tramite Internet o reti wireless.<\/p><p><strong>Informazioni legali:<\/strong><br \/>Divulgheremo tutte le informazioni che raccogliamo, utilizziamo o riceviamo se richiesto o consentito dalla legge, ad esempio per ottemperare a una citazione in giudizio o a un procedimento legale simile, e quando riteniamo in buona fede che la divulgazione sia necessaria per proteggere i nostri diritti, la tua sicurezza o la sicurezza di altri, indagare su frodi o rispondere a una richiesta governativa.<\/p><p><strong>Informazioni sui contatti:<\/strong><br \/>Se desideri contattarci per comprendere meglio questa politica o per qualsiasi questione relativa ai diritti individuali e alle tue informazioni personali, puoi inviare un&#039;e-mail a contact@tutemetscombien.fr.<\/p>\t\t\t\t\t\t\t\t<\/div>\n\t\t\t\t<\/div>\n\t\t\t\t\t<\/div>\n\t\t\t\t<\/div>\n\t\t<div class=\"elementor-element elementor-element-f3d620b e-flex e-con-boxed e-con e-child\" data-id=\"f3d620b\" data-element_type=\"container\" data-e-type=\"container\">\n\t\t\t\t\t<div class=\"e-con-inner\">\n\t\t<div class=\"elementor-element elementor-element-7724ad3 e-con-full e-flex e-con e-child\" data-id=\"7724ad3\" data-element_type=\"container\" data-e-type=\"container\">\n\t\t<div class=\"elementor-element elementor-element-15ace8d e-con-full e-flex e-con e-child\" data-id=\"15ace8d\" data-element_type=\"container\" data-e-type=\"container\">\n\t\t\t\t<div class=\"elementor-element elementor-element-090a06d elementor-widget__width-initial elementor-widget-mobile__width-initial elementor-widget elementor-widget-text-editor\" data-id=\"090a06d\" data-element_type=\"widget\" data-e-type=\"widget\" data-widget_type=\"text-editor.default\">\n\t\t\t\t<div class=\"elementor-widget-container\">\n\t\t\t\t\t\t\t\t\t<p>\u00a9 2025<\/p>\t\t\t\t\t\t\t\t<\/div>\n\t\t\t\t<\/div>\n\t\t\t\t<div class=\"elementor-element elementor-element-34f3245 elementor-widget__width-initial elementor-widget-mobile__width-initial elementor-widget elementor-widget-button\" data-id=\"34f3245\" data-element_type=\"widget\" data-e-type=\"widget\" data-widget_type=\"button.default\">\n\t\t\t\t<div class=\"elementor-widget-container\">\n\t\t\t\t\t\t\t\t\t<div class=\"elementor-button-wrapper\">\n\t\t\t\t\t<a class=\"elementor-button elementor-button-link elementor-size-sm\" href=\"\/it\/note-legali\/\">\n\t\t\t\t\t\t<span class=\"elementor-button-content-wrapper\">\n\t\t\t\t\t\t\t\t\t<span class=\"elementor-button-text\">Note legali<\/span>\n\t\t\t\t\t<\/span>\n\t\t\t\t\t<\/a>\n\t\t\t\t<\/div>\n\t\t\t\t\t\t\t\t<\/div>\n\t\t\t\t<\/div>\n\t\t\t\t<div class=\"elementor-element elementor-element-be83330 elementor-widget__width-initial elementor-widget-mobile__width-initial elementor-widget elementor-widget-button\" data-id=\"be83330\" data-element_type=\"widget\" data-e-type=\"widget\" data-widget_type=\"button.default\">\n\t\t\t\t<div class=\"elementor-widget-container\">\n\t\t\t\t\t\t\t\t\t<div class=\"elementor-button-wrapper\">\n\t\t\t\t\t<a class=\"elementor-button elementor-button-link elementor-size-sm\" href=\"\/it\/politica-sulla-riservatezza\/\">\n\t\t\t\t\t\t<span class=\"elementor-button-content-wrapper\">\n\t\t\t\t\t\t\t\t\t<span class=\"elementor-button-text\">politica sulla riservatezza<\/span>\n\t\t\t\t\t<\/span>\n\t\t\t\t\t<\/a>\n\t\t\t\t<\/div>\n\t\t\t\t\t\t\t\t<\/div>\n\t\t\t\t<\/div>\n\t\t\t\t<div class=\"elementor-element elementor-element-1e906f2 elementor-widget__width-initial elementor-widget-mobile__width-initial elementor-widget elementor-widget-button\" data-id=\"1e906f2\" data-element_type=\"widget\" data-e-type=\"widget\" data-widget_type=\"button.default\">\n\t\t\t\t<div class=\"elementor-widget-container\">\n\t\t\t\t\t\t\t\t\t<div class=\"elementor-button-wrapper\">\n\t\t\t\t\t<a class=\"elementor-button elementor-button-link elementor-size-sm\" href=\"\/it\/termini-e-condizioni-generali\/\">\n\t\t\t\t\t\t<span class=\"elementor-button-content-wrapper\">\n\t\t\t\t\t\t\t\t\t<span class=\"elementor-button-text\">Termini e condizioni generali<\/span>\n\t\t\t\t\t<\/span>\n\t\t\t\t\t<\/a>\n\t\t\t\t<\/div>\n\t\t\t\t\t\t\t\t<\/div>\n\t\t\t\t<\/div>\n\t\t\t\t<\/div>\n\t\t\t\t<\/div>\n\t\t\t\t\t<\/div>\n\t\t\t\t<\/div>\n\t\t\t\t<\/div>","protected":false},"excerpt":{"rendered":"<p>Le site web tutemetscombien.fr est d\u00e9tenu par Tu te mets combien ?, qui est un contr\u00f4leur de donn\u00e9es de vos donn\u00e9es personnelles. Nous avons adopt\u00e9 cette politique de confidentialit\u00e9, qui d\u00e9termine la mani\u00e8re dont nous traitons les informations collect\u00e9es par tutemetscombien.fr, qui fournit \u00e9galement les raisons pour lesquelles nous devons collecter certaines donn\u00e9es personnelles vous [&hellip;]<\/p>\n","protected":false},"author":1,"featured_media":0,"parent":0,"menu_order":0,"comment_status":"closed","ping_status":"closed","template":"","meta":{"_acf_changed":false,"footnotes":""},"class_list":["post-982","page","type-page","status-publish","hentry"],"acf":[],"_links":{"self":[{"href":"https:\/\/dev.tutemetscombien.fr\/it\/wp-json\/wp\/v2\/pages\/982","targetHints":{"allow":["GET"]}}],"collection":[{"href":"https:\/\/dev.tutemetscombien.fr\/it\/wp-json\/wp\/v2\/pages"}],"about":[{"href":"https:\/\/dev.tutemetscombien.fr\/it\/wp-json\/wp\/v2\/types\/page"}],"author":[{"embeddable":true,"href":"https:\/\/dev.tutemetscombien.fr\/it\/wp-json\/wp\/v2\/users\/1"}],"replies":[{"embeddable":true,"href":"https:\/\/dev.tutemetscombien.fr\/it\/wp-json\/wp\/v2\/comments?post=982"}],"version-history":[{"count":9,"href":"https:\/\/dev.tutemetscombien.fr\/it\/wp-json\/wp\/v2\/pages\/982\/revisions"}],"predecessor-version":[{"id":1008,"href":"https:\/\/dev.tutemetscombien.fr\/it\/wp-json\/wp\/v2\/pages\/982\/revisions\/1008"}],"wp:attachment":[{"href":"https:\/\/dev.tutemetscombien.fr\/it\/wp-json\/wp\/v2\/media?parent=982"}],"curies":[{"name":"parola chiave","href":"https:\/\/api.w.org\/{rel}","templated":true}]}}