{"id":1538,"date":"2025-07-16T11:39:04","date_gmt":"2025-07-16T09:39:04","guid":{"rendered":"https:\/\/dev.tutemetscombien.fr\/?post_type=product&#038;p=1538"},"modified":"2026-02-23T11:17:15","modified_gmt":"2026-02-23T10:17:15","slug":"ttmc-2-da-quanto-ti-stai-riprendendo","status":"publish","type":"product","link":"https:\/\/dev.tutemetscombien.fr\/it\/jeu-de-societe\/ttmc-2-tu-te-remets-combien\/","title":{"rendered":"TTMC 2 \u2013 Tu Te (Re)Mets Combien ?"},"content":{"rendered":"<p style=\"font-weight: 400;\"><em>TTMC 2 \u2013 Tu Te (Re)Mets Combien ?<\/em> Riprende il principio cult del quiz in cui si autovalutano le proprie conoscenze da 1 a 10, con una buona dose di nuove funzionalit\u00e0!<\/p>\n<p style=\"font-weight: 400;\">Scopri 540 carte e 4.028 nuove domande su una moltitudine di argomenti, dai pi\u00f9 seri ai pi\u00f9 improbabili.<\/p>\n<p style=\"font-weight: 400;\">All&#039;interno viene addirittura inserita una scatola di dimensioni adatte alla fuga, indipendente ed emancipata, in modo da poterla usare ovunque (tranne che sotto la doccia).<\/p>\n<p style=\"font-weight: 400;\">Nuove carte speciali &quot;intrepide&quot;, pi\u00f9 interazione di squadra, durata della partita regolabile... ma il principio rimane lo stesso: si sceglie un punteggio tra 1 (facile) e 10 (esperto) per l&#039;argomento estratto. Pi\u00f9 alto \u00e8 il punteggio, pi\u00f9 difficile \u00e8 la domanda. Se si risponde correttamente, si avanza di un numero di spazi pari al punteggio ottenuto.<\/p>","protected":false},"excerpt":{"rendered":"<div id=\"product-description-short-4524\">\n<p>Quali sono i tuoi punteggi in lontre? In 5G? In algebra?<br \/>\nIl seguito del gioco di cultura generale in cui puoi autovalutare le tue conoscenze da 1 a 10 su una serie di nuovi argomenti!<\/p>\n<\/div>","protected":false},"featured_media":3138,"comment_status":"closed","ping_status":"closed","template":"","meta":{"_acf_changed":false},"product_brand":[],"product_cat":[37],"product_tag":[],"class_list":{"0":"post-1538","1":"product","2":"type-product","3":"status-publish","4":"has-post-thumbnail","6":"product_cat-ttmc-france","8":"first","9":"instock","10":"featured","11":"taxable","12":"shipping-taxable","13":"purchasable","14":"product-type-simple"},"acf":[],"_links":{"self":[{"href":"https:\/\/dev.tutemetscombien.fr\/it\/wp-json\/wp\/v2\/product\/1538","targetHints":{"allow":["GET"]}}],"collection":[{"href":"https:\/\/dev.tutemetscombien.fr\/it\/wp-json\/wp\/v2\/product"}],"about":[{"href":"https:\/\/dev.tutemetscombien.fr\/it\/wp-json\/wp\/v2\/types\/product"}],"replies":[{"embeddable":true,"href":"https:\/\/dev.tutemetscombien.fr\/it\/wp-json\/wp\/v2\/comments?post=1538"}],"wp:featuredmedia":[{"embeddable":true,"href":"https:\/\/dev.tutemetscombien.fr\/it\/wp-json\/wp\/v2\/media\/3138"}],"wp:attachment":[{"href":"https:\/\/dev.tutemetscombien.fr\/it\/wp-json\/wp\/v2\/media?parent=1538"}],"wp:term":[{"taxonomy":"product_brand","embeddable":true,"href":"https:\/\/dev.tutemetscombien.fr\/it\/wp-json\/wp\/v2\/product_brand?post=1538"},{"taxonomy":"product_cat","embeddable":true,"href":"https:\/\/dev.tutemetscombien.fr\/it\/wp-json\/wp\/v2\/product_cat?post=1538"},{"taxonomy":"product_tag","embeddable":true,"href":"https:\/\/dev.tutemetscombien.fr\/it\/wp-json\/wp\/v2\/product_tag?post=1538"}],"curies":[{"name":"parola chiave","href":"https:\/\/api.w.org\/{rel}","templated":true}]}}