{"id":1572,"date":"2025-07-21T12:11:16","date_gmt":"2025-07-21T10:11:16","guid":{"rendered":"https:\/\/dev.tutemetscombien.fr\/?post_type=product&#038;p=1572"},"modified":"2026-02-23T11:16:33","modified_gmt":"2026-02-23T10:16:33","slug":"ttmc-quanto-stai-investendo","status":"publish","type":"product","link":"https:\/\/dev.tutemetscombien.fr\/it\/jeu-de-societe\/ttmc-tu-te-mets-combien\/","title":{"rendered":"TTMC \u2013 Tu Te Mets Combien ?"},"content":{"rendered":"<p><em>TTMC \u2013 Tu Te Mets Combien ?<\/em> \u00e8 a met\u00e0 strada tra un quiz di cultura generale e un gioco di societ\u00e0.<\/p>\n<p>Valuta la tua conoscenza da 1 a 10 su una vasta gamma di argomenti, dai pi\u00f9 classici ai pi\u00f9 insoliti, e sii il primo a<br \/>\nattraversare l&#039;intero altopiano.<\/p>\n<p>Il principio \u00e8 semplice: scegli un livello tra 1 (facile) e 10 (esperto) sull&#039;argomento dato. Pi\u00f9 alto \u00e8 il numero, pi\u00f9 difficile \u00e8 la domanda. Se rispondi correttamente, avanzi di un numero di caselle pari al tuo punteggio. Facile? Prova il livello 8 sui topinambur.<\/p>\n<p>\u00c8 divertente, accessibile e assolutamente avvincente: 540 carte, 4.132 domande e alcune carte speciali per rendere il gioco pi\u00f9 avvincente.<\/p>","protected":false},"excerpt":{"rendered":"<div id=\"product-description-short-154\">\n<p>Quanto ti consideri Aladino? Animali immaginari? Stuzzicadenti?<br \/>\nIl gioco di cultura generale in cui valuti le tue conoscenze da 1 a 10 su argomenti classici e improbabili!<\/p>\n<\/div>","protected":false},"featured_media":3143,"comment_status":"closed","ping_status":"closed","template":"","meta":{"_acf_changed":false},"product_brand":[],"product_cat":[37],"product_tag":[],"class_list":{"0":"post-1572","1":"product","2":"type-product","3":"status-publish","4":"has-post-thumbnail","6":"product_cat-ttmc-france","8":"first","9":"instock","10":"featured","11":"taxable","12":"shipping-taxable","13":"purchasable","14":"product-type-simple"},"acf":[],"_links":{"self":[{"href":"https:\/\/dev.tutemetscombien.fr\/it\/wp-json\/wp\/v2\/product\/1572","targetHints":{"allow":["GET"]}}],"collection":[{"href":"https:\/\/dev.tutemetscombien.fr\/it\/wp-json\/wp\/v2\/product"}],"about":[{"href":"https:\/\/dev.tutemetscombien.fr\/it\/wp-json\/wp\/v2\/types\/product"}],"replies":[{"embeddable":true,"href":"https:\/\/dev.tutemetscombien.fr\/it\/wp-json\/wp\/v2\/comments?post=1572"}],"wp:featuredmedia":[{"embeddable":true,"href":"https:\/\/dev.tutemetscombien.fr\/it\/wp-json\/wp\/v2\/media\/3143"}],"wp:attachment":[{"href":"https:\/\/dev.tutemetscombien.fr\/it\/wp-json\/wp\/v2\/media?parent=1572"}],"wp:term":[{"taxonomy":"product_brand","embeddable":true,"href":"https:\/\/dev.tutemetscombien.fr\/it\/wp-json\/wp\/v2\/product_brand?post=1572"},{"taxonomy":"product_cat","embeddable":true,"href":"https:\/\/dev.tutemetscombien.fr\/it\/wp-json\/wp\/v2\/product_cat?post=1572"},{"taxonomy":"product_tag","embeddable":true,"href":"https:\/\/dev.tutemetscombien.fr\/it\/wp-json\/wp\/v2\/product_tag?post=1572"}],"curies":[{"name":"parola chiave","href":"https:\/\/api.w.org\/{rel}","templated":true}]}}